{"id":37575,"date":"2025-11-28T21:08:39","date_gmt":"2025-11-28T21:08:39","guid":{"rendered":"https:\/\/asura.lv\/product\/4-lens-filters-sunnylife-for-air-3-nd4-plnd8-plnd16-plnd32-pl-a3-fi686\/"},"modified":"2025-12-12T14:56:50","modified_gmt":"2025-12-12T12:56:50","slug":"4-lens-filters-sunnylife-for-air-3-nd4-plnd8-plnd16-plnd32-pl-a3-fi686","status":"publish","type":"product","link":"https:\/\/asura.lv\/et\/toode\/4-lens-filters-sunnylife-for-air-3-nd4-plnd8-plnd16-plnd32-pl-a3-fi686\/","title":{"rendered":"4 Sunnylife objektiivifiltrit AIR 3 jaoks &#8211; ND4\/PL+ND8\/PL+ND16\/PL+ND32\/PL (A3-FI686)"},"content":{"rendered":"<h3>Sunnylife A3-FI686 objektiivifiltrid &#8211; ND4\/PL+ND8\/PL+ND16\/PL+ND32\/PL komplekt DJI AIR 3 jaoks<\/h3>\n<p>Sunnylife A3-FI686 objektiivifiltrite komplekt on loodud DJI AIR 3 droonile, suurendades selle v\u00f5imekust ja pakkudes kvaliteetsemat materjali. Neid filtreid iseloomustab kerge ja vastupidav konstruktsioon ning kvaliteetne klaas. Polarisatsiooni saab reguleerida filtrit p\u00f6\u00f6rates selle \u00fcmber oleva kuldse r\u00f5nga abil.<\/p>\n<p><img decoding=\"async\" src=\"https:\/\/assets.innpro.pl\/1890\/2037\/2.jpg\" border=\"0\" alt=\"\"><\/p>\n<h3>CPL-filtrid<\/h3>\n<p>CPL-filtrid k\u00f5rvaldavad peegeldused mittemetallilistelt pindadelt, rikastavad v\u00e4rve ning toovad esile taeva, pilvede ja vee ilu. Need on eriti kasulikud klaasi l\u00e4bi pildistamiseks ning veepinna kohal v\u00f5i all.<\/p>\n<p><img decoding=\"async\" src=\"https:\/\/assets.innpro.pl\/1890\/2037\/4.jpg\" border=\"0\" alt=\"\"><\/p>\n<h3>ND\/PL filtrid<\/h3>\n<p>ND\/PL filtrid takistavad \u00fcles\u00e4ritust, mille tulemuseks on s\u00fcgavamad ja k\u00fcllastunud v\u00e4rvid. Lisaks saavad kasutajad s\u00e4riaja v\u00e4hendamise abil j\u00e4\u00e4dvustada \u00fcliterava detailirohkeid pilte. S\u00e4riaja pikendamine v\u00f5imaldab j\u00e4\u00e4dvustada kauneid veefotosid, v\u00e4hendades polariseeritud valgust.<\/p>\n<p><img decoding=\"async\" src=\"https:\/\/assets.innpro.pl\/1890\/2037\/1.jpg\" border=\"0\" alt=\"\"><\/p>\n<h3>Vastupidav kate<\/h3>\n<p>Objektiivi pealmine kate on vee-, \u00f5li- ja kriimustuskindel, kaitstes kaamera objektiivi t\u00f5husalt kahjustuste eest.<\/p>\n<p><img decoding=\"async\" src=\"https:\/\/assets.innpro.pl\/1890\/2037\/6.jpg\" border=\"0\" alt=\"\"><\/p>\n<h3>Kvaliteetne \u00fcmbris<\/h3>\n<p>Filtrid on elegantses mustas \u00fcmbrises, millel on tootja kuldne logo. Sisemuses on pehmest EVA-vahust alus, mis tagab ohutuse ja hoiab filtrid kindlalt paigal.<\/p>\n<p><img decoding=\"async\" src=\"https:\/\/assets.innpro.pl\/1890\/2037\/3.jpg\" border=\"0\" alt=\"\"><\/p>\n<h3>Kiire filtri paigaldamine<\/h3>\n<p>Filtrite paigaldamine on lihtne \u2013 asetage need lihtsalt objektiivile ja keerake, et need kindlalt kinnitada.<\/p>\n<p><img decoding=\"async\" src=\"https:\/\/assets.innpro.pl\/1890\/2037\/5.jpg\" border=\"0\" alt=\"\"><\/p>\n<div class=\"table-wrapper\">\n<p>&nbsp;<\/p>\n<h3>Spetsifikatsioonid<\/h3>\n<table>\n<tbody>\n<tr>\n<th>Br\u00e4nd <\/th>\n<td>Sunnylife <\/td>\n<\/tr>\n<tr>\n<th>\u00dchilduvus <\/th>\n<td>AIR 3 <\/td>\n<\/tr>\n<tr>\n<th>\u00dche filtri kaal <\/th>\n<td>4g<\/td>\n<\/tr>\n<tr>\n<th>Materjal <\/th>\n<td>Alumiiniumisulam, klaas<\/td>\n<\/tr>\n<tr>\n<th><\/th>\n<td><\/td>\n<\/tr>\n<\/tbody>\n<\/table>\n<\/div>\n","protected":false},"excerpt":{"rendered":"<p>Sunnylife A3-FI686 objektiivifiltrid &#8211; ND4\/PL+ND8\/PL+ND16\/PL+ND32\/PL komplekt DJI AIR 3 jaoks Sunnylife A3-FI686 objektiivifiltrite komplekt on loodud DJI AIR 3 droonile, suurendades selle v\u00f5imekust ja pakkudes kvaliteetsemat materjali. Neid filtreid iseloomustab kerge ja vastupidav konstruktsioon ning kvaliteetne klaas. Polarisatsiooni saab reguleerida filtrit p\u00f6\u00f6rates selle \u00fcmber oleva kuldse r\u00f5nga abil. CPL-filtrid CPL-filtrid k\u00f5rvaldavad peegeldused mittemetallilistelt pindadelt, rikastavad [&#8230;]\n","protected":false},"featured_media":37576,"comment_status":"open","ping_status":"closed","template":"","meta":[],"product_brand":[432],"product_cat":[942],"product_tag":[],"class_list":{"0":"post-37575","1":"product","2":"type-product","3":"status-publish","4":"has-post-thumbnail","6":"product_brand-sunnylife","7":"product_cat-filters-for-drones","9":"first","10":"outofstock","11":"taxable","12":"shipping-taxable","13":"purchasable","14":"product-type-simple"},"aioseo_notices":[],"_links":{"self":[{"href":"https:\/\/asura.lv\/et\/wp-json\/wp\/v2\/product\/37575","targetHints":{"allow":["GET"]}}],"collection":[{"href":"https:\/\/asura.lv\/et\/wp-json\/wp\/v2\/product"}],"about":[{"href":"https:\/\/asura.lv\/et\/wp-json\/wp\/v2\/types\/product"}],"replies":[{"embeddable":true,"href":"https:\/\/asura.lv\/et\/wp-json\/wp\/v2\/comments?post=37575"}],"wp:featuredmedia":[{"embeddable":true,"href":"https:\/\/asura.lv\/et\/wp-json\/wp\/v2\/media\/37576"}],"wp:attachment":[{"href":"https:\/\/asura.lv\/et\/wp-json\/wp\/v2\/media?parent=37575"}],"wp:term":[{"taxonomy":"product_brand","embeddable":true,"href":"https:\/\/asura.lv\/et\/wp-json\/wp\/v2\/product_brand?post=37575"},{"taxonomy":"product_cat","embeddable":true,"href":"https:\/\/asura.lv\/et\/wp-json\/wp\/v2\/product_cat?post=37575"},{"taxonomy":"product_tag","embeddable":true,"href":"https:\/\/asura.lv\/et\/wp-json\/wp\/v2\/product_tag?post=37575"}],"curies":[{"name":"wp","href":"https:\/\/api.w.org\/{rel}","templated":true}]}}