{"id":37587,"date":"2025-11-28T21:08:38","date_gmt":"2025-11-28T21:08:38","guid":{"rendered":"https:\/\/asura.lv\/product\/smartwatch-colmi-c81-black\/"},"modified":"2025-12-12T14:56:49","modified_gmt":"2025-12-12T12:56:49","slug":"smartwatch-colmi-c81-black","status":"publish","type":"product","link":"https:\/\/asura.lv\/et\/toode\/smartwatch-colmi-c81-black\/","title":{"rendered":"Nutikell Colmi C81 (must)"},"content":{"rendered":"<h3>Nutikell Colmi C81 (must)<\/h3>\n<p>Vali Colmi C81 ja saa juurdep\u00e4\u00e4s olulistele funktsioonidele. Nutikell pakub HD-kvaliteediga pilti oma AMOLED-ekraaniga ja v\u00f5imaldab mugavat helistamist. See t\u00f6\u00f6tab tehisintellektiga h\u00e4\u00e4lassistendiga, mis v\u00f5imaldab sul kiiresti ja lihtsalt juurde p\u00e4\u00e4seda erinevatele kellafunktsioonidele. See pakub \u00fcle 100 spordire\u017eiimi, et parandada treeningu efektiivsust. Lisaks j\u00e4lgib see sinu pulssi ja und ning kestab \u00fche laadimisega kuni 7 p\u00e4eva. Avasta, mida veel see sulle pakub!<\/p>\n<p><img decoding=\"async\" src=\"https:\/\/assets.innpro.pl\/1709\/1846\/2.jpg\" border=\"0\" alt=\"\"><\/p>\n<h3>AMOLED 2.0\u201d ekraan<\/h3>\n<p>Colmi C81-l on suur 2,0-tolline AMOLED-ekraan, mis teeb s\u00f5numite lugemise ja s\u00e4tete kohandamise lihtsaks. 410 x 502 pikslise ekraaniresolutsiooniga pakub see teravat HD-pilti ja erksaid v\u00e4rve. Nautige selget ja mugavat juurdep\u00e4\u00e4su teavitustele Colmi nutikellaga.<\/p>\n<p><img decoding=\"async\" src=\"https:\/\/assets.innpro.pl\/1709\/1846\/8.jpg\" border=\"0\" alt=\"\"><\/p>\n<h3>Mugav k\u00f5nede haldamine<\/h3>\n<p>Te ei pea enam sissetulevate k\u00f5nede haldamiseks nutitelefoni j\u00e4rele haarama. Colmi C81 v\u00f5imaldab teil k\u00f5nedele vastata ja neid teha ning k\u00f5nelogidele ligi p\u00e4\u00e4seda. Nutikell pakub mugavamaks HD-kvaliteediga telefonik\u00f5nesid. N\u00fc\u00fcd saate treeningu ajal v\u00f5i t\u00f6\u00f6le teel oma l\u00e4hedastega r\u00e4\u00e4kida ilma telefoni kasutamata.<\/p>\n<p><img decoding=\"async\" src=\"https:\/\/assets.innpro.pl\/1709\/1846\/1.jpg\" border=\"0\" alt=\"\"><\/p>\n<h3>H\u00e4\u00e4lk\u00e4skluste tugi<\/h3>\n<p>Kas peate kellelegi kiiresti helistama? Colmi C81 aitab sind! Seade t\u00f6\u00f6tab tehisintellektiga h\u00e4\u00e4lassistendiga, mis teeb soovitud kellafunktsioonile juurdep\u00e4\u00e4su sama lihtsaks kui h\u00e4\u00e4lk\u00e4skluse andmine. Vaata, kui lihtne see on!<\/p>\n<p><img decoding=\"async\" src=\"https:\/\/assets.innpro.pl\/1709\/1846\/6.jpg\" border=\"0\" alt=\"\"><\/p>\n<h3>Kohandatud vastavalt teie vajadustele<\/h3>\n<p>Isikup\u00e4rastage oma nutikella vastavalt oma eelistustele. Colmi C81 pakub isikup\u00e4rastamiseks erinevaid kella sihverplaadi kujundusi ja saate isegi oma fotosid \u00fcles laadida. Lisaks pakub see mitmeid men\u00fc\u00fcstiile, mille vahel valida. Lisaks l\u00fclitub kella ekraan sisse randme t\u00f5stmisel, v\u00f5imaldades teil kiiresti aega v\u00f5i ilmateadet kontrollida.<\/p>\n<p><img decoding=\"async\" src=\"https:\/\/assets.innpro.pl\/1709\/1846\/7.jpg\" border=\"0\" alt=\"\"><\/p>\n<h3>Valida saab \u00fcle 100 spordire\u017eiimi<\/h3>\n<p>Kas soovite oma treeninguid t\u00f5husamalt planeerida? Colmi C81 saab teid selles aidata! Nutikell kasutab intelligentseid algoritme teie pulsisageduse, p\u00f5letatud kalorite ja treeningu kestuse j\u00e4lgimiseks, muutes teie treeningud t\u00f5husamaks ja aidates teil soovitud tulemusi kiiremini saavutada. See pakub spordire\u017eiime nagu jooksmine, ronimine, h\u00fcppamine, korvpall, k\u00f5ndimine, sulgpall, jalgrattas\u00f5it ja jalgpall. Lisare\u017eiimidele juurdep\u00e4\u00e4suks laadige alla FitCloudPro rakendus.<\/p>\n<p><img decoding=\"async\" src=\"https:\/\/assets.innpro.pl\/1709\/1846\/10.jpg\" border=\"0\" alt=\"\"><\/p>\n<h3>Hoolitse oma tervise eest<\/h3>\n<p>Nutikell on varustatud optilise anduriga, mis genereerib automaatselt pulsisageduse andmeid iga 30 minuti j\u00e4rel. See hoiatab teid ka k\u00f5ikide murettekitavate s\u00fcmptomite eest, et saaksite kiiresti reageerida. See m\u00f5\u00f5dab SpO2, mis v\u00f5imaldab teil igal ajal kontrollida oma vere hapnikutaset. Lisaks j\u00e4lgib see teie und ja salvestab unefaase, et aidata teil oma uneharjumusi parandada.<\/p>\n<p><img decoding=\"async\" src=\"https:\/\/assets.innpro.pl\/1709\/1846\/4.jpg\" border=\"0\" alt=\"\"><\/p>\n<h3>Vastupidav konstruktsioon<\/h3>\n<p>Nutikell on loodud igap\u00e4evaseks kasutamiseks. See on vee- ja higikindel IP68 reitinguga, mist\u00f5ttu sobib see treeninguteks ja isegi vihmasteks ilmadeks. Alumiiniumisulamist konstruktsioon tagab vastupidavuse ja tugev klaas hoiab \u00e4ra ekraani pragunemise. Silikoonrihm on mugav kanda ja nahale \u00f5rn.<\/p>\n<p><img decoding=\"async\" src=\"https:\/\/assets.innpro.pl\/1709\/1846\/3.jpg\" border=\"0\" alt=\"\"><\/p>\n<h3>Lisafunktsioonid<\/h3>\n<p>Colmi C81 v\u00f5ib olla teie igap\u00e4evane abiline. See hoiab teid kursis uute teadetega, et te ei j\u00e4\u00e4ks ilma olulisest teabest. Lisaks pakub see ilmateateid, kaamera kaugjuhtimispuldi juhtimist ja muusika taasesituse haldamist. Samuti tuletab see teile meelde, et peaksite piisavalt vedelikku tarbima ja asendit muutma, kui olete liiga kaua istunud. 250mAh liitiumpol\u00fcmeeraku tagab kella pikaajalise j\u00f5udluse. \u00dche laadimisega v\u00f5ib see igap\u00e4evasel kasutamisel kesta kuni 7 p\u00e4eva ja ootere\u017eiimis umbes 30 p\u00e4eva. Kaasasoleva kaabli abil saab seda laadida umbes 2 tunniga.<\/p>\n<p><img decoding=\"async\" src=\"https:\/\/assets.innpro.pl\/1709\/1846\/9.jpg\" border=\"0\" alt=\"\"><\/p>\n<h3>Paki sees:<\/h3>\n<ul>\n<li>Nutikell<\/li>\n<li>Magnetiline USB-laadimiskaabel<\/li>\n<li>Kasutusjuhend<\/li>\n<\/ul>\n<div class=\"table-wrapper\">\n<table>\n<tbody>\n<tr>\n<th>Tootja<\/th>\n<td>Colmi<\/td>\n<\/tr>\n<tr>\n<th>Mudel<\/th>\n<td>C81<\/td>\n<\/tr>\n<tr>\n<th>V\u00e4rv<\/th>\n<td>Must<\/td>\n<\/tr>\n<tr>\n<th>\n<h3>BLUETOOTH<\/h3>\n<\/th>\n<td><\/td>\n<\/tr>\n<tr>\n<th>Kiip<\/th>\n<td>Realtek RTL8763EWE-VP<\/td>\n<\/tr>\n<tr>\n<th>\u00dchendus<\/th>\n<td>Bluetooth 5.0<\/td>\n<\/tr>\n<tr>\n<th>Bluetoothi \u200b\u200bleviala<\/th>\n<td>10 meetrit<\/td>\n<\/tr>\n<tr>\n<th>\n<h3>EKRAAN<\/h3>\n<\/th>\n<td><\/td>\n<\/tr>\n<tr>\n<th>T\u00fc\u00fcp<\/th>\n<td>AMOLED<\/td>\n<\/tr>\n<tr>\n<th>Ekraani suurus<\/th>\n<td>2 tolli<\/td>\n<\/tr>\n<tr>\n<th>Resolutsioon<\/th>\n<td>410 x 502 pikslit<\/td>\n<\/tr>\n<tr>\n<th>\n<h3>AKU<\/h3>\n<\/th>\n<td><\/td>\n<\/tr>\n<tr>\n<th>T\u00fc\u00fcp<\/th>\n<td>Liitiumpol\u00fcmeer<\/td>\n<\/tr>\n<tr>\n<th>Mahutavus<\/th>\n<td>250mAh<\/td>\n<\/tr>\n<tr>\n<th>Laadimisaeg<\/th>\n<td>Ligikaudu 2 tundi<\/td>\n<\/tr>\n<tr>\n<th>Kasutusaeg<\/th>\n<td>5\u20137 p\u00e4eva<\/td>\n<\/tr>\n<tr>\n<th>Ooteaeg<\/th>\n<td>30 p\u00e4eva<\/td>\n<\/tr>\n<tr>\n<th>\n<h3>M\u00d5\u00d5TMED<\/h3>\n<\/th>\n<td><\/td>\n<\/tr>\n<tr>\n<th>M\u00f5\u00f5tmed<\/th>\n<td>47 x 40 x 11 mm<\/td>\n<\/tr>\n<tr>\n<th>Kaal<\/th>\n<td>57 grammi<\/td>\n<\/tr>\n<tr>\n<th>\n<h3>MATERJAL<\/h3>\n<\/th>\n<td><\/td>\n<\/tr>\n<tr>\n<th>Materjal<\/th>\n<td>Silikoon, tsingisulam, iML<\/td>\n<\/tr>\n<tr>\n<th>\n<h3>RIHMA<\/h3>\n<\/th>\n<td><\/td>\n<\/tr>\n<tr>\n<th>Rihma laius<\/th>\n<td>22 mm<\/td>\n<\/tr>\n<tr>\n<th>\n<h3>APP<\/h3>\n<\/th>\n<td><\/td>\n<\/tr>\n<tr>\n<th>Nimi<\/th>\n<td>FitCloudPro<\/td>\n<\/tr>\n<tr>\n<th>\u00dchilduvus<\/th>\n<td>Android 4.4 (v\u00f5i uuem), iOS 8.0 (v\u00f5i uuem), Harmony OS<\/td>\n<\/tr>\n<tr>\n<th>Uuendus<\/th>\n<td>OTA<\/td>\n<\/tr>\n<tr>\n<th>\n<h3>KEELED<\/h3>\n<\/th>\n<td><\/td>\n<\/tr>\n<tr>\n<th>Smartwatchi toetatud<\/th>\n<td>Hiina (lihtsustatud), inglise, saksa, vene, hispaania, portugali, prantsuse, jaapani, araabia, hollandi, itaalia, t\u0161ehhi, indoneesia, poola, tai, vietnami, slovaki, t\u00fcrgi<\/td>\n<\/tr>\n<tr>\n<th>Rakenduse toetatud<\/th>\n<td>Inglise, hiina (lihtsustatud), hiina (traditsiooniline), saksa, prantsuse, araabia, t\u0161ehhi, kreeka, hispaania, jaapani, p\u00e4rsia, itaalia Korea, poola, portugali, vene, soome, rootsi, tai, ungari, slovaki, horvaadi, albaania, t\u00fcrgi, ukraina<\/td>\n<\/tr>\n<tr>\n<th>\n<h3>KINDLUS<\/h3>\n<\/th>\n<td><\/td>\n<\/tr>\n<tr>\n<th>Veekindlus<\/th>\n<td>IP68<\/td>\n<\/tr>\n<\/tbody>\n<\/table>\n<\/div>\n","protected":false},"excerpt":{"rendered":"<p>Nutikell Colmi C81 (must) Vali Colmi C81 ja saa juurdep\u00e4\u00e4s olulistele funktsioonidele. Nutikell pakub HD-kvaliteediga pilti oma AMOLED-ekraaniga ja v\u00f5imaldab mugavat helistamist. See t\u00f6\u00f6tab tehisintellektiga h\u00e4\u00e4lassistendiga, mis v\u00f5imaldab sul kiiresti ja lihtsalt juurde p\u00e4\u00e4seda erinevatele kellafunktsioonidele. See pakub \u00fcle 100 spordire\u017eiimi, et parandada treeningu efektiivsust. Lisaks j\u00e4lgib see sinu pulssi ja und ning kestab \u00fche [&#8230;]\n","protected":false},"featured_media":37588,"comment_status":"open","ping_status":"closed","template":"","meta":[],"product_brand":[471],"product_cat":[984],"product_tag":[],"class_list":{"0":"post-37587","1":"product","2":"type-product","3":"status-publish","4":"has-post-thumbnail","6":"product_brand-colmi","7":"product_cat-smartwatches-smartwatches","9":"first","10":"outofstock","11":"taxable","12":"shipping-taxable","13":"purchasable","14":"product-type-simple"},"aioseo_notices":[],"_links":{"self":[{"href":"https:\/\/asura.lv\/et\/wp-json\/wp\/v2\/product\/37587","targetHints":{"allow":["GET"]}}],"collection":[{"href":"https:\/\/asura.lv\/et\/wp-json\/wp\/v2\/product"}],"about":[{"href":"https:\/\/asura.lv\/et\/wp-json\/wp\/v2\/types\/product"}],"replies":[{"embeddable":true,"href":"https:\/\/asura.lv\/et\/wp-json\/wp\/v2\/comments?post=37587"}],"wp:featuredmedia":[{"embeddable":true,"href":"https:\/\/asura.lv\/et\/wp-json\/wp\/v2\/media\/37588"}],"wp:attachment":[{"href":"https:\/\/asura.lv\/et\/wp-json\/wp\/v2\/media?parent=37587"}],"wp:term":[{"taxonomy":"product_brand","embeddable":true,"href":"https:\/\/asura.lv\/et\/wp-json\/wp\/v2\/product_brand?post=37587"},{"taxonomy":"product_cat","embeddable":true,"href":"https:\/\/asura.lv\/et\/wp-json\/wp\/v2\/product_cat?post=37587"},{"taxonomy":"product_tag","embeddable":true,"href":"https:\/\/asura.lv\/et\/wp-json\/wp\/v2\/product_tag?post=37587"}],"curies":[{"name":"wp","href":"https:\/\/api.w.org\/{rel}","templated":true}]}}