{"id":37689,"date":"2025-11-28T21:08:30","date_gmt":"2025-11-28T21:08:30","guid":{"rendered":"https:\/\/asura.lv\/product\/audio-cable-ts-6-35mm-vention-baabi-3m-black\/"},"modified":"2025-12-12T14:56:42","modified_gmt":"2025-12-12T12:56:42","slug":"audio-cable-ts-6-35mm-vention-baabi-3m-black","status":"publish","type":"product","link":"https:\/\/asura.lv\/et\/toode\/audio-cable-ts-6-35mm-vention-baabi-3m-black\/","title":{"rendered":"Helikaabel TS 6.35mm Vention BAABI 3m (must)"},"content":{"rendered":"<h3>Vention BAABI 3m 6,35 mm TS audiokaabel (must)<\/h3>\n<p>Ventioni 6,35 mm audiokaabel tagab usaldusv\u00e4\u00e4rse \u00fchenduse teie audioseadmete vahel. 6,35 mm kuni 6,35 mm liidese abil saate \u00fchendada oma muusikariistu, mikrofone, v\u00f5imendeid ja paljusid muid seadmeid, nautides samal ajal selget ja kvaliteetset heli. Sellel on kullatud pistikud, mis mitte ainult ei taga vastupidavust ja korrosioonikindlust, vaid tagavad ka parema helikvaliteedi.<\/p>\n<p><img decoding=\"async\" src=\"https:\/\/b2b.innpro.pl\/data\/include\/cms\/Vention\/BAABI\/1.jpg\" alt=\"Vention\/BAABI\/1\"><\/p>\n<div class=\"table-wrapper\">\n<table>\n<tbody>\n<tr>\n<th>Tootja<\/th>\n<td>Vention<\/td>\n<\/tr>\n<tr>\n<th>Pikkus<\/th>\n<td>3 m<\/td>\n<\/tr>\n<tr>\n<th>V\u00e4rv<\/th>\n<td>Must<\/td>\n<\/tr>\n<tr>\n<th>Liides<\/th>\n<td>6,35 mm kuni 6,35 mm<\/td>\n<\/tr>\n<\/tbody>\n<\/table>\n<\/div>\n","protected":false},"excerpt":{"rendered":"<p>Vention BAABI 3m 6,35 mm TS audiokaabel (must) Ventioni 6,35 mm audiokaabel tagab usaldusv\u00e4\u00e4rse \u00fchenduse teie audioseadmete vahel. 6,35 mm kuni 6,35 mm liidese abil saate \u00fchendada oma muusikariistu, mikrofone, v\u00f5imendeid ja paljusid muid seadmeid, nautides samal ajal selget ja kvaliteetset heli. Sellel on kullatud pistikud, mis mitte ainult ei taga vastupidavust ja korrosioonikindlust, vaid [&#8230;]\n","protected":false},"featured_media":37690,"comment_status":"open","ping_status":"closed","template":"","meta":[],"product_brand":[474],"product_cat":[1500],"product_tag":[],"class_list":{"0":"post-37689","1":"product","2":"type-product","3":"status-publish","4":"has-post-thumbnail","6":"product_brand-vention","7":"product_cat-audio-cables","9":"first","10":"outofstock","11":"taxable","12":"shipping-taxable","13":"purchasable","14":"product-type-simple"},"aioseo_notices":[],"_links":{"self":[{"href":"https:\/\/asura.lv\/et\/wp-json\/wp\/v2\/product\/37689","targetHints":{"allow":["GET"]}}],"collection":[{"href":"https:\/\/asura.lv\/et\/wp-json\/wp\/v2\/product"}],"about":[{"href":"https:\/\/asura.lv\/et\/wp-json\/wp\/v2\/types\/product"}],"replies":[{"embeddable":true,"href":"https:\/\/asura.lv\/et\/wp-json\/wp\/v2\/comments?post=37689"}],"wp:featuredmedia":[{"embeddable":true,"href":"https:\/\/asura.lv\/et\/wp-json\/wp\/v2\/media\/37690"}],"wp:attachment":[{"href":"https:\/\/asura.lv\/et\/wp-json\/wp\/v2\/media?parent=37689"}],"wp:term":[{"taxonomy":"product_brand","embeddable":true,"href":"https:\/\/asura.lv\/et\/wp-json\/wp\/v2\/product_brand?post=37689"},{"taxonomy":"product_cat","embeddable":true,"href":"https:\/\/asura.lv\/et\/wp-json\/wp\/v2\/product_cat?post=37689"},{"taxonomy":"product_tag","embeddable":true,"href":"https:\/\/asura.lv\/et\/wp-json\/wp\/v2\/product_tag?post=37689"}],"curies":[{"name":"wp","href":"https:\/\/api.w.org\/{rel}","templated":true}]}}