{"id":37815,"date":"2025-11-28T20:50:50","date_gmt":"2025-11-28T20:50:50","guid":{"rendered":"https:\/\/asura.lv\/product\/baseus-cleaning-brush-white\/"},"modified":"2025-12-12T14:50:47","modified_gmt":"2025-12-12T12:50:47","slug":"baseus-cleaning-brush-white","status":"publish","type":"product","link":"https:\/\/asura.lv\/et\/toode\/baseus-cleaning-brush-white\/","title":{"rendered":"Baseuse puhastushari (valge)"},"content":{"rendered":"<h3>Baseuse puhastushari (valge)<\/h3>\n<p>Hoia oma seadmed puhtana. Hari v\u00f5imaldab sul k\u00f5rvaklappidest, nutitelefoni pistikupesadest v\u00f5i laadimis\u00fcmbrisest p\u00f5hjalikult mustuse eemaldada. See on varustatud 3 t\u00fc\u00fcpi harjadega, mis puhastavad isegi raskesti ligip\u00e4\u00e4setavaid kohti. See paistab silma ka erakordselt tugeva t\u00f6\u00f6 poolest.<\/p>\n<p><img decoding=\"async\" src=\"https:\/\/b2b.innpro.pl\/data\/include\/cms\/-Baseus\/NGBS000002\/3.jpg\"><\/p>\n<h3>Kogu 3 t\u00fc\u00fcpi harja<\/h3>\n<p>Puhastusvahend on varustatud 3 erinevat t\u00fc\u00fcpi harjadega, nii et saad seda kasutada mitmesuguste seadmete puhastamiseks. M\u00e4luk\u00e4sn sobib h\u00e4sti raskesti ligip\u00e4\u00e4setavate kohtade puhastamiseks. Suurt ja tihedat harja kasutate tolmu v\u00f5i mustuse eemaldamiseks n\u00e4iteks juhtmevabade k\u00f5rvaklappide helipesadest, v\u00e4ike hari aga puhastab t\u00e4pselt k\u00f5ik kangekaelse mustuse.<\/p>\n<p><img decoding=\"async\" src=\"https:\/\/b2b.innpro.pl\/data\/include\/cms\/-Baseus\/NGBS000002\/2.jpg\"><\/p>\n<div class=\"table-wrapper\">\n<table>\n<tbody>\n<tr>\n<th>Tootja<\/th>\n<td>Baseus<\/td>\n<\/tr>\n<tr>\n<th>Mudel<\/th>\n<td>NGBS000002<\/td>\n<\/tr>\n<tr>\n<th>V\u00e4rv<\/th>\n<td>Valge<\/td>\n<\/tr>\n<tr>\n<th>Materjal<\/th>\n<td>ABS<\/td>\n<\/tr>\n<tr>\n<th>M\u00f5\u00f5tmed<\/th>\n<td>115 x 12 mm<\/td>\n<\/tr>\n<\/tbody>\n<\/table>\n<\/div>\n","protected":false},"excerpt":{"rendered":"<p>Baseuse puhastushari (valge) Hoia oma seadmed puhtana. Hari v\u00f5imaldab sul k\u00f5rvaklappidest, nutitelefoni pistikupesadest v\u00f5i laadimis\u00fcmbrisest p\u00f5hjalikult mustuse eemaldada. See on varustatud 3 t\u00fc\u00fcpi harjadega, mis puhastavad isegi raskesti ligip\u00e4\u00e4setavaid kohti. See paistab silma ka erakordselt tugeva t\u00f6\u00f6 poolest. Kogu 3 t\u00fc\u00fcpi harja Puhastusvahend on varustatud 3 erinevat t\u00fc\u00fcpi harjadega, nii et saad seda kasutada mitmesuguste [&#8230;]\n","protected":false},"featured_media":37816,"comment_status":"open","ping_status":"closed","template":"","meta":[],"product_brand":[95],"product_cat":[945],"product_tag":[],"class_list":{"0":"post-37815","1":"product","2":"type-product","3":"status-publish","4":"has-post-thumbnail","6":"product_brand-baseus","7":"product_cat-other-gsm-accessories","9":"first","10":"outofstock","11":"taxable","12":"shipping-taxable","13":"purchasable","14":"product-type-simple"},"aioseo_notices":[],"_links":{"self":[{"href":"https:\/\/asura.lv\/et\/wp-json\/wp\/v2\/product\/37815","targetHints":{"allow":["GET"]}}],"collection":[{"href":"https:\/\/asura.lv\/et\/wp-json\/wp\/v2\/product"}],"about":[{"href":"https:\/\/asura.lv\/et\/wp-json\/wp\/v2\/types\/product"}],"replies":[{"embeddable":true,"href":"https:\/\/asura.lv\/et\/wp-json\/wp\/v2\/comments?post=37815"}],"wp:featuredmedia":[{"embeddable":true,"href":"https:\/\/asura.lv\/et\/wp-json\/wp\/v2\/media\/37816"}],"wp:attachment":[{"href":"https:\/\/asura.lv\/et\/wp-json\/wp\/v2\/media?parent=37815"}],"wp:term":[{"taxonomy":"product_brand","embeddable":true,"href":"https:\/\/asura.lv\/et\/wp-json\/wp\/v2\/product_brand?post=37815"},{"taxonomy":"product_cat","embeddable":true,"href":"https:\/\/asura.lv\/et\/wp-json\/wp\/v2\/product_cat?post=37815"},{"taxonomy":"product_tag","embeddable":true,"href":"https:\/\/asura.lv\/et\/wp-json\/wp\/v2\/product_tag?post=37815"}],"curies":[{"name":"wp","href":"https:\/\/api.w.org\/{rel}","templated":true}]}}