{"id":37863,"date":"2025-11-28T20:50:44","date_gmt":"2025-11-28T20:50:44","guid":{"rendered":"https:\/\/asura.lv\/product\/brake-fluid-liquid-tester-habotest-ht662\/"},"modified":"2025-12-12T14:50:43","modified_gmt":"2025-12-12T12:50:43","slug":"brake-fluid-liquid-tester-habotest-ht662","status":"publish","type":"product","link":"https:\/\/asura.lv\/et\/toode\/brake-fluid-liquid-tester-habotest-ht662\/","title":{"rendered":"Pidurivedeliku vedeliku tester Habotest HT662"},"content":{"rendered":"<h3>Habotest HT662 pidurivedeliku tester<\/h3>\n<p>Habotest HT662 v\u00f5imaldab teil m\u00f5\u00f5ta pidurivedelikus sisalduva vee kontsentratsiooni protsentides. See toetab erinevat t\u00fc\u00fcpi vedelikke ja kuvab m\u00f5\u00f5tmistulemused v\u00e4ikesel ekraanil. See on varustatud tundliku sondiga ja seda iseloomustab kiire reageerimisaeg. Lisaks annab see helisignaali ja valgussignaali. See l\u00fclitub automaatselt v\u00e4lja p\u00e4rast 5-minutilist mittekasutamist ja selle toiteallikaks on 2 AAA-patareid (kaasas).<\/p>\n<p><img decoding=\"async\" src=\"https:\/\/b2b.innpro.pl\/data\/include\/cms\/04Habotest\/HT662\/3.jpg\"><\/p>\n<h3>Praktiline<\/h3>\n<p>Pidurivedeliku lubatud vee kontsentratsioon on vahemikus 0 kuni 3%. Kui see tase \u00fcletatakse, tuleks vedelik v\u00e4lja vahetada. Habotesti tester v\u00f5imaldab teil seda v\u00e4\u00e4rtust kontrollida ja tagada oma ohutuse autojuhtimise ajal. M\u00f5\u00f5tmistulemused kuvatakse v\u00e4ikesel ekraanil. Lisaks pakub seade helisignaali ja valgussignaali \u2013 see n\u00e4itab kontsentratsioonitaset vastava v\u00e4rviga.<\/p>\n<p><img decoding=\"async\" src=\"https:\/\/b2b.innpro.pl\/data\/include\/cms\/04Habotest\/HT662\/2.jpg\"><\/p>\n<h3>Mugav kasutamine<\/h3>\n<p>Testeri kasutamine ei tekita teile probleeme. M\u00f5\u00f5tmiseks peate lihtsalt sondi vedelikku kastma. Seade on varustatud ka nuppudega, millega saate selle sisse\/v\u00e4lja l\u00fclitada v\u00f5i pidurivedeliku t\u00fc\u00fcpi valida. Toiteallikaks on 2 AAA patareid, mis on komplektis \u2013 kui soovite need sisestada, keerake ja avage spetsiaalne kaas.<\/p>\n<p><img decoding=\"async\" src=\"https:\/\/b2b.innpro.pl\/data\/include\/cms\/04Habotest\/HT662\/4.jpg\"><\/p>\n<h3>L\u00e4bim\u00f5eldud disain<\/h3>\n<p>Habotest HT662 on varustatud usaldusv\u00e4\u00e4rse sondiga, mida iseloomustab pikk kasutusiga ja korrosioonikindlus. Lisaks l\u00fclitub see energia s\u00e4\u00e4stmiseks automaatselt v\u00e4lja p\u00e4rast 5-minutilist mittekasutamist. ABS-plasti kasutamine muudab toote kukkumis-, vee- ja tolmukindlaks ning spetsiaalne klamber v\u00f5imaldab teil testeri taskusse kinnitada. Lisaks ei v\u00f5ta see t\u00e4nu kompaktsele disainile palju ruumi.<\/p>\n<p><img decoding=\"async\" src=\"https:\/\/b2b.innpro.pl\/data\/include\/cms\/04Habotest\/HT662\/1.jpg\"><\/p>\n<h3>Kaasas<\/h3>\n<ul>\n<li>Pidurivedeliku tester<\/li>\n<li>Patareid 1,5 V x2<\/li>\n<li>Kasutusjuhend<\/li>\n<\/ul>\n<div class=\"table-wrapper\">\n<table>\n<tbody>\n<tr>\n<th>Tootja<\/th>\n<td>Habotest<\/td>\n<\/tr>\n<tr>\n<th>Mudel<\/th>\n<td>HT662<\/td>\n<\/tr>\n<tr>\n<th>Materjal <\/th>\n<td>ABS<\/td>\n<\/tr>\n<tr>\n<th>Ekraan<\/th>\n<td>LCD<\/td>\n<\/tr>\n<tr>\n<th>M\u00f5\u00f5tevahemik<\/th>\n<td>0%~4%<\/td>\n<\/tr>\n<tr>\n<th>H\u00e4ire<\/th>\n<td>heli- ja valgussignaal<\/td>\n<\/tr>\n<tr>\n<th>Taustvalgustus<\/th>\n<td>jah, punane ja roheline<\/td>\n<\/tr>\n<tr>\n<th>Automaatne v\u00e4ljal\u00fclitus<\/th>\n<td>Jah, p\u00e4rast 5 minutit mittekasutamist<\/td>\n<\/tr>\n<tr>\n<th>Aku t\u00fchjenemise indikaator<\/th>\n<td>Jah<\/td>\n<\/tr>\n<tr>\n<th>Toiteallikas<\/th>\n<td>1,5 V AAA x2<\/td>\n<\/tr>\n<tr>\n<th>Kaal<\/th>\n<td>Ligikaudu 32 g<\/td>\n<\/tr>\n<tr>\n<th>M\u00f5\u00f5tmed<\/th>\n<td>157 x 27 x 23 mm<\/td>\n<\/tr>\n<\/tbody>\n<\/table>\n<\/div>\n","protected":false},"excerpt":{"rendered":"<p>Habotest HT662 pidurivedeliku tester Habotest HT662 v\u00f5imaldab teil m\u00f5\u00f5ta pidurivedelikus sisalduva vee kontsentratsiooni protsentides. See toetab erinevat t\u00fc\u00fcpi vedelikke ja kuvab m\u00f5\u00f5tmistulemused v\u00e4ikesel ekraanil. See on varustatud tundliku sondiga ja seda iseloomustab kiire reageerimisaeg. Lisaks annab see helisignaali ja valgussignaali. See l\u00fclitub automaatselt v\u00e4lja p\u00e4rast 5-minutilist mittekasutamist ja selle toiteallikaks on 2 AAA-patareid (kaasas). Praktiline [&#8230;]\n","protected":false},"featured_media":37864,"comment_status":"open","ping_status":"closed","template":"","meta":[],"product_brand":[282],"product_cat":[876],"product_tag":[],"class_list":{"0":"post-37863","1":"product","2":"type-product","3":"status-publish","4":"has-post-thumbnail","6":"product_brand-habotest","7":"product_cat-measuring-tools-tools-home-and-garden","9":"first","10":"outofstock","11":"taxable","12":"shipping-taxable","13":"purchasable","14":"product-type-simple"},"aioseo_notices":[],"_links":{"self":[{"href":"https:\/\/asura.lv\/et\/wp-json\/wp\/v2\/product\/37863","targetHints":{"allow":["GET"]}}],"collection":[{"href":"https:\/\/asura.lv\/et\/wp-json\/wp\/v2\/product"}],"about":[{"href":"https:\/\/asura.lv\/et\/wp-json\/wp\/v2\/types\/product"}],"replies":[{"embeddable":true,"href":"https:\/\/asura.lv\/et\/wp-json\/wp\/v2\/comments?post=37863"}],"wp:featuredmedia":[{"embeddable":true,"href":"https:\/\/asura.lv\/et\/wp-json\/wp\/v2\/media\/37864"}],"wp:attachment":[{"href":"https:\/\/asura.lv\/et\/wp-json\/wp\/v2\/media?parent=37863"}],"wp:term":[{"taxonomy":"product_brand","embeddable":true,"href":"https:\/\/asura.lv\/et\/wp-json\/wp\/v2\/product_brand?post=37863"},{"taxonomy":"product_cat","embeddable":true,"href":"https:\/\/asura.lv\/et\/wp-json\/wp\/v2\/product_cat?post=37863"},{"taxonomy":"product_tag","embeddable":true,"href":"https:\/\/asura.lv\/et\/wp-json\/wp\/v2\/product_tag?post=37863"}],"curies":[{"name":"wp","href":"https:\/\/api.w.org\/{rel}","templated":true}]}}