{"id":37941,"date":"2025-11-28T20:50:38","date_gmt":"2025-11-28T20:50:38","guid":{"rendered":"https:\/\/asura.lv\/product\/darkflash-a290-computer-case-white-3-rgb-fans\/"},"modified":"2025-12-12T14:50:37","modified_gmt":"2025-12-12T12:50:37","slug":"darkflash-a290-computer-case-white-3-rgb-fans","status":"publish","type":"product","link":"https:\/\/asura.lv\/et\/toode\/darkflash-a290-computer-case-white-3-rgb-fans\/","title":{"rendered":"Darkflash A290 arvutikorpus (valge) + 3 RGB ventilaatorit"},"content":{"rendered":"<h3>Darkflash A290 arvutikorpus (valge) + 3 ARGB ventilaatorit<\/h3>\n<p>Kas soovite endale ehitada ideaalse arvuti t\u00f6\u00f6ks v\u00f5i m\u00e4ngimiseks? Darkflash A290 korpus aitab teil seda teha! See \u00fchildub paljude komponentidega ja v\u00f5imaldab teil luua v\u00f5imsa jahutuss\u00fcsteemi. Samuti pakub see mitmeid olulisi porte ja nuppe, sealhulgas USB 3.0, USB 2.0 ja k\u00f5rvaklappide\/k\u00f5larite v\u00e4ljundit. Seda eristab ka moodne ja stiilne disain &#8211; karastatud klaasist k\u00fclgpaneel annab teile vapustavaid visuaalseid efekte.<\/p>\n<p>\n<img decoding=\"async\" alt=\"\" border=\"0\" src=\"https:\/\/assets.innpro.pl\/5514\/13853\/1.jpg\"\/>\n<\/p>\n<h3>Palju laiendusv\u00f5imalusi<\/h3>\n<p>A290 korpus \u00fchildub paljude komponentidega, nii et saate h\u00f5lpsalt ehitada t\u00e4pselt oma unistuste arvuti. Toode toetab selliseid emaplaadi standardeid nagu ATX, M-ATX ja ITX ning v\u00f5imaldab paigaldada graafikakaardi maksimaalse pikkusega 260 mm. Samuti on teil ruumi kuni 160 mm k\u00f5rgusele protsessori jahutusele.<\/p>\n<p>\n<img decoding=\"async\" alt=\"\" border=\"0\" src=\"https:\/\/assets.innpro.pl\/5514\/13853\/8.jpg\"\/>\n<\/p>\n<h3>T\u00f5hus jahutus<\/h3>\n<p>\u00c4rge muretsege oma arvuti \u00fclekuumenemise p\u00e4rast. A290 korpuse l\u00e4bim\u00f5eldud disain v\u00f5imaldab t\u00f5husat soojuse hajumist ning lisaks on v\u00f5imalus paigaldada 5 120 mm ventilaatorit. Samuti saate paigaldada 240 mm vesijahutuse. N\u00fc\u00fcd saate m\u00e4ngida isegi k\u00f5ige d\u00fcnaamilisemat m\u00e4ngu v\u00f5i kasutada n\u00f5udlikku tarkvara ilma probleemideta! Lisaks sisaldab komplekt 3 CL6 ventilaatorit.<\/p>\n<p>\n<img decoding=\"async\" alt=\"\" border=\"0\" src=\"https:\/\/assets.innpro.pl\/5514\/13853\/7.jpg\"\/>\n<\/p>\n<h3>L\u00e4bim\u00f5eldud disain<\/h3>\n<p>Korpuse k\u00fclgpaneel on valmistatud karastatud klaasist. See soodustab taustvalgustusega komponentide kuvamist, r\u00f5hutades teie konfiguratsiooni m\u00e4ngulist iseloomu. Lisaks eristub A290 oma moodsa viimistluse poolest, mis suurendab veelgi riistvara visuaalset atraktiivsust. Korpus on varustatud ka tolmufiltriga, mida saab h\u00f5lpsalt eemaldada ja puhastada. See teeb seadmete suurep\u00e4rases seisukorras hoidmise vaevatuks.<\/p>\n<p>\n<img decoding=\"async\" alt=\"\" border=\"0\" src=\"https:\/\/assets.innpro.pl\/5514\/13853\/2.jpg\"\/>\n<\/p>\n<h3>Rohkem mugavusi<\/h3>\n<p>Korpusse saab paigutada k\u00f5vaketta v\u00f5i SSD-ketta. A290 mudeli valimisel on teil juurdep\u00e4\u00e4s ka USB3.0-pordiga liidesele, mis pakub silmapaistvat kiirust. Ja kui soovite oma riistvarakonfiguratsiooni laiendada, on abiks 7 laienduskaardi pesa.<\/p>\n<p>\n<img decoding=\"async\" alt=\"\" border=\"0\" src=\"https:\/\/assets.innpro.pl\/5514\/13853\/5.jpg\"\/>\n<\/p>\n<h3>Kaasas<\/h3>\n<ul class=\"list-disc pl-5\">\n<li>A290 arvutikorpus<\/li>\n<li>3x CL6 ventilaatorit<\/li>\n<\/ul>\n<div class=\"table-wrapper\">\n<p>\u0412\u00a0<\/p>\n<h3><\/h3>\n<table>\n<tbody>\n<tr>\n<th>Tootja<\/th>\n<td>Darkflash<\/td>\n<\/tr>\n<tr>\n<th>Mudel<\/th>\n<td>A290<\/td>\n<\/tr>\n<tr>\n<th>Korpuse t\u00fc\u00fcp<\/th>\n<td>Midi torn<\/td>\n<\/tr>\n<tr>\n<th>K\u00fclgmine paneel<\/th>\n<td>Karastatud klaas<\/td>\n<\/tr>\n<tr>\n<th>Emaplaadi standard<\/th>\n<td>ATX \/ M-ATX \/ ITX<\/td>\n<\/tr>\n<tr>\n<th>Toiteploki standard<\/th>\n<td>ATX allosas<\/td>\n<\/tr>\n<tr>\n<th>Sisemiste ketaste pesad<\/th>\n<td>3,5&#8243; k\u00f5vaketas x1; 2,5&#8243; SSD x1<\/td>\n<\/tr>\n<tr>\n<th>Laienduskaardi pesad<\/th>\n<td>7<\/td>\n<\/tr>\n<tr>\n<th>Toiteploki maksimaalne pikkus<\/th>\n<td>150 mm<\/td>\n<\/tr>\n<tr>\n<th>Graafikakaardi maksimaalne pikkus<\/th>\n<td>260 mm<\/td>\n<\/tr>\n<tr>\n<th>Protsessori jahuti maksimaalne k\u00f5rgus<\/th>\n<td>160 mm<\/td>\n<\/tr>\n<tr>\n<th>Ventilaatorite maksimaalne arv<\/th>\n<td>5<\/td>\n<\/tr>\n<tr>\n<th>Ventilaatori kinnitus valikud<\/th>\n<td>Ees: 120 mm ventilaator x2; \u00dcleval: 120 mm ventilaator x2; Taga: 120 mm ventilaator x1<\/td>\n<\/tr>\n<tr>\n<th>Vesijahutuse paigaldusv\u00f5imalused<\/th>\n<td>Vesijahutuse paigaldusv\u00f5imalusi pole<\/td>\n<\/tr>\n<tr>\n<th>Paigaldatud ventilaatorite arv<\/th>\n<td>3<\/td>\n<\/tr>\n<tr>\n<th>Ventilaatori t\u00fc\u00fcp<\/th>\n<td>CL6 ARGB, Daisy Chain 4-pin<\/td>\n<\/tr>\n<tr>\n<th>Nupud ja juhtnupud<\/th>\n<td>Toide, l\u00e4htestamine<\/td>\n<\/tr>\n<tr>\n<th>Pistikud<\/th>\n<td>USB 3.0 x1, USB 2.0 x1, HD Audio<\/td>\n<\/tr>\n<tr>\n<th>Materjal<\/th>\n<td>Karastatud klaas, SPCC<\/td>\n<\/tr>\n<tr>\n<th>V\u00e4rv<\/th>\n<td>valge<\/td>\n<\/tr>\n<tr>\n<th>K\u00f5rgus<\/th>\n<td>433 mm<\/td>\n<\/tr>\n<tr>\n<th>Laius<\/th>\n<td>190 mm<\/td>\n<\/tr>\n<tr>\n<th>S\u00fcgavus<\/th>\n<td>320 mm<\/td>\n<\/tr>\n<tr>\n<th>Kaal<\/th>\n<td>4,7 kg<\/td>\n<\/tr>\n<\/tbody>\n<\/table>\n<\/div>\n","protected":false},"excerpt":{"rendered":"<p>Darkflash A290 arvutikorpus (valge) + 3 ARGB ventilaatorit Kas soovite endale ehitada ideaalse arvuti t\u00f6\u00f6ks v\u00f5i m\u00e4ngimiseks? Darkflash A290 korpus aitab teil seda teha! See \u00fchildub paljude komponentidega ja v\u00f5imaldab teil luua v\u00f5imsa jahutuss\u00fcsteemi. Samuti pakub see mitmeid olulisi porte ja nuppe, sealhulgas USB 3.0, USB 2.0 ja k\u00f5rvaklappide\/k\u00f5larite v\u00e4ljundit. Seda eristab ka moodne ja [&#8230;]\n","protected":false},"featured_media":37942,"comment_status":"open","ping_status":"closed","template":"","meta":[],"product_brand":[316],"product_cat":[1116],"product_tag":[],"class_list":{"0":"post-37941","1":"product","2":"type-product","3":"status-publish","4":"has-post-thumbnail","6":"product_brand-darkflash","7":"product_cat-with-fan","9":"first","10":"outofstock","11":"taxable","12":"shipping-taxable","13":"purchasable","14":"product-type-simple"},"aioseo_notices":[],"_links":{"self":[{"href":"https:\/\/asura.lv\/et\/wp-json\/wp\/v2\/product\/37941","targetHints":{"allow":["GET"]}}],"collection":[{"href":"https:\/\/asura.lv\/et\/wp-json\/wp\/v2\/product"}],"about":[{"href":"https:\/\/asura.lv\/et\/wp-json\/wp\/v2\/types\/product"}],"replies":[{"embeddable":true,"href":"https:\/\/asura.lv\/et\/wp-json\/wp\/v2\/comments?post=37941"}],"wp:featuredmedia":[{"embeddable":true,"href":"https:\/\/asura.lv\/et\/wp-json\/wp\/v2\/media\/37942"}],"wp:attachment":[{"href":"https:\/\/asura.lv\/et\/wp-json\/wp\/v2\/media?parent=37941"}],"wp:term":[{"taxonomy":"product_brand","embeddable":true,"href":"https:\/\/asura.lv\/et\/wp-json\/wp\/v2\/product_brand?post=37941"},{"taxonomy":"product_cat","embeddable":true,"href":"https:\/\/asura.lv\/et\/wp-json\/wp\/v2\/product_cat?post=37941"},{"taxonomy":"product_tag","embeddable":true,"href":"https:\/\/asura.lv\/et\/wp-json\/wp\/v2\/product_tag?post=37941"}],"curies":[{"name":"wp","href":"https:\/\/api.w.org\/{rel}","templated":true}]}}