{"id":38067,"date":"2025-11-28T20:50:27","date_gmt":"2025-11-28T20:50:27","guid":{"rendered":"https:\/\/asura.lv\/product\/electric-wine-opener-hoto-qwkpq001\/"},"modified":"2025-12-12T14:50:31","modified_gmt":"2025-12-12T12:50:31","slug":"electric-wine-opener-hoto-qwkpq001","status":"publish","type":"product","link":"https:\/\/asura.lv\/et\/toode\/electric-wine-opener-hoto-qwkpq001\/","title":{"rendered":"Elektriline veiniavaja HOTO QWKPQ001"},"content":{"rendered":"<h3>HOTO elektriline veiniavaja QWKPQ001<\/h3>\n<p>Pere\u00f5htus\u00f6\u00f6k, \u00f5htus\u00f6\u00f6k k\u00fc\u00fcnlavalgel, kohtumine s\u00f5pradega \u2013 nendes ja sarnastes olukordades tuleb kasuks HOTO elektriline veiniavaja. Seade v\u00f5imaldab teil pudeli avada vaid 10 sekundiga, vajutage lihtsalt spetsiaalset nuppu. See on valmistatud kvaliteetsetest materjalidest ning libisemiskindel viimistlus tagab stabiilsuse ja muudab selle kasutamise lihtsaks. <\/p>\n<p><img decoding=\"async\" src=\"https:\/\/b2b.innpro.pl\/data\/include\/cms\/Hoto\/QWKPQ001\/7.jpg\"><\/p>\n<h3>Lihtne kasutada<\/h3>\n<p>Seadet eristab mugav ja intuitiivne kasutamine. See on varustatud korgi avamise ja vabastamise nuppudega \u2013 peate vaid vajutama vastavat nuppu. Pudel avaneb umbes 10 sekundi p\u00e4rast. Lisaks t\u00f6\u00f6tab toode vaikselt ja eemaldab korgi t\u00e4ielikult. QWKPQ001-l on ka fooliumil\u00f5ikur, mis toimib ka avaja kattena ja v\u00f5imaldab toodet p\u00fcstises asendis hoida. <\/p>\n<p><img decoding=\"async\" src=\"https:\/\/b2b.innpro.pl\/data\/include\/cms\/Hoto\/QWKPQ001\/3.jpg\"><\/p>\n<h3>V\u00f5imas mootor<\/h3>\n<p>Avaja tagab t\u00f5husa t\u00f6\u00f6 t\u00e4nu v\u00f5imsale mootorile, millega toode on varustatud. Lisaks vajate seadme toiteks 4 AA-patareid (soovitatav on leelispatareid). Need v\u00f5imaldavad teil avada umbes 170 pudelit.<\/p>\n<p><img decoding=\"async\" src=\"https:\/\/b2b.innpro.pl\/data\/include\/cms\/Hoto\/QWKPQ001\/5.jpg\"><\/p>\n<h3>Minimalistlik ja praktiline<\/h3>\n<p>HOTO elektriline veiniavaja on suurep\u00e4rane t\u00e4iendus igale k\u00f6\u00f6gile. Silindrikujuline disain muudab seadme k\u00e4tte sobivaks ning vastupidav ja matt PC-viimistlus tagab stabiilsuse. Avaja l\u00e4bim\u00f5\u00f5t on 36 mm, seega sobib toode enamiku pudelitega. Lisaks v\u00f5imaldab l\u00e4bipaistev aken korgi avamise ajal vaadet.<\/p>\n<p><img decoding=\"async\" src=\"https:\/\/b2b.innpro.pl\/data\/include\/cms\/Hoto\/QWKPQ001\/8.jpg\"><\/p>\n<div class=\"table-wrapper\">\n<table>\n<tbody>\n<tr>\n<th>Tootja<\/th>\n<td>HOTO<\/td>\n<\/tr>\n<tr>\n<th>Mudel<\/th>\n<td>QWKPQ001<\/td>\n<\/tr>\n<tr>\n<th>M\u00f5\u00f5tmed<\/th>\n<td>59,9 x 44,7 x 185,4 mm<\/td>\n<\/tr>\n<tr>\n<th>Kaal<\/th>\n<td>Ligikaudu 250 g<\/td>\n<\/tr>\n<tr>\n<th>Hinnatud Pinge<\/th>\n<td>6V<\/td>\n<\/tr>\n<tr>\n<th>Nimiv\u00f5imsus<\/th>\n<td>15 W<\/td>\n<\/tr>\n<tr>\n<th>T\u00f6\u00f6temperatuur<\/th>\n<td>10 \u00b0C ~ 40 \u00b0C<\/td>\n<\/tr>\n<tr>\n<th>S\u00e4ilitustemperatuur<\/th>\n<td>10 \u00b0C ~ 50 \u00b0C<\/td>\n<\/tr>\n<tr>\n<th>S\u00e4ilitusniiskus<\/th>\n<td>\u224890% suhteline \u00f5huniiskus<\/td>\n<\/tr>\n<tr>\n<th>Toiteallikas<\/th>\n<td>x4 AA<\/td>\n<\/tr>\n<tr>\n<th>Materjal<\/th>\n<td>ABS, roostevaba teras, raud<\/td>\n<\/tr>\n<\/tbody>\n<\/table>\n<\/div>\n","protected":false},"excerpt":{"rendered":"<p>HOTO elektriline veiniavaja QWKPQ001 Pere\u00f5htus\u00f6\u00f6k, \u00f5htus\u00f6\u00f6k k\u00fc\u00fcnlavalgel, kohtumine s\u00f5pradega \u2013 nendes ja sarnastes olukordades tuleb kasuks HOTO elektriline veiniavaja. Seade v\u00f5imaldab teil pudeli avada vaid 10 sekundiga, vajutage lihtsalt spetsiaalset nuppu. See on valmistatud kvaliteetsetest materjalidest ning libisemiskindel viimistlus tagab stabiilsuse ja muudab selle kasutamise lihtsaks. Lihtne kasutada Seadet eristab mugav ja intuitiivne kasutamine. See [&#8230;]\n","protected":false},"featured_media":38068,"comment_status":"open","ping_status":"closed","template":"","meta":[],"product_brand":[400],"product_cat":[1383],"product_tag":[],"class_list":{"0":"post-38067","1":"product","2":"type-product","3":"status-publish","4":"has-post-thumbnail","6":"product_brand-hoto","7":"product_cat-kitchen-accessories","9":"first","10":"outofstock","11":"taxable","12":"shipping-taxable","13":"purchasable","14":"product-type-simple"},"aioseo_notices":[],"_links":{"self":[{"href":"https:\/\/asura.lv\/et\/wp-json\/wp\/v2\/product\/38067","targetHints":{"allow":["GET"]}}],"collection":[{"href":"https:\/\/asura.lv\/et\/wp-json\/wp\/v2\/product"}],"about":[{"href":"https:\/\/asura.lv\/et\/wp-json\/wp\/v2\/types\/product"}],"replies":[{"embeddable":true,"href":"https:\/\/asura.lv\/et\/wp-json\/wp\/v2\/comments?post=38067"}],"wp:featuredmedia":[{"embeddable":true,"href":"https:\/\/asura.lv\/et\/wp-json\/wp\/v2\/media\/38068"}],"wp:attachment":[{"href":"https:\/\/asura.lv\/et\/wp-json\/wp\/v2\/media?parent=38067"}],"wp:term":[{"taxonomy":"product_brand","embeddable":true,"href":"https:\/\/asura.lv\/et\/wp-json\/wp\/v2\/product_brand?post=38067"},{"taxonomy":"product_cat","embeddable":true,"href":"https:\/\/asura.lv\/et\/wp-json\/wp\/v2\/product_cat?post=38067"},{"taxonomy":"product_tag","embeddable":true,"href":"https:\/\/asura.lv\/et\/wp-json\/wp\/v2\/product_tag?post=38067"}],"curies":[{"name":"wp","href":"https:\/\/api.w.org\/{rel}","templated":true}]}}