{"id":38085,"date":"2025-11-28T20:50:26","date_gmt":"2025-11-28T20:50:26","guid":{"rendered":"https:\/\/asura.lv\/product\/powerbank-baseus-qpow-pro-with-lightning-cable-usb-c-port-and-usb-20000mah-20w-black\/"},"modified":"2025-12-12T14:50:31","modified_gmt":"2025-12-12T12:50:31","slug":"powerbank-baseus-qpow-pro-with-lightning-cable-usb-c-port-and-usb-20000mah-20w-black","status":"publish","type":"product","link":"https:\/\/asura.lv\/et\/toode\/powerbank-baseus-qpow-pro-with-lightning-cable-usb-c-port-and-usb-20000mah-20w-black\/","title":{"rendered":"Powerbank Baseus Qpow PRO Lightning-kaabli, USB-C-pordi ja USB 20000mAh, 20W (must)"},"content":{"rendered":"<h3 style=\"text-align: center;\">Baseus Qpow PRO varupatarei USB-C kaabliga, USB-C, USB, 20000mAh, 20W (must)<\/h3>\n<p>Vali mahukas varupatarei Baseuselt ja lae oma seadmeid kiiresti ja ohutult. Baseus Qpow Pro-l on sisseehitatud Lightning-kaabel ja 2 porti: USB-C ja USB. See toetab ka mitut kiirlaadimisprotokolli. See v\u00f5imaldab sul samaaegselt laadida 3 seadet. Selle v\u00e4ljundv\u00f5imsus ulatub 20 vatti ja mahutavus 20 000 mAh. T\u00e4nu oma k\u00e4ep\u00e4rasusele ja kergele kaalule pole selle transportimine probleem. Toodet iseloomustab ka lai \u00fchilduvus ja mitmetasandiline kaitse.<\/p>\n<p><img loading=\"lazy\" decoding=\"async\" src=\"https:\/\/b2b.innpro.pl\/data\/include\/cms\/-Baseus\/PPQD060201\/7.jpg\" border=\"0\" alt=\"\" width=\"1100\" height=\"700\" \/><\/p>\n<p>\u0412\u00a0<\/p>\n<h3 style=\"text-align: center;\">Kiirlaadimine<\/h3>\n<p>Sisseehitatud Lightning-kaabliga Baseus Qpow Pro varupatareil on USB-C ja USB-pordid, nii et see saab korraga laadida kuni 3 seadet. See toetab ka SCP, FCP, QC ja PD kiirlaadimisprotokolle ning laeb Apple 13 telefoni 50% t\u00e4is k\u00f5igest 30 minutiga.<\/p>\n<p><img loading=\"lazy\" decoding=\"async\" src=\"https:\/\/b2b.innpro.pl\/data\/include\/cms\/-Baseus\/PPQD060201\/5.jpg\" border=\"0\" alt=\"\" width=\"1100\" height=\"700\" \/><\/p>\n<p>\u0412\u00a0<\/p>\n<h3 style=\"text-align: center;\">Muljetavaldav mahutavus<\/h3>\n<p>Qpow Pro paistab silma 20 000 mAh mahutavusega ja suudab valitud seadmeid laadida kuni mitu korda. Seega saate Apple 13 akusid uuendada umbes 4 korda, Apple 12 Pro akusid umbes 4,3 korda ja Mi10 Pro akusid umbes 3 korda. Unustage pikk ootamine, kuni teie seadmed on kasutusvalmis!<\/p>\n<p><img loading=\"lazy\" decoding=\"async\" src=\"https:\/\/b2b.innpro.pl\/data\/include\/cms\/-Baseus\/PPQD060201\/3.jpg\" border=\"0\" alt=\"\" width=\"1100\" height=\"700\" \/><\/p>\n<p>\u0412\u00a0<\/p>\n<h3 style=\"text-align: center;\">K\u00f5rge kaitsetase<\/h3>\n<p>V\u00e4lislaadijal on mitmeid turvafunktsioone, mis tagavad teie laetud seadmete ohutuse. Baseus Qpow Pro kaitseb muuhulgas \u00fclevoolu, \u00fclepinge, \u00fclelaadimise, k\u00f5rge temperatuuri v\u00f5i elektromagnetv\u00e4lja eest. Samuti v\u00e4\u00e4rivad m\u00e4rkimist kvaliteetsed materjalid ja vastupidav korpus.<\/p>\n<p><img loading=\"lazy\" decoding=\"async\" src=\"https:\/\/b2b.innpro.pl\/data\/include\/cms\/-Baseus\/PPQD060201\/4.jpg\" border=\"0\" alt=\"\" width=\"1100\" height=\"700\" \/><\/p>\n<p>\u0412\u00a0<\/p>\n<h3 style=\"text-align: center;\">Kompaktne ja mugav<\/h3>\n<p>Akupanga l\u00e4bim\u00f5eldud disain tagab suure kasutusmugavuse. Lihtsalt loetav ekraan annab teavet aku oleku kohta ja t\u00e4nu v\u00e4ikesele kaalule ei tekita toode transportimisel probleeme. Praktiline klamber v\u00f5imaldab teil sisseehitatud kaabli otsa peita, nii et te ei pea muretsema selle kahjustamise p\u00e4rast.<\/p>\n<p><img loading=\"lazy\" decoding=\"async\" src=\"https:\/\/b2b.innpro.pl\/data\/include\/cms\/-Baseus\/PPQD060201\/1.jpg\" border=\"0\" alt=\"\" width=\"1100\" height=\"700\" \/><\/p>\n<p>\u0412\u00a0<\/p>\n<div class=\"table-wrapper\">\n<table>\n<tbody>\n<tr>\n<th>Tootja<\/th>\n<td>Baseus<\/td>\n<\/tr>\n<tr>\n<th>Mudel<\/th>\n<td>PPQD060201<\/td>\n<\/tr>\n<tr>\n<th>Aku<\/th>\n<td>Liitiumpol\u00fcmeer<\/td>\n<\/tr>\n<tr>\n<th>Materjal<\/th>\n<td>ABS + Arvuti<\/td>\n<\/tr>\n<tr>\n<th>Mahutavus<\/th>\n<td>20 000 mAh \/ 3,8 V (76 Wh)<\/td>\n<\/tr>\n<tr>\n<th>Nimimaht<\/th>\n<td>12 000 mAh (5 V \/ 2,4 A)<\/td>\n<\/tr>\n<tr>\n<th>Energia teisendustegur<\/th>\n<td>\u224875%<\/td>\n<\/tr>\n<tr>\n<th>V\u00e4lklaadimise sisend<\/th>\n<td>5 V \/ 2 A<\/td>\n<\/tr>\n<tr>\n<th>USB-C sisend<\/th>\n<td>5 V \/ 3 A, 9 V \/ 2 A, 12 V \/ 1,5 A<\/td>\n<\/tr>\n<tr>\n<th>USB-C v\u00e4ljund<\/th>\n<td>5 V \/ 2,4 A, 9 V \/ 2,22 A, 12 V \/ 1,5 A<\/td>\n<\/tr>\n<tr>\n<th>USB-v\u00e4ljund<\/th>\n<td>4,5 V \/ 5 A (SCP), 5 V \/ 4,5 A (SCP), 5 V \/ 2,4 A, 9 V \/ 2 A, 12 V \/ 1,5 A<\/td>\n<\/tr>\n<tr>\n<th>Kogu v\u00e4ljundvool<\/th>\n<td>5 V \/ 2,4 A<\/td>\n<\/tr>\n<tr>\n<th>M\u00f5\u00f5tmed<\/th>\n<td>123 x 74,6 x 32,8 mm<\/td>\n<\/tr>\n<tr>\n<th>Kaal<\/th>\n<td>Ligikaudu 360 g<\/td>\n<\/tr>\n<tr>\n<th>Juhtme pikkus<\/th>\n<td>Ligikaudu 19 cm<\/td>\n<\/tr>\n<tr>\n<th>Kaabli materjal<\/th>\n<td>TPE<\/td>\n<\/tr>\n<tr>\n<th>V\u00e4rv<\/th>\n<td>Must<\/td>\n<\/tr>\n<\/tbody>\n<\/table>\n<\/div>\n<style type=\"text\/css\"><!--\n.table-wrapper{width:100%;overflow-x:auto}.table-wrapper>table{border-spacing:0}.table-wrapper>table>tbody>tr>td,.table-wrapper>table>tbody>tr>th{padding:10px 35px;text-align:left}.table-wrapper>table>tbody>tr>th{vertical-align:top}.table-wrapper>table>tbody>tr:nth-child(even){background-color:#f7f7f7}\n--><\/style>\n","protected":false},"excerpt":{"rendered":"<p>Baseus Qpow PRO varupatarei USB-C kaabliga, USB-C, USB, 20000mAh, 20W (must) Vali mahukas varupatarei Baseuselt ja lae oma seadmeid kiiresti ja ohutult. Baseus Qpow Pro-l on sisseehitatud Lightning-kaabel ja 2 porti: USB-C ja USB. See toetab ka mitut kiirlaadimisprotokolli. See v\u00f5imaldab sul samaaegselt laadida 3 seadet. Selle v\u00e4ljundv\u00f5imsus ulatub 20 vatti ja mahutavus 20 000 [&#8230;]\n","protected":false},"featured_media":38086,"comment_status":"open","ping_status":"closed","template":"","meta":[],"product_brand":[95],"product_cat":[1023],"product_tag":[],"class_list":{"0":"post-38085","1":"product","2":"type-product","3":"status-publish","4":"has-post-thumbnail","6":"product_brand-baseus","7":"product_cat-powerbanks","9":"first","10":"outofstock","11":"taxable","12":"shipping-taxable","13":"purchasable","14":"product-type-simple"},"aioseo_notices":[],"_links":{"self":[{"href":"https:\/\/asura.lv\/et\/wp-json\/wp\/v2\/product\/38085","targetHints":{"allow":["GET"]}}],"collection":[{"href":"https:\/\/asura.lv\/et\/wp-json\/wp\/v2\/product"}],"about":[{"href":"https:\/\/asura.lv\/et\/wp-json\/wp\/v2\/types\/product"}],"replies":[{"embeddable":true,"href":"https:\/\/asura.lv\/et\/wp-json\/wp\/v2\/comments?post=38085"}],"wp:featuredmedia":[{"embeddable":true,"href":"https:\/\/asura.lv\/et\/wp-json\/wp\/v2\/media\/38086"}],"wp:attachment":[{"href":"https:\/\/asura.lv\/et\/wp-json\/wp\/v2\/media?parent=38085"}],"wp:term":[{"taxonomy":"product_brand","embeddable":true,"href":"https:\/\/asura.lv\/et\/wp-json\/wp\/v2\/product_brand?post=38085"},{"taxonomy":"product_cat","embeddable":true,"href":"https:\/\/asura.lv\/et\/wp-json\/wp\/v2\/product_cat?post=38085"},{"taxonomy":"product_tag","embeddable":true,"href":"https:\/\/asura.lv\/et\/wp-json\/wp\/v2\/product_tag?post=38085"}],"curies":[{"name":"wp","href":"https:\/\/api.w.org\/{rel}","templated":true}]}}