{"id":38151,"date":"2025-11-28T20:50:21","date_gmt":"2025-11-28T20:50:21","guid":{"rendered":"https:\/\/asura.lv\/product\/baseus-stable-gravitational-car-phone-holder-to-ventilation-grid-black\/"},"modified":"2025-12-12T14:50:26","modified_gmt":"2025-12-12T12:50:26","slug":"baseus-stable-gravitational-car-phone-holder-to-ventilation-grid-black","status":"publish","type":"product","link":"https:\/\/asura.lv\/et\/toode\/baseus-stable-gravitational-car-phone-holder-to-ventilation-grid-black\/","title":{"rendered":"Baseus Stable Gravitation autotelefoni hoidik ventilatsiooniv\u00f5re k\u00fclge (must)"},"content":{"rendered":"<h3>Baseus Stable gravitatsiooniga autohoidik \u00f5hutusavadele (must)<\/h3>\n<p>Kasutage mugavalt oma navigatsiooni ja hoidke oma telefoni reisides alati k\u00e4eulatuses. Baseus Stable gravitatsiooniga autohoidik annab teie seadmele stabiilsuse ja on v\u00e4ga mugav kasutada. See on loodud vastupidavatest materjalidest ja varustatud kvaliteetse mehhanismiga, mis tagab usaldusv\u00e4\u00e4rse t\u00f6\u00f6. Toode \u00fchildub nutitelefonidega, mille diagonaal on 5,4\u20136,7 tolli.<\/p>\n<p><img decoding=\"async\" src=\"https:\/\/b2b.innpro.pl\/data\/include\/cms\/-Baseus\/SUWX020001\/9.jpg\"><\/p>\n<h3>V\u00f5rratu stabiilsus<\/h3>\n<p>Hoidik on loodud pakkuma teie nutitelefonile vajalikku stabiilsust. See on varustatud ka pehmete silikoonpatjadega, mis tagavad veelgi kindlama haarde ja l\u00f6\u00f6gikindluse. Te ei pea enam muretsema telefoni kukkumise ja kahjustumise p\u00e4rast! Baseusega ei heiduta seda isegi kiirus\u00f5\u00f5rmed, konarlikud teed ega h\u00e4dapidurdused.<\/p>\n<p><img decoding=\"async\" src=\"https:\/\/b2b.innpro.pl\/data\/include\/cms\/-Baseus\/SUWX020001\/8.jpg\"><\/p>\n<h3>Kasutajas\u00f5bralik<\/h3>\n<p>N\u00fc\u00fcd saate oma telefoni igal ajal mugavalt haarata. Hoidikut saab h\u00f5lpsalt \u00fche k\u00e4ega kasutada \u2013 kui asetate nutitelefoni sinna, kinnitub see automaatselt selle k\u00fclge ja kui selle eemaldate, naaseb see algasendisse. Lisatarvik kasutab suurep\u00e4rase kvaliteediga mehhanismi, mis tagab sujuva ja usaldusv\u00e4\u00e4rse t\u00f6\u00f6 ka p\u00e4rast pikka aega. Unusta ebameeldiv kriuksumine!<\/p>\n<p><img decoding=\"async\" src=\"https:\/\/b2b.innpro.pl\/data\/include\/cms\/-Baseus\/SUWX020001\/7.jpg\"><\/p>\n<h3>Veelgi rohkem mugavusi<\/h3>\n<p>Lisatarvik sobib ideaalselt telefonidele, mille diagonaal on 5,4\u20136,7 tolli. Lisaks ei pea nutitelefoni selle kasutamiseks \u00fcmbrisest eemaldama (kuni 12 mm)! Alus on samuti v\u00e4ga lihtne paigaldada ja sellel on stabiilsuse tagamiseks tugev konks. Samal ajal on toode piisavalt v\u00e4ike, et see ei varjaks teie auto iluv\u00f5ret. Lisaks v\u00f5imaldab sisseehitatud kuulliigend teil tarvikut erinevate nurkade alla paigutada ja spetsiaalne v\u00e4ljal\u00f5ige v\u00f5imaldab teil telefoni s\u00f5idu ajal h\u00f5lpsalt laadida.<\/p>\n<p><img decoding=\"async\" src=\"https:\/\/b2b.innpro.pl\/data\/include\/cms\/-Baseus\/SUWX020001\/6.jpg\"><\/p>\n<div class=\"table-wrapper\">\n<table>\n<tbody>\n<tr>\n<th>Br\u00e4nd<\/th>\n<td>Baseus<\/td>\n<\/tr>\n<tr>\n<th>Nimi<\/th>\n<td>Stable seeria gravitatsiooniline autohoidik \u00f5hkkinnitusega (\u00f5hutusavaga versioon)<\/td>\n<\/tr>\n<tr>\n<th>Mudel<\/th>\n<td>SUWX020001<\/td>\n<\/tr>\n<tr>\n<th>V\u00e4rv<\/th>\n<td>Must<\/td>\n<\/tr>\n<tr>\n<th>Materjal<\/th>\n<td>ABS + Arvuti<\/td>\n<\/tr>\n<tr>\n<th>M\u00f5\u00f5tmed<\/th>\n<td>42x87x80mm<\/td>\n<\/tr>\n<tr>\n<th>\u00dchilduvus<\/th>\n<td>Nutitelefonid diagonaaliga 5,4\u20136,7 tolli<\/td>\n<\/tr>\n<tr>\n<th>Ventilatsiooniv\u00f5re t\u00fc\u00fcp<\/th>\n<td>Sirged ventilatsiooniv\u00f5red (toode ei sobi \u00fcmarate ja mittestandardse kujuga v\u00f5redega)<\/td>\n<\/tr>\n<\/tbody>\n<\/table>\n<\/div>\n","protected":false},"excerpt":{"rendered":"<p>Baseus Stable gravitatsiooniga autohoidik \u00f5hutusavadele (must) Kasutage mugavalt oma navigatsiooni ja hoidke oma telefoni reisides alati k\u00e4eulatuses. Baseus Stable gravitatsiooniga autohoidik annab teie seadmele stabiilsuse ja on v\u00e4ga mugav kasutada. See on loodud vastupidavatest materjalidest ja varustatud kvaliteetse mehhanismiga, mis tagab usaldusv\u00e4\u00e4rse t\u00f6\u00f6. Toode \u00fchildub nutitelefonidega, mille diagonaal on 5,4\u20136,7 tolli. V\u00f5rratu stabiilsus Hoidik on [&#8230;]\n","protected":false},"featured_media":38152,"comment_status":"open","ping_status":"closed","template":"","meta":[],"product_brand":[95],"product_cat":[1341],"product_tag":[],"class_list":{"0":"post-38151","1":"product","2":"type-product","3":"status-publish","4":"has-post-thumbnail","6":"product_brand-baseus","7":"product_cat-phone-holders","9":"first","10":"outofstock","11":"taxable","12":"shipping-taxable","13":"purchasable","14":"product-type-simple"},"aioseo_notices":[],"_links":{"self":[{"href":"https:\/\/asura.lv\/et\/wp-json\/wp\/v2\/product\/38151","targetHints":{"allow":["GET"]}}],"collection":[{"href":"https:\/\/asura.lv\/et\/wp-json\/wp\/v2\/product"}],"about":[{"href":"https:\/\/asura.lv\/et\/wp-json\/wp\/v2\/types\/product"}],"replies":[{"embeddable":true,"href":"https:\/\/asura.lv\/et\/wp-json\/wp\/v2\/comments?post=38151"}],"wp:featuredmedia":[{"embeddable":true,"href":"https:\/\/asura.lv\/et\/wp-json\/wp\/v2\/media\/38152"}],"wp:attachment":[{"href":"https:\/\/asura.lv\/et\/wp-json\/wp\/v2\/media?parent=38151"}],"wp:term":[{"taxonomy":"product_brand","embeddable":true,"href":"https:\/\/asura.lv\/et\/wp-json\/wp\/v2\/product_brand?post=38151"},{"taxonomy":"product_cat","embeddable":true,"href":"https:\/\/asura.lv\/et\/wp-json\/wp\/v2\/product_cat?post=38151"},{"taxonomy":"product_tag","embeddable":true,"href":"https:\/\/asura.lv\/et\/wp-json\/wp\/v2\/product_tag?post=38151"}],"curies":[{"name":"wp","href":"https:\/\/api.w.org\/{rel}","templated":true}]}}