{"id":38223,"date":"2025-11-28T20:50:14","date_gmt":"2025-11-28T20:50:14","guid":{"rendered":"https:\/\/asura.lv\/product\/baseus-crystal-tempered-glass-0-3mm-for-iphone-14-plus-13-pro-max-2pcs\/"},"modified":"2025-12-12T14:50:24","modified_gmt":"2025-12-12T12:50:24","slug":"baseus-crystal-tempered-glass-0-3mm-for-iphone-14-plus-13-pro-max-2pcs","status":"publish","type":"product","link":"https:\/\/asura.lv\/et\/toode\/baseus-crystal-tempered-glass-0-3mm-for-iphone-14-plus-13-pro-max-2pcs\/","title":{"rendered":"Baseus Crystal karastatud klaas 0.3mm iPhone 14 Plus\/13 Pro Maxile (2tk)"},"content":{"rendered":"<h3>Baseus Crystal 0.3mm karastatud klaas iPhone 14 Plus\/13 Pro Maxile (2tk)<\/h3>\n<p>Baseuse karastatud klaas on m\u00f5eldud iPhone 14 Plus\/13 Pro Maxile ja katab ekraani t\u00e4ielikult, et kaitsta seda kahjustuste eest. See tagab hea valguse l\u00e4bilaskvuse ja on s\u00f5rmej\u00e4lgedekindel. Lisaks on sellel sinise valguse filtreerimiskiht. Komplektis on 2 toodet ja selle paigaldamine ei ole probleem.<\/p>\n<p><img decoding=\"async\" src=\"https:\/\/b2b.innpro.pl\/data\/include\/cms\/-Baseus\/SGBL100202\/6.jpg\"><\/p>\n<h3>T\u00f5hus kaitse<\/h3>\n<p>Baseuse karastatud klaas katab kogu ekraani, ei paista silma ega tekita \u00f5humulle. See on l\u00e4binud hulga vastupidavusteste, seega kaitseb see ekraani t\u00f5husalt kriimustuste ja pragude eest. See on vastupidav ka kukkumistele 1,2 meetri k\u00f5rguselt, kuni 20 kg raskustele ja s\u00f5rmej\u00e4lgedele. Lisaks sobib see igale telefoni\u00fcmbrisele.<\/p>\n<p><img decoding=\"async\" src=\"https:\/\/b2b.innpro.pl\/data\/include\/cms\/-Baseus\/SGBL100202\/5.jpg\"><\/p>\n<h3>Kasutusmugavus<\/h3>\n<p>Toode ei m\u00f5juta nutitelefoni pildikvaliteeti ega k\u00e4sitsemist, nii et saate nautida 8K 120 Hz pildiresolutsiooni ja loomulikke v\u00e4rve. See on varustatud sinise valguse filtreerimiskihiga teie silmade kaitsmiseks. Lisaks v\u00f5imaldab see teil kasutada Face ID funktsiooni. <\/p>\n<p><img decoding=\"async\" src=\"https:\/\/b2b.innpro.pl\/data\/include\/cms\/-Baseus\/SGBL100202\/3.jpg\"><\/p>\n<h3>Kaasas<\/h3>\n<ul>\n<li>karastatud klaas x2<\/li>\n<li>kinnitustarvikud<\/li>\n<\/ul>\n<div class=\"table-wrapper\">\n<table>\n<tbody>\n<tr>\n<th>Tootja<\/th>\n<td>Baseus<\/td>\n<\/tr>\n<tr>\n<th>Mudel<\/th>\n<td>SGBL100202<\/td>\n<\/tr>\n<tr>\n<th>Paksus<\/th>\n<td>0,3 mm<\/td>\n<\/tr>\n<tr>\n<th>Sobib<\/th>\n<td>iPhone 14 Plus\/13 Pro Maks<\/td>\n<\/tr>\n<\/tbody>\n<\/table>\n<\/div>\n","protected":false},"excerpt":{"rendered":"<p>Baseus Crystal 0.3mm karastatud klaas iPhone 14 Plus\/13 Pro Maxile (2tk) Baseuse karastatud klaas on m\u00f5eldud iPhone 14 Plus\/13 Pro Maxile ja katab ekraani t\u00e4ielikult, et kaitsta seda kahjustuste eest. See tagab hea valguse l\u00e4bilaskvuse ja on s\u00f5rmej\u00e4lgedekindel. Lisaks on sellel sinise valguse filtreerimiskiht. Komplektis on 2 toodet ja selle paigaldamine ei ole probleem. T\u00f5hus [&#8230;]\n","protected":false},"featured_media":38224,"comment_status":"open","ping_status":"closed","template":"","meta":[],"product_brand":[95],"product_cat":[1317],"product_tag":[],"class_list":{"0":"post-38223","1":"product","2":"type-product","3":"status-publish","4":"has-post-thumbnail","6":"product_brand-baseus","7":"product_cat-for-smartphones-tempered-glass-and-screen-protectors-gsm-accessories","9":"first","10":"outofstock","11":"taxable","12":"shipping-taxable","13":"purchasable","14":"product-type-simple"},"aioseo_notices":[],"_links":{"self":[{"href":"https:\/\/asura.lv\/et\/wp-json\/wp\/v2\/product\/38223","targetHints":{"allow":["GET"]}}],"collection":[{"href":"https:\/\/asura.lv\/et\/wp-json\/wp\/v2\/product"}],"about":[{"href":"https:\/\/asura.lv\/et\/wp-json\/wp\/v2\/types\/product"}],"replies":[{"embeddable":true,"href":"https:\/\/asura.lv\/et\/wp-json\/wp\/v2\/comments?post=38223"}],"wp:featuredmedia":[{"embeddable":true,"href":"https:\/\/asura.lv\/et\/wp-json\/wp\/v2\/media\/38224"}],"wp:attachment":[{"href":"https:\/\/asura.lv\/et\/wp-json\/wp\/v2\/media?parent=38223"}],"wp:term":[{"taxonomy":"product_brand","embeddable":true,"href":"https:\/\/asura.lv\/et\/wp-json\/wp\/v2\/product_brand?post=38223"},{"taxonomy":"product_cat","embeddable":true,"href":"https:\/\/asura.lv\/et\/wp-json\/wp\/v2\/product_cat?post=38223"},{"taxonomy":"product_tag","embeddable":true,"href":"https:\/\/asura.lv\/et\/wp-json\/wp\/v2\/product_tag?post=38223"}],"curies":[{"name":"wp","href":"https:\/\/api.w.org\/{rel}","templated":true}]}}