{"id":38229,"date":"2025-11-28T20:50:13","date_gmt":"2025-11-28T20:50:13","guid":{"rendered":"https:\/\/asura.lv\/product\/baseus-superceramic-transparent-glass-case-and-tempered-glass-set-for-iphone-14-plus\/"},"modified":"2025-12-12T14:50:23","modified_gmt":"2025-12-12T12:50:23","slug":"baseus-superceramic-transparent-glass-case-and-tempered-glass-set-for-iphone-14-plus","status":"publish","type":"product","link":"https:\/\/asura.lv\/et\/toode\/baseus-superceramic-transparent-glass-case-and-tempered-glass-set-for-iphone-14-plus\/","title":{"rendered":"Baseus SuperCeramic l\u00e4bipaistev klaasist \u00fcmbris ja karastatud klaasi komplekt iPhone 14 Plusile"},"content":{"rendered":"<h3>Baseus SuperCeramic kaitsekomplekt l\u00e4bipaistev klaas\u00fcmbris ja karastatud klaas iPhone 14 Plusile + puhastuskomplekt<\/h3>\n<p>SuperCeramic kaitsekomplekt vabastab teid k\u00f5igist muredest telefoni turvalisuse p\u00e4rast! Baseuse kaubam\u00e4rgi \u00fcmbris on valmistatud hoolikalt valitud ja keemiliselt tugevdatud materjalidest. Toodet iseloomustab keskmisest suurem vastupidavus. Air Armor kaitses\u00fcsteem pakub kukkumise korral t\u00f5husat pehmendust. Karastatud klaas suurendab veelgi seadme kaitsetaset. Komplekt \u00fchildub iPhone 14 Plusiga.<\/p>\n<p><img decoding=\"async\" src=\"https:\/\/b2b.innpro.pl\/data\/include\/cms\/-Baseus\/ARCJ010002\/2.jpg\"><\/p>\n<h3>Uuenduslik disain<\/h3>\n<p>SuperCeramic \u00fcmbrise materjalid koosnevad v\u00e4rvitutest keraamilistest nanokristallidest, mis on p\u00f5imitud p\u00f5hiklaasi ja keemiliselt tugevdatud. See muudab klaasmaterjali kaks korda k\u00f5vemaks ja vastupidavamaks kui keskmine klaas. Toode koosneb kolmest uuenduslikust kihist &#8211; galvaaniliselt kaetud pind on kriimustuskindel ja leevendab kukkumisi 10%, \u00f5hkpatju sisaldav kiht leevendab kukkumisi 69% ja silikoonkiht 20%.<\/p>\n<p><img decoding=\"async\" src=\"https:\/\/b2b.innpro.pl\/data\/include\/cms\/-Baseus\/ARCJ010002\/3.jpg\"><\/p>\n<h3>K\u00f5rge kaitsetase<\/h3>\n<p>L\u00e4bim\u00f5eldud disain muudab \u00fcmbrise \u00e4\u00e4rmiselt vastupidavaks ja kauakestvaks ning pehmendab t\u00f5husalt telefoni kukkumisi. Air Armori kaitse tagab objektiivi t\u00e4ieliku ohutuse. Kahjustuste v\u00f5imaluse t\u00e4ielikuks minimeerimiseks on objektiivihoidikut paksendatud 0,3 mm v\u00f5rra. \u00dcmbris talub kuni 10 kg koormust. Telefoni t\u00e4ielikuks kaitsmiseks on kaasas karastatud klaas ja SuperCeramic toodete esteetilise v\u00e4limuse s\u00e4ilitamiseks puhastuskomplekt.<\/p>\n<p><img decoding=\"async\" src=\"https:\/\/b2b.innpro.pl\/data\/include\/cms\/-Baseus\/ARCJ010002\/4.jpg\"><\/p>\n<h3>Lisaeelised<\/h3>\n<p>Baseuse toode on v\u00e4ga l\u00e4bipaistva (8K). \u00dcmbrise tekstuur on meeldiv puudutusele ja nahas\u00f5bralik. T\u00e4nu suurele paindlikkusele saate \u00fcmbrise telefonile h\u00f5lpsalt peale panna ja \u00e4ra v\u00f5tta. Toode ei sega seadme juhtmevaba laadimist. \u00dcmbris ei m\u00f5juta ka nuppude puudutustundlikkust. T\u00e4nu oleofoobsele kattele s\u00e4ilitab teie telefon puhta v\u00e4limuse. Sa ei pea muretsema kollasuse ega n\u00e4htavate kasutusj\u00e4lgede p\u00e4rast.<\/p>\n<p><img decoding=\"async\" src=\"https:\/\/b2b.innpro.pl\/data\/include\/cms\/-Baseus\/ARCJ010002\/5.jpg\"><\/p>\n<h3>Sisaldab:<\/h3>\n<ul>\n<li>L\u00e4bipaistev korpus<\/li>\n<li>Karastatud klaas<\/li>\n<li>Puhaskomplekt<\/li>\n<li>Kasutusjuhend<\/li>\n<\/ul>\n<div class=\"table-wrapper\">\n<table>\n<tbody>\n<tr>\n<th>Tootja<\/th>\n<td>Baseus<\/td>\n<\/tr>\n<tr>\n<th>Nimi<\/th>\n<td>Baseus SuperCeramic seeria klaas \u00dcmbris<\/td>\n<\/tr>\n<tr>\n<th>Mudel<\/th>\n<td>ARCJ010002<\/td>\n<\/tr>\n<tr>\n<th>Materjal<\/th>\n<td>TPU + klaas<\/td>\n<\/tr>\n<tr>\n<th>Tootmistehnika<\/th>\n<td>Survevalu, plastkattega<\/td>\n<\/tr>\n<tr>\n<th>V\u00e4rv<\/th>\n<td>L\u00e4bipaistev<\/td>\n<\/tr>\n<tr>\n<th>Suurus<\/th>\n<td>6,7 tolli<\/td>\n<\/tr>\n<tr>\n<th>\u00dchilduvus<\/th>\n<td>iPhone 14 Plus<\/td>\n<\/tr>\n<\/tbody>\n<\/table>\n<\/div>\n","protected":false},"excerpt":{"rendered":"<p>Baseus SuperCeramic kaitsekomplekt l\u00e4bipaistev klaas\u00fcmbris ja karastatud klaas iPhone 14 Plusile + puhastuskomplekt SuperCeramic kaitsekomplekt vabastab teid k\u00f5igist muredest telefoni turvalisuse p\u00e4rast! Baseuse kaubam\u00e4rgi \u00fcmbris on valmistatud hoolikalt valitud ja keemiliselt tugevdatud materjalidest. Toodet iseloomustab keskmisest suurem vastupidavus. Air Armor kaitses\u00fcsteem pakub kukkumise korral t\u00f5husat pehmendust. Karastatud klaas suurendab veelgi seadme kaitsetaset. Komplekt \u00fchildub iPhone [&#8230;]\n","protected":false},"featured_media":38230,"comment_status":"open","ping_status":"closed","template":"","meta":[],"product_brand":[95],"product_cat":[1317],"product_tag":[],"class_list":{"0":"post-38229","1":"product","2":"type-product","3":"status-publish","4":"has-post-thumbnail","6":"product_brand-baseus","7":"product_cat-for-smartphones-tempered-glass-and-screen-protectors-gsm-accessories","9":"first","10":"outofstock","11":"taxable","12":"shipping-taxable","13":"purchasable","14":"product-type-simple"},"aioseo_notices":[],"_links":{"self":[{"href":"https:\/\/asura.lv\/et\/wp-json\/wp\/v2\/product\/38229","targetHints":{"allow":["GET"]}}],"collection":[{"href":"https:\/\/asura.lv\/et\/wp-json\/wp\/v2\/product"}],"about":[{"href":"https:\/\/asura.lv\/et\/wp-json\/wp\/v2\/types\/product"}],"replies":[{"embeddable":true,"href":"https:\/\/asura.lv\/et\/wp-json\/wp\/v2\/comments?post=38229"}],"wp:featuredmedia":[{"embeddable":true,"href":"https:\/\/asura.lv\/et\/wp-json\/wp\/v2\/media\/38230"}],"wp:attachment":[{"href":"https:\/\/asura.lv\/et\/wp-json\/wp\/v2\/media?parent=38229"}],"wp:term":[{"taxonomy":"product_brand","embeddable":true,"href":"https:\/\/asura.lv\/et\/wp-json\/wp\/v2\/product_brand?post=38229"},{"taxonomy":"product_cat","embeddable":true,"href":"https:\/\/asura.lv\/et\/wp-json\/wp\/v2\/product_cat?post=38229"},{"taxonomy":"product_tag","embeddable":true,"href":"https:\/\/asura.lv\/et\/wp-json\/wp\/v2\/product_tag?post=38229"}],"curies":[{"name":"wp","href":"https:\/\/api.w.org\/{rel}","templated":true}]}}