{"id":38235,"date":"2025-11-28T20:50:13","date_gmt":"2025-11-28T20:50:13","guid":{"rendered":"https:\/\/asura.lv\/product\/baseus-crystal-transparent-magnetic-case-and-tempered-glass-set-for-iphone-14-pro-max\/"},"modified":"2025-12-12T14:50:23","modified_gmt":"2025-12-12T12:50:23","slug":"baseus-crystal-transparent-magnetic-case-and-tempered-glass-set-for-iphone-14-pro-max","status":"publish","type":"product","link":"https:\/\/asura.lv\/et\/toode\/baseus-crystal-transparent-magnetic-case-and-tempered-glass-set-for-iphone-14-pro-max\/","title":{"rendered":"Baseus Crystal l\u00e4bipaistev magnetiline \u00fcmbris ja karastatud klaas iPhone 14 Pro Maxile"},"content":{"rendered":"<h3>Kaitsekomplekt Baseus Crystal l\u00e4bipaistev magnetiline \u00fcmbris ja karastatud klaas iPhone 14 Pro Maxile<\/h3>\n<p>Paku oma nutitelefonile k\u00f5rgeimat turvalisuse taset! Baseus Crystal kaitsekomplekt, mis koosneb magnetilisest \u00fcmbrisest ja karastatud klaasist, kaitseb teie telefoni t\u00f5husalt kahjustuste eest, pehmendab kukkumisi ja hoiab teie seadme esteetiliselt meeldivana. \u00dcmbris on varustatud objektiivihoidja ja alusega, millel on muljetavaldav magnetiline j\u00f5ud ja mis suurendab kasutusmugavust. Teine eelis on toote \u00e4\u00e4rmiselt \u00f5huke disain. Komplekt \u00fchildub iPhone 14 Pro Maxiga.<\/p>\n<p><img decoding=\"async\" src=\"https:\/\/b2b.innpro.pl\/data\/include\/cms\/-Baseus\/ARJC010102\/9.jpg\"><\/p>\n<h3>Uuenduslik disain<\/h3>\n<p>Kas tunnete stressi iga kord, kui telefon k\u00e4est kukub? Selle probleemi saate h\u00f5lpsalt lahendada! Baseus Crystal \u00fcmbris koosneb kolmest uuenduslikust kihist, mis pakuvad kukkumise korral t\u00f5husat pehmendust ja suurendavad vastupidavust kahjustustele. Paindlik kiht pehmendab l\u00f6\u00f6ke 20%, \u00f5hkpadjadega kiht pehmendab kukkumist 49% ja purunemiskindel kiht pehmendab kukkumist 30%. Lisaks suurendavad uus Air Armor kaitses\u00fcsteem ja spetsiaalne raam objektiivi kaitsetaset. <\/p>\n<p><img decoding=\"async\" src=\"https:\/\/b2b.innpro.pl\/data\/include\/cms\/-Baseus\/ARJC010102\/6.jpg\"><\/p>\n<h3>Vapustav selgus<\/h3>\n<p>Baseuse toode on valmistatud hoolikalt valitud materjalidest, mis on vastupidavad kollasusele. Oleofoobne kate tagab, et \u00fcmbris on vastupidav kasutusj\u00e4lgedele, n\u00e4iteks s\u00f5rmej\u00e4lgedele v\u00f5i higiplekkidele. Selle tulemusena s\u00e4ilitab teie telefon esteetiliselt meeldiva v\u00e4limuse ja on alati puhas. Teie mugavuse huvides on tootel nuppude jaoks v\u00e4ljal\u00f5iked. \u00dcmbris on vaid 0,1 mm paksune ja sobib ideaalselt iPhone 14 Pro Maxile.<\/p>\n<p><img decoding=\"async\" src=\"https:\/\/b2b.innpro.pl\/data\/include\/cms\/-Baseus\/ARJC010102\/4.jpg\"><\/p>\n<h3>Lisah\u00fcved<\/h3>\n<p>Baseus Crystal magnet\u00fcmbris \u00fchildub juhtmevabade laadijate ja magnetiliste seadmete ning lisatarvikutega. Tugeva, kohese ja t\u00e4pse magnetilise adsorptsiooni tagavad kuni 38 N52 magnetit. Komplektis on ka karastatud klaas, nii et iga teie nutitelefoni osa on maksimaalselt kaitstud. Nii klaasi kui ka \u00fcmbrise paigaldamine on \u00e4\u00e4rmiselt lihtne. K\u00f5ik teie mugavuse nimel!<\/p>\n<p><img decoding=\"async\" src=\"https:\/\/b2b.innpro.pl\/data\/include\/cms\/-Baseus\/ARJC010102\/3.jpg\"><\/p>\n<h3>Komplektis:<\/h3>\n<ul>\n<li>L\u00e4bipaistev korpus<\/li>\n<li>Karastatud klaas<\/li>\n<li>Kasutusjuhend<\/li>\n<\/ul>\n<div class=\"table-wrapper\">\n<table>\n<tbody>\n<tr>\n<th>Tootja<\/th>\n<td>Baseus<\/td>\n<\/tr>\n<tr>\n<th>Nimi<\/th>\n<td>Baseus Crystal Magnetic \u00dcmbris<\/td>\n<\/tr>\n<tr>\n<th>Mudel<\/th>\n<td>ARJC010102<\/td>\n<\/tr>\n<tr>\n<th>Materjal<\/th>\n<td>PC<\/td>\n<\/tr>\n<tr>\n<th>Tootmistehnika<\/th>\n<td>Survevalu<\/td>\n<\/tr>\n<tr>\n<th>V\u00e4rv<\/th>\n<td>L\u00e4bipaistev<\/td>\n<\/tr>\n<tr>\n<th>Suurus<\/th>\n<td>6,7 tolli<\/td>\n<\/tr>\n<tr>\n<th>\u00dchilduvus<\/th>\n<td>iPhone 14 Pro Max<\/td>\n<\/tr>\n<\/tbody>\n<\/table>\n<\/div>\n","protected":false},"excerpt":{"rendered":"<p>Kaitsekomplekt Baseus Crystal l\u00e4bipaistev magnetiline \u00fcmbris ja karastatud klaas iPhone 14 Pro Maxile Paku oma nutitelefonile k\u00f5rgeimat turvalisuse taset! Baseus Crystal kaitsekomplekt, mis koosneb magnetilisest \u00fcmbrisest ja karastatud klaasist, kaitseb teie telefoni t\u00f5husalt kahjustuste eest, pehmendab kukkumisi ja hoiab teie seadme esteetiliselt meeldivana. \u00dcmbris on varustatud objektiivihoidja ja alusega, millel on muljetavaldav magnetiline j\u00f5ud ja [&#8230;]\n","protected":false},"featured_media":38236,"comment_status":"open","ping_status":"closed","template":"","meta":[],"product_brand":[95],"product_cat":[1317],"product_tag":[],"class_list":{"0":"post-38235","1":"product","2":"type-product","3":"status-publish","4":"has-post-thumbnail","6":"product_brand-baseus","7":"product_cat-for-smartphones-tempered-glass-and-screen-protectors-gsm-accessories","9":"first","10":"outofstock","11":"taxable","12":"shipping-taxable","13":"purchasable","14":"product-type-simple"},"aioseo_notices":[],"_links":{"self":[{"href":"https:\/\/asura.lv\/et\/wp-json\/wp\/v2\/product\/38235","targetHints":{"allow":["GET"]}}],"collection":[{"href":"https:\/\/asura.lv\/et\/wp-json\/wp\/v2\/product"}],"about":[{"href":"https:\/\/asura.lv\/et\/wp-json\/wp\/v2\/types\/product"}],"replies":[{"embeddable":true,"href":"https:\/\/asura.lv\/et\/wp-json\/wp\/v2\/comments?post=38235"}],"wp:featuredmedia":[{"embeddable":true,"href":"https:\/\/asura.lv\/et\/wp-json\/wp\/v2\/media\/38236"}],"wp:attachment":[{"href":"https:\/\/asura.lv\/et\/wp-json\/wp\/v2\/media?parent=38235"}],"wp:term":[{"taxonomy":"product_brand","embeddable":true,"href":"https:\/\/asura.lv\/et\/wp-json\/wp\/v2\/product_brand?post=38235"},{"taxonomy":"product_cat","embeddable":true,"href":"https:\/\/asura.lv\/et\/wp-json\/wp\/v2\/product_cat?post=38235"},{"taxonomy":"product_tag","embeddable":true,"href":"https:\/\/asura.lv\/et\/wp-json\/wp\/v2\/product_tag?post=38235"}],"curies":[{"name":"wp","href":"https:\/\/api.w.org\/{rel}","templated":true}]}}