{"id":38253,"date":"2025-11-28T20:50:11","date_gmt":"2025-11-28T20:50:11","guid":{"rendered":"https:\/\/asura.lv\/product\/water-fountain-for-pets-catlink-pure\/"},"modified":"2025-12-12T14:50:22","modified_gmt":"2025-12-12T12:50:22","slug":"water-fountain-for-pets-catlink-pure","status":"publish","type":"product","link":"https:\/\/asura.lv\/et\/toode\/water-fountain-for-pets-catlink-pure\/","title":{"rendered":"Lemmikloomade veefont\u00e4\u00e4n Catlink Pure"},"content":{"rendered":"<h3>Lemmikloomade veefont\u00e4\u00e4n Catlink Pure<\/h3>\n<p>Hoolitse oma lemmiklooma tervise eest. Catlink Pure nutikas purskkaev on uuenduslik seade, mis annab sulle teada sinu lemmiklooma harjumustest. Jootur \u00fchendub rakendusega, t\u00e4nu millele saad juurdep\u00e4\u00e4su valmisaruannetele kassi\/koera tervise kohta. See v\u00f5imaldab sul varakult tuvastada murettekitavaid s\u00fcmptomeid ja seej\u00e4rel ennetada haiguste teket. Lisaks tunneb see \u00e4ra jooturit kasutavad kassid ja paistab silma oma hoolikalt l\u00e4bim\u00f5eldud disaini poolest.<\/p>\n<p><img decoding=\"async\" src=\"https:\/\/b2b.innpro.pl\/data\/include\/cms\/Catlink\/Water-Fountain--Pure\/12.jpg\"><\/p>\n<h3>Puhas vesi<\/h3>\n<p>V\u00f5id olla kindel, et vesi, mida sinu lemmikloom joob, on puhas ja tema tervisele ohutu. Catlink Pure on varustatud filtriga, mis puhastab vett selles sisalduvatest saasteainetest, n\u00e4iteks karvadest, samuti kaltsiumi- ja magneesiumioonidest, ennetab katlakivi ja l\u00f5hna teket. See pehmendab ka vett, kaitstes teie karvast s\u00f5pra neeruhaiguste eest.<\/p>\n<p><img decoding=\"async\" src=\"https:\/\/b2b.innpro.pl\/data\/include\/cms\/Catlink\/Water-Fountain--Pure\/7.jpg\"><\/p>\n<h3>Teie lemmiklooma tervise huvides<\/h3>\n<p>Catlink Pure suudab purskkaevu kasutavaid lemmikloomi \u00f6\u00f6p\u00e4evaringselt \u00e4ra tunda, nii et teate iga lemmiklooma harjumusi. Andmed l\u00e4hevad automaatselt rakendusse ja nende p\u00f5hjal genereeritakse aruanne. Nii saate j\u00e4lgida oma lemmiklooma tervist ja ennetada v\u00f5imalike haiguste teket. M\u00e4rkus: seadme n\u00f5uetekohaseks toimimiseks peaksid kassid kandma kaasasolevaid kaelarihmasid ja ripatseid.<\/p>\n<p><img decoding=\"async\" src=\"https:\/\/b2b.innpro.pl\/data\/include\/cms\/Catlink\/Water-Fountain--Pure\/1.jpg\"><\/p>\n<h3>Kasutusohutus<\/h3>\n<p>Catlink Pure nutikas purskkaev on loodud t\u00e4iesti ohutuks kasutamiseks. See l\u00fclitub automaatselt v\u00e4lja, kui paagis vesi otsa saab, hoides \u00e4ra seadme kahjustumise. Lisaks kuvab see paagis oleva vee kogust ja tuletab meelde, et peaksite selle t\u00e4itma. Sellest annab m\u00e4rku punane indikaator ja rakenduses kuvatav teade (kui veetase on alla 25%).<\/p>\n<p><img decoding=\"async\" src=\"https:\/\/b2b.innpro.pl\/data\/include\/cms\/Catlink\/Water-Fountain--Pure\/11.jpg\"><\/p>\n<h3>Rakendusega on rohkem v\u00f5imalusi<\/h3>\n<p>Laadige alla spetsiaalne rakendus, et seadet t\u00e4ielikult juhtida. Selle taseme abil saate jooturi t\u00f6\u00f6d vastavalt oma lemmiklooma vajadustele reguleerida, j\u00e4lgida seadme t\u00f6\u00f6d ja lemmiklooma terviseseisundit. Catlink pakub nelja t\u00f6\u00f6re\u017eiimi: voolav re\u017eiim pumpab vett iga 30 minuti j\u00e4rel ja \u00f6kore\u017eiim &#8211; iga 3 minuti j\u00e4rel. Nutikas re\u017eiim annab vett, kui kass tuvastatakse, ja peatab selle, kui kass seadmest eemaldub. Lisaks pumpab Rinse vett 20 sekundit.<\/p>\n<p><img decoding=\"async\" src=\"https:\/\/b2b.innpro.pl\/data\/include\/cms\/Catlink\/Water-Fountain--Pure\/5.jpg\"><\/p>\n<h3>L\u00e4bim\u00f5eldud disain<\/h3>\n<p>Catlinki nutika purskkaevu keraamiline kauss on antibakteriaalne ja ohutu kasutada. Lisaks muudab mooduldisain selle puhastamise lihtsaks. Seade on ka vee- ja korrosioonikindel ning ABS-plastist konstruktsioon tagab optimaalse kaalu ja stabiilsuse. Samal ajal muudab poolringikujuline kaas puhastamise lihtsaks ja hoiab \u00e4ra vee pritsimise. Lisaks t\u00f6\u00f6tab seade vaikselt (<35 dB) ja paagi maht on 2,3 liitrit, mis v\u00e4hendab t\u00e4itmise sagedust umbes 2 n\u00e4dalani (1 kassi puhul).<\/p>\n<p><img decoding=\"async\" src=\"https:\/\/b2b.innpro.pl\/data\/include\/cms\/Catlink\/Water-Fountain--Pure\/12.jpg\"><\/p>\n<h3>Kaasas<\/h3>\n<ul>\n<li>nutikas purskkaev<\/li>\n<li>kaelarihm x2<\/li>\n<li>UFO ripats x3<\/li>\n<li>kasutusjuhend<\/li>\n<\/ul>\n<div class=\"table-wrapper\">\n<table>\n<tbody>\n<tr>\n<th>Tootja<\/th>\n<td>Catlink<\/td>\n<\/tr>\n<tr>\n<th>Nimi<\/th>\n<td>Lemmikloomade veepurskkaev Catlink Puhas<\/td>\n<\/tr>\n<tr>\n<th>V\u00e4rv<\/th>\n<td>valge<\/td>\n<\/tr>\n<tr>\n<th>\u00dchendus<\/th>\n<td>Wi-Fi<\/td>\n<\/tr>\n<tr>\n<th>Nimipinge<\/th>\n<td>5V<\/td>\n<\/tr>\n<tr>\n<th>Materjal<\/th>\n<td>ABS, keraamika<\/td>\n<\/tr>\n<tr>\n<th>Mahutavus<\/th>\n<td>2,3 l<\/td>\n<\/tr>\n<tr>\n<th>M\u00fcratase<\/th>\n<td><strong><span>&lt;35 dB<\/span><\/strong>\u0412\u00a0<\/td>\n<\/tr>\n<tr>\n<th>Rakendus<\/th>\n<td>Catlinki rakendus<\/td>\n<\/tr>\n<tr>\n<th>Eesm\u00e4rk<\/th>\n<td>kassid, v\u00e4ikesed koerad<\/td>\n<\/tr>\n<tr>\n<th>M\u00f5\u00f5tmed<\/th>\n<td>230 x 236 x 262 mm<\/td>\n<\/tr>\n<tr>\n<th>Kaal<\/th>\n<td>1,88 kg<\/td>\n<\/tr>\n<\/tbody>\n<\/table>\n<\/div>\n","protected":false},"excerpt":{"rendered":"<p>Lemmikloomade veefont\u00e4\u00e4n Catlink Pure Hoolitse oma lemmiklooma tervise eest. Catlink Pure nutikas purskkaev on uuenduslik seade, mis annab sulle teada sinu lemmiklooma harjumustest. Jootur \u00fchendub rakendusega, t\u00e4nu millele saad juurdep\u00e4\u00e4su valmisaruannetele kassi\/koera tervise kohta. See v\u00f5imaldab sul varakult tuvastada murettekitavaid s\u00fcmptomeid ja seej\u00e4rel ennetada haiguste teket. Lisaks tunneb see \u00e4ra jooturit kasutavad kassid ja paistab [&#8230;]\n","protected":false},"featured_media":38254,"comment_status":"open","ping_status":"closed","template":"","meta":[],"product_brand":[344],"product_cat":[1242],"product_tag":[],"class_list":{"0":"post-38253","1":"product","2":"type-product","3":"status-publish","4":"has-post-thumbnail","6":"product_brand-catlink","7":"product_cat-water-dispensers","9":"first","10":"outofstock","11":"taxable","12":"shipping-taxable","13":"purchasable","14":"product-type-simple"},"aioseo_notices":[],"_links":{"self":[{"href":"https:\/\/asura.lv\/et\/wp-json\/wp\/v2\/product\/38253","targetHints":{"allow":["GET"]}}],"collection":[{"href":"https:\/\/asura.lv\/et\/wp-json\/wp\/v2\/product"}],"about":[{"href":"https:\/\/asura.lv\/et\/wp-json\/wp\/v2\/types\/product"}],"replies":[{"embeddable":true,"href":"https:\/\/asura.lv\/et\/wp-json\/wp\/v2\/comments?post=38253"}],"wp:featuredmedia":[{"embeddable":true,"href":"https:\/\/asura.lv\/et\/wp-json\/wp\/v2\/media\/38254"}],"wp:attachment":[{"href":"https:\/\/asura.lv\/et\/wp-json\/wp\/v2\/media?parent=38253"}],"wp:term":[{"taxonomy":"product_brand","embeddable":true,"href":"https:\/\/asura.lv\/et\/wp-json\/wp\/v2\/product_brand?post=38253"},{"taxonomy":"product_cat","embeddable":true,"href":"https:\/\/asura.lv\/et\/wp-json\/wp\/v2\/product_cat?post=38253"},{"taxonomy":"product_tag","embeddable":true,"href":"https:\/\/asura.lv\/et\/wp-json\/wp\/v2\/product_tag?post=38253"}],"curies":[{"name":"wp","href":"https:\/\/api.w.org\/{rel}","templated":true}]}}