{"id":38355,"date":"2025-11-28T20:43:06","date_gmt":"2025-11-28T20:43:06","guid":{"rendered":"https:\/\/asura.lv\/product\/charger-skyrc-t200-2-x-100w\/"},"modified":"2025-12-12T14:46:02","modified_gmt":"2025-12-12T12:46:02","slug":"charger-skyrc-t200-2-x-100w","status":"publish","type":"product","link":"https:\/\/asura.lv\/et\/toode\/charger-skyrc-t200-2-x-100w\/","title":{"rendered":"Laadija SkyRC T200 2 x 100W"},"content":{"rendered":"<h3>Kahekordne v\u00f5imsus ja mobiilsus<\/h3>\n<p>SkyRC T200 laadijal on k\u00f5ige kompaktsem disain, mis v\u00f5tab minimaalselt ruumi \u2013 sama palju kui paar akut. Laadija annab iga laadimisahela kaudu 100 vatti integreeritud v\u00f5imsust. Maitseka korpuse taga on piisavalt v\u00f5imsust kahe aku samaaegseks laadimiseks kuni 12 amprit kanali kohta, nii et saate kiiresti laadida laia valikut akusid, alates vastuv\u00f5tjapakkidest kuni 6S liitiumpol\u00fcmeer- v\u00f5i NiMH- ja NiCD 15S-akudeni. Lisaks pakub laadija kogu programmeeritavust, mida ootate t\u00e4nap\u00e4evaselt tipptasemel laadijalt. <\/p>\n<p><img decoding=\"async\" src=\"https:\/\/b2b.innpro.pl\/data\/include\/cms\/2Szymon\/SkyRC\/t200\/t200-2.jpg\" alt=\"2Szymon\/SkyRC\/t200\/t200-2\"><\/p>\n<h3>Mitmekordne efektiivsus<\/h3>\n<p>M\u00f5lemat laadimiskanalit saab programmeerida ja eraldi kasutada. T200 v\u00f5imaldab kahte akut laadida nutikalt, automaatselt ja samaaegselt maksimaalse mahutavusega. Lisaks ei pea laetavad elemendid olema sama konfiguratsiooniga ega sama t\u00fc\u00fcpi. V\u00f5ite t\u00e4iesti vabalt valida, milliseid akusid laadida. <\/p>\n<p><img decoding=\"async\" src=\"https:\/\/b2b.innpro.pl\/data\/include\/cms\/2Szymon\/SkyRC\/t200\/t200-5.jpg\" alt=\"2Szymon\/SkyRC\/t200\/t200-5\"><\/p>\n<h3>\u00dchilduvus ja universaalne XT60 pistik<\/h3>\n<p>Laadijal on laadimisalgoritm, mis v\u00f5imaldab sellel t\u00f6\u00f6tada k\u00f5ige levinumate akut\u00fc\u00fcpidega &#8211; LiPo, LiIon, LiHV, LiFe, NiMH, NiCD ja Pb. XT60 liides hoiab \u00e4ra vastupidise polaarsuse ja tagab v\u00e4ga stabiilse \u00fchenduse.<\/p>\n<p><img decoding=\"async\" src=\"https:\/\/b2b.innpro.pl\/data\/include\/cms\/2Szymon\/SkyRC\/t200\/t200-3.jpg\" alt=\"2Szymon\/SkyRC\/t200\/t200-3\"><\/p>\n<h3>Optimeeritud tarkvara<\/h3>\n<p>SkyRC T200-l on nn AUTO-funktsioon, mis m\u00e4\u00e4rab laadimise ja t\u00fchjendamise ajal automaatselt voolutugevuse. Eelk\u00f5ige liitiumakude puhul aitab see funktsioon v\u00e4ltida \u00fclelaadimist, mis v\u00f5ib kasutaja t\u00f5ttu plahvatuse p\u00f5hjustada. Funktsioon l\u00fclitab automaatselt vooluringi v\u00e4lja ja teavitab kasutajat, kui tuvastatakse k\u00f5rvalekalle. K\u00f5iki T200 programme juhib kahesuunaline signaal, et tagada maksimaalne ohutus ja minimeerida probleeme. Kasutaja saab k\u00f5iki seadeid konfigureerida.<\/p>\n<p><img decoding=\"async\" src=\"https:\/\/b2b.innpro.pl\/data\/include\/cms\/2Szymon\/SkyRC\/t200\/t200-6.jpg\" alt=\"2Szymon\/SkyRC\/t200\/t200-6\"><\/p>\n<h3>Intuitiivne kasutamine<\/h3>\n<p>Viie nupuga paneel ja eredalt valgustatud LCD-ekraan muudavad seadme kasutamise vaevatuks isegi kogenematutele kasutajatele. Laadimisprogrammid toimivad sarnaselt teiste SkyRC laadijatega, aga isegi kui see on teie esimene kokkupuude programmeeritava laadijaga, saate parameetrite vahel h\u00f5lpsalt liikuda, kasutades \u00fcles- ja allanoolenuppe v\u00e4\u00e4rtuste m\u00e4\u00e4ramiseks ning seej\u00e4rel kl\u00f5psates kinnitamiseks sisestusklahvi.<\/p>\n<p><img decoding=\"async\" src=\"https:\/\/b2b.innpro.pl\/data\/include\/cms\/2Szymon\/SkyRC\/t200\/t200-7.jpg\" alt=\"2Szymon\/SkyRC\/t200\/t200-7\"><\/p>\n<h3>Mitmek\u00fclgsus AGM-i ja k\u00fclmre\u017eiimidega<\/h3>\n<p>AGM-akusid on lihtne hooldada, need on v\u00e4ga stabiilsed ja kergemad kui teised pliiakud. Kuigi neil on sama struktuur, t\u00e4hendab keemiliste komponentide erinevus suurt j\u00f5udluse erinevust. AGM-akusid ei tohiks tavalise laadijaga Pb-re\u017eiimis laadida. K\u00fclmre\u017eiim v\u00f5imaldab akut laadida madalal temperatuuril.<\/p>\n<p><img decoding=\"async\" src=\"https:\/\/b2b.innpro.pl\/data\/include\/cms\/2Szymon\/SkyRC\/t200\/t200-4.jpg\" alt=\"2Szymon\/SkyRC\/t200\/t200-4\"><\/p>\n<h3>Reguleeritav klemmide pinge<\/h3>\n<p>SkyRC T200 v\u00f5imaldab kasutajatel klemmide pinget muuta (ainult edasij\u00f5udnutele kasutajatele).<\/p>\n<p><img decoding=\"async\" src=\"https:\/\/b2b.innpro.pl\/data\/include\/cms\/2Szymon\/SkyRC\/t200\/t200-8.jpg\" alt=\"2Szymon\/SkyRC\/t200\/t200-8\"><\/p>\n<h3>Spetsiaalne k\u00e4epide<\/h3>\n<p>Laadijal on spetsiaalne k\u00e4epide. Selle kompaktne disain, mis kaalub alla 1 kg, teeb sellest k\u00f5ige mugavama kaasaskantava laadija.<\/p>\n<p><img decoding=\"async\" src=\"https:\/\/b2b.innpro.pl\/data\/include\/cms\/2Szymon\/SkyRC\/t200\/t200-9.jpg\" alt=\"2Szymon\/SkyRC\/t200\/t200-9\"><\/p>\n<h3>Kaasas<\/h3>\n<ul>\n<li>T200 laadija<\/li>\n<li>Toitekaabel<\/li>\n<\/ul>\n<div class=\"table-wrapper\">\n<table>\n<tbody>\n<tr>\n<th>Toiteallikas<\/th>\n<td>DC 11-18 V, AC 100-240 V<\/td>\n<\/tr>\n<tr>\n<th>Laadimisv\u00f5imsus<\/th>\n<td>100 W x 2<\/td>\n<\/tr>\n<tr>\n<th>T\u00fchjendusv\u00f5imsus<\/th>\n<td>10 W<\/td>\n<\/tr>\n<tr>\n<th>Aku t\u00fc\u00fcp<\/th>\n<td>LiPo\/LiIon\/LiFe\/LiHV 1-6S, NiMH\/NiCd 1-15S, Pb 2-20V<\/td>\n<\/tr>\n<tr>\n<th>Aku mahtuvus<\/th>\n<td>LiPo\/LiIon\/LiFe\/LiHV 100-50000 mAh, NiMH \/ NiCd 100-50000 mAh, Pb 100-50000 mAh<\/td>\n<\/tr>\n<tr>\n<th>Laadimisvool<\/th>\n<td>0,1 &#8211; 12 A<\/td>\n<\/tr>\n<tr>\n<th>T\u00fchjendusvool<\/th>\n<td>0,1 &#8211; 2 A<\/td>\n<\/tr>\n<tr>\n<th>Laadimispinge<\/th>\n<td>LiPo: 4,18\u20134,25 V\/element, LiIon: 4,08\u20134,2 V\/element, LiFe: 3,58\u20133,7 V\/element LiHV: 4,25\u20134,5 V\/element, NiMH\/NiCD \u2013 Delta-Peak tuvastamine, Pb Normal: 2,4 V\/element, Pb AGM: 2,45 V, Pb Cold: 2,45 V<\/td>\n<\/tr>\n<tr>\n<th>T\u00fchjenduspinge<\/th>\n<td>LiPo: 3,0\u20133,3 V\/element, LiIon: 2,9\u20133,2 V\/element, LiFe: 2,6\u20132,9 V\/element<br \/>LiHV: 3,1\u20133,4 V\/element, NiMH\/NiCD \u2013 0,1\u20131,1 V\/element<\/td>\n<\/tr>\n<tr>\n<th>Tasakaalustaja<\/th>\n<td>2\u20136S<\/td>\n<\/tr>\n<tr>\n<th>Korpuse materjal<\/th>\n<td>Plast<\/td>\n<\/tr>\n<tr>\n<th>M\u00f5\u00f5tmed<\/th>\n<td>178 x 135 x 96 mm<\/td>\n<\/tr>\n<tr>\n<th>Kaal<\/th>\n<td>850 g<\/td>\n<\/tr>\n<tr>\n<th>Taimer<\/th>\n<td>1\u2013120 minutit<\/td>\n<\/tr>\n<tr>\n<th>T\u00f6\u00f6temperatuur<\/th>\n<td>0\u201340 \u00b0C<\/td>\n<\/tr>\n<tr>\n<th>Ekraan<\/th>\n<td>2&#215;16 LCD-ekraaniga taustavalgus<\/td>\n<\/tr>\n<tr>\n<th>V\u00e4lised pordid<\/th>\n<td>XH 1-6S tasakaalustaja pesa, temperatuurianduri port, akuport, alalisvoolu sisend<\/td>\n<\/tr>\n<\/tbody>\n<\/table>\n<\/div>\n","protected":false},"excerpt":{"rendered":"<p>Kahekordne v\u00f5imsus ja mobiilsus SkyRC T200 laadijal on k\u00f5ige kompaktsem disain, mis v\u00f5tab minimaalselt ruumi \u2013 sama palju kui paar akut. Laadija annab iga laadimisahela kaudu 100 vatti integreeritud v\u00f5imsust. Maitseka korpuse taga on piisavalt v\u00f5imsust kahe aku samaaegseks laadimiseks kuni 12 amprit kanali kohta, nii et saate kiiresti laadida laia valikut akusid, alates vastuv\u00f5tjapakkidest [&#8230;]\n","protected":false},"featured_media":38356,"comment_status":"open","ping_status":"closed","template":"","meta":[],"product_brand":[82],"product_cat":[1437],"product_tag":[],"class_list":{"0":"post-38355","1":"product","2":"type-product","3":"status-publish","4":"has-post-thumbnail","6":"product_brand-skyrc","7":"product_cat-chargers","9":"first","10":"outofstock","11":"taxable","12":"shipping-taxable","13":"purchasable","14":"product-type-simple"},"aioseo_notices":[],"_links":{"self":[{"href":"https:\/\/asura.lv\/et\/wp-json\/wp\/v2\/product\/38355","targetHints":{"allow":["GET"]}}],"collection":[{"href":"https:\/\/asura.lv\/et\/wp-json\/wp\/v2\/product"}],"about":[{"href":"https:\/\/asura.lv\/et\/wp-json\/wp\/v2\/types\/product"}],"replies":[{"embeddable":true,"href":"https:\/\/asura.lv\/et\/wp-json\/wp\/v2\/comments?post=38355"}],"wp:featuredmedia":[{"embeddable":true,"href":"https:\/\/asura.lv\/et\/wp-json\/wp\/v2\/media\/38356"}],"wp:attachment":[{"href":"https:\/\/asura.lv\/et\/wp-json\/wp\/v2\/media?parent=38355"}],"wp:term":[{"taxonomy":"product_brand","embeddable":true,"href":"https:\/\/asura.lv\/et\/wp-json\/wp\/v2\/product_brand?post=38355"},{"taxonomy":"product_cat","embeddable":true,"href":"https:\/\/asura.lv\/et\/wp-json\/wp\/v2\/product_cat?post=38355"},{"taxonomy":"product_tag","embeddable":true,"href":"https:\/\/asura.lv\/et\/wp-json\/wp\/v2\/product_tag?post=38355"}],"curies":[{"name":"wp","href":"https:\/\/api.w.org\/{rel}","templated":true}]}}