{"id":38487,"date":"2025-11-28T20:42:54","date_gmt":"2025-11-28T20:42:54","guid":{"rendered":"https:\/\/asura.lv\/product\/charger-skyrc-e680\/"},"modified":"2025-12-12T14:45:51","modified_gmt":"2025-12-12T12:45:51","slug":"charger-skyrc-e680","status":"publish","type":"product","link":"https:\/\/asura.lv\/et\/toode\/charger-skyrc-e680\/","title":{"rendered":"Laadija SkyRC e680"},"content":{"rendered":"<h3>SkyRC e680<\/h3>\n<p>Laadija SkyRC e680 v\u00f5imaldab laadida ja t\u00fchjendada LiPo, Li-Ion, LiFe, NiCd, NiMH ja PB akusid, samuti uue p\u00f5lvkonna LiHV akusid 4,35 V klemmide pingega. Seade on v\u00f5imeline laadima akusid v\u00f5imsusega kuni 80 vatti ja laadimisvooluga kuni 8 amprit. Lisaks on laadijal funktsioonid aku pinge ja takistuse m\u00f5\u00f5tmiseks, k\u00fclmlaadimiseks, toiteallika funktsiooniks, t\u00f5husaks jahutuss\u00fcsteemiks ja muuks.<\/p>\n<p><img decoding=\"async\" src=\"https:\/\/b2b.innpro.pl\/data\/include\/cms\/2Szymon\/SkyRC\/e680\/e68000_--_kopia.jpg\" alt=\"2Szymon\/SkyRC\/e680\/e68000_--_kopia\"><\/p>\n<h3>Alalisvoolutoiteallikas<\/h3>\n<p>SkyRC e680 laadijal on sisseehitatud alalisvoolutoiteallikas, mis genereerib 13,8 V v\u00e4ljundpinget v\u00f5imsusega 10 vatti kuni 80 vatti. See funktsioon on eriti mugav autojuhtidele, kes soovivad toita oma alalisvooluseadmeid, n\u00e4iteks rehvisoojendajat, t\u00f6\u00f6kojalampi jne.<\/p>\n<p><img decoding=\"async\" src=\"https:\/\/b2b.innpro.pl\/data\/include\/cms\/2Szymon\/SkyRC\/e680\/e680resize.jpg\" alt=\"2Szymon\/SkyRC\/e680\/e680resize\"><\/p>\n<h3>PB aku laadimine<\/h3>\n<p>SkyRC e680 suudab laadida geelakusid ja AGM-tehnoloogiaga akusid. Lisaks saab laadija laadida PB akusid v\u00e4ga madalatel temperatuuridel.<\/p>\n<p><img decoding=\"async\" src=\"https:\/\/b2b.innpro.pl\/data\/include\/cms\/2Szymon\/SkyRC\/e680\/e680.jpg\" alt=\"2Szymon\/SkyRC\/e680\/e680\"><\/p>\n<h3>Termokaitse<\/h3>\n<p>Aku sisemised reaktsioonid p\u00f5hjustavad selle temperatuuri t\u00f5usu. Kui temperatuur saavutab etteantud taseme, katkestatakse laadimis-\/t\u00fchjendusprotsess. See funktsioon on saadaval, kui seade on \u00fchendatud valikulise temperatuurianduriga, mida saab siit eraldi osta.<\/p>\n<p><img decoding=\"async\" src=\"https:\/\/b2b.innpro.pl\/data\/include\/cms\/2Szymon\/SkyRC\/e680\/E6803.jpg\" alt=\"2Szymon\/SkyRC\/e680\/E6803\"><\/p>\n<h3>Nutikas ja t\u00f5hus jahutus<\/h3>\n<p>Temperatuurianduriga juhitav kiire ventilaator (8000 p\u00f6\u00f6ret minutis) suunab \u00f5huvoolu t\u00f5husalt alumiiniumist jahutusradiaatorile, jahutades seadet t\u00f5husalt.<\/p>\n<p><img decoding=\"async\" src=\"https:\/\/b2b.innpro.pl\/data\/include\/cms\/2Szymon\/SkyRC\/e680\/E6804.jpg\" alt=\"2Szymon\/SkyRC\/e680\/E6804\"><\/p>\n<h3>Kaasas<\/h3>\n<ul>\n<li>Laadija e680<\/li>\n<li>Vahelduvvoolu toitekaabel<\/li>\n<li>XT60 laadimiskaabel<\/li>\n<li>Alalisvoolukaabel krokodillidega<\/li>\n<li>XH tasakaalustaja adapter<\/li>\n<\/ul>\n<div class=\"table-wrapper\">\n<table>\n<tbody>\n<tr>\n<th>Sisendpinge: <\/th>\n<td>11-18 V DC \/ 100-240 V AC<\/td>\n<\/tr>\n<tr>\n<th>M\u00f5\u00f5tmed: <\/th>\n<td>135 x 110 x 60 mm<\/td>\n<\/tr>\n<tr>\n<th>Kaal: <\/th>\n<td>390 g<\/td>\n<\/tr>\n<tr>\n<th>Laadimisv\u00f5imsus: <\/th>\n<td>80 W<\/td>\n<\/tr>\n<tr>\n<th>T\u00fchjendusv\u00f5imsus: <\/th>\n<td>10 W<\/td>\n<\/tr>\n<tr>\n<th>Laadimisvool: <\/th>\n<td>0,1 A &#8211; 8 A <\/td>\n<\/tr>\n<tr>\n<th>T\u00fchjendusvool: <\/th>\n<td>0,1 A &#8211; 2 A<\/td>\n<\/tr>\n<tr>\n<th>Aku t\u00fc\u00fcbid: <\/th>\n<td>LiPo\/LiHV\/LiFe\/LiIon 1-6S, NiMH, NiCd 1-15S, Pb 2-20S, DJI 3S<\/td>\n<\/tr>\n<tr>\n<th>T\u00f6\u00f6re\u017eiimid: <\/th>\n<td>laadimine tasakaalustaja, salvestusre\u017eiim, laadimisre\u017eiim <\/td>\n<\/tr>\n<tr>\n<th>Taimer: <\/th>\n<td>1\u2013120 minutit<\/td>\n<\/tr>\n<tr>\n<th>M\u00e4lu: <\/th>\n<td>10 laadimis-\/t\u00fchjendusprofiili<\/td>\n<\/tr>\n<tr>\n<th>V\u00e4ljal\u00fclitustemperatuur: <\/th>\n<td>20\u201380 \u00b0C (reguleeritav)<\/td>\n<\/tr>\n<\/tbody>\n<\/table>\n<\/div>\n","protected":false},"excerpt":{"rendered":"<p>SkyRC e680 Laadija SkyRC e680 v\u00f5imaldab laadida ja t\u00fchjendada LiPo, Li-Ion, LiFe, NiCd, NiMH ja PB akusid, samuti uue p\u00f5lvkonna LiHV akusid 4,35 V klemmide pingega. Seade on v\u00f5imeline laadima akusid v\u00f5imsusega kuni 80 vatti ja laadimisvooluga kuni 8 amprit. Lisaks on laadijal funktsioonid aku pinge ja takistuse m\u00f5\u00f5tmiseks, k\u00fclmlaadimiseks, toiteallika funktsiooniks, t\u00f5husaks jahutuss\u00fcsteemiks ja [&#8230;]\n","protected":false},"featured_media":38488,"comment_status":"open","ping_status":"closed","template":"","meta":[],"product_brand":[82],"product_cat":[1437],"product_tag":[],"class_list":{"0":"post-38487","1":"product","2":"type-product","3":"status-publish","4":"has-post-thumbnail","6":"product_brand-skyrc","7":"product_cat-chargers","9":"first","10":"outofstock","11":"taxable","12":"shipping-taxable","13":"purchasable","14":"product-type-simple"},"aioseo_notices":[],"_links":{"self":[{"href":"https:\/\/asura.lv\/et\/wp-json\/wp\/v2\/product\/38487","targetHints":{"allow":["GET"]}}],"collection":[{"href":"https:\/\/asura.lv\/et\/wp-json\/wp\/v2\/product"}],"about":[{"href":"https:\/\/asura.lv\/et\/wp-json\/wp\/v2\/types\/product"}],"replies":[{"embeddable":true,"href":"https:\/\/asura.lv\/et\/wp-json\/wp\/v2\/comments?post=38487"}],"wp:featuredmedia":[{"embeddable":true,"href":"https:\/\/asura.lv\/et\/wp-json\/wp\/v2\/media\/38488"}],"wp:attachment":[{"href":"https:\/\/asura.lv\/et\/wp-json\/wp\/v2\/media?parent=38487"}],"wp:term":[{"taxonomy":"product_brand","embeddable":true,"href":"https:\/\/asura.lv\/et\/wp-json\/wp\/v2\/product_brand?post=38487"},{"taxonomy":"product_cat","embeddable":true,"href":"https:\/\/asura.lv\/et\/wp-json\/wp\/v2\/product_cat?post=38487"},{"taxonomy":"product_tag","embeddable":true,"href":"https:\/\/asura.lv\/et\/wp-json\/wp\/v2\/product_tag?post=38487"}],"curies":[{"name":"wp","href":"https:\/\/api.w.org\/{rel}","templated":true}]}}