{"id":38541,"date":"2025-11-28T20:42:49","date_gmt":"2025-11-28T20:42:49","guid":{"rendered":"https:\/\/asura.lv\/product\/case-mini-pgytech-for-dji-osmo-pocket-pocket-2-osmo-action-p-18c-021\/"},"modified":"2025-12-12T14:45:46","modified_gmt":"2025-12-12T12:45:46","slug":"case-mini-pgytech-for-dji-osmo-pocket-pocket-2-osmo-action-p-18c-021","status":"publish","type":"product","link":"https:\/\/asura.lv\/et\/toode\/case-mini-pgytech-for-dji-osmo-pocket-pocket-2-osmo-action-p-18c-021\/","title":{"rendered":"PGYTECH mini\u00fcmbris DJI Osmo Pocket \/ Pocket 2 \/ Osmo Action kaameratele (P-18C-021)"},"content":{"rendered":"<h3>Mini PGYTECH \u00fcmbris DJI Osmo Pocket \/ Pocket 2 \/ Osmo Action kaameratele (P-18C-021)<\/h3>\n<p>PGYTECHi mini transpordi\u00fcmbris DJI Osmo Pocket kaameratele pakub kvaliteetset t\u00f6\u00f6tlust ja ohutut transporti. Kahe pika ja nelja l\u00fchikese \u00fcmberpaigutatava sahtli abil mahub sinna nii Osmo Pocket kui ka muud lisatarvikud. Konstruktsioonis ja lukus kasutatud materjalid on suurep\u00e4rased veekindluse tagamiseks.<\/p>\n<p><img decoding=\"async\" src=\"https:\/\/b2b.innpro.pl\/data\/include\/cms\/5przemek\/PGY\/P-18C-021\/P-18C-021-4.jpg\" border=\"0\" alt=\"5przemek\/PGY\/P-18C-021\/P-18C-021-4\" \/><\/p>\n<div class=\"table-wrapper\">\n<table>\n<tbody>\n<tr>\n<th>Tootjakood<\/th>\n<td>P-18C-021<\/td>\n<\/tr>\n<tr>\n<th>M\u00f5\u00f5tmed<\/th>\n<td>192 mm * 140 mm * 62 mm<\/td>\n<\/tr>\n<tr>\n<th>Kaal<\/th>\n<td>231 g<\/td>\n<\/tr>\n<tr>\n<th>Plastik<\/th>\n<td>Nailon, EVA<\/td>\n<\/tr>\n<tr>\n<th>\u00dchilduvus<\/th>\n<td>DJI Osmo Pocket ; DJI Osmo Pocket 2 ; DJI Osmo Action ; DJI Osmo Mobile 5<\/td>\n<\/tr>\n<\/tbody>\n<\/table>\n<\/div>\n","protected":false},"excerpt":{"rendered":"<p>Mini PGYTECH \u00fcmbris DJI Osmo Pocket \/ Pocket 2 \/ Osmo Action kaameratele (P-18C-021) PGYTECHi mini transpordi\u00fcmbris DJI Osmo Pocket kaameratele pakub kvaliteetset t\u00f6\u00f6tlust ja ohutut transporti. Kahe pika ja nelja l\u00fchikese \u00fcmberpaigutatava sahtli abil mahub sinna nii Osmo Pocket kui ka muud lisatarvikud. Konstruktsioonis ja lukus kasutatud materjalid on suurep\u00e4rased veekindluse tagamiseks. Tootjakood P-18C-021 [&#8230;]\n","protected":false},"featured_media":38542,"comment_status":"open","ping_status":"closed","template":"","meta":[],"product_brand":[98],"product_cat":[939],"product_tag":[],"class_list":{"0":"post-38541","1":"product","2":"type-product","3":"status-publish","4":"has-post-thumbnail","6":"product_brand-pgytech","7":"product_cat-cases-and-covers","9":"first","10":"outofstock","11":"taxable","12":"shipping-taxable","13":"purchasable","14":"product-type-simple"},"aioseo_notices":[],"_links":{"self":[{"href":"https:\/\/asura.lv\/et\/wp-json\/wp\/v2\/product\/38541","targetHints":{"allow":["GET"]}}],"collection":[{"href":"https:\/\/asura.lv\/et\/wp-json\/wp\/v2\/product"}],"about":[{"href":"https:\/\/asura.lv\/et\/wp-json\/wp\/v2\/types\/product"}],"replies":[{"embeddable":true,"href":"https:\/\/asura.lv\/et\/wp-json\/wp\/v2\/comments?post=38541"}],"wp:featuredmedia":[{"embeddable":true,"href":"https:\/\/asura.lv\/et\/wp-json\/wp\/v2\/media\/38542"}],"wp:attachment":[{"href":"https:\/\/asura.lv\/et\/wp-json\/wp\/v2\/media?parent=38541"}],"wp:term":[{"taxonomy":"product_brand","embeddable":true,"href":"https:\/\/asura.lv\/et\/wp-json\/wp\/v2\/product_brand?post=38541"},{"taxonomy":"product_cat","embeddable":true,"href":"https:\/\/asura.lv\/et\/wp-json\/wp\/v2\/product_cat?post=38541"},{"taxonomy":"product_tag","embeddable":true,"href":"https:\/\/asura.lv\/et\/wp-json\/wp\/v2\/product_tag?post=38541"}],"curies":[{"name":"wp","href":"https:\/\/api.w.org\/{rel}","templated":true}]}}