{"id":38667,"date":"2025-11-28T20:42:38","date_gmt":"2025-11-28T20:42:38","guid":{"rendered":"https:\/\/asura.lv\/product\/baseus-osculum-gravitational-phone-holder-black\/"},"modified":"2025-12-12T14:45:38","modified_gmt":"2025-12-12T12:45:38","slug":"baseus-osculum-gravitational-phone-holder-black","status":"publish","type":"product","link":"https:\/\/asura.lv\/et\/toode\/baseus-osculum-gravitational-phone-holder-black\/","title":{"rendered":"Baseus Osculum gravitatsiooniline telefonihoidik (must)"},"content":{"rendered":"<h3>Baseus Osculum<\/h3>\n<p>See on gravitatsiooniline k\u00e4epide, mis tagab varustuse ohutuse. Kolmnurkne disain tagab s\u00f5idu ajal suurep\u00e4rase stabiilsuse ja painutatud k\u00e4epidemed tagavad kindla haarde. T\u00e4nu automaatsele lukustusele on seadet lihtne kasutada. Pange lihtsalt telefon sellele ja k\u00e4ed sulguvad automaatselt. K\u00e4epidet saab h\u00f5lpsasti \u00fche k\u00e4ega k\u00e4sitseda.<\/p>\n<p><img decoding=\"async\" src=\"https:\/\/b2b.innpro.pl\/data\/include\/cms\/Baseus2\/4b\/4.jpg\"><\/p>\n<h3>Paigaldamine<\/h3>\n<p>Esimene iminapaga aste on kinnitatud klaasile, teine \u200b\u200baste aga armatuurlauale v\u00f5i kokpiti k\u00fclge. Hoidik on multifunktsionaalne ja kohandub telefoni ekraani diagonaaliga.<\/p>\n<p><img decoding=\"async\" src=\"https:\/\/b2b.innpro.pl\/data\/include\/cms\/Baseus2\/4b\/2.jpg\"><\/p>\n<h3>360-kraadine p\u00f6\u00f6rlemine<\/h3>\n<p>360-kraadine reguleerimine n\u00e4itab k\u00e4epideme praktilisust, seda saab probleemideta kasutada erinevates autodes erinevatel pindadel.<\/p>\n<p><img decoding=\"async\" src=\"https:\/\/b2b.innpro.pl\/data\/include\/cms\/Baseus2\/4a\/3.jpg\"><\/p>\n<div class=\"table-wrapper\">\n<table width=\"699\">\n<tbody>\n<tr>\n<td>Tootja\u00a0 \u00a0 \u00a0 \u00a0 \u00a0 \u00a0 \u00a0 \u00a0 \u00a0 \u00a0 \u00a0 \u00a0 \u00a0 \u00a0 \u00a0 \u00a0 \u00a0 \u00a0 \u00a0 \u00a0 \u00a0B\u00a0B\u00a0<\/td>\n<td><span>Baseus<\/span><\/td>\n<\/tr>\n<tr>\n<td>Mudel<\/td>\n<td>Osculum<\/td>\n<\/tr>\n<tr>\n<td>Tootekood<\/td>\n<td><span>SUYL-XP01<\/span><\/td>\n<\/tr>\n<tr>\n<td>Materjal<\/td>\n<td>PC + alumiinium<\/td>\n<\/tr>\n<tr>\n<td>Paigalduse t\u00fc\u00fcp<\/td>\n<td>Armatuurlauale v\u00f5i klaasile<\/td>\n<\/tr>\n<tr>\n<td>Kaal<\/td>\n<td>140 grammid<\/td>\n<\/tr>\n<tr>\n<td>V\u00e4rv<\/td>\n<td>Must<\/td>\n<\/tr>\n<tr>\n<td>\u00dchilduvus<\/td>\n<td>Seadmed laiusega 6,3\u20138,8 cm<\/td>\n<\/tr>\n<tr>\n<td>M\u00f5\u00f5tmed<\/td>\n<td>18,5 x 11,6 x 9 cm<\/td>\n<\/tr>\n<\/tbody>\n<\/table>\n<\/div>\n","protected":false},"excerpt":{"rendered":"<p>Baseus Osculum See on gravitatsiooniline k\u00e4epide, mis tagab varustuse ohutuse. Kolmnurkne disain tagab s\u00f5idu ajal suurep\u00e4rase stabiilsuse ja painutatud k\u00e4epidemed tagavad kindla haarde. T\u00e4nu automaatsele lukustusele on seadet lihtne kasutada. Pange lihtsalt telefon sellele ja k\u00e4ed sulguvad automaatselt. K\u00e4epidet saab h\u00f5lpsasti \u00fche k\u00e4ega k\u00e4sitseda. Paigaldamine Esimene iminapaga aste on kinnitatud klaasile, teine \u200b\u200baste aga armatuurlauale [&#8230;]\n","protected":false},"featured_media":38668,"comment_status":"open","ping_status":"closed","template":"","meta":[],"product_brand":[95],"product_cat":[1341],"product_tag":[],"class_list":{"0":"post-38667","1":"product","2":"type-product","3":"status-publish","4":"has-post-thumbnail","6":"product_brand-baseus","7":"product_cat-phone-holders","9":"first","10":"outofstock","11":"taxable","12":"shipping-taxable","13":"purchasable","14":"product-type-simple"},"aioseo_notices":[],"_links":{"self":[{"href":"https:\/\/asura.lv\/et\/wp-json\/wp\/v2\/product\/38667","targetHints":{"allow":["GET"]}}],"collection":[{"href":"https:\/\/asura.lv\/et\/wp-json\/wp\/v2\/product"}],"about":[{"href":"https:\/\/asura.lv\/et\/wp-json\/wp\/v2\/types\/product"}],"replies":[{"embeddable":true,"href":"https:\/\/asura.lv\/et\/wp-json\/wp\/v2\/comments?post=38667"}],"wp:featuredmedia":[{"embeddable":true,"href":"https:\/\/asura.lv\/et\/wp-json\/wp\/v2\/media\/38668"}],"wp:attachment":[{"href":"https:\/\/asura.lv\/et\/wp-json\/wp\/v2\/media?parent=38667"}],"wp:term":[{"taxonomy":"product_brand","embeddable":true,"href":"https:\/\/asura.lv\/et\/wp-json\/wp\/v2\/product_brand?post=38667"},{"taxonomy":"product_cat","embeddable":true,"href":"https:\/\/asura.lv\/et\/wp-json\/wp\/v2\/product_cat?post=38667"},{"taxonomy":"product_tag","embeddable":true,"href":"https:\/\/asura.lv\/et\/wp-json\/wp\/v2\/product_tag?post=38667"}],"curies":[{"name":"wp","href":"https:\/\/api.w.org\/{rel}","templated":true}]}}