{"id":38745,"date":"2025-11-28T20:42:36","date_gmt":"2025-11-28T20:42:36","guid":{"rendered":"https:\/\/asura.lv\/product\/charger-skyrc-mc3000\/"},"modified":"2025-12-12T14:45:36","modified_gmt":"2025-12-12T12:45:36","slug":"charger-skyrc-mc3000","status":"publish","type":"product","link":"https:\/\/asura.lv\/et\/toode\/charger-skyrc-mc3000\/","title":{"rendered":"Laadija SkyRC MC3000"},"content":{"rendered":"<h3>SkyRC MC3000 AA \/ AAA laadija<\/h3>\n<p>MC3000 laadija s\u00fcndis SkyRC vajadusest mitmek\u00fclgse, t\u00e4pse ja v\u00f5imsa laadija j\u00e4rele, mis on kohandatud \u00fcheotstarbelistele silindrilistele akudele. Selle tootega ei ole teil enam probleeme puuride, juhtmestiku, klemmide ja muude isetegemise lahendustega.<\/p>\n<p><img decoding=\"async\" src=\"https:\/\/b2b.innpro.pl\/data\/include\/cms\/.jpg\" alt=\"\"><\/p>\n<div class=\"iai_top\"><img loading=\"lazy\" decoding=\"async\" style=\"display: block; margin-left: auto; margin-right: auto;\" src=\"https:\/\/b2b.innpro.eu\/data\/include\/cms\/2Szymon\/SkyRC\/MC3000\/0720jpg-720x480.jpg\" border=\"0\" width=\"720\" height=\"480\" \/><\/div>\n<h3>Ainulaadne laadija<\/h3>\n<p>MC3000 loodi vajadusest mitmek\u00fclgse, t\u00e4pse ja v\u00f5imsa SkyRC laadija j\u00e4rele, mis on kohandatud \u00fche sihtm\u00e4rgiga silindriliste akude laadimiseks. Selle laadijaga ei ole teil enam probleeme puuride, hoidikute, t\u00fclikate juhtmete, klambrite ja sarnaste isetegemise lahendustega. MC3000 on kohandatud laia valiku suuruste (\u00fcle 42) ja t\u00fc\u00fcpide (\u00fcle 7) akude jaoks, mis laevad 3 A ja t\u00fchjenevad 2 A voolutugevusega.<\/p>\n<p><img decoding=\"async\" src=\"https:\/\/b2b.innpro.pl\/data\/include\/cms\/.jpg\" alt=\"\"><\/p>\n<p><img loading=\"lazy\" decoding=\"async\" style=\"display: block; margin-left: auto; margin-right: auto;\" src=\"https:\/\/b2b.innpro.eu\/data\/include\/cms\/2Szymon\/SkyRC\/MC3000\/kompatybilnosc.jpg\" border=\"0\" width=\"788\" height=\"609\" \/><\/p>\n<h3>Funktsionaalsus ja ohutus<\/h3>\n<p>Laadijal on 6 t\u00f6\u00f6re\u017eiimi &#8211; laadimine, t\u00fchjendamine, v\u00e4rskendamine, vormimine (ainult NiMH, NiCd, Eneloopi jaoks), laadimis-t\u00fchjendusts\u00fckkel ja salvestamine (ainult Lixxi jaoks). Kummist jalad ja 10\u00b0 kalle v\u00f5imaldavad laadimist paremini n\u00e4ha ja suurendavad jahutuse efektiivsust laadija allosas. Laadija ohutus tagatakse mitmete piirangutega &#8211; aeg, pinge, mahtuvus jne.<\/p>\n<p><img decoding=\"async\" src=\"https:\/\/b2b.innpro.pl\/data\/include\/cms\/.jpg\" alt=\"\"><\/p>\n<div style=\"text-align: left;\" class=\"iai_bottom\"><img loading=\"lazy\" decoding=\"async\" style=\"display: block; margin-left: auto; margin-right: auto;\" src=\"https:\/\/b2b.innpro.eu\/data\/include\/cms\/2Szymon\/SkyRC\/MC3000\/bezpieczenstwo.jpg\" border=\"0\" alt=\"\" width=\"868\" height=\"270\" \/><\/div>\n<h3>T\u00f5hus jahutus<\/h3>\n<p>Sisseehitatud kaks alumiiniumventilaatorit eemaldavad t\u00f5husalt laadija tekitatud soojuse. Jahutus tagab t\u00f5husa \u00f5huvahetuse isegi madalal t\u00f6\u00f6kiirusel.<\/p>\n<p><img decoding=\"async\" src=\"https:\/\/b2b.innpro.pl\/data\/include\/cms\/.jpg\" alt=\"\"><\/p>\n<div class=\"iai_bottom\"><span style=\"font-size: 12pt; color: #333333;\"><span style=\"font-size: 12pt;\"><img loading=\"lazy\" decoding=\"async\" style=\"display: block; margin-left: auto; margin-right: auto;\" src=\"https:\/\/b2b.innpro.eu\/data\/include\/cms\/2Szymon\/SkyRC\/MC3000\/chlodzenie.jpg\" border=\"0\" width=\"555\" height=\"460\" \/><br \/><\/span><\/span><\/div>\n<h3>Lihtsalt loetav ekraan<\/h3>\n<p>128&#215;64 piksliga ekraanil kuvatakse 5 erinevat t\u00f6\u00f6men\u00fc\u00fcd. 8 nuppu tagavad seadme programmeerimise ja kasutamise lihtsuse. 4 nummerdatud nuppu t\u00e4histavad vastavat akupesa. \u00dclej\u00e4\u00e4nud nuppe kasutatakse laadija juhtimiseks. Seade v\u00f5imaldab salvestada kuni 30 laadimisprofiili, mida saab igal ajal m\u00f5ne kl\u00f5psuga avada ja praeguse laadimise jaoks kasutada.<\/p>\n<div class=\"iai_bottom\"><span style=\"font-size: 12pt; color: #333333;\"><span style=\"font-size: 12pt;\"><img loading=\"lazy\" decoding=\"async\" style=\"display: block; margin-left: auto; margin-right: auto;\" src=\"https:\/\/b2b.innpro.eu\/data\/include\/cms\/2Szymon\/SkyRC\/MC3000\/innefunkcje.jpg\" border=\"0\" width=\"878\" height=\"435\" \/><\/span><\/span><\/div>\n<h3>Komplektis:<\/h3>\n<ul>\n<li>Laadija<\/li>\n<li>Toiteadapter<\/li>\n<\/ul>\n<div class=\"table-wrapper\">\n<table>\n<tbody>\n<tr>\n<th>Tootja<\/th>\n<td>SkyRC<\/td>\n<\/tr>\n<tr>\n<th>Mudel<\/th>\n<td>SK-100083-02<\/td>\n<\/tr>\n<tr>\n<th>Laadimisvool<\/th>\n<td>0,05 A &#8211; 3 A<\/td>\n<\/tr>\n<tr>\n<th>Delta tipp<\/th>\n<td>1\u201320 mV<\/td>\n<\/tr>\n<tr>\n<th>T\u00fchjendusvool<\/th>\n<td>0,05\u20132 A<\/td>\n<\/tr>\n<tr>\n<th>Aku mahtuvus<\/th>\n<td>500\u201350000 mAh<\/td>\n<\/tr>\n<tr>\n<th>Ts\u00fcklite arv<\/th>\n<td> 1\u201312<\/td>\n<\/tr>\n<tr>\n<th>Laadimisvool<\/th>\n<td>100 mAh<\/td>\n<\/tr>\n<tr>\n<th>T\u00f6\u00f6temperatuur<\/th>\n<td>0\u201340 \u00b0C<\/td>\n<\/tr>\n<tr>\n<th>Toitevool<\/th>\n<td>12 V \/ 2,5 A<\/td>\n<\/tr>\n<tr>\n<th>USB voolutugevus<\/th>\n<td>5 V \/ 2,1 A<\/td>\n<\/tr>\n<tr>\n<th>Kaal<\/th>\n<td>600 g<\/td>\n<\/tr>\n<tr>\n<th>M\u00f5\u00f5tmed<\/th>\n<td>200 x 124 x 69 mm<\/td>\n<\/tr>\n<\/tbody>\n<\/table>\n<\/div>\n","protected":false},"excerpt":{"rendered":"<p>SkyRC MC3000 AA \/ AAA laadija MC3000 laadija s\u00fcndis SkyRC vajadusest mitmek\u00fclgse, t\u00e4pse ja v\u00f5imsa laadija j\u00e4rele, mis on kohandatud \u00fcheotstarbelistele silindrilistele akudele. Selle tootega ei ole teil enam probleeme puuride, juhtmestiku, klemmide ja muude isetegemise lahendustega. Ainulaadne laadija MC3000 loodi vajadusest mitmek\u00fclgse, t\u00e4pse ja v\u00f5imsa SkyRC laadija j\u00e4rele, mis on kohandatud \u00fche sihtm\u00e4rgiga silindriliste [&#8230;]\n","protected":false},"featured_media":38746,"comment_status":"open","ping_status":"closed","template":"","meta":[],"product_brand":[82],"product_cat":[1437],"product_tag":[],"class_list":{"0":"post-38745","1":"product","2":"type-product","3":"status-publish","4":"has-post-thumbnail","6":"product_brand-skyrc","7":"product_cat-chargers","9":"first","10":"outofstock","11":"taxable","12":"shipping-taxable","13":"purchasable","14":"product-type-simple"},"aioseo_notices":[],"_links":{"self":[{"href":"https:\/\/asura.lv\/et\/wp-json\/wp\/v2\/product\/38745","targetHints":{"allow":["GET"]}}],"collection":[{"href":"https:\/\/asura.lv\/et\/wp-json\/wp\/v2\/product"}],"about":[{"href":"https:\/\/asura.lv\/et\/wp-json\/wp\/v2\/types\/product"}],"replies":[{"embeddable":true,"href":"https:\/\/asura.lv\/et\/wp-json\/wp\/v2\/comments?post=38745"}],"wp:featuredmedia":[{"embeddable":true,"href":"https:\/\/asura.lv\/et\/wp-json\/wp\/v2\/media\/38746"}],"wp:attachment":[{"href":"https:\/\/asura.lv\/et\/wp-json\/wp\/v2\/media?parent=38745"}],"wp:term":[{"taxonomy":"product_brand","embeddable":true,"href":"https:\/\/asura.lv\/et\/wp-json\/wp\/v2\/product_brand?post=38745"},{"taxonomy":"product_cat","embeddable":true,"href":"https:\/\/asura.lv\/et\/wp-json\/wp\/v2\/product_cat?post=38745"},{"taxonomy":"product_tag","embeddable":true,"href":"https:\/\/asura.lv\/et\/wp-json\/wp\/v2\/product_tag?post=38745"}],"curies":[{"name":"wp","href":"https:\/\/api.w.org\/{rel}","templated":true}]}}