{"id":38817,"date":"2025-11-28T22:12:41","date_gmt":"2025-11-28T22:12:41","guid":{"rendered":"https:\/\/asura.lv\/product\/torras-ostand-r-fusion-case-for-iphone-16-pro-max-black\/"},"modified":"2025-12-12T15:07:30","modified_gmt":"2025-12-12T13:07:30","slug":"torras-ostand-r-fusion-case-for-iphone-16-pro-max-black","status":"publish","type":"product","link":"https:\/\/asura.lv\/et\/toode\/torras-ostand-r-fusion-case-for-iphone-16-pro-max-black\/","title":{"rendered":"Torras Ostand R Fusion \u00fcmbris iPhone 16 Pro Maxile (must)"},"content":{"rendered":"<h3>Torras Ostand R Fusion \u00fcmbris iPhone 16 Pro Maxile (must)<\/h3>\n<p>TORRAS Ostand R Fusion \u00fcmbris on loodud teie iPhone 16 Pro Maxi maksimaalseks kaitsmiseks. See on valmistatud vastupidavatest materjalidest ning pakub t\u00f5husat kaitset kukkumiste, kriimustuste ja muude kahjustuste eest. Selle \u00f5huke disain ei lisa ebavajalikku mahtu, nii et teie telefon s\u00e4ilitab oma algse silueti, olles samal ajal t\u00e4ielikult kaitstud.<\/p>\n<p>\n<img decoding=\"async\" border=\"0\" src=\"https:\/\/assets.innpro.pl\/11550\/13675\/6.jpg\"\/>\n<\/p>\n<h3>Mugavus igas asendis &#8211; 360\u00b0 p\u00f6\u00f6rlemine<\/h3>\n<p>T\u00e4nu oma uuenduslikule 360-kraadisele p\u00f6\u00f6rlevale r\u00f5ngasdisainile pakub TORRAS Ostand R Fusion \u00fcmbris v\u00f5rratut mugavust. Saate oma telefoni asetada mis tahes nurga alla, muutes videote vaatamise, videok\u00f5nede tegemise v\u00f5i internetis surfamise veelgi mugavamaks. See funktsioon v\u00f5imaldab teil telefoni ka kindlalt k\u00e4es hoida, v\u00e4hendades selle kogemata maha kukkumise ohtu.<\/p>\n<p>\n<img decoding=\"async\" border=\"0\" src=\"https:\/\/assets.innpro.pl\/11550\/13675\/1.jpg\"\/>\n<\/p>\n<h3>Magnetiline haare<\/h3>\n<p>\u00dcmbris on varustatud tugevate magnetitega, mis tagavad stabiilse kinnituse nii autohoidikutele kui ka teistele magnetilistele tarvikutele. Saate oma telefoni muretult kasutada autot juhtides, statsionaarsel rattal treenides v\u00f5i lihtsalt seadet k\u00e4es hoides l\u00f5\u00f5gastudes \u2013 tugev magnet tagab, et telefon p\u00fcsib paigal, olenemata tingimustest.<\/p>\n<p>\n<img decoding=\"async\" border=\"0\" src=\"https:\/\/assets.innpro.pl\/11550\/13675\/3.jpg\"\/>\n<\/p>\n<div class=\"table-wrapper\">\n<p>\u0412\u00a0<\/p>\n<h3><\/h3>\n<table>\n<tbody>\n<tr>\n<th>Tootja<\/th>\n<td>Torras<\/td>\n<\/tr>\n<tr>\n<th>Mudel<\/th>\n<td>Ostand R Fusion<\/td>\n<\/tr>\n<tr>\n<th>V\u00e4rv<\/th>\n<td>Must<\/td>\n<\/tr>\n<tr>\n<th>\u00dchilduvus<\/th>\n<td>iPhone 16 Pro Max<\/td>\n<\/tr>\n<\/tbody>\n<\/table>\n<\/div>\n","protected":false},"excerpt":{"rendered":"<p>Torras Ostand R Fusion \u00fcmbris iPhone 16 Pro Maxile (must) TORRAS Ostand R Fusion \u00fcmbris on loodud teie iPhone 16 Pro Maxi maksimaalseks kaitsmiseks. See on valmistatud vastupidavatest materjalidest ning pakub t\u00f5husat kaitset kukkumiste, kriimustuste ja muude kahjustuste eest. Selle \u00f5huke disain ei lisa ebavajalikku mahtu, nii et teie telefon s\u00e4ilitab oma algse silueti, olles [&#8230;]\n","protected":false},"featured_media":38818,"comment_status":"open","ping_status":"closed","template":"","meta":[],"product_brand":[538],"product_cat":[1248],"product_tag":[],"class_list":{"0":"post-38817","1":"product","2":"type-product","3":"status-publish","4":"has-post-thumbnail","6":"product_brand-torras","7":"product_cat-protective-cases-for-smartphones-cases-gsm-accessories","9":"first","10":"outofstock","11":"taxable","12":"shipping-taxable","13":"purchasable","14":"product-type-simple"},"aioseo_notices":[],"_links":{"self":[{"href":"https:\/\/asura.lv\/et\/wp-json\/wp\/v2\/product\/38817","targetHints":{"allow":["GET"]}}],"collection":[{"href":"https:\/\/asura.lv\/et\/wp-json\/wp\/v2\/product"}],"about":[{"href":"https:\/\/asura.lv\/et\/wp-json\/wp\/v2\/types\/product"}],"replies":[{"embeddable":true,"href":"https:\/\/asura.lv\/et\/wp-json\/wp\/v2\/comments?post=38817"}],"wp:featuredmedia":[{"embeddable":true,"href":"https:\/\/asura.lv\/et\/wp-json\/wp\/v2\/media\/38818"}],"wp:attachment":[{"href":"https:\/\/asura.lv\/et\/wp-json\/wp\/v2\/media?parent=38817"}],"wp:term":[{"taxonomy":"product_brand","embeddable":true,"href":"https:\/\/asura.lv\/et\/wp-json\/wp\/v2\/product_brand?post=38817"},{"taxonomy":"product_cat","embeddable":true,"href":"https:\/\/asura.lv\/et\/wp-json\/wp\/v2\/product_cat?post=38817"},{"taxonomy":"product_tag","embeddable":true,"href":"https:\/\/asura.lv\/et\/wp-json\/wp\/v2\/product_tag?post=38817"}],"curies":[{"name":"wp","href":"https:\/\/api.w.org\/{rel}","templated":true}]}}