{"id":38925,"date":"2025-11-28T22:12:32","date_gmt":"2025-11-28T22:12:32","guid":{"rendered":"https:\/\/asura.lv\/product\/torras-lensguard-for-iphone-16-pro-max-titanium-gray\/"},"modified":"2025-12-12T15:07:23","modified_gmt":"2025-12-12T13:07:23","slug":"torras-lensguard-for-iphone-16-pro-max-titanium-gray","status":"publish","type":"product","link":"https:\/\/asura.lv\/et\/toode\/torras-lensguard-for-iphone-16-pro-max-titanium-gray\/","title":{"rendered":"Torras Lensguard iPhone 16 Pro Maxile (titaanhall)"},"content":{"rendered":"<h3>Torras Lensguard kaameraklaas iPhone 16 Pro Maxile (hall)<\/h3>\n<p>Torras Lensguard on \u00e4\u00e4rmiselt vastupidav kaameraklaas iPhone 16 Pro Maxile, mis kaitseb objektiivi t\u00f5husalt kahjustuste eest. Vaid 0,25 mm paksuse ja mitmekihilise disainiga, mis sisaldab SCL-kihti ja ioonvahetustugevdust, pakub klaas k\u00f5rgeimat kaitsetaset, m\u00f5jutamata fotokvaliteeti.<\/p>\n<p>\n<img decoding=\"async\" border=\"0\" src=\"https:\/\/assets.innpro.pl\/10665\/12574\/2.jpg\"\/>\n<\/p>\n<h3>Usaldusv\u00e4\u00e4rne kaitse ja vastupidavus<\/h3>\n<p>Torras Lensguard klaas on l\u00e4binud ranged kahjustuskindluse testid, tagades vastupidavuse isegi 3,5 meetri k\u00f5rguselt kukkumisel. 9H+ k\u00f5vadusastmega objektiiv on kriimustuste eest kaitstud, v\u00f5imaldades pikaajalist kasutamist ilma n\u00e4htavate kulumisj\u00e4lgedeta.<\/p>\n<p>\n<img decoding=\"async\" border=\"0\" src=\"https:\/\/assets.innpro.pl\/10665\/12574\/1.jpg\"\/>\n<\/p>\n<h3>T\u00e4iuslik pildikvaliteet<\/h3>\n<p>100% valguse l\u00e4bilaskvuse ja kahepoolse AR-kattega klaas ei m\u00f5juta fotode ja videote kvaliteeti. Kaamera objektiiv s\u00e4ilitab t\u00e4ieliku teravuse ja v\u00e4rvide edastamise, mis on \u00fclioluline fotograafiahuvilistele ja kasutajatele, kes soovivad nautida oma iPhone 16 Pro Maxi k\u00f5iki v\u00f5imalusi.<\/p>\n<p>\n<img decoding=\"async\" border=\"0\" src=\"https:\/\/assets.innpro.pl\/10665\/12574\/3.jpg\"\/>\n<\/p>\n<h3>Kasutusmugavus ja \u00fchilduvus<\/h3>\n<p>Torras Lensguard \u00fchildub t\u00e4ielikult k\u00f5igi iPhone 16 Pro Maxi \u00fcmbristega, mis t\u00e4hendab, et te ei pea oma telefoni lisakaitsest loobuma. Lisaks on klaasi paigaldamine ja eemaldamine kiire ja lihtne, v\u00f5imaldades h\u00f5lpsat sisestamist ilma \u00f5humullide tekkimise riskita.<\/p>\n<p>\n<img decoding=\"async\" border=\"0\" src=\"https:\/\/assets.innpro.pl\/10665\/12574\/4.jpg\"\/>\n<\/p>\n<div class=\"table-wrapper\">\n<p>\u0412\u00a0<\/p>\n<h3><\/h3>\n<table>\n<tbody>\n<tr>\n<th>Tootja<\/th>\n<td>Torras<\/td>\n<\/tr>\n<tr>\n<th>Mudel<\/th>\n<td>X00FX1992<\/td>\n<\/tr>\n<tr>\n<th>V\u00e4rv<\/th>\n<td>hall<\/td>\n<\/tr>\n<tr>\n<th>\u00dchilduvus<\/th>\n<td>iPhone 16 Pro Max<\/td>\n<\/tr>\n<tr>\n<th>Paksus<\/th>\n<td>0.25 mm<\/td>\n<\/tr>\n<\/tbody>\n<\/table>\n<\/div>\n","protected":false},"excerpt":{"rendered":"<p>Torras Lensguard kaameraklaas iPhone 16 Pro Maxile (hall) Torras Lensguard on \u00e4\u00e4rmiselt vastupidav kaameraklaas iPhone 16 Pro Maxile, mis kaitseb objektiivi t\u00f5husalt kahjustuste eest. Vaid 0,25 mm paksuse ja mitmekihilise disainiga, mis sisaldab SCL-kihti ja ioonvahetustugevdust, pakub klaas k\u00f5rgeimat kaitsetaset, m\u00f5jutamata fotokvaliteeti. Usaldusv\u00e4\u00e4rne kaitse ja vastupidavus Torras Lensguard klaas on l\u00e4binud ranged kahjustuskindluse testid, tagades [&#8230;]\n","protected":false},"featured_media":38926,"comment_status":"open","ping_status":"closed","template":"","meta":[],"product_brand":[538],"product_cat":[1248],"product_tag":[],"class_list":{"0":"post-38925","1":"product","2":"type-product","3":"status-publish","4":"has-post-thumbnail","6":"product_brand-torras","7":"product_cat-protective-cases-for-smartphones-cases-gsm-accessories","9":"first","10":"outofstock","11":"taxable","12":"shipping-taxable","13":"purchasable","14":"product-type-simple"},"aioseo_notices":[],"_links":{"self":[{"href":"https:\/\/asura.lv\/et\/wp-json\/wp\/v2\/product\/38925","targetHints":{"allow":["GET"]}}],"collection":[{"href":"https:\/\/asura.lv\/et\/wp-json\/wp\/v2\/product"}],"about":[{"href":"https:\/\/asura.lv\/et\/wp-json\/wp\/v2\/types\/product"}],"replies":[{"embeddable":true,"href":"https:\/\/asura.lv\/et\/wp-json\/wp\/v2\/comments?post=38925"}],"wp:featuredmedia":[{"embeddable":true,"href":"https:\/\/asura.lv\/et\/wp-json\/wp\/v2\/media\/38926"}],"wp:attachment":[{"href":"https:\/\/asura.lv\/et\/wp-json\/wp\/v2\/media?parent=38925"}],"wp:term":[{"taxonomy":"product_brand","embeddable":true,"href":"https:\/\/asura.lv\/et\/wp-json\/wp\/v2\/product_brand?post=38925"},{"taxonomy":"product_cat","embeddable":true,"href":"https:\/\/asura.lv\/et\/wp-json\/wp\/v2\/product_cat?post=38925"},{"taxonomy":"product_tag","embeddable":true,"href":"https:\/\/asura.lv\/et\/wp-json\/wp\/v2\/product_tag?post=38925"}],"curies":[{"name":"wp","href":"https:\/\/api.w.org\/{rel}","templated":true}]}}