{"id":38997,"date":"2025-11-28T22:12:25","date_gmt":"2025-11-28T22:12:25","guid":{"rendered":"https:\/\/asura.lv\/product\/dust-bag-for-dreame-x40-master-e12-3-2l\/"},"modified":"2025-12-12T15:07:16","modified_gmt":"2025-12-12T13:07:16","slug":"dust-bag-for-dreame-x40-master-e12-3-2l","status":"publish","type":"product","link":"https:\/\/asura.lv\/et\/toode\/dust-bag-for-dreame-x40-master-e12-3-2l\/","title":{"rendered":"Tolmukott Dreame X40 Master E12, 3.2L jaoks"},"content":{"rendered":"<h3>Tolmukott Dreame X40 Master E12 jaoks, 3,2 l<\/h3>\n<p>Dreame X40 Master roboti tolmukott tagab suurep\u00e4rase filtreerimise ja maksimaalse h\u00fcgieeni. See kogub ja s\u00e4ilitab t\u00f5husalt prahti, s\u00e4ilitades puhtuse ja minimeerides kokkupuudet tolmuga. T\u00e4nu suurele 3,2-liitrisele mahutavusele tuleb seda palju harvemini vahetada, mis suurendab kasutusmugavust. Valmistatud vastupidavatest materjalidest &#8211; garanteerib pikaajalise kasutamise ja t\u00f5husa kaitse allergeenide eest.<\/p>\n<p>\n<img decoding=\"async\" border=\"0\" src=\"https:\/\/assets.innpro.pl\/8649\/10106\/1.jpg\"\/>\n<\/p>\n<div class=\"table-wrapper\">\n<p>\u0412\u00a0<\/p>\n<h3><\/h3>\n<table>\n<tbody>\n<tr>\n<th>Mudel<\/th>\n<td>RDB14 20010100001175<\/td>\n<\/tr>\n<tr>\n<th>Mahutavus<\/th>\n<td>3,2 l<\/td>\n<\/tr>\n<tr>\n<th>\u00dchilduvus<\/th>\n<td>Dreame X40 Master<\/td>\n<\/tr>\n<\/tbody>\n<\/table>\n<\/div>\n","protected":false},"excerpt":{"rendered":"<p>Tolmukott Dreame X40 Master E12 jaoks, 3,2 l Dreame X40 Master roboti tolmukott tagab suurep\u00e4rase filtreerimise ja maksimaalse h\u00fcgieeni. See kogub ja s\u00e4ilitab t\u00f5husalt prahti, s\u00e4ilitades puhtuse ja minimeerides kokkupuudet tolmuga. T\u00e4nu suurele 3,2-liitrisele mahutavusele tuleb seda palju harvemini vahetada, mis suurendab kasutusmugavust. Valmistatud vastupidavatest materjalidest &#8211; garanteerib pikaajalise kasutamise ja t\u00f5husa kaitse allergeenide eest. [&#8230;]\n","protected":false},"featured_media":38998,"comment_status":"open","ping_status":"closed","template":"","meta":[],"product_brand":[320],"product_cat":[1428],"product_tag":[],"class_list":{"0":"post-38997","1":"product","2":"type-product","3":"status-publish","4":"has-post-thumbnail","6":"product_brand-dreame","7":"product_cat-spare-parts","9":"first","10":"outofstock","11":"taxable","12":"shipping-taxable","13":"purchasable","14":"product-type-simple"},"aioseo_notices":[],"_links":{"self":[{"href":"https:\/\/asura.lv\/et\/wp-json\/wp\/v2\/product\/38997","targetHints":{"allow":["GET"]}}],"collection":[{"href":"https:\/\/asura.lv\/et\/wp-json\/wp\/v2\/product"}],"about":[{"href":"https:\/\/asura.lv\/et\/wp-json\/wp\/v2\/types\/product"}],"replies":[{"embeddable":true,"href":"https:\/\/asura.lv\/et\/wp-json\/wp\/v2\/comments?post=38997"}],"wp:featuredmedia":[{"embeddable":true,"href":"https:\/\/asura.lv\/et\/wp-json\/wp\/v2\/media\/38998"}],"wp:attachment":[{"href":"https:\/\/asura.lv\/et\/wp-json\/wp\/v2\/media?parent=38997"}],"wp:term":[{"taxonomy":"product_brand","embeddable":true,"href":"https:\/\/asura.lv\/et\/wp-json\/wp\/v2\/product_brand?post=38997"},{"taxonomy":"product_cat","embeddable":true,"href":"https:\/\/asura.lv\/et\/wp-json\/wp\/v2\/product_cat?post=38997"},{"taxonomy":"product_tag","embeddable":true,"href":"https:\/\/asura.lv\/et\/wp-json\/wp\/v2\/product_tag?post=38997"}],"curies":[{"name":"wp","href":"https:\/\/api.w.org\/{rel}","templated":true}]}}