{"id":39081,"date":"2025-11-28T22:12:19","date_gmt":"2025-11-28T22:12:19","guid":{"rendered":"https:\/\/asura.lv\/product\/sonoff-m5-3c-80w-wifi-matter-smart-wall-switch-3-channel-for-frame\/"},"modified":"2025-12-12T15:07:08","modified_gmt":"2025-12-12T13:07:08","slug":"sonoff-m5-3c-80w-wifi-matter-smart-wall-switch-3-channel-for-frame","status":"publish","type":"product","link":"https:\/\/asura.lv\/et\/toode\/sonoff-m5-3c-80w-wifi-matter-smart-wall-switch-3-channel-for-frame\/","title":{"rendered":"SONOFF M5-3C-80W WiFi Matter nutikas seinal\u00fcliti (3-kanaliga, raamile)"},"content":{"rendered":"<h3>M5-3C-80W Matter nutikas seinal\u00fcliti (3-kanaliga, raamile).<\/h3>\n<p>Sonoff M5 Matter seinal\u00fcliti v\u00f5imaldab teil mugavalt hallata oma kodu valgustust ja elektriseadmeid. F\u00fc\u00fcsiliste nuppude abil saate tulesid h\u00f5lpsalt sisse ja v\u00e4lja l\u00fclitada ning eWeLinki rakenduse abil saate oma seadmeid hallata k\u00f5ikjal maailmas. Te ei pea muretsema tulede kustutamise unustamise p\u00e4rast \u2013 n\u00fc\u00fcd on teil k\u00f5ik kontrolli all. Toode sobib raami, mille saate eraldi osta.<\/p>\n<p>\n<img decoding=\"async\" border=\"0\" src=\"https:\/\/assets.innpro.pl\/8613\/10062\/1 \u0412\u201d kopija.jpg\"\/>\n<\/p>\n<h3>Sujuv integratsioon ja h\u00e4\u00e4ljuhtimine<\/h3>\n<p>Matter-sertifikaadiga M5 integreerub ideaalselt selliste \u00f6kos\u00fcsteemidega nagu Alexa, Google Home, Apple Home ja t\u00f6\u00f6tab teiste kaubam\u00e4rkide seadmetega. L\u00fcliti toetab h\u00e4\u00e4ljuhtimist, nii et saate tuled sisse l\u00fclitada isegi siis, kui teie k\u00e4ed on h\u00f5ivatud \u2013 vaid lihtne k\u00e4sklus!<\/p>\n<p>\n<img decoding=\"async\" border=\"0\" src=\"https:\/\/assets.innpro.pl\/8613\/10062\/8.jpg\"\/>\n<\/p>\n<h3>Stabiilsus ja t\u00f6\u00f6kiirus<\/h3>\n<p>Seade pakub kiiret reageerimist ja stabiilset t\u00f6\u00f6d. Isegi halbade v\u00f5rgutingimuste korral t\u00f6\u00f6tab l\u00fcliti sujuvalt kohalikus koduv\u00f5rgus. Saate seadmeid h\u00f5lpsalt hallata Apple Home&#8217;i kaudu. rakendust ja looge automatiseeringuid teiste tootjate seadmetega.<\/p>\n<p>\n<img decoding=\"async\" border=\"0\" src=\"https:\/\/assets.innpro.pl\/8613\/10062\/3.jpg\"\/>\n<\/p>\n<h3>Turvalisus ja k\u00f5rge kvaliteet<\/h3>\n<p>M5 Matter l\u00fcliti on valmistatud kvaliteetsest PC V0 materjalist, mis tagab vastupidavuse k\u00f5rgetele temperatuuridele. K\u00f5rge ja madalpinge eraldamine v\u00f5imaldab l\u00fclitit ohutult eemaldada. Seade on CE-sertifitseeritud, mis tagab selle ohutu kasutamise.<\/p>\n<p>\n<img decoding=\"async\" border=\"0\" src=\"https:\/\/assets.innpro.pl\/8613\/10062\/9.jpg\"\/>\n<\/p>\n<h3>Lisav\u00f5imalused<\/h3>\n<p>M5 Matter t\u00f6\u00f6tab eraldi saadaoleva NSPaneliga, mis v\u00f5imaldab valgustust ja kodumasinaid puutetundliku ekraani kaudu juhtida. M\u00f5lemad seadmed on saadaval samas v\u00e4rvitoonis, mis v\u00f5imaldab teil oma kodu interj\u00f6\u00f6ri j\u00e4rjepidevalt kaunistada. Veelgi enam, koos R5 stseenikontrolleriga saate sama valgustit juhtida kahest erinevast kohast, v\u00e4listades keerulise juhtmestiku vajaduse.<\/p>\n<p>\n<img decoding=\"async\" border=\"0\" src=\"https:\/\/assets.innpro.pl\/8613\/10062\/2.jpg\"\/>\n<\/p>\n<div class=\"table-wrapper\">\n<p>\u0412\u00a0<\/p>\n<h3><\/h3>\n<table>\n<tbody>\n<tr>\n<th>Tootja<\/th>\n<td>Sonoff<\/td>\n<\/tr>\n<tr>\n<th>Mudel<\/th>\n<td>M5-3C-80W<\/td>\n<\/tr>\n<tr>\n<th>MCU<\/th>\n<td>ESP32<\/td>\n<\/tr>\n<tr>\n<th>Nimiv\u00e4\u00e4rtus<\/th>\n<td>3C: 100-240V ~ 50\/60Hz 2A\/Gang 6A Kokku Max.<\/td>\n<\/tr>\n<tr>\n<th>Maksimaalne koormus<\/th>\n<td>3C: 1320W (1\u2013440W\/grupp)<\/td>\n<\/tr>\n<tr>\n<th>LED-koormus<\/th>\n<td>3C: 100W\/220V\/grupp, 60W\/110V\/grupp<\/td>\n<\/tr>\n<tr>\n<th>Traadita \u00fchenduvus<\/th>\n<td>IEEE 802.11 b\/g\/n 2,4 GHz<\/td>\n<\/tr>\n<tr>\n<th>Netokaal<\/th>\n<td>3C\u201380W (141,3 g)<\/td>\n<\/tr>\n<tr>\n<th>M\u00f5\u00f5tmed<\/th>\n<td>86x71x41,5 mm<\/td>\n<\/tr>\n<tr>\n<th>V\u00e4rv<\/th>\n<td>Valge<\/td>\n<\/tr>\n<tr>\n<th>Korpuse materjal<\/th>\n<td>PC V0+CRS<\/td>\n<\/tr>\n<tr>\n<th>Rakenduskoht<\/th>\n<td>Sisemine<\/td>\n<\/tr>\n<tr>\n<th>T\u00f6\u00f6temperatuur<\/th>\n<td>-10 \u00b0C~40 \u00b0C<\/td>\n<\/tr>\n<tr>\n<th>T\u00f6\u00f6niiskus<\/th>\n<td>5%~95% suhteline \u00f5huniiskus, mittekondenseeruv<\/td>\n<\/tr>\n<tr>\n<th>Vastavus sertifikaatidele<\/th>\n<td>CE\/RoHS<\/td>\n<\/tr>\n<tr>\n<th>Toimivusstandard<\/th>\n<td>EN 60669-2-1<\/td>\n<\/tr>\n<\/tbody>\n<\/table>\n<\/div>\n","protected":false},"excerpt":{"rendered":"<p>M5-3C-80W Matter nutikas seinal\u00fcliti (3-kanaliga, raamile). Sonoff M5 Matter seinal\u00fcliti v\u00f5imaldab teil mugavalt hallata oma kodu valgustust ja elektriseadmeid. F\u00fc\u00fcsiliste nuppude abil saate tulesid h\u00f5lpsalt sisse ja v\u00e4lja l\u00fclitada ning eWeLinki rakenduse abil saate oma seadmeid hallata k\u00f5ikjal maailmas. Te ei pea muretsema tulede kustutamise unustamise p\u00e4rast \u2013 n\u00fc\u00fcd on teil k\u00f5ik kontrolli all. Toode [&#8230;]\n","protected":false},"featured_media":39082,"comment_status":"open","ping_status":"closed","template":"","meta":[],"product_brand":[203],"product_cat":[930],"product_tag":[],"class_list":{"0":"post-39081","1":"product","2":"type-product","3":"status-publish","4":"has-post-thumbnail","6":"product_brand-sonoff","7":"product_cat-switches","9":"first","10":"outofstock","11":"taxable","12":"shipping-taxable","13":"purchasable","14":"product-type-simple"},"aioseo_notices":[],"_links":{"self":[{"href":"https:\/\/asura.lv\/et\/wp-json\/wp\/v2\/product\/39081","targetHints":{"allow":["GET"]}}],"collection":[{"href":"https:\/\/asura.lv\/et\/wp-json\/wp\/v2\/product"}],"about":[{"href":"https:\/\/asura.lv\/et\/wp-json\/wp\/v2\/types\/product"}],"replies":[{"embeddable":true,"href":"https:\/\/asura.lv\/et\/wp-json\/wp\/v2\/comments?post=39081"}],"wp:featuredmedia":[{"embeddable":true,"href":"https:\/\/asura.lv\/et\/wp-json\/wp\/v2\/media\/39082"}],"wp:attachment":[{"href":"https:\/\/asura.lv\/et\/wp-json\/wp\/v2\/media?parent=39081"}],"wp:term":[{"taxonomy":"product_brand","embeddable":true,"href":"https:\/\/asura.lv\/et\/wp-json\/wp\/v2\/product_brand?post=39081"},{"taxonomy":"product_cat","embeddable":true,"href":"https:\/\/asura.lv\/et\/wp-json\/wp\/v2\/product_cat?post=39081"},{"taxonomy":"product_tag","embeddable":true,"href":"https:\/\/asura.lv\/et\/wp-json\/wp\/v2\/product_tag?post=39081"}],"curies":[{"name":"wp","href":"https:\/\/api.w.org\/{rel}","templated":true}]}}