{"id":39405,"date":"2025-11-28T22:05:50","date_gmt":"2025-11-28T22:05:50","guid":{"rendered":"https:\/\/asura.lv\/product\/metal-cage-with-cold-shoe-puluz-for-dji-osmo-action-4-3\/"},"modified":"2025-12-12T15:01:07","modified_gmt":"2025-12-12T13:01:07","slug":"metal-cage-with-cold-shoe-puluz-for-dji-osmo-action-4-3","status":"publish","type":"product","link":"https:\/\/asura.lv\/et\/toode\/metal-cage-with-cold-shoe-puluz-for-dji-osmo-action-4-3\/","title":{"rendered":"DJI Osmo Action 4\/3 kaamerale m\u00f5eldud metallpuur k\u00fclma kingaga PULUZ"},"content":{"rendered":"<h3>Metallist puur k\u00fclmkinnitusega PULUZ DJI Osmo Action 4\/3\u0412 jaoks\u00a0<\/h3>\n<p>Kaitse oma DJI Osmo Action 4\/3 kaamerat ja saa samal ajal rohkem salvestusv\u00f5imalusi. PULUZ metallkorpus kaitseb seadet t\u00f5husalt kahjustuste eest ning k\u00fclmkinnituse kinnitus ja 1\/4-tolline auk v\u00f5imaldavad paigaldada lisatarvikuid. Toodet on ka v\u00e4ga lihtne paigaldada \u2013 see v\u00f5tab vaid hetke.<\/p>\n<p><img decoding=\"async\" src=\"https:\/\/assets.innpro.pl\/4487\/5141\/1.jpg\" border=\"0\" alt=\"\" \/><\/p>\n<h3>Usaldusv\u00e4\u00e4rne kaitse<\/h3>\n<p>Korpus on valmistatud kvaliteetsest alumiiniumisulamist, mis tagab selle vastupidavuse ja tugevuse. See lisatarvik pakub teie kaamerale usaldusv\u00e4\u00e4rset kaitset! Lisaks sobib toode ideaalselt DJI Osmo Action 3 ja DJI Osmo Action 4 mudelite kujuga \u2013 see ei m\u00f5juta mingil moel nende t\u00f6\u00f6d. Korpus garanteerib ka suurep\u00e4rase soojuse hajumise. Seega ei pea te muretsema kaamera \u00fclekuumenemise p\u00e4rast!<\/p>\n<p><img decoding=\"async\" src=\"https:\/\/assets.innpro.pl\/4487\/5141\/4.jpg\" border=\"0\" alt=\"\" \/><\/p>\n<h3>\u00dchilduvus erinevate lisatarvikutega<\/h3>\n<p>Korpus on varustatud 1\/4-tollise auguga, mis v\u00f5imaldab teil kaamera mugavalt n\u00e4iteks statiivile v\u00f5i selfie-pulgale paigaldada. Saadaval on ka k\u00fclmkinnitus, mis v\u00f5imaldab kinnitada lisatarvikuid, n\u00e4iteks lisavalgustust v\u00f5i mikrofoni.<\/p>\n<p><img decoding=\"async\" src=\"https:\/\/assets.innpro.pl\/4487\/5141\/2.jpg\" border=\"0\" alt=\"\" \/><\/p>\n<h3>Komplektis<\/h3>\n<ul>\n<li>Korpus<\/li>\n<li>Adapter<\/li>\n<li>Adapteri kruvid x2<\/li>\n<li>Kuuskantv\u00f5ti<\/li>\n<\/ul>\n<div class=\"table-wrapper\">\n<p>B\u00a0<\/p>\n<h3>B\u00a0<\/h3>\n<table>\n<tbody>\n<tr>\n<th>Tootja<\/th>\n<td>PULUZ<\/td>\n<\/tr>\n<tr>\n<th>Mudel<\/th>\n<td>PU928B<\/td>\n<\/tr>\n<tr>\n<th>Materjal<\/th>\n<td>Alumiiniumisulam<\/td>\n<\/tr>\n<tr>\n<th>M\u00f5\u00f5tmed<\/th>\n<td>8,15 x 3,3 x 5,4 cm<\/td>\n<\/tr>\n<tr>\n<th>\u00dchilduvus<\/th>\n<td>DJI Osmo Action 3, DJI Osmo Action 4<\/td>\n<\/tr>\n<\/tbody>\n<\/table>\n<\/div>\n","protected":false},"excerpt":{"rendered":"<p>Metallist puur k\u00fclmkinnitusega PULUZ DJI Osmo Action 4\/3\u0412 jaoks\u00a0 Kaitse oma DJI Osmo Action 4\/3 kaamerat ja saa samal ajal rohkem salvestusv\u00f5imalusi. PULUZ metallkorpus kaitseb seadet t\u00f5husalt kahjustuste eest ning k\u00fclmkinnituse kinnitus ja 1\/4-tolline auk v\u00f5imaldavad paigaldada lisatarvikuid. Toodet on ka v\u00e4ga lihtne paigaldada \u2013 see v\u00f5tab vaid hetke. Usaldusv\u00e4\u00e4rne kaitse Korpus on valmistatud kvaliteetsest [&#8230;]\n","protected":false},"featured_media":39406,"comment_status":"open","ping_status":"closed","template":"","meta":[],"product_brand":[149],"product_cat":[936],"product_tag":[],"class_list":{"0":"post-39405","1":"product","2":"type-product","3":"status-publish","4":"has-post-thumbnail","6":"product_brand-puluz","7":"product_cat-for-sports-cameras","9":"first","10":"outofstock","11":"taxable","12":"shipping-taxable","13":"purchasable","14":"product-type-simple"},"aioseo_notices":[],"_links":{"self":[{"href":"https:\/\/asura.lv\/et\/wp-json\/wp\/v2\/product\/39405","targetHints":{"allow":["GET"]}}],"collection":[{"href":"https:\/\/asura.lv\/et\/wp-json\/wp\/v2\/product"}],"about":[{"href":"https:\/\/asura.lv\/et\/wp-json\/wp\/v2\/types\/product"}],"replies":[{"embeddable":true,"href":"https:\/\/asura.lv\/et\/wp-json\/wp\/v2\/comments?post=39405"}],"wp:featuredmedia":[{"embeddable":true,"href":"https:\/\/asura.lv\/et\/wp-json\/wp\/v2\/media\/39406"}],"wp:attachment":[{"href":"https:\/\/asura.lv\/et\/wp-json\/wp\/v2\/media?parent=39405"}],"wp:term":[{"taxonomy":"product_brand","embeddable":true,"href":"https:\/\/asura.lv\/et\/wp-json\/wp\/v2\/product_brand?post=39405"},{"taxonomy":"product_cat","embeddable":true,"href":"https:\/\/asura.lv\/et\/wp-json\/wp\/v2\/product_cat?post=39405"},{"taxonomy":"product_tag","embeddable":true,"href":"https:\/\/asura.lv\/et\/wp-json\/wp\/v2\/product_tag?post=39405"}],"curies":[{"name":"wp","href":"https:\/\/api.w.org\/{rel}","templated":true}]}}