{"id":39525,"date":"2025-11-28T22:05:40","date_gmt":"2025-11-28T22:05:40","guid":{"rendered":"https:\/\/asura.lv\/product\/joyroom-pn-15b1-glacier-case-for-iphone-15-clear\/"},"modified":"2025-12-12T15:01:02","modified_gmt":"2025-12-12T13:01:02","slug":"joyroom-pn-15b1-glacier-case-for-iphone-15-clear","status":"publish","type":"product","link":"https:\/\/asura.lv\/et\/toode\/joyroom-pn-15b1-glacier-case-for-iphone-15-clear\/","title":{"rendered":"Joyroom PN-15B1 Glacier \u00fcmbris iPhone 15-le (l\u00e4bipaistev)"},"content":{"rendered":"<h3>Joyroom PN-15B1 Glacier \u00fcmbris iPhone 15-le (l\u00e4bipaistev).<\/h3>\n<\/p>\n<p>Too oma ellu elegantsi Joyroomiga. Glacier seeria \u00fcmbrist iseloomustavad k\u00f5rgl\u00e4ikelised kristallid, mis on telefoni objektiivi l\u00e4hedal t\u00e4pselt paigutatud. Selle valmistamisel on kasutatud kvaliteetseid materjale, mis tagavad vastupidavuse kulumisj\u00e4lgedele, nii et teie iPhone 15 n\u00e4eb alati esteetiliselt meeldiv v\u00e4lja.<\/p>\n<\/p>\n<p>\n<img decoding=\"async\" border=\"0\" src=\"https:\/\/assets.innpro.pl\/4744\/5492\/2.jpg\"\/>\n<\/p>\n<h3>Kvaliteetsed kristallid<\/h3>\n<\/p>\n<p>Joyroom Glacier \u00fcmbris on inspireeritud liustike ilust. Valitud k\u00f5rgl\u00e4ikelised kristallid, mis kaunistavad aksessuaari, p\u00e4rinevad samast tehasest kui kuulsad Swarovski kristallid. T\u00e4nu k\u00e4sitsi tehtud inkrustatsioonidele ja t\u00e4iustatud tehnikate kasutamisele on iga detail viimistletud.<\/p>\n<\/p>\n<p>\n<img decoding=\"async\" border=\"0\" src=\"https:\/\/assets.innpro.pl\/4744\/5492\/4.jpg\"\/>\n<\/p>\n<h3>Vastupidavad materjalid<\/h3>\n<\/p>\n<p>Joyroom Glacier korpuse tootmisel kasutati Saksa Bayeri materjale, mis tagasid vastupidavuse ja kolletumiskindluse. Innovatiivne AR-kate, mis on valmistatud nanotehnoloogia abil, koos oleofoobse kattega pakub kaitset rasva ja s\u00f5rmej\u00e4lgede eest \u2013 selle tulemusel n\u00e4eb aksessuaar alati esteetiliselt meeldiv v\u00e4lja.<\/p>\n<\/p>\n<p>\n<img decoding=\"async\" border=\"0\" src=\"https:\/\/assets.innpro.pl\/4744\/5492\/3.jpg\"\/>\n<\/p>\n<div class=\"table-wrapper\">\n<p>\u0412\u00a0<\/p>\n<h3><\/h3>\n<table>\n<tbody>\n<tr>\n<th>Tootja<\/th>\n<td>Joyroom<\/td>\n<\/tr>\n<tr>\n<th>Mudel<\/th>\n<td>PN-15B1<\/td>\n<\/tr>\n<tr>\n<th>Seeria<\/th>\n<td>Glacier<\/td>\n<\/tr>\n<tr>\n<th>\u00dchilduvus<\/th>\n<td>iPhone 15<\/td>\n<\/tr>\n<tr>\n<th>V\u00e4rv<\/th>\n<td>l\u00e4bipaistev<\/td>\n<\/tr>\n<\/tbody>\n<\/table>\n<\/div>\n","protected":false},"excerpt":{"rendered":"<p>Joyroom PN-15B1 Glacier \u00fcmbris iPhone 15-le (l\u00e4bipaistev). Too oma ellu elegantsi Joyroomiga. Glacier seeria \u00fcmbrist iseloomustavad k\u00f5rgl\u00e4ikelised kristallid, mis on telefoni objektiivi l\u00e4hedal t\u00e4pselt paigutatud. Selle valmistamisel on kasutatud kvaliteetseid materjale, mis tagavad vastupidavuse kulumisj\u00e4lgedele, nii et teie iPhone 15 n\u00e4eb alati esteetiliselt meeldiv v\u00e4lja. Kvaliteetsed kristallid Joyroom Glacier \u00fcmbris on inspireeritud liustike ilust. Valitud [&#8230;]\n","protected":false},"featured_media":39526,"comment_status":"open","ping_status":"closed","template":"","meta":[],"product_brand":[443],"product_cat":[1248],"product_tag":[],"class_list":{"0":"post-39525","1":"product","2":"type-product","3":"status-publish","4":"has-post-thumbnail","6":"product_brand-joyroom","7":"product_cat-protective-cases-for-smartphones-cases-gsm-accessories","9":"first","10":"outofstock","11":"taxable","12":"shipping-taxable","13":"purchasable","14":"product-type-simple"},"aioseo_notices":[],"_links":{"self":[{"href":"https:\/\/asura.lv\/et\/wp-json\/wp\/v2\/product\/39525","targetHints":{"allow":["GET"]}}],"collection":[{"href":"https:\/\/asura.lv\/et\/wp-json\/wp\/v2\/product"}],"about":[{"href":"https:\/\/asura.lv\/et\/wp-json\/wp\/v2\/types\/product"}],"replies":[{"embeddable":true,"href":"https:\/\/asura.lv\/et\/wp-json\/wp\/v2\/comments?post=39525"}],"wp:featuredmedia":[{"embeddable":true,"href":"https:\/\/asura.lv\/et\/wp-json\/wp\/v2\/media\/39526"}],"wp:attachment":[{"href":"https:\/\/asura.lv\/et\/wp-json\/wp\/v2\/media?parent=39525"}],"wp:term":[{"taxonomy":"product_brand","embeddable":true,"href":"https:\/\/asura.lv\/et\/wp-json\/wp\/v2\/product_brand?post=39525"},{"taxonomy":"product_cat","embeddable":true,"href":"https:\/\/asura.lv\/et\/wp-json\/wp\/v2\/product_cat?post=39525"},{"taxonomy":"product_tag","embeddable":true,"href":"https:\/\/asura.lv\/et\/wp-json\/wp\/v2\/product_tag?post=39525"}],"curies":[{"name":"wp","href":"https:\/\/api.w.org\/{rel}","templated":true}]}}