{"id":39543,"date":"2025-11-28T22:05:38","date_gmt":"2025-11-28T22:05:38","guid":{"rendered":"https:\/\/asura.lv\/product\/joyroom-pn-15f1-starry-case-for-iphone-15-pro-green\/"},"modified":"2025-12-12T15:01:00","modified_gmt":"2025-12-12T13:01:00","slug":"joyroom-pn-15f1-starry-case-for-iphone-15-pro-green","status":"publish","type":"product","link":"https:\/\/asura.lv\/et\/toode\/joyroom-pn-15f1-starry-case-for-iphone-15-pro-green\/","title":{"rendered":"Joyroom PN-15F1 Starry \u00fcmbris iPhone 15 Pro jaoks (roheline)"},"content":{"rendered":"<h3>Joyroom PN-15F2 Starry \u00fcmbris iPhone 15 Pro-le (roheline)<\/h3>\n<\/p>\n<p>Varu endale \u00fcmbris, mis mitte ainult ei kaitse t\u00f5husalt sinu nutitelefoni, vaid n\u00e4eb ka suurep\u00e4rane v\u00e4lja. Joyroomi Starry \u00fcmbrise mudel on kaunistatud v\u00e4ikeste kristallidega, mis s\u00e4ravad kaunilt ja p\u00fc\u00fcavad pilku. Selle lisakaunistus on v\u00e4ike metallelement, mis asub \u00fches alumises nurgas. \u00dcmbris on ka v\u00e4ga vastupidav ja kahjustustele vastupidav. See on valmistatud kvaliteetsetest materjalidest ning t\u00e4nu pehmele voodrile tagab see kaitse kriimustuste eest, parema ventilatsiooni ja t\u00f5husa soojuse hajumise. Lisaks hoiab t\u00e4iendav kaitsekiht \u00e4ra mustuse kogunemise ja p\u00f5hjas olevad lisaaugud v\u00f5imaldavad telefoni keti k\u00fclge riputada.<\/p>\n<\/p>\n<p>\n<img decoding=\"async\" border=\"0\" src=\"https:\/\/assets.innpro.pl\/4455\/5094\/6.jpg\"\/>\n<\/p>\n<div class=\"table-wrapper\">\n<p>\u0412\u00a0<\/p>\n<h3><\/h3>\n<table>\n<tbody>\n<tr>\n<th>Tootja<\/th>\n<td>Joyroom<\/td>\n<\/tr>\n<tr>\n<th>Mudel<\/th>\n<td>PN-15F2<\/td>\n<\/tr>\n<tr>\n<th>V\u00e4rv<\/th>\n<td>Roheline<\/td>\n<\/tr>\n<tr>\n<th>\u00dchilduvus<\/th>\n<td>iPhone 15 Pro<\/td>\n<\/tr>\n<\/tbody>\n<\/table>\n<\/div>\n","protected":false},"excerpt":{"rendered":"<p>Joyroom PN-15F2 Starry \u00fcmbris iPhone 15 Pro-le (roheline) Varu endale \u00fcmbris, mis mitte ainult ei kaitse t\u00f5husalt sinu nutitelefoni, vaid n\u00e4eb ka suurep\u00e4rane v\u00e4lja. Joyroomi Starry \u00fcmbrise mudel on kaunistatud v\u00e4ikeste kristallidega, mis s\u00e4ravad kaunilt ja p\u00fc\u00fcavad pilku. Selle lisakaunistus on v\u00e4ike metallelement, mis asub \u00fches alumises nurgas. \u00dcmbris on ka v\u00e4ga vastupidav ja kahjustustele [&#8230;]\n","protected":false},"featured_media":39544,"comment_status":"open","ping_status":"closed","template":"","meta":[],"product_brand":[443],"product_cat":[1248],"product_tag":[],"class_list":{"0":"post-39543","1":"product","2":"type-product","3":"status-publish","4":"has-post-thumbnail","6":"product_brand-joyroom","7":"product_cat-protective-cases-for-smartphones-cases-gsm-accessories","9":"first","10":"outofstock","11":"taxable","12":"shipping-taxable","13":"purchasable","14":"product-type-simple"},"aioseo_notices":[],"_links":{"self":[{"href":"https:\/\/asura.lv\/et\/wp-json\/wp\/v2\/product\/39543","targetHints":{"allow":["GET"]}}],"collection":[{"href":"https:\/\/asura.lv\/et\/wp-json\/wp\/v2\/product"}],"about":[{"href":"https:\/\/asura.lv\/et\/wp-json\/wp\/v2\/types\/product"}],"replies":[{"embeddable":true,"href":"https:\/\/asura.lv\/et\/wp-json\/wp\/v2\/comments?post=39543"}],"wp:featuredmedia":[{"embeddable":true,"href":"https:\/\/asura.lv\/et\/wp-json\/wp\/v2\/media\/39544"}],"wp:attachment":[{"href":"https:\/\/asura.lv\/et\/wp-json\/wp\/v2\/media?parent=39543"}],"wp:term":[{"taxonomy":"product_brand","embeddable":true,"href":"https:\/\/asura.lv\/et\/wp-json\/wp\/v2\/product_brand?post=39543"},{"taxonomy":"product_cat","embeddable":true,"href":"https:\/\/asura.lv\/et\/wp-json\/wp\/v2\/product_cat?post=39543"},{"taxonomy":"product_tag","embeddable":true,"href":"https:\/\/asura.lv\/et\/wp-json\/wp\/v2\/product_tag?post=39543"}],"curies":[{"name":"wp","href":"https:\/\/api.w.org\/{rel}","templated":true}]}}