{"id":39765,"date":"2025-11-28T22:05:18","date_gmt":"2025-11-28T22:05:18","guid":{"rendered":"https:\/\/asura.lv\/product\/water-fountain-for-pets-rojeco-25l-black\/"},"modified":"2025-12-12T15:00:35","modified_gmt":"2025-12-12T13:00:35","slug":"water-fountain-for-pets-rojeco-25l-black","status":"publish","type":"product","link":"https:\/\/asura.lv\/et\/toode\/water-fountain-for-pets-rojeco-25l-black\/","title":{"rendered":"Lemmikloomade veefont\u00e4\u00e4n Rojeco 2,5L (must)"},"content":{"rendered":"<h3>Rojeco 2,5L nutikas joogin\u00f5u\/kassijootur (must).<\/h3>\n<p>Rojeco tutvustab moodsat ja intelligentset lahendust RYSJ-09 joogin\u00f5u\/jooturi n\u00e4ol, mis on loodud tagama teie koerale v\u00f5i kassile pideva juurdep\u00e4\u00e4su v\u00e4rskele ja puhtale veele. 2,5-liitrise mahutavusega seade suudab rahuldada kahe kassi n\u00e4dalased vajadused, nii et te ei pea muretsema sagedase vee lisamise p\u00e4rast. Kahe kausiga disain v\u00f5imaldab kahel lemmikloomal seda korraga kasutada, mist\u00f5ttu on see ideaalne leibkondadele, kus on rohkem kui \u00fcks lemmikloom.<\/p>\n<p><img decoding=\"async\" src=\"https:\/\/b2b.innpro.pl\/data\/include\/cms\/Rojeco\/RYSJ-09\/5.jpg\" alt=\"Rojeco\/RYSJ-09\/5\"><\/p>\n<h3>Puhas ja v\u00e4rske vesi t\u00e4nu mitmeastmelisele filtreerimisele<\/h3>\n<p>Fontaan on varustatud t\u00e4iustatud neljakihilise filtreerimiss\u00fcsteemiga, mis on loodud mitmesuguste lisandite, n\u00e4iteks karvade, k\u00f5\u00f5ma ja muude peente osakeste eemaldamiseks. Kasutatud materjalid, sealhulgas ioonvahetusvaik raskmetallide eemaldamiseks, kookosp\u00e4hklikoortest eralduv aktiivs\u00fcsi ebameeldivate l\u00f5hnade neutraliseerimiseks ning tihe filter karvade ja tolmu p\u00fc\u00fcdmiseks, tagavad teie lemmikloomale k\u00f5rgeima kvaliteediga vee.<\/p>\n<p><img decoding=\"async\" src=\"https:\/\/b2b.innpro.pl\/data\/include\/cms\/Rojeco\/RYSJ-09\/3.jpg\" alt=\"Rojeco\/RYSJ-09\/3\"><\/p>\n<h3>\u00dclivaikne t\u00f6\u00f6 ja kasutusmugavus<\/h3>\n<p>T\u00e4nu madalr\u00f5hu 5V pumba kasutamisele t\u00f6\u00f6tab purskkaev v\u00e4ga vaikselt, tekitades vaid 30 dB m\u00fcrataset, mis ei tekita lemmikloomadele stressi ja v\u00f5imaldab teil seadme paigutada \u00fcksk\u00f5ik kuhu majas. L\u00e4bipaistev veepaak teeb veetaseme j\u00e4lgimise lihtsaks ja modulaarne disain muudab purskkaevu puhastamise lihtsaks ja intuitiivseks.<\/p>\n<p><img decoding=\"async\" src=\"https:\/\/b2b.innpro.pl\/data\/include\/cms\/Rojeco\/RYSJ-09\/1.jpg\" alt=\"Rojeco\/RYSJ-09\/1\"><\/p>\n<h3>Kaasas<\/h3>\n<ul>\n<li>Veepaak<\/li>\n<li>Filtrialus<\/li>\n<li>Joogialus<\/li>\n<li>Filter<\/li>\n<li>Pump<\/li>\n<li>Sisselasketoru<\/li>\n<li>Vee v\u00e4ljalaskeots<\/li>\n<li>Toiteadapter<\/li>\n<li>K\u00e4snafilter<\/li>\n<li>Veevoolik<\/li>\n<\/ul>\n<div class=\"table-wrapper\">\n<table>\n<tbody>\n<tr>\n<th>Tootja<\/th>\n<td>Rojeco<\/td>\n<\/tr>\n<tr>\n<th>Mudel<\/th>\n<td>RYSJ-09<\/td>\n<\/tr>\n<tr>\n<th>Maht<\/th>\n<td>2,5 l<\/td>\n<\/tr>\n<tr>\n<th>Adapter<\/th>\n<td>100\u2013240 V 50\/60 Hz<\/td>\n<\/tr>\n<tr>\n<th>Adapteri v\u00e4ljund<\/th>\n<td>5 V 1000 mA<\/td>\n<\/tr>\n<tr>\n<th>Nimiv\u00f5imsus<\/th>\n<td>5 V\/1 A max.<\/td>\n<\/tr>\n<tr>\n<th>Filtri t\u00fc\u00fcp<\/th>\n<td>Vahetatav filter\/eelfiltri k\u00e4sn<\/td>\n<\/tr>\n<tr>\n<th>Materjal<\/th>\n<td>ABS + Arvuti<\/td>\n<\/tr>\n<\/tbody>\n<\/table>\n<\/div>\n","protected":false},"excerpt":{"rendered":"<p>Rojeco 2,5L nutikas joogin\u00f5u\/kassijootur (must). Rojeco tutvustab moodsat ja intelligentset lahendust RYSJ-09 joogin\u00f5u\/jooturi n\u00e4ol, mis on loodud tagama teie koerale v\u00f5i kassile pideva juurdep\u00e4\u00e4su v\u00e4rskele ja puhtale veele. 2,5-liitrise mahutavusega seade suudab rahuldada kahe kassi n\u00e4dalased vajadused, nii et te ei pea muretsema sagedase vee lisamise p\u00e4rast. Kahe kausiga disain v\u00f5imaldab kahel lemmikloomal seda korraga [&#8230;]\n","protected":false},"featured_media":39766,"comment_status":"open","ping_status":"closed","template":"","meta":[],"product_brand":[533],"product_cat":[1242],"product_tag":[],"class_list":{"0":"post-39765","1":"product","2":"type-product","3":"status-publish","4":"has-post-thumbnail","6":"product_brand-rojeco","7":"product_cat-water-dispensers","9":"first","10":"outofstock","11":"taxable","12":"shipping-taxable","13":"purchasable","14":"product-type-simple"},"aioseo_notices":[],"_links":{"self":[{"href":"https:\/\/asura.lv\/et\/wp-json\/wp\/v2\/product\/39765","targetHints":{"allow":["GET"]}}],"collection":[{"href":"https:\/\/asura.lv\/et\/wp-json\/wp\/v2\/product"}],"about":[{"href":"https:\/\/asura.lv\/et\/wp-json\/wp\/v2\/types\/product"}],"replies":[{"embeddable":true,"href":"https:\/\/asura.lv\/et\/wp-json\/wp\/v2\/comments?post=39765"}],"wp:featuredmedia":[{"embeddable":true,"href":"https:\/\/asura.lv\/et\/wp-json\/wp\/v2\/media\/39766"}],"wp:attachment":[{"href":"https:\/\/asura.lv\/et\/wp-json\/wp\/v2\/media?parent=39765"}],"wp:term":[{"taxonomy":"product_brand","embeddable":true,"href":"https:\/\/asura.lv\/et\/wp-json\/wp\/v2\/product_brand?post=39765"},{"taxonomy":"product_cat","embeddable":true,"href":"https:\/\/asura.lv\/et\/wp-json\/wp\/v2\/product_cat?post=39765"},{"taxonomy":"product_tag","embeddable":true,"href":"https:\/\/asura.lv\/et\/wp-json\/wp\/v2\/product_tag?post=39765"}],"curies":[{"name":"wp","href":"https:\/\/api.w.org\/{rel}","templated":true}]}}