{"id":39885,"date":"2025-11-28T21:12:19","date_gmt":"2025-11-28T21:12:19","guid":{"rendered":"https:\/\/asura.lv\/product\/shelly-wall-switch-1-button-white\/"},"modified":"2025-12-12T15:00:24","modified_gmt":"2025-12-12T13:00:24","slug":"shelly-wall-switch-1-button-white","status":"publish","type":"product","link":"https:\/\/asura.lv\/et\/toode\/shelly-wall-switch-1-button-white\/","title":{"rendered":"Shelly seinal\u00fcliti 1 nupuga (valge)"},"content":{"rendered":"<h3>Shelly seinal\u00fcliti 1 nupuga (valge)<\/h3>\n<\/p>\n<p>Shelly WS 4 on kaasaegne seade, mis on loodud nutika kodu s\u00fcsteemide jaoks. Lisaks on l\u00fclitil kaasaegne disain, mis sobib ideaalselt mitmesuguste interj\u00f6\u00f6ridega. Selle kompaktne suurus ja lihtne juhtmestik muudavad selle paigaldamise olemasolevatesse seinal\u00fcliti konsoolidesse lihtsaks, v\u00e4listades vajaduse teha muudatusi maja juhtmestikus.<\/p>\n<\/p>\n<p>\n<img decoding=\"async\" border=\"0\" src=\"https:\/\/assets.innpro.pl\/4066\/4522\/2.jpg\"\/>\n<\/p>\n<h3>L\u00e4bim\u00f5eldud disain<\/h3>\n<\/p>\n<p>See elegantne l\u00fcliti on loodud maksimaalse mugavuse tagamiseks. Varustatud \u00fche funktsionaalse nupuga, mis v\u00f5imaldab sisse\/v\u00e4lja l\u00fclitada h\u00e4mardamist. See on lahendus, mis lihtsustab oluliselt teie igap\u00e4evaelu, pakkudes samal ajal elegantset v\u00e4limust ja mugavust.<\/p>\n<\/p>\n<p>\n<img decoding=\"async\" border=\"0\" src=\"https:\/\/assets.innpro.pl\/4066\/4522\/6.jpg\"\/>\n<\/p>\n<h3>Kaasas<\/h3>\n<ul class=\"list-disc pl-5\">\n<li>seinal\u00fcliti<\/li>\n<li>3 x mooduli kinnitusklambrit<\/li>\n<li>2 x kinnituskruvi<\/li>\n<li>kasutusjuhend<\/li>\n<\/ul>\n<div class=\"table-wrapper\">\n<p>B\u00a0<\/p>\n<h3><\/h3>\n<table>\n<tbody>\n<tr>\n<th>Tootja<\/th>\n<td>Shelly<\/td>\n<\/tr>\n<tr>\n<th>Mudel<\/th>\n<td>Seinal\u00fcliti 1Valge<\/td>\n<\/tr>\n<tr>\n<th>V\u00e4rv<\/th>\n<td>valge<\/td>\n<\/tr>\n<tr>\n<th>Nuppude arv<\/th>\n<td>1<\/td>\n<\/tr>\n<\/tbody>\n<\/table>\n<\/div>\n","protected":false},"excerpt":{"rendered":"<p>Shelly seinal\u00fcliti 1 nupuga (valge) Shelly WS 4 on kaasaegne seade, mis on loodud nutika kodu s\u00fcsteemide jaoks. Lisaks on l\u00fclitil kaasaegne disain, mis sobib ideaalselt mitmesuguste interj\u00f6\u00f6ridega. Selle kompaktne suurus ja lihtne juhtmestik muudavad selle paigaldamise olemasolevatesse seinal\u00fcliti konsoolidesse lihtsaks, v\u00e4listades vajaduse teha muudatusi maja juhtmestikus. L\u00e4bim\u00f5eldud disain See elegantne l\u00fcliti on loodud maksimaalse [&#8230;]\n","protected":false},"featured_media":39886,"comment_status":"open","ping_status":"closed","template":"","meta":[],"product_brand":[551],"product_cat":[930],"product_tag":[],"class_list":{"0":"post-39885","1":"product","2":"type-product","3":"status-publish","4":"has-post-thumbnail","6":"product_brand-shelly","7":"product_cat-switches","9":"first","10":"outofstock","11":"taxable","12":"shipping-taxable","13":"purchasable","14":"product-type-simple"},"aioseo_notices":[],"_links":{"self":[{"href":"https:\/\/asura.lv\/et\/wp-json\/wp\/v2\/product\/39885","targetHints":{"allow":["GET"]}}],"collection":[{"href":"https:\/\/asura.lv\/et\/wp-json\/wp\/v2\/product"}],"about":[{"href":"https:\/\/asura.lv\/et\/wp-json\/wp\/v2\/types\/product"}],"replies":[{"embeddable":true,"href":"https:\/\/asura.lv\/et\/wp-json\/wp\/v2\/comments?post=39885"}],"wp:featuredmedia":[{"embeddable":true,"href":"https:\/\/asura.lv\/et\/wp-json\/wp\/v2\/media\/39886"}],"wp:attachment":[{"href":"https:\/\/asura.lv\/et\/wp-json\/wp\/v2\/media?parent=39885"}],"wp:term":[{"taxonomy":"product_brand","embeddable":true,"href":"https:\/\/asura.lv\/et\/wp-json\/wp\/v2\/product_brand?post=39885"},{"taxonomy":"product_cat","embeddable":true,"href":"https:\/\/asura.lv\/et\/wp-json\/wp\/v2\/product_cat?post=39885"},{"taxonomy":"product_tag","embeddable":true,"href":"https:\/\/asura.lv\/et\/wp-json\/wp\/v2\/product_tag?post=39885"}],"curies":[{"name":"wp","href":"https:\/\/api.w.org\/{rel}","templated":true}]}}