{"id":39933,"date":"2025-11-28T21:12:14","date_gmt":"2025-11-28T21:12:14","guid":{"rendered":"https:\/\/asura.lv\/product\/shellly-switch-frame-triple-black\/"},"modified":"2025-12-12T15:00:18","modified_gmt":"2025-12-12T13:00:18","slug":"shellly-switch-frame-triple-black","status":"publish","type":"product","link":"https:\/\/asura.lv\/et\/toode\/shellly-switch-frame-triple-black\/","title":{"rendered":"Shelly l\u00fclitiraam kolmekordne (must)"},"content":{"rendered":"<h3>Raam Shelly kolmikl\u00fclititele (must)<\/h3>\n<p>Raam on loodud t\u00f6\u00f6tama Shelly seinal\u00fclititega, tagades ideaalse sobivuse ja esteetilise v\u00e4limuse. Saate selle h\u00f5lpsalt otse l\u00fcliti nupule paigaldada. Selle minimalistlik disain sobib igasse interj\u00f6\u00f6ri ja sellega on kaasas l\u00e4bipaistev klaasplaat, mis sobib ideaalselt korpuse v\u00e4rviga, andes silmatorkava l\u00f5pptulemuse.<\/p>\n<p><img decoding=\"async\" src=\"https:\/\/b2b.innpro.pl\/data\/include\/cms\/Shelly\/Frame3Black\/2.jpg\" alt=\"Shelly\/Frame3Black\/2\"><\/p>\n<div class=\"table-wrapper\">\n<table>\n<tbody>\n<tr>\n<th>Tootja<\/th>\n<td>Shelly<\/td>\n<\/tr>\n<tr>\n<th>V\u00e4rv<\/th>\n<td>Must<\/td>\n<\/tr>\n<tr>\n<th>M\u00f5\u00f5tmed<\/th>\n<td>220 x 80 x 10 mm<\/td>\n<\/tr>\n<tr>\n<th>\u00dchilduvus<\/th>\n<td>Shelly sein l\u00fcliti<\/td>\n<\/tr>\n<\/tbody>\n<\/table>\n<\/div>\n","protected":false},"excerpt":{"rendered":"<p>Raam Shelly kolmikl\u00fclititele (must) Raam on loodud t\u00f6\u00f6tama Shelly seinal\u00fclititega, tagades ideaalse sobivuse ja esteetilise v\u00e4limuse. Saate selle h\u00f5lpsalt otse l\u00fcliti nupule paigaldada. Selle minimalistlik disain sobib igasse interj\u00f6\u00f6ri ja sellega on kaasas l\u00e4bipaistev klaasplaat, mis sobib ideaalselt korpuse v\u00e4rviga, andes silmatorkava l\u00f5pptulemuse. Tootja Shelly V\u00e4rv Must M\u00f5\u00f5tmed 220 x 80 x 10 mm \u00dchilduvus [&#8230;]\n","protected":false},"featured_media":39934,"comment_status":"open","ping_status":"closed","template":"","meta":[],"product_brand":[551],"product_cat":[957],"product_tag":[],"class_list":{"0":"post-39933","1":"product","2":"type-product","3":"status-publish","4":"has-post-thumbnail","6":"product_brand-shelly","7":"product_cat-accessories-smart-home","9":"first","10":"outofstock","11":"taxable","12":"shipping-taxable","13":"purchasable","14":"product-type-simple"},"aioseo_notices":[],"_links":{"self":[{"href":"https:\/\/asura.lv\/et\/wp-json\/wp\/v2\/product\/39933","targetHints":{"allow":["GET"]}}],"collection":[{"href":"https:\/\/asura.lv\/et\/wp-json\/wp\/v2\/product"}],"about":[{"href":"https:\/\/asura.lv\/et\/wp-json\/wp\/v2\/types\/product"}],"replies":[{"embeddable":true,"href":"https:\/\/asura.lv\/et\/wp-json\/wp\/v2\/comments?post=39933"}],"wp:featuredmedia":[{"embeddable":true,"href":"https:\/\/asura.lv\/et\/wp-json\/wp\/v2\/media\/39934"}],"wp:attachment":[{"href":"https:\/\/asura.lv\/et\/wp-json\/wp\/v2\/media?parent=39933"}],"wp:term":[{"taxonomy":"product_brand","embeddable":true,"href":"https:\/\/asura.lv\/et\/wp-json\/wp\/v2\/product_brand?post=39933"},{"taxonomy":"product_cat","embeddable":true,"href":"https:\/\/asura.lv\/et\/wp-json\/wp\/v2\/product_cat?post=39933"},{"taxonomy":"product_tag","embeddable":true,"href":"https:\/\/asura.lv\/et\/wp-json\/wp\/v2\/product_tag?post=39933"}],"curies":[{"name":"wp","href":"https:\/\/api.w.org\/{rel}","templated":true}]}}