{"id":39981,"date":"2025-11-28T21:05:44","date_gmt":"2025-11-28T21:05:44","guid":{"rendered":"https:\/\/asura.lv\/product\/wireless-earphones-tws-earfun-airmini2-white\/"},"modified":"2025-12-12T14:54:04","modified_gmt":"2025-12-12T12:54:04","slug":"wireless-earphones-tws-earfun-airmini2-white","status":"publish","type":"product","link":"https:\/\/asura.lv\/et\/toode\/wireless-earphones-tws-earfun-airmini2-white\/","title":{"rendered":"Juhtmevabad k\u00f5rvaklapid TWS EarFun AirMini2 (valged)"},"content":{"rendered":"<h3>TWS EarFun AirMini2 k\u00f5rvaklapid (valged)<\/h3>\n<p>EarFun AirMini 2 k\u00f5rvaklappidega saate nautida fantastilist helikvaliteeti ja mugavust ilma kompromissideta. 10-millimeetriste draiveritega varustatud k\u00f5rvaklapid pakuvad rikkalikult detailset, selget ja loomulikku heli. Laadimis\u00fcmbrisega pakuvad need kuni 24 tundi muusika taasesitust ning sisseehitatud mikrofonidega saate l\u00e4hedastega \u00fchendust pidada, olenemata sellest, kus te olete. K\u00f5rvaklapid on ka kerged, kompaktsed ja mugavad pikka aega kanda.<\/p>\n<p><img decoding=\"async\" src=\"https:\/\/b2b.innpro.pl\/data\/include\/cms\/Earfun\/TW203W\/8.jpg\" alt=\"Earfun\/TW203W\/8\"><\/p>\n<h3>Suurep\u00e4rane helikvaliteet<\/h3>\n<p>Avastage EarFun AirMini 2 k\u00f5rvaklappidega uus helim\u00f5\u00f5de. K\u00f5rvaklappidel on 10-millimeetrised komposiitdraiverid, mis tagavad suurep\u00e4rase helikvaliteedi. Detailide k\u00fcllus, v\u00f5imas ja s\u00fcgav bass ning kristallselge heli panevad sind oma lemmiklauludesse uuesti armuma. Olenemata sellest, kas oled roki, hiphopi v\u00f5i klassikalise muusika f\u00e4nn, pakuvad need k\u00f5rvaklapid sulle h\u00e4mmastava helielamuse! <\/p>\n<p><img decoding=\"async\" src=\"https:\/\/b2b.innpro.pl\/data\/include\/cms\/Earfun\/TW203W\/2.jpg\" alt=\"Earfun\/TW203W\/2\"><\/p>\n<h3>Kuni 24 tundi taasesitust<\/h3>\n<p>L\u00e4hed pikale reisile? V\u00f5ta AirMini 2 kaasa ja kuula muusikat nii kaua kui soovid! V\u00f5imas laetav aku tagab \u00fche laadimisega kuni 6 tundi katkematut k\u00f5rvaklappide kasutamist. Komplektiga on kaasas ka laadimis\u00fcmbris, mis v\u00f5imaldab sul k\u00f5rvaklappide energiat kuni 3 korda uuendada. See v\u00f5imaldab teil muusikat kuulata isegi terve p\u00e4eva ilma katkestusteta!<\/p>\n<p><img decoding=\"async\" src=\"https:\/\/b2b.innpro.pl\/data\/include\/cms\/Earfun\/TW203W\/7.jpg\" alt=\"Earfun\/TW203W\/7\"><\/p>\n<h3>Helistage vabalt<\/h3>\n<p>N\u00fc\u00fcd saate telefoniga r\u00e4\u00e4kida isegi \u00e4\u00e4rmiselt rahvarohketes kohtades! K\u00f5rvaklapid on varustatud kahe kvaliteetse mikrofoniga, mis salvestavad teie h\u00e4\u00e4lt t\u00e4pselt, k\u00f5rvaldades \u00fcmbritseva heli. Nii v\u00f5ite olla kindel, et teie helistajad kuulevad kogu olulist teavet, mida teil nendega jagada on.<\/p>\n<p><img decoding=\"async\" src=\"https:\/\/b2b.innpro.pl\/data\/include\/cms\/Earfun\/TW203W\/1.jpg\" alt=\"Earfun\/TW203W\/1\"><\/p>\n<h3>M\u00e4ngus\u00f5pradele m\u00f5eldes<\/h3>\n<p>Kas olete valmis unustamatuteks seiklusteks? EarFun AirMini 2 k\u00f5rvaklapid lasevad sul sukelduda virtuaalsesse maailma! Need pakuvad spetsiaalset re\u017eiimi, mis on loodud just m\u00e4ngijatele ja tagab madala latentsusaja 100 ms. Selle tulemusena saad nautida heli ja pildi t\u00e4iuslikku s\u00fcnkroniseerimist. N\u00fc\u00fcd kuuled h\u00f5lpsalt oma hiiliva vastase samme ja saavutad m\u00e4ngus j\u00e4rjekordse v\u00f5idu!<\/p>\n<p><img decoding=\"async\" src=\"https:\/\/b2b.innpro.pl\/data\/include\/cms\/Earfun\/TW203W\/4.jpg\" alt=\"Earfun\/TW203W\/4\"><\/p>\n<h3>Kerged ja kompaktsed<\/h3>\n<p>EarFun AirMini 2 k\u00f5rvaklapid sobivad suurep\u00e4raselt igap\u00e4evaseks kasutamiseks! K\u00f5ik t\u00e4nu k\u00f5rvaklappide v\u00e4ikesele ja kergele disainile &#8211; \u00fched k\u00f5rvaklapid kaaluvad vaid 3,8 g. T\u00e4nu ergonoomilisele disainile unustad, et neid kannad! Komplektiga on kaasas ka vahetatavad otsad, mis v\u00f5imaldavad sul k\u00f5rvaklappe veelgi paremini oma eelistustele kohandada. Lisaks ei ole nende sidumine teile \u00fcldse probleem \u2013 \u00fchendage k\u00f5rvaklapid lihtsalt valitud seadmega \u00fcks kord ja need \u00fchenduvad sellega iga kord automaatselt.<\/p>\n<p><img decoding=\"async\" src=\"https:\/\/b2b.innpro.pl\/data\/include\/cms\/Earfun\/TW203W\/6.jpg\" alt=\"Earfun\/TW203W\/6\"><\/p>\n<h3>Kaasas<\/h3>\n<ul>\n<li>k\u00f5rvaklapid<\/li>\n<li>laadimiskarp<\/li>\n<li>USB-laadimiskaabel<\/li>\n<li>vahetatavad korgid x2<\/li>\n<li>kasutusjuhend<\/li>\n<\/ul>\n<div class=\"table-wrapper\">\n<table>\n<tbody>\n<tr>\n<th>Tootja<\/th>\n<td>EarFun<\/td>\n<\/tr>\n<tr>\n<th>Mudel<\/th>\n<td>AirMini 2 (TW203)<\/td>\n<\/tr>\n<tr>\n<th>V\u00e4rv<\/th>\n<td>Valge<\/td>\n<\/tr>\n<tr>\n<th>Muundurid<\/th>\n<td>10 mm<\/td>\n<\/tr>\n<tr>\n<th>T\u00f6\u00f6aeg<\/th>\n<td>Kuni 6 tundi Kuni 24 tundi laadimis\u00fcmbrisega<\/td>\n<\/tr>\n<tr>\n<th>K\u00f5rvaklappide kaal<\/th>\n<td>3,8 g<\/td>\n<\/tr>\n<\/tbody>\n<\/table>\n<\/div>\n","protected":false},"excerpt":{"rendered":"<p>TWS EarFun AirMini2 k\u00f5rvaklapid (valged) EarFun AirMini 2 k\u00f5rvaklappidega saate nautida fantastilist helikvaliteeti ja mugavust ilma kompromissideta. 10-millimeetriste draiveritega varustatud k\u00f5rvaklapid pakuvad rikkalikult detailset, selget ja loomulikku heli. Laadimis\u00fcmbrisega pakuvad need kuni 24 tundi muusika taasesitust ning sisseehitatud mikrofonidega saate l\u00e4hedastega \u00fchendust pidada, olenemata sellest, kus te olete. K\u00f5rvaklapid on ka kerged, kompaktsed ja mugavad [&#8230;]\n","protected":false},"featured_media":39982,"comment_status":"open","ping_status":"closed","template":"","meta":[],"product_brand":[399],"product_cat":[954],"product_tag":[],"class_list":{"0":"post-39981","1":"product","2":"type-product","3":"status-publish","4":"has-post-thumbnail","6":"product_brand-earfun","7":"product_cat-tws","9":"first","10":"outofstock","11":"taxable","12":"shipping-taxable","13":"purchasable","14":"product-type-simple"},"aioseo_notices":[],"_links":{"self":[{"href":"https:\/\/asura.lv\/et\/wp-json\/wp\/v2\/product\/39981","targetHints":{"allow":["GET"]}}],"collection":[{"href":"https:\/\/asura.lv\/et\/wp-json\/wp\/v2\/product"}],"about":[{"href":"https:\/\/asura.lv\/et\/wp-json\/wp\/v2\/types\/product"}],"replies":[{"embeddable":true,"href":"https:\/\/asura.lv\/et\/wp-json\/wp\/v2\/comments?post=39981"}],"wp:featuredmedia":[{"embeddable":true,"href":"https:\/\/asura.lv\/et\/wp-json\/wp\/v2\/media\/39982"}],"wp:attachment":[{"href":"https:\/\/asura.lv\/et\/wp-json\/wp\/v2\/media?parent=39981"}],"wp:term":[{"taxonomy":"product_brand","embeddable":true,"href":"https:\/\/asura.lv\/et\/wp-json\/wp\/v2\/product_brand?post=39981"},{"taxonomy":"product_cat","embeddable":true,"href":"https:\/\/asura.lv\/et\/wp-json\/wp\/v2\/product_cat?post=39981"},{"taxonomy":"product_tag","embeddable":true,"href":"https:\/\/asura.lv\/et\/wp-json\/wp\/v2\/product_tag?post=39981"}],"curies":[{"name":"wp","href":"https:\/\/api.w.org\/{rel}","templated":true}]}}