{"id":40035,"date":"2025-11-28T21:05:39","date_gmt":"2025-11-28T21:05:39","guid":{"rendered":"https:\/\/asura.lv\/product\/smartwatch-colmi-c81-orange\/"},"modified":"2025-12-12T14:54:02","modified_gmt":"2025-12-12T12:54:02","slug":"smartwatch-colmi-c81-orange","status":"publish","type":"product","link":"https:\/\/asura.lv\/et\/toode\/smartwatch-colmi-c81-orange\/","title":{"rendered":"Nutikell Colmi C81 (oran\u017e)"},"content":{"rendered":"<h3>Nutikell Colmi C81 (oran\u017e)<\/h3>\n<p>Vali Colmi C81 ja saa ligip\u00e4\u00e4s k\u00f5ige olulisematele funktsioonidele. Nutikell pakub HD-videot oma AMOLED-ekraaniga ja v\u00f5imaldab mugavalt helistada. See t\u00f6\u00f6tab tehisintellektiga h\u00e4\u00e4lassistendiga, nii et saad kella valitud funktsioone kiiresti ja mugavalt kasutada. See pakub enam kui 100 spordire\u017eiimi ja v\u00f5imaldab sul treeningute efektiivsust suurendada. Lisaks j\u00e4lgib see sinu pulssi ja und ning t\u00f6\u00f6tab \u00fche laadimisega kuni 7 p\u00e4eva. Vaata, millega see veel sind \u00fcllatada suudab!<\/p>\n<p><img decoding=\"async\" src=\"https:\/\/b2b.innpro.pl\/data\/include\/cms\/03Colmi\/C81-Orange\/6.jpg\" border=\"0\" alt=\"03Colmi\/C81-Orange\/6\" \/><\/p>\n<h3>AMOLED 2.0&#8243; ekraan<\/h3>\n<p>Colmi C81 pakub suurt AMOLED ekraani 2.0-tollise ekraani diagonaaliga, nii et saad h\u00f5lpsalt s\u00f5numeid lugeda ja s\u00e4tteid muuta. Lisaks on ekraani eraldusv\u00f5ime 410 x 502 pikslit, mis t\u00e4hendab teravat HD-pilti ja rikkalikke v\u00e4rve. Nautige selget ja mugavat juurdep\u00e4\u00e4su teavitustele Colmi nutikellaga.<\/p>\n<p><img decoding=\"async\" src=\"https:\/\/b2b.innpro.pl\/data\/include\/cms\/03Colmi\/C81-Orange\/8.jpg\" border=\"0\" alt=\"03Colmi\/C81-Orange\/8\" \/><\/p>\n<h3>Mugav k\u00f5nedele vastamine<\/h3>\n<p>Te ei pea enam sissetulevate k\u00f5nede haldamiseks nutitelefoni j\u00e4rele haarama. Colmi C81 v\u00f5imaldab teil k\u00f5nedele vastata ja neid teha. Samuti saate juurdep\u00e4\u00e4su k\u00f5nelogile. Nutikell pakub suurema mugavuse tagamiseks HD-telefonik\u00f5nesid. N\u00fc\u00fcd saad oma l\u00e4hedastega trenni tehes v\u00f5i t\u00f6\u00f6le minnes vestelda ilma nutitelefoni kasutamata.<\/p>\n<p><img decoding=\"async\" src=\"https:\/\/b2b.innpro.pl\/data\/include\/cms\/03Colmi\/C81-Orange\/5.jpg\" border=\"0\" alt=\"03Colmi\/C81-Orange\/5\" \/><\/p>\n<h3>H\u00e4\u00e4lk\u00e4skluste tugi<\/h3>\n<p>Pead l\u00e4hedasele kiiresti helistama? Colmi C81 ei vea sind alt! Seade t\u00f6\u00f6tab tehisintellekti h\u00e4\u00e4lassistendiga, seega vajad vaid lihtsat h\u00e4\u00e4lk\u00e4sklust, et kasutada valitud kellafunktsiooni. Avasta, kui lihtne see on!<\/p>\n<p><img decoding=\"async\" src=\"https:\/\/b2b.innpro.pl\/data\/include\/cms\/03Colmi\/C81-Orange\/7.jpg\" border=\"0\" alt=\"03Colmi\/C81-Orange\/7\" \/><\/p>\n<h3>Kohandatud vastavalt teie vajadustele<\/h3>\n<p>Kohandage nutikella veelgi rohkem oma maitse j\u00e4rgi. Colmi C81 pakub nutikella v\u00e4limuse isikup\u00e4rastamiseks erinevaid sihverplaadi kujundusi. Samuti saate \u00fcles laadida oma valitud foto. Lisaks on saadaval mitu men\u00fc\u00fcstiili, et saaksite valida endale sobivaima. Lisaks l\u00fclitub kella ekraan sisse randme t\u00f5stmisel, v\u00f5imaldades teil kiiresti aega v\u00f5i ilmateadet kontrollida.<\/p>\n<p><img decoding=\"async\" src=\"https:\/\/b2b.innpro.pl\/data\/include\/cms\/03Colmi\/C81-Orange\/4.jpg\" border=\"0\" alt=\"03Colmi\/C81-Orange\/4\" \/><\/p>\n<h3>Valida saab \u00fcle 100 spordire\u017eiimi<\/h3>\n<p>Kas soovite oma treeninguid veelgi paremini planeerida? Colmi C81 aitab teil just seda teha! Nutikell kasutab nutikaid algoritme, mis j\u00e4lgivad teie pulssi, p\u00f5letatud kalorite arvu ja treeningute aega, et need oleksid t\u00f5husamad ja saavutaksite soovitud tulemused kiiremini. Samuti saate vaadata oma treeningute ajalugu viimase 7 p\u00e4eva jooksul. Nutikell pakub spordire\u017eiime nagu jooksmine, ronimine, h\u00fcppamine, korvpall, k\u00f5ndimine, sulgpall, jalgrattas\u00f5it ja jalgpall. Teistele re\u017eiimidele juurdep\u00e4\u00e4suks laadige alla FitCloudPro rakendus.<\/p>\n<p><img decoding=\"async\" src=\"https:\/\/b2b.innpro.pl\/data\/include\/cms\/03Colmi\/C81-Orange\/1.jpg\" border=\"0\" alt=\"03Colmi\/C81-Orange\/1\" \/><\/p>\n<h3>V\u00f5imaldab teil oma tervise eest hoolitseda<\/h3>\n<p>Nutikell on varustatud optilise anduriga, mis genereerib automaatselt pulsisageduse andmeid iga 30 minuti j\u00e4rel. See teavitab teid ka murettekitavatest s\u00fcmptomitest, et saaksite neile kiiresti reageerida. Lisaks m\u00f5\u00f5dab see SpO2, nii et saate igal ajal kontrollida oma vere hapnikutaset. Lisaks j\u00e4lgib see und ja salvestab selle faase, mis aitab teil halbadest harjumustest vabaneda.<\/p>\n<p><img decoding=\"async\" src=\"https:\/\/b2b.innpro.pl\/data\/include\/cms\/03Colmi\/C81-Orange\/10.jpg\" border=\"0\" alt=\"03Colmi\/C81-Orange\/10\" \/><\/p>\n<h3>T\u00f5hus t\u00f6\u00f6<\/h3>\n<p>Colmi C81 nutikell kasutab RTL8763EWE-VP kiipi, mis paistab silma oma madala energiatarbimise poolest ning tagab seadme kiire ja sujuva t\u00f6\u00f6. 250 mAh mahutavusega liitiumpol\u00fcmeeraku omakorda tagab nutikella pika t\u00f6\u00f6ea. \u00dche laadimisega t\u00f6\u00f6tab toode kuni 7 p\u00e4eva (igap\u00e4evasel kasutamisel) ja j\u00e4\u00e4b ootere\u017eiimi umbes 30 p\u00e4evaks. Kaasasoleva kaabli abil saate selle energiat umbes 2 tunniga uuendada.<\/p>\n<p><img decoding=\"async\" src=\"https:\/\/b2b.innpro.pl\/data\/include\/cms\/03Colmi\/C81-Orange\/2.jpg\" border=\"0\" alt=\"03Colmi\/C81-Orange\/2\" \/><\/p>\n<h3>Vastupidav disain<\/h3>\n<p>Nutikell sobib h\u00e4sti igap\u00e4evaseks kasutamiseks. See on IP68 vee- ja higikindel, nii et saate seda edukalt trenni kaasa v\u00f5tta. Samuti ei karda see vihma. Alumiiniumsulami kasutamine tagab vastupidavuse ja vastupidav klaas hoiab \u00e4ra ekraani pragunemise. Silikoonrihm on omakorda meeldiv puudutusele ja \u00f5rn nahale.<\/p>\n<p><img decoding=\"async\" src=\"https:\/\/b2b.innpro.pl\/data\/include\/cms\/03Colmi\/C81-Orange\/9.jpg\" border=\"0\" alt=\"03Colmi\/C81-Orange\/9\" \/><\/p>\n<h3>Lisafunktsioonid<\/h3>\n<p>Colmi C81 saab olla teie igap\u00e4evane assistent. See teavitab teid uutest teavitustest, nii et te ei j\u00e4\u00e4 olulisest teabest ilma. Lisaks v\u00f5imaldab see teil kontrollida ilmateadet, teha fotosid eemalt ja hallata oma muusikapleierit. Lisaks tuletab see teile meelde, et peaksite jooma vett ja muutma asendit, kui istute liiga kaua.<\/p>\n<p><img decoding=\"async\" src=\"https:\/\/b2b.innpro.pl\/data\/include\/cms\/03Colmi\/C81-Orange\/11.jpg\" border=\"0\" alt=\"03Colmi\/C81-Orange\/11\" \/><\/p>\n<h3>Kaasas<\/h3>\n<ul>\n<li>nutikell<\/li>\n<li>magnetiline USB-laadimiskaabel<\/li>\n<li>kasutusjuhend<\/li>\n<\/ul>\n<div class=\"table-wrapper\">\n<table>\n<tbody>\n<tr>\n<th>Tootja<\/th>\n<td>Colmi<\/td>\n<\/tr>\n<tr>\n<th>Mudel<\/th>\n<td>C81<\/td>\n<\/tr>\n<tr>\n<th>V\u00e4rv<\/th>\n<td>oran\u017e<\/td>\n<\/tr>\n<tr>\n<th>Kiip<\/th>\n<td>Realtek RTL8763EWE-VP<\/td>\n<\/tr>\n<tr>\n<th>\u00dchendus<\/th>\n<td>Bluetooth 5.0<\/td>\n<\/tr>\n<tr>\n<th>Bluetoothi \u200b\u200bleviala<\/th>\n<td>10 m<\/td>\n<\/tr>\n<tr>\n<th>Ekraan<\/th>\n<td>AMOLED<\/td>\n<\/tr>\n<tr>\n<th>Ekraan diagonaal<\/th>\n<td>2&#8243;<\/td>\n<\/tr>\n<tr>\n<th>Resolutsioon<\/th>\n<td>410 x 502p<\/td>\n<\/tr>\n<tr>\n<th>Aku<\/th>\n<td>Liitiumpol\u00fcmeer<\/td>\n<\/tr>\n<tr>\n<th>Aku mahtuvus<\/th>\n<td>250 mAh<\/td>\n<\/tr>\n<tr>\n<th>Laadimisaeg<\/th>\n<td>umbes 2 tundi<\/td>\n<\/tr>\n<tr>\n<th>T\u00f6\u00f6aeg<\/th>\n<td>5-7 p\u00e4eva<\/td>\n<\/tr>\n<tr>\n<th>Ootere\u017eiimi t\u00f6\u00f6aeg<\/th>\n<td>30 p\u00e4eva<\/td>\n<\/tr>\n<tr>\n<th>M\u00f5\u00f5tmed<\/th>\n<td>47 x 40 x 11 mm<\/td>\n<\/tr>\n<tr>\n<th>Materjal<\/th>\n<td>Silikoon, tsingisulam, iML<\/td>\n<\/tr>\n<tr>\n<th>Kaal<\/th>\n<td>57 g<\/td>\n<\/tr>\n<tr>\n<th>Rihma laius<\/th>\n<td>22 mm<\/td>\n<\/tr>\n<tr>\n<th>\u00dchilduvus<\/th>\n<td>Android 4.4 (v\u00f5i uuem), iOS 8.0 (v\u00f5i uuem), Harmony OS<\/td>\n<\/tr>\n<tr>\n<th>Rakendus<\/th>\n<td>FitCloudPro<\/td>\n<\/tr>\n<tr>\n<th>Veekindlus<\/th>\n<td>IP68<\/td>\n<\/tr>\n<tr>\n<th>Uuendus<\/th>\n<td>OTA<\/td>\n<\/tr>\n<tr>\n<th>Toetatud keeled<\/th>\n<td>\n<p>smartwatch: lihtsustatud Hiina, inglise, saksa, vene, hispaania, portugali, prantsuse, jaapani, araabia, hollandi, itaalia, t\u0161ehhi, indoneesia, poola, tai, vietnami, slovaki, t\u00fcrgi;<\/p>\n<p>rakendus: inglise, lihtsustatud hiina, traditsiooniline hiina, saksa, prantsuse, araabia, t\u0161ehhi, kreeka, hispaania, jaapani, p\u00e4rsia, itaalia, korea, poola, portugali, vene, soome, rootsi, tai, ungari, slovaki, horvaadi, albaania, t\u00fcrgi, ukraina<\/p>\n<\/td>\n<\/tr>\n<\/tbody>\n<\/table>\n<\/div>\n","protected":false},"excerpt":{"rendered":"<p>Nutikell Colmi C81 (oran\u017e) Vali Colmi C81 ja saa ligip\u00e4\u00e4s k\u00f5ige olulisematele funktsioonidele. Nutikell pakub HD-videot oma AMOLED-ekraaniga ja v\u00f5imaldab mugavalt helistada. See t\u00f6\u00f6tab tehisintellektiga h\u00e4\u00e4lassistendiga, nii et saad kella valitud funktsioone kiiresti ja mugavalt kasutada. See pakub enam kui 100 spordire\u017eiimi ja v\u00f5imaldab sul treeningute efektiivsust suurendada. Lisaks j\u00e4lgib see sinu pulssi ja und [&#8230;]\n","protected":false},"featured_media":40036,"comment_status":"open","ping_status":"closed","template":"","meta":[],"product_brand":[471],"product_cat":[984],"product_tag":[],"class_list":{"0":"post-40035","1":"product","2":"type-product","3":"status-publish","4":"has-post-thumbnail","6":"product_brand-colmi","7":"product_cat-smartwatches-smartwatches","9":"first","10":"outofstock","11":"taxable","12":"shipping-taxable","13":"purchasable","14":"product-type-simple"},"aioseo_notices":[],"_links":{"self":[{"href":"https:\/\/asura.lv\/et\/wp-json\/wp\/v2\/product\/40035","targetHints":{"allow":["GET"]}}],"collection":[{"href":"https:\/\/asura.lv\/et\/wp-json\/wp\/v2\/product"}],"about":[{"href":"https:\/\/asura.lv\/et\/wp-json\/wp\/v2\/types\/product"}],"replies":[{"embeddable":true,"href":"https:\/\/asura.lv\/et\/wp-json\/wp\/v2\/comments?post=40035"}],"wp:featuredmedia":[{"embeddable":true,"href":"https:\/\/asura.lv\/et\/wp-json\/wp\/v2\/media\/40036"}],"wp:attachment":[{"href":"https:\/\/asura.lv\/et\/wp-json\/wp\/v2\/media?parent=40035"}],"wp:term":[{"taxonomy":"product_brand","embeddable":true,"href":"https:\/\/asura.lv\/et\/wp-json\/wp\/v2\/product_brand?post=40035"},{"taxonomy":"product_cat","embeddable":true,"href":"https:\/\/asura.lv\/et\/wp-json\/wp\/v2\/product_cat?post=40035"},{"taxonomy":"product_tag","embeddable":true,"href":"https:\/\/asura.lv\/et\/wp-json\/wp\/v2\/product_tag?post=40035"}],"curies":[{"name":"wp","href":"https:\/\/api.w.org\/{rel}","templated":true}]}}