{"id":40137,"date":"2025-11-28T21:05:31","date_gmt":"2025-11-28T21:05:31","guid":{"rendered":"https:\/\/asura.lv\/product\/micro-needle-facebody-roller-9in1-geske-with-app-gray\/"},"modified":"2025-12-12T14:53:56","modified_gmt":"2025-12-12T12:53:56","slug":"micro-needle-facebody-roller-9in1-geske-with-app-gray","status":"publish","type":"product","link":"https:\/\/asura.lv\/et\/toode\/micro-needle-facebody-roller-9in1-geske-with-app-gray\/","title":{"rendered":"Mikron\u00f5elaga n\u00e4o- ja keharull 9in1 Geske APP-ga (hall)"},"content":{"rendered":"<h3>N\u00e4o- ja kehan\u00f5eltega mesoteraapiarull 9in1 Geske koos aplikatsiooniga (hall)<\/h3>\n<p>Nautige professionaalset nahahooldust oma kodus ja unustage kallid protseduurid! Saavutage v\u00e4rskendatud ja terve v\u00e4limus 9in1 n\u00e4o- ja keha mikron\u00f5eltega mesoteraapiarulliga! Varustatud 3 peaga &#8211; mikron\u00f5el, jahutav ja kvarts &#8211; see paistab silma oma mitmek\u00fclgsuse poolest ja sobib igale nahat\u00fc\u00fcbile. Rull on SmartAppGuided seade, mis t\u00f6\u00f6tab spetsiaalse GESKE German Beauty Tech rakendusega. See aitab teil kiiresti saavutada unistuste tulemusi &#8211; teie naha v\u00e4limuse p\u00f5hjal soovitab see teie vajadustele vastavaid nahahooldusprotseduure, et parandada teie naha v\u00e4limust noorusliku s\u00e4ra saavutamiseks iga p\u00e4ev! ELLE ajakirja poolt kinnitatud efektiivsus!<\/p>\n<p><img decoding=\"async\" src=\"https:\/\/b2b.innpro.pl\/data\/include\/cms\/Geske\/GK000042GY01-Gray\/1.jpg\" border=\"0\" alt=\"Geske\/GK000042GY01-Gray\/1\" \/><\/p>\n<h3>Tehisintellekt teie ilu heaks<\/h3>\n<p>Geske 9-\u00fches rull on ilumaailmas revolutsioon! Spetsiaalse GESKE German Beauty Tech rakendusega t\u00f6\u00f6tades saate selle potentsiaali t\u00e4iel m\u00e4\u00e4ral \u00e4ra kasutada! Isikliku ilujuhendi saamiseks peate vaid oma nahka rakendusega skannima. Sinu k\u00e4sutuses on tuhandeid seansse ekspertidega, et n\u00e4eksid iga p\u00e4ev v\u00e4lja nagu oleksid just ilusalongist v\u00e4lja astunud!<\/p>\n<p><img decoding=\"async\" src=\"https:\/\/b2b.innpro.pl\/data\/include\/cms\/Geske\/GK000042GY01-Gray\/3.jpg\" border=\"0\" alt=\"Geske\/GK000042GY01-Gray\/3\" \/><\/p>\n<h3>Professionaalsed hooldused sinu k\u00e4eulatuses<\/h3>\n<p>T\u00e4iustatud tehnoloogiad muudavad Geske rulli usaldusv\u00e4\u00e4rseks v\u00f5itluses vananemisilmingutega. SmartSonic pulsatsioonitehnoloogia saadab minutis kuni 14 000 heliimpulssi, mis aitab nahahooldusseanssidel eemaldada mustuse, rasu ja meigij\u00e4\u00e4gid. Red Light Active Regeneration v\u00e4hendab peeneid jooni ja peente joonte t\u00e4iustamine silub t\u00e4pselt. Mesoteraapia rulli regulaarne kasutamine stimuleerib teie naharakke, j\u00e4ttes selle v\u00e4rskeks ja taastunuks ning saate nautida s\u00e4ravat jumet kauem.<\/p>\n<p><img decoding=\"async\" src=\"https:\/\/b2b.innpro.pl\/data\/include\/cms\/Geske\/GK000042GY01-Gray\/2.jpg\" border=\"0\" alt=\"Geske\/GK000042GY01-Gray\/2\" \/><\/p>\n<h3>Kiire nooruss\u00fcst<\/h3>\n<p>Kas teil on ees suur v\u00e4ljas\u00f5it? Kas soovite oma naha v\u00e4limust parandada? N\u00fc\u00fcd kulub fantastilise efekti saavutamiseks vaid paar hetke! V\u00e4rskendav kvartsrulliga rullimise seanss? Kuidas oleks s\u00e4ra taastava jaheda kaelarullmassaa\u017eiga? V\u00f5imalused on t\u00f5eliselt laiad! Energiat andev jahutav tehnoloogia k\u00f5rvaldab tursed ja v\u00e4simuse m\u00e4rgid. Detox Rose Quartz spaaseanss parandab mikrotsirkulatsiooni ja annab n\u00e4htavalt s\u00e4ravama naha. See kiire hooldus valmistab sind igaks s\u00fcndmuseks hetkega ette!<\/p>\n<p><img decoding=\"async\" src=\"https:\/\/b2b.innpro.pl\/data\/include\/cms\/Geske\/GK000042GY01-Gray\/4.jpg\" border=\"0\" alt=\"Geske\/GK000042GY01-Gray\/4\" \/><\/p>\n<h3>Ilusalong sinu kodus<\/h3>\n<p>Sildima ja teravama jumega nahk, siledam nahk ja v\u00e4rske jume? 9-\u00fches n\u00e4o- ja kehan\u00f5eltega mesoteraapiarull on sinu liitlane teel terve jume poole! Loo rakenduses oma nahahooldusrutiini eesm\u00e4rgid ja ajakavad, saavuta nooruslik s\u00e4ra, siledam ja toidetud nahk ning k\u00f5rvalda peened jooned ja tumedad ringid silmade all kodust lahkumata! Parima tulemuse saavutamiseks l\u00f5peta iga seanss nahka tugevdava ja jahutava teraapiaga, mis ahendab poore, et soodustada sinu lemmikseerumi imendumist!<\/p>\n<p><img decoding=\"async\" src=\"https:\/\/b2b.innpro.pl\/data\/include\/cms\/Geske\/GK000042GY01-Gray\/9.jpg\" border=\"0\" alt=\"Geske\/GK000042GY01-Gray\/9\" \/><\/p>\n<h3>L\u00e4bim\u00f5eldud disain<\/h3>\n<p>Rull on valmistatud nahas\u00f5bralikust silikoonist ja dermatoloogiliselt testitud, seega v\u00f5id olla kindel, et sinu k\u00e4es olev seade on t\u00e4iesti ohutu. Magnetiline laadimine v\u00f5imaldab teil seadme energiat mugavalt ja vaevata taastada ning oma lemmikprotseduuri sooritamiseks saate h\u00f5lpsalt 3 pead vahetada.<\/p>\n<p><img decoding=\"async\" src=\"https:\/\/b2b.innpro.pl\/data\/include\/cms\/Geske\/GK000042GY01-Gray\/6.jpg\" border=\"0\" alt=\"Geske\/GK000042GY01-Gray\/6\" \/><\/p>\n<h3>Komplektis<\/h3>\n<ul>\n<li>9-\u00fches rull<\/li>\n<li>Mikron\u00f5elapea<\/li>\n<li>Jahutuspea<\/li>\n<li>Kvartsrull<\/li>\n<li>Laadimiskaabel<\/li>\n<\/ul>\n<div class=\"table-wrapper\">\n<table>\n<tbody>\n<tr>\n<th>Tootja<\/th>\n<td>Geske<\/td>\n<\/tr>\n<tr>\n<th>Tootjakood<\/th>\n<td>GK000042GY01<\/td>\n<\/tr>\n<tr>\n<th>V\u00e4rv<\/th>\n<td>Hall<\/td>\n<\/tr>\n<tr>\n<th>Materjal<\/th>\n<td>Silikoon<\/td>\n<\/tr>\n<\/tbody>\n<\/table>\n<\/div>\n","protected":false},"excerpt":{"rendered":"<p>N\u00e4o- ja kehan\u00f5eltega mesoteraapiarull 9in1 Geske koos aplikatsiooniga (hall) Nautige professionaalset nahahooldust oma kodus ja unustage kallid protseduurid! Saavutage v\u00e4rskendatud ja terve v\u00e4limus 9in1 n\u00e4o- ja keha mikron\u00f5eltega mesoteraapiarulliga! Varustatud 3 peaga &#8211; mikron\u00f5el, jahutav ja kvarts &#8211; see paistab silma oma mitmek\u00fclgsuse poolest ja sobib igale nahat\u00fc\u00fcbile. Rull on SmartAppGuided seade, mis t\u00f6\u00f6tab spetsiaalse [&#8230;]\n","protected":false},"featured_media":40138,"comment_status":"open","ping_status":"closed","template":"","meta":[],"product_brand":[505],"product_cat":[1455],"product_tag":[],"class_list":{"0":"post-40137","1":"product","2":"type-product","3":"status-publish","4":"has-post-thumbnail","6":"product_brand-geske","7":"product_cat-massagers","9":"first","10":"outofstock","11":"taxable","12":"shipping-taxable","13":"purchasable","14":"product-type-simple"},"aioseo_notices":[],"_links":{"self":[{"href":"https:\/\/asura.lv\/et\/wp-json\/wp\/v2\/product\/40137","targetHints":{"allow":["GET"]}}],"collection":[{"href":"https:\/\/asura.lv\/et\/wp-json\/wp\/v2\/product"}],"about":[{"href":"https:\/\/asura.lv\/et\/wp-json\/wp\/v2\/types\/product"}],"replies":[{"embeddable":true,"href":"https:\/\/asura.lv\/et\/wp-json\/wp\/v2\/comments?post=40137"}],"wp:featuredmedia":[{"embeddable":true,"href":"https:\/\/asura.lv\/et\/wp-json\/wp\/v2\/media\/40138"}],"wp:attachment":[{"href":"https:\/\/asura.lv\/et\/wp-json\/wp\/v2\/media?parent=40137"}],"wp:term":[{"taxonomy":"product_brand","embeddable":true,"href":"https:\/\/asura.lv\/et\/wp-json\/wp\/v2\/product_brand?post=40137"},{"taxonomy":"product_cat","embeddable":true,"href":"https:\/\/asura.lv\/et\/wp-json\/wp\/v2\/product_cat?post=40137"},{"taxonomy":"product_tag","embeddable":true,"href":"https:\/\/asura.lv\/et\/wp-json\/wp\/v2\/product_tag?post=40137"}],"curies":[{"name":"wp","href":"https:\/\/api.w.org\/{rel}","templated":true}]}}