{"id":40167,"date":"2025-11-28T21:05:27","date_gmt":"2025-11-28T21:05:27","guid":{"rendered":"https:\/\/asura.lv\/product\/ecoflow-balcony-hook-kit\/"},"modified":"2025-12-12T14:53:54","modified_gmt":"2025-12-12T12:53:54","slug":"ecoflow-balcony-hook-kit","status":"publish","type":"product","link":"https:\/\/asura.lv\/et\/toode\/ecoflow-balcony-hook-kit\/","title":{"rendered":"EcoFlow r\u00f5dukonksude komplekt"},"content":{"rendered":"<h3>EcoFlow r\u00f5dukonksu komplekt<\/h3>\n<p>EcoFlow r\u00f5dukonksu komplekt sisaldab komponente fotogalvaaniliste paneelide paigaldamiseks r\u00f5dupiirdele. Kasutage mugavalt PowerStream s\u00fcsteemi, varustage oma kodu v\u00f5i korteri seadmeid p\u00e4ikeseenergiaga ja s\u00e4\u00e4stke raha!<\/p>\n<p><img decoding=\"async\" src=\"https:\/\/b2b.innpro.pl\/data\/include\/cms\/12EcoFlow\/Uchwyt-balkonowy-EcoFlow-do-paneli-fotowoltaicznych-400W\/1.jpg\" border=\"0\" alt=\"12EcoFlow\/Uchwyt-balkonowy-EcoFlow-do-paneli-fotowoltaicznych-400W\/1\" \/><\/p>\n<h3>Komplektis:<\/h3>\n<ul>\n<li>Kronstein (14 x 32 x 1213 mm)<\/li>\n<li>Kaabliside (6,4 x 500 mm)<\/li>\n<li>Kahvlitihvt (pikk \u2013 8 x 120 mm)<\/li>\n<li>Kahvlitihvt (l\u00fchike \u2013 6 x 25 mm)<\/li>\n<li>Lameda pesaga kruvi (M6 x 30 mm)<\/li>\n<li>\u00c4\u00e4rikmutter (M6)<\/li>\n<li>R-klamber (suur \u2013 2,5 x 50 mm)<\/li>\n<li>R-klamber (v\u00e4ike \u2013 1,2 x 25 mm)<\/li>\n<li>Lame seib (M6 x 16 x 2 mm)<\/li>\n<li>Kettaseib (M6)<\/li>\n<li>Konks (30 x 92 x 176 mm)<\/li>\n<li>Iseliimuv kaitsepadi (2,5 x 25 x 130 mm)<\/li>\n<li>Reguleeritav p\u00e4ikesepaneeli otsaklamber (41 x 39,7 x 40 mm)<\/li>\n<li>Kuuskantv\u00f5ti (pikk \u2014 M4)<\/li>\n<li>Avatud mutriv\u00f5ti (10 mm)<\/li>\n<li>Kuuskantv\u00f5ti (l\u00fchike \u2014 M2,5)<\/li>\n<\/ul>\n<div class=\"table-wrapper\">\n<table>\n<tbody>\n<tr>\n<th>Kaubam\u00e4rk<\/th>\n<td>EcoFlow<\/td>\n<\/tr>\n<tr>\n<th>Nimi<\/th>\n<td>EcoFlow r\u00f5dukonksude komplekt<\/td>\n<\/tr>\n<tr>\n<th>Kaal<\/th>\n<td>Ligikaudu 3,2 kg<\/td>\n<\/tr>\n<tr>\n<th>Maksimaalne koormus<\/th>\n<td>30 kg<\/td>\n<\/tr>\n<tr>\n<th>Tuuletakistuse aste<\/th>\n<td>10<\/td>\n<\/tr>\n<\/tbody>\n<\/table>\n<\/div>\n","protected":false},"excerpt":{"rendered":"<p>EcoFlow r\u00f5dukonksu komplekt EcoFlow r\u00f5dukonksu komplekt sisaldab komponente fotogalvaaniliste paneelide paigaldamiseks r\u00f5dupiirdele. Kasutage mugavalt PowerStream s\u00fcsteemi, varustage oma kodu v\u00f5i korteri seadmeid p\u00e4ikeseenergiaga ja s\u00e4\u00e4stke raha! Komplektis: Kronstein (14 x 32 x 1213 mm) Kaabliside (6,4 x 500 mm) Kahvlitihvt (pikk \u2013 8 x 120 mm) Kahvlitihvt (l\u00fchike \u2013 6 x 25 mm) Lameda pesaga [&#8230;]\n","protected":false},"featured_media":40168,"comment_status":"open","ping_status":"closed","template":"","meta":[],"product_brand":[247],"product_cat":[978],"product_tag":[],"class_list":{"0":"post-40167","1":"product","2":"type-product","3":"status-publish","4":"has-post-thumbnail","6":"product_brand-ecoflow","7":"product_cat-accessories-power-stations","9":"first","10":"outofstock","11":"taxable","12":"shipping-taxable","13":"purchasable","14":"product-type-simple"},"aioseo_notices":[],"_links":{"self":[{"href":"https:\/\/asura.lv\/et\/wp-json\/wp\/v2\/product\/40167","targetHints":{"allow":["GET"]}}],"collection":[{"href":"https:\/\/asura.lv\/et\/wp-json\/wp\/v2\/product"}],"about":[{"href":"https:\/\/asura.lv\/et\/wp-json\/wp\/v2\/types\/product"}],"replies":[{"embeddable":true,"href":"https:\/\/asura.lv\/et\/wp-json\/wp\/v2\/comments?post=40167"}],"wp:featuredmedia":[{"embeddable":true,"href":"https:\/\/asura.lv\/et\/wp-json\/wp\/v2\/media\/40168"}],"wp:attachment":[{"href":"https:\/\/asura.lv\/et\/wp-json\/wp\/v2\/media?parent=40167"}],"wp:term":[{"taxonomy":"product_brand","embeddable":true,"href":"https:\/\/asura.lv\/et\/wp-json\/wp\/v2\/product_brand?post=40167"},{"taxonomy":"product_cat","embeddable":true,"href":"https:\/\/asura.lv\/et\/wp-json\/wp\/v2\/product_cat?post=40167"},{"taxonomy":"product_tag","embeddable":true,"href":"https:\/\/asura.lv\/et\/wp-json\/wp\/v2\/product_tag?post=40167"}],"curies":[{"name":"wp","href":"https:\/\/api.w.org\/{rel}","templated":true}]}}