{"id":40179,"date":"2025-11-28T21:05:26","date_gmt":"2025-11-28T21:05:26","guid":{"rendered":"https:\/\/asura.lv\/product\/ecoflow-super-flat-cable\/"},"modified":"2025-12-12T14:53:54","modified_gmt":"2025-12-12T12:53:54","slug":"ecoflow-super-flat-cable","status":"publish","type":"product","link":"https:\/\/asura.lv\/et\/toode\/ecoflow-super-flat-cable\/","title":{"rendered":"EcoFlow \u00fclilame kaabel"},"content":{"rendered":"<h3>EcoFlow MC4 lamekaabel<\/h3>\n<p>EcoFlow MC4 lamekaabel on loodud PowerStream s\u00fcsteemi paigaldamise lihtsustamiseks kodus v\u00f5i korteris nii palju kui v\u00f5imalik. See v\u00f5imaldab teil sujuvalt \u00fchendada fotogalvaanilised paneelid sees asuva mikroinverteriga \u2013 ilma et peaksite seina auke puurima. Lihtsalt vedage kaabel l\u00e4bi ukse v\u00f5i akende all olevate avade! Kaabli pikkus on 0,5 m.<\/p>\n<p><img decoding=\"async\" src=\"https:\/\/b2b.innpro.pl\/data\/include\/cms\/12EcoFlow\/EcoFlow-Super-Flat-MC4-Cable\/1.jpg\" border=\"0\" alt=\"12EcoFlow\/EcoFlow-Super-Flat-MC4-Cable\/1\" \/><\/p>\n<div class=\"table-wrapper\">\n<table>\n<tbody>\n<tr>\n<th>Kaubam\u00e4rk<\/th>\n<td>EcoFlow<\/td>\n<\/tr>\n<tr>\n<th>Nimi<\/th>\n<td>EcoFlow Super Flat kaabel<\/td>\n<\/tr>\n<tr>\n<th>Kaabli t\u00fc\u00fcp<\/th>\n<td>MC4<\/td>\n<\/tr>\n<tr>\n<th>Pikkus<\/th>\n<td>0,5 m<\/td>\n<\/tr>\n<\/tbody>\n<\/table>\n<\/div>\n","protected":false},"excerpt":{"rendered":"<p>EcoFlow MC4 lamekaabel EcoFlow MC4 lamekaabel on loodud PowerStream s\u00fcsteemi paigaldamise lihtsustamiseks kodus v\u00f5i korteris nii palju kui v\u00f5imalik. See v\u00f5imaldab teil sujuvalt \u00fchendada fotogalvaanilised paneelid sees asuva mikroinverteriga \u2013 ilma et peaksite seina auke puurima. Lihtsalt vedage kaabel l\u00e4bi ukse v\u00f5i akende all olevate avade! Kaabli pikkus on 0,5 m. Kaubam\u00e4rk EcoFlow Nimi EcoFlow [&#8230;]\n","protected":false},"featured_media":40180,"comment_status":"open","ping_status":"closed","template":"","meta":[],"product_brand":[247],"product_cat":[978],"product_tag":[],"class_list":{"0":"post-40179","1":"product","2":"type-product","3":"status-publish","4":"has-post-thumbnail","6":"product_brand-ecoflow","7":"product_cat-accessories-power-stations","9":"first","10":"outofstock","11":"taxable","12":"shipping-taxable","13":"purchasable","14":"product-type-simple"},"aioseo_notices":[],"_links":{"self":[{"href":"https:\/\/asura.lv\/et\/wp-json\/wp\/v2\/product\/40179","targetHints":{"allow":["GET"]}}],"collection":[{"href":"https:\/\/asura.lv\/et\/wp-json\/wp\/v2\/product"}],"about":[{"href":"https:\/\/asura.lv\/et\/wp-json\/wp\/v2\/types\/product"}],"replies":[{"embeddable":true,"href":"https:\/\/asura.lv\/et\/wp-json\/wp\/v2\/comments?post=40179"}],"wp:featuredmedia":[{"embeddable":true,"href":"https:\/\/asura.lv\/et\/wp-json\/wp\/v2\/media\/40180"}],"wp:attachment":[{"href":"https:\/\/asura.lv\/et\/wp-json\/wp\/v2\/media?parent=40179"}],"wp:term":[{"taxonomy":"product_brand","embeddable":true,"href":"https:\/\/asura.lv\/et\/wp-json\/wp\/v2\/product_brand?post=40179"},{"taxonomy":"product_cat","embeddable":true,"href":"https:\/\/asura.lv\/et\/wp-json\/wp\/v2\/product_cat?post=40179"},{"taxonomy":"product_tag","embeddable":true,"href":"https:\/\/asura.lv\/et\/wp-json\/wp\/v2\/product_tag?post=40179"}],"curies":[{"name":"wp","href":"https:\/\/api.w.org\/{rel}","templated":true}]}}