{"id":40341,"date":"2025-11-28T21:05:13","date_gmt":"2025-11-28T21:05:13","guid":{"rendered":"https:\/\/asura.lv\/product\/tempered-glass-baseus-0-4mm-iphone-12-pro-max-cleaning-kit\/"},"modified":"2025-12-12T14:53:45","modified_gmt":"2025-12-12T12:53:45","slug":"tempered-glass-baseus-0-4mm-iphone-12-pro-max-cleaning-kit","status":"publish","type":"product","link":"https:\/\/asura.lv\/et\/toode\/tempered-glass-baseus-0-4mm-iphone-12-pro-max-cleaning-kit\/","title":{"rendered":"Karastatud klaas Baseus 0.4mm iPhone 12 Pro MAX + puhastuskomplekt"},"content":{"rendered":"<h3>Baseus 0.4mm Corning HD karastatud klaas iPhone 12 Pro Maxile + puhastuskomplekt<\/h3>\n<p>Varusta end Baseuse kaubam\u00e4rgi karastatud klaasiga, mis kaitseb sinu nutitelefoni kriimustuste eest. Toode ei m\u00f5juta kuvatava pildi kvaliteeti ja sellel on sinise valguse filter, mis t\u00e4hendab, et su silmad ei v\u00e4si veebis sirvides ega fotosid vaadates nii kiiresti.<\/p>\n<p><img decoding=\"async\" src=\"https:\/\/b2b.innpro.pl\/data\/include\/cms\/-Baseus\/SGKN030502\/1.jpg\" alt=\"-Baseus\/SGKN030502\/1\"><\/p>\n<h3>Loodud sinu riistvara jaoks<\/h3>\n<p>Karastatud klaas sobib ideaalselt sinu telefoniga ja liibub tihedalt servade \u00fcmber. Lisaks on see tolmukindel ja t\u00e4nu galvaaniliselt kaetud pinnakattele ka s\u00f5rmej\u00e4lgede ja plekkide suhtes vastupidav, nii et see n\u00e4eb alati puhas v\u00e4lja ja tagab hea n\u00e4htavuse. See kaitseb teie nutitelefoni ka kriimustuste ja muude mehaaniliste kahjustuste eest. Lisaks eristab kvaliteetne Corningi klaas k\u00f5rge valguse l\u00e4bilaskvuse poolest, mis tagab v\u00e4rvide t\u00e4pse taasesituse.<\/p>\n<p><img decoding=\"async\" src=\"https:\/\/b2b.innpro.pl\/data\/include\/cms\/-Baseus\/SGKN030502\/2.jpg\" alt=\"-Baseus\/SGKN030502\/2\"><\/p>\n<h3>Teie n\u00e4gemise huvides<\/h3>\n<p>Kas sirvite sotsiaalmeediat hilja? V\u00f5i meeldib teile enne magamaminekut videoid vaadata? Klaas on varustatud sinise valguse filtriga, nii et see leevendab t\u00f5husalt teie n\u00e4gemist ja hoiab silmad v\u00e4hem v\u00e4sinud. Toode ei m\u00f5juta ka pildi kvaliteeti \u2013 kuvatav sisu s\u00e4ilitab k\u00fcllastunud v\u00e4rvid ja detailirohkuse.<\/p>\n<p><img decoding=\"async\" src=\"https:\/\/b2b.innpro.pl\/data\/include\/cms\/-Baseus\/SGKN030502\/3.jpg\" alt=\"-Baseus\/SGKN030502\/3\"><\/p>\n<h3>Komplektis:<\/h3>\n<ul>\n<li>Karastatud klaas<\/li>\n<li>Puhastustarvikud<\/li>\n<\/ul>\n<div class=\"table-wrapper\">\n<table>\n<tbody>\n<tr>\n<th>Tootja<\/th>\n<td>Baseus<\/td>\n<\/tr>\n<tr>\n<th>Mudel<\/th>\n<td>SGKN030502<\/td>\n<\/tr>\n<tr>\n<th>Materjal<\/th>\n<td>Karastatud klaas<\/td>\n<\/tr>\n<tr>\n<th>\u00dchilduvus<\/th>\n<td>iPhone 12 Pro Max<\/td>\n<\/tr>\n<\/tbody>\n<\/table>\n<\/div>\n","protected":false},"excerpt":{"rendered":"<p>Baseus 0.4mm Corning HD karastatud klaas iPhone 12 Pro Maxile + puhastuskomplekt Varusta end Baseuse kaubam\u00e4rgi karastatud klaasiga, mis kaitseb sinu nutitelefoni kriimustuste eest. Toode ei m\u00f5juta kuvatava pildi kvaliteeti ja sellel on sinise valguse filter, mis t\u00e4hendab, et su silmad ei v\u00e4si veebis sirvides ega fotosid vaadates nii kiiresti. Loodud sinu riistvara jaoks Karastatud [&#8230;]\n","protected":false},"featured_media":40342,"comment_status":"open","ping_status":"closed","template":"","meta":[],"product_brand":[95],"product_cat":[1317],"product_tag":[],"class_list":{"0":"post-40341","1":"product","2":"type-product","3":"status-publish","4":"has-post-thumbnail","6":"product_brand-baseus","7":"product_cat-for-smartphones-tempered-glass-and-screen-protectors-gsm-accessories","9":"first","10":"outofstock","11":"taxable","12":"shipping-taxable","13":"purchasable","14":"product-type-simple"},"aioseo_notices":[],"_links":{"self":[{"href":"https:\/\/asura.lv\/et\/wp-json\/wp\/v2\/product\/40341","targetHints":{"allow":["GET"]}}],"collection":[{"href":"https:\/\/asura.lv\/et\/wp-json\/wp\/v2\/product"}],"about":[{"href":"https:\/\/asura.lv\/et\/wp-json\/wp\/v2\/types\/product"}],"replies":[{"embeddable":true,"href":"https:\/\/asura.lv\/et\/wp-json\/wp\/v2\/comments?post=40341"}],"wp:featuredmedia":[{"embeddable":true,"href":"https:\/\/asura.lv\/et\/wp-json\/wp\/v2\/media\/40342"}],"wp:attachment":[{"href":"https:\/\/asura.lv\/et\/wp-json\/wp\/v2\/media?parent=40341"}],"wp:term":[{"taxonomy":"product_brand","embeddable":true,"href":"https:\/\/asura.lv\/et\/wp-json\/wp\/v2\/product_brand?post=40341"},{"taxonomy":"product_cat","embeddable":true,"href":"https:\/\/asura.lv\/et\/wp-json\/wp\/v2\/product_cat?post=40341"},{"taxonomy":"product_tag","embeddable":true,"href":"https:\/\/asura.lv\/et\/wp-json\/wp\/v2\/product_tag?post=40341"}],"curies":[{"name":"wp","href":"https:\/\/api.w.org\/{rel}","templated":true}]}}