{"id":40437,"date":"2025-11-28T21:05:02","date_gmt":"2025-11-28T21:05:02","guid":{"rendered":"https:\/\/asura.lv\/product\/car-charger-baseus-superme-usb-usb-c-140w-black\/"},"modified":"2025-12-12T14:53:39","modified_gmt":"2025-12-12T12:53:39","slug":"car-charger-baseus-superme-usb-usb-c-140w-black","status":"publish","type":"product","link":"https:\/\/asura.lv\/et\/toode\/car-charger-baseus-superme-usb-usb-c-140w-black\/","title":{"rendered":"Autolaadija Baseus Superme, USB, USB-C, 140W (must)"},"content":{"rendered":"<h3>Baseus Superme USB, USB-C, 140W autolaadija (must)<\/h3>\n<p>Teie telefon v\u00f5i s\u00fclearvuti sai reisil olles t\u00fchjaks? N\u00fc\u00fcd pole see enam probleem! Baseuse autolaadijal on 2 porti &#8211; USB-C ja USB, mis v\u00f5imaldavad teil kiiresti laadida kuni 2 seadet korraga! Selle maksimaalne v\u00f5imsus ulatub 140 vattini. Toode \u00fchildub enamiku 12 V &#8211; 24 V s\u00f5idukitega ja t\u00e4nu kasutatud tehnoloogilistele lahendustele tagab see ohutu kasutamise. Laadijal on ka praktiline digitaalne ekraan.<\/p>\n<p><img decoding=\"async\" src=\"https:\/\/b2b.innpro.pl\/data\/include\/cms\/-Baseus\/CGZX070001\/1.jpg\" alt=\"-Baseus\/CGZX070001\/1\"><\/p>\n<h3>Kahe seadme samaaegne kiire laadimine<\/h3>\n<p>Te ei pea enam ootama, kuni \u00fcks seade on laetud, enne kui teise \u00fchendate. CGZX070001 laadijal on USB-C ja USB-port, mille maksimaalne v\u00f5imsus on 140 vatti. Lihtsalt \u00fchendage n\u00e4iteks s\u00fclearvuti ja telefon, et nautida nende kiirlaadimist!<\/p>\n<p><img decoding=\"async\" src=\"https:\/\/b2b.innpro.pl\/data\/include\/cms\/-Baseus\/CGZX070001\/2.jpg\" alt=\"-Baseus\/CGZX070001\/2\"><\/p>\n<h3>See laeb teie s\u00fclearvuti v\u00f5i nutitelefoni silmapilguga<\/h3>\n<p>Laadija \u00fchildub enamiku populaarsete kiirlaadimisprotokollidega, n\u00e4iteks PPS, PD3.0, QC3.0, SCP, FCP ja AFC. Nii et teie seadmed saavad kohe uuesti t\u00f6\u00f6le! MateBook X Pro t\u00e4ielik laadimine v\u00f5tab vaid umbes 153 minutit. Mate 40 Pro puhul v\u00f5tab see aega vaid umbes 74 minutit!<\/p>\n<p><img decoding=\"async\" src=\"https:\/\/b2b.innpro.pl\/data\/include\/cms\/-Baseus\/CGZX070001\/3.jpg\" alt=\"-Baseus\/CGZX070001\/3\"><\/p>\n<h3>Ohutu kasutada<\/h3>\n<p>Te ei pea muretsema oma seadmete kahjustamise p\u00e4rast. Baseuse autolaadija on varustatud kahekordse kiibiga, mis pakub t\u00f5husat kaitset muu hulgas \u00fclevoolu, \u00fclepinge ja l\u00fchise eest. Uus ja t\u00e4iustatud jahutuss\u00fcsteem kaitseb seda veelgi \u00fclekuumenemise eest ja tagab suurema laadimise efektiivsuse. Teie seadmed on kaitstud ka \u00fclelaadimise eest.<\/p>\n<p><img decoding=\"async\" src=\"https:\/\/b2b.innpro.pl\/data\/include\/cms\/-Baseus\/CGZX070001\/6.jpg\" alt=\"-Baseus\/CGZX070001\/4\"><\/p>\n<h3>Sisseehitatud ekraani abil on teil mugav juurdep\u00e4\u00e4s teabele<\/h3>\n<p>Seade j\u00e4lgib aku pinget, v\u00e4ljundpinget ja v\u00e4ljundv\u00f5imsust reaalajas. Vastavad v\u00e4\u00e4rtused kuvatakse laadija h\u00f5lpsasti loetaval digitaalsel ekraanil, nii et saate igal ajal kontrollida, kas k\u00f5ik t\u00f6\u00f6tab etten\u00e4htud viisil. Ekraanil kuvatavaid andmeid uuendatakse iga 5 sekundi j\u00e4rel. See annab teile kindluse, et teil on alati juurdep\u00e4\u00e4s ajakohasele teabele.<\/p>\n<p><img decoding=\"async\" src=\"https:\/\/b2b.innpro.pl\/data\/include\/cms\/-Baseus\/CGZX070001\/5.jpg\" alt=\"-Baseus\/CGZX070001\/5\"><\/p>\n<h3>Lai \u00fchilduvus ja usaldusv\u00e4\u00e4rne j\u00f5udlus<\/h3>\n<p>Laadijat saab edukalt kasutada enamikus 12\u201324-voldistes s\u00f5idukites \u2013 autodest veoautodeni. Selle kullatud pistikud v\u00f5imaldavad teil v\u00e4hendada takistust ja parandada tundlikkust. Seade sobib ideaalselt sigaretis\u00fc\u00fctaja pesasse ning selle spetsiaalselt disainitud pikendatud libisemiskindlad komponendid tagavad usaldusv\u00e4\u00e4rse \u00fchenduse ja erakordse stabiilsuse \u2013 isegi konarused, augud, aeglustuvad l\u00e4ved ega j\u00e4rsk pidurdamine ei hirmuta seda.<\/p>\n<p><img decoding=\"async\" src=\"https:\/\/b2b.innpro.pl\/data\/include\/cms\/-Baseus\/CGZX070001\/4.jpg\" alt=\"-Baseus\/CGZX070001\/6\"><\/p>\n<h3>Kaasas<\/h3>\n<ul>\n<li>Autolaadija<\/li>\n<li>USB-C kaabel<\/li>\n<\/ul>\n<div class=\"table-wrapper\">\n<table>\n<tbody>\n<tr>\n<th>Tootja <\/th>\n<td>Baseus<\/td>\n<\/tr>\n<tr>\n<th>Nimi <\/th>\n<td>Superme ekraaniga autolaadija<\/td>\n<\/tr>\n<tr>\n<th>Mudel <\/th>\n<td>CGZX070001<\/td>\n<\/tr>\n<tr>\n<th>Materjal <\/th>\n<td>Plast + metall<\/td>\n<\/tr>\n<tr>\n<th>Sisend <\/th>\n<td>Alalisvool 12\u201324 V<\/td>\n<\/tr>\n<tr>\n<th>USB-v\u00e4ljund <\/th>\n<td>5 V \u2013 4,5 A, 4,5 V \u2013 5 A, 5 V \u2013 3 A, 9 V \u2013 3 A, 12 V \u2013 2,5 A, 20 V \u2013 1,5 A<\/td>\n<\/tr>\n<tr>\n<th>USB-C v\u00e4ljund <\/th>\n<td>5 V \u2013 3 A, 9 V \u2013 3 A, 12 V \u2013 3 A, 15 V \u2013 3 A, 20 V \u2013 5 A<\/td>\n<\/tr>\n<tr>\n<th>Kogu v\u00e4ljundv\u00f5imsus<\/th>\n<td>100 vatti + 40 vatti<\/td>\n<\/tr>\n<tr>\n<th>V\u00e4rv<\/th>\n<td>Must<\/td>\n<\/tr>\n<tr>\n<th>M\u00f5\u00f5tmed<\/th>\n<td>O\u00a637 x 69 mm<\/td>\n<\/tr>\n<tr>\n<th>Kaal<\/th>\n<td>Ligikaudu 39 g<\/td>\n<\/tr>\n<\/tbody>\n<\/table>\n<\/div>\n","protected":false},"excerpt":{"rendered":"<p>Baseus Superme USB, USB-C, 140W autolaadija (must) Teie telefon v\u00f5i s\u00fclearvuti sai reisil olles t\u00fchjaks? N\u00fc\u00fcd pole see enam probleem! Baseuse autolaadijal on 2 porti &#8211; USB-C ja USB, mis v\u00f5imaldavad teil kiiresti laadida kuni 2 seadet korraga! Selle maksimaalne v\u00f5imsus ulatub 140 vattini. Toode \u00fchildub enamiku 12 V &#8211; 24 V s\u00f5idukitega ja t\u00e4nu [&#8230;]\n","protected":false},"featured_media":40438,"comment_status":"open","ping_status":"closed","template":"","meta":[],"product_brand":[95],"product_cat":[1284],"product_tag":[],"class_list":{"0":"post-40437","1":"product","2":"type-product","3":"status-publish","4":"has-post-thumbnail","6":"product_brand-baseus","7":"product_cat-car-chargers","9":"first","10":"outofstock","11":"taxable","12":"shipping-taxable","13":"purchasable","14":"product-type-simple"},"aioseo_notices":[],"_links":{"self":[{"href":"https:\/\/asura.lv\/et\/wp-json\/wp\/v2\/product\/40437","targetHints":{"allow":["GET"]}}],"collection":[{"href":"https:\/\/asura.lv\/et\/wp-json\/wp\/v2\/product"}],"about":[{"href":"https:\/\/asura.lv\/et\/wp-json\/wp\/v2\/types\/product"}],"replies":[{"embeddable":true,"href":"https:\/\/asura.lv\/et\/wp-json\/wp\/v2\/comments?post=40437"}],"wp:featuredmedia":[{"embeddable":true,"href":"https:\/\/asura.lv\/et\/wp-json\/wp\/v2\/media\/40438"}],"wp:attachment":[{"href":"https:\/\/asura.lv\/et\/wp-json\/wp\/v2\/media?parent=40437"}],"wp:term":[{"taxonomy":"product_brand","embeddable":true,"href":"https:\/\/asura.lv\/et\/wp-json\/wp\/v2\/product_brand?post=40437"},{"taxonomy":"product_cat","embeddable":true,"href":"https:\/\/asura.lv\/et\/wp-json\/wp\/v2\/product_cat?post=40437"},{"taxonomy":"product_tag","embeddable":true,"href":"https:\/\/asura.lv\/et\/wp-json\/wp\/v2\/product_tag?post=40437"}],"curies":[{"name":"wp","href":"https:\/\/api.w.org\/{rel}","templated":true}]}}