{"id":40509,"date":"2025-11-28T21:04:56","date_gmt":"2025-11-28T21:04:56","guid":{"rendered":"https:\/\/asura.lv\/product\/transparent-case-and-tempered-glass-set-baseus-corning-for-iphone-14-pro\/"},"modified":"2025-12-12T14:53:37","modified_gmt":"2025-12-12T12:53:37","slug":"transparent-case-and-tempered-glass-set-baseus-corning-for-iphone-14-pro","status":"publish","type":"product","link":"https:\/\/asura.lv\/et\/toode\/transparent-case-and-tempered-glass-set-baseus-corning-for-iphone-14-pro\/","title":{"rendered":"L\u00e4bipaistev \u00fcmbris ja karastatud klaasi komplekt Baseus Corning iPhone 14 Pro jaoks"},"content":{"rendered":"<h3>Kaitsekomplekt Baseus Corning l\u00e4bipaistev \u00fcmbris ja karastatud klaas iPhone 14 Pro jaoks<\/h3>\n<p>Hoolitse oma iPhone&#8217;i eest p\u00f5hjalikult ja naudi t\u00e4ielikku vabadust Baseusega! Kaitsekomplekt koosneb l\u00e4bipaistvast \u00fcmbrisest ja karastatud klaasist, mis on valmistatud rahvusvahelise kaubam\u00e4rgi Corning klaasist, mis on tuntud Apple&#8217;i klaaskomponentide tootmise poolest. \u00dcmbris ja klaas on \u00e4\u00e4rmiselt \u00f5hukesed ja l\u00e4bipaistvad, kuid samas v\u00e4ga t\u00f5husad seadme kaitsmisel kukkumiste, l\u00f6\u00f6kide ja kriimustuste eest. T\u00e4iendav oleofoobne kiht aitab hoida teie nutitelefoni puhtana.<\/p>\n<p><img decoding=\"async\" src=\"https:\/\/b2b.innpro.pl\/data\/include\/cms\/-Baseus\/P60112202201-01\/1.jpg\" alt=\"-Baseus\/P60112202201-01\/1\"><\/p>\n<h3>Esmaklassiline kvaliteet<\/h3>\n<p>Keskendume kvaliteedile, mist\u00f5ttu oleme loonud teie telefonile kaitse parimatest materjalidest! Corningi klaasi eristab k\u00f5rge k\u00f5vadusaste (9H), pakkudes erakordset kaitset tavaliste ohtude, n\u00e4iteks kukkumiste, l\u00f6\u00f6kide ja p\u00f5rutuste eest.<\/p>\n<p><img decoding=\"async\" src=\"https:\/\/b2b.innpro.pl\/data\/include\/cms\/-Baseus\/P60112202201-01\/2.jpg\" alt=\"-Baseus\/P60112202201-01\/2\"><\/p>\n<h3>T\u00e4ielik kaitse<\/h3>\n<p>Spetsiaalselt disainitud komplekt sobib ideaalselt iPhone 14 Pro seeria telefonidele, kaitstes ka telefoni \u00f5rnu servi. \u00dcmbrise servad on saanud t\u00e4iendava kaitse &#8220;\u00f5hkpadja&#8221; n\u00e4ol, nii et isegi kui telefon k\u00f5va pinnaga kokku p\u00f5rkab, ei saa see kahjustada. Kaitseklaas katab ideaalselt ka kaamera objektiivi! Baseusega on teie telefon t\u00e4iesti turvaline!<\/p>\n<p><img decoding=\"async\" src=\"https:\/\/b2b.innpro.pl\/data\/include\/cms\/-Baseus\/P60112202201-01\/3.jpg\" alt=\"-Baseus\/P60112202201-01\/3\"><\/p>\n<h3>V\u00e4ga l\u00e4bipaistev<\/h3>\n<p>Baseuse kaitsekomplekt j\u00e4tab mulje, nagu seda peaaegu polekski. Vaatamata oma t\u00f5hususele on see \u00e4\u00e4rmiselt \u00f5huke ja laseb valgust l\u00e4bi, v\u00f5imaldades s\u00e4ilitada neutraalseid v\u00e4rve ja k\u00f5rget pildikvaliteeti. Lisaks ei blokeeri see valguse sisenemist kaamera objektiivi, nii et teie fotod peegeldavad usaldusv\u00e4\u00e4rselt tegelikkust.<\/p>\n<p><img decoding=\"async\" src=\"https:\/\/b2b.innpro.pl\/data\/include\/cms\/-Baseus\/P60112202201-01\/4.jpg\" alt=\"-Baseus\/P60112202201-01\/4\"><\/p>\n<h3>Mugav k\u00e4sitsemine<\/h3>\n<p>\u00d5huke klaas s\u00e4ilitab teie iPhone&#8217;i algse kuju ja suuruse. Unustage suured ja kohmakad \u00fcmbrised ning nautige oma nutitelefoni elegantset disaini. \u00dcmbris ei sega MagSafe&#8217;i funktsiooni, seega ei pea te seda telefoni laadimise ajal eemaldama. Kui aga vaja, siis t\u00e4nu pehmetele servadele saad sellega probleemideta hakkama.<\/p>\n<p><img decoding=\"async\" src=\"https:\/\/b2b.innpro.pl\/data\/include\/cms\/-Baseus\/P60112202201-01\/5.jpg\" alt=\"-Baseus\/P60112202201-01\/5\"><\/p>\n<h3>Alati puhas<\/h3>\n<p>Komplekt on saanud t\u00e4iendava oleofoobse katte, nii et v\u00f5id unustada inetud s\u00f5rmej\u00e4ljed ja muu sarnase mustuse. Selline lahendus v\u00f5imaldab s\u00e4ilitada telefoni v\u00e4lkkiire reageerimisv\u00f5ime igale ekraani puudutusele ning m\u00f5jutab ka telefoni puhtana hoidmise lihtsust. Kvaliteetsete materjalide kasutamine tagab, et \u00fcmbris ei oks\u00fcdeeru ja seet\u00f5ttu ei kolletu. <\/p>\n<p><img decoding=\"async\" src=\"https:\/\/b2b.innpro.pl\/data\/include\/cms\/-Baseus\/P60112202201-01\/6.jpg\" alt=\"-Baseus\/P60112202201-01\/6\"><\/p>\n<h3>Kaasas<\/h3>\n<ul>\n<li>Korpus<\/li>\n<li>Karastatud klaas<\/li>\n<\/ul>\n<div class=\"table-wrapper\">\n<table>\n<tbody>\n<tr>\n<th>Tootja<\/th>\n<td>Baseus<\/td>\n<\/tr>\n<tr>\n<th>Mudel<\/th>\n<td>P60112202201-01<\/td>\n<\/tr>\n<tr>\n<th>T\u00f6\u00f6tlemine<\/th>\n<td>Kaass\u00fcstimine vormimine<\/td>\n<\/tr>\n<tr>\n<th>Materjal<\/th>\n<td>TPU + klaas<\/td>\n<\/tr>\n<tr>\n<th>V\u00e4rv<\/th>\n<td>L\u00e4bipaistev<\/td>\n<\/tr>\n<tr>\n<th>\u00dchilduvus<\/th>\n<td>iPhone 14 Pro<\/td>\n<\/tr>\n<\/tbody>\n<\/table>\n<\/div>\n","protected":false},"excerpt":{"rendered":"<p>Kaitsekomplekt Baseus Corning l\u00e4bipaistev \u00fcmbris ja karastatud klaas iPhone 14 Pro jaoks Hoolitse oma iPhone&#8217;i eest p\u00f5hjalikult ja naudi t\u00e4ielikku vabadust Baseusega! Kaitsekomplekt koosneb l\u00e4bipaistvast \u00fcmbrisest ja karastatud klaasist, mis on valmistatud rahvusvahelise kaubam\u00e4rgi Corning klaasist, mis on tuntud Apple&#8217;i klaaskomponentide tootmise poolest. \u00dcmbris ja klaas on \u00e4\u00e4rmiselt \u00f5hukesed ja l\u00e4bipaistvad, kuid samas v\u00e4ga t\u00f5husad [&#8230;]\n","protected":false},"featured_media":40510,"comment_status":"open","ping_status":"closed","template":"","meta":[],"product_brand":[95],"product_cat":[1248],"product_tag":[],"class_list":{"0":"post-40509","1":"product","2":"type-product","3":"status-publish","4":"has-post-thumbnail","6":"product_brand-baseus","7":"product_cat-protective-cases-for-smartphones-cases-gsm-accessories","9":"first","10":"outofstock","11":"taxable","12":"shipping-taxable","13":"purchasable","14":"product-type-simple"},"aioseo_notices":[],"_links":{"self":[{"href":"https:\/\/asura.lv\/et\/wp-json\/wp\/v2\/product\/40509","targetHints":{"allow":["GET"]}}],"collection":[{"href":"https:\/\/asura.lv\/et\/wp-json\/wp\/v2\/product"}],"about":[{"href":"https:\/\/asura.lv\/et\/wp-json\/wp\/v2\/types\/product"}],"replies":[{"embeddable":true,"href":"https:\/\/asura.lv\/et\/wp-json\/wp\/v2\/comments?post=40509"}],"wp:featuredmedia":[{"embeddable":true,"href":"https:\/\/asura.lv\/et\/wp-json\/wp\/v2\/media\/40510"}],"wp:attachment":[{"href":"https:\/\/asura.lv\/et\/wp-json\/wp\/v2\/media?parent=40509"}],"wp:term":[{"taxonomy":"product_brand","embeddable":true,"href":"https:\/\/asura.lv\/et\/wp-json\/wp\/v2\/product_brand?post=40509"},{"taxonomy":"product_cat","embeddable":true,"href":"https:\/\/asura.lv\/et\/wp-json\/wp\/v2\/product_cat?post=40509"},{"taxonomy":"product_tag","embeddable":true,"href":"https:\/\/asura.lv\/et\/wp-json\/wp\/v2\/product_tag?post=40509"}],"curies":[{"name":"wp","href":"https:\/\/api.w.org\/{rel}","templated":true}]}}