{"id":40617,"date":"2025-11-28T20:47:24","date_gmt":"2025-11-28T20:47:24","guid":{"rendered":"https:\/\/asura.lv\/product\/dji-prossd-mount\/"},"modified":"2025-12-12T14:48:13","modified_gmt":"2025-12-12T12:48:13","slug":"dji-prossd-mount","status":"publish","type":"product","link":"https:\/\/asura.lv\/et\/toode\/dji-prossd-mount\/","title":{"rendered":"DJI PROSSD kinnitus"},"content":{"rendered":"<h3 style=\"text-align: center;\">DJI PROSSD k\u00e4epide<\/h3>\n<p>DJI PROSSD kinnitus v\u00f5imaldab salvestada videoid ProRes Raw v\u00f5i 8K vormingus. Lisaks \u00fchildub toode DJI Ronin 4D-ga. Lisaks kinnitusele leiate komplektist 2 M2-20 lainurkkruvi ja 1,5 mm kuuskantv\u00f5tme kuulpeaga.<\/p>\n<p><img loading=\"lazy\" decoding=\"async\" src=\"https:\/\/b2b.innpro.pl\/data\/include\/cms\/12DJI\/DJI-PROSSD-Mount\/5.jpg\" border=\"0\" alt=\"\" width=\"1100\" height=\"700\" \/><\/p>\n<p>\u0412\u00a0<\/p>\n<h3>Kaasas<\/h3>\n<ul>\n<li>PROSSD hoidik<\/li>\n<li>Kuuskantkruvi M2-20 \u0413\u2014 2<\/li>\n<li>1,5 mm kuuskantv\u00f5ti kuulpeaga<\/li>\n<\/ul>\n<p>\u0412\u00a0<\/p>\n<h3>Spetsifikatsioon<\/h3>\n<p>\u0412\u00a0<\/p>\n<div class=\"table-wrapper\">\n<table>\n<tbody>\n<tr>\n<th>Br\u00e4nd<\/th>\n<td>DJI<\/td>\n<\/tr>\n<tr>\n<th>Nimi<\/th>\n<td>DJI PROSSD hoidik<\/td>\n<\/tr>\n<tr>\n<th>\u00dchilduvus<\/th>\n<td>DJI Ronin 4D<\/td>\n<\/tr>\n<\/tbody>\n<\/table>\n<p>B\u00a0<\/p>\n<p>B\u00a0<\/p>\n<\/div>\n<style type=\"text\/css\"><!--\n.table-wrapper{width:100%;overflow-x:auto}.table-wrapper>table{border-spacing:0}.table-wrapper>table>tbody>tr>td,.table-wrapper>table>tbody>tr>th{padding:10px 35px;text-align:left}.table-wrapper>table>tbody>tr>th{vertical-align:top}.table-wrapper>table>tbody>tr:nth-child(even){background-color:#f7f7f7}\n--><\/style>\n","protected":false},"excerpt":{"rendered":"<p>DJI PROSSD k\u00e4epide DJI PROSSD kinnitus v\u00f5imaldab salvestada videoid ProRes Raw v\u00f5i 8K vormingus. Lisaks \u00fchildub toode DJI Ronin 4D-ga. Lisaks kinnitusele leiate komplektist 2 M2-20 lainurkkruvi ja 1,5 mm kuuskantv\u00f5tme kuulpeaga. \u0412\u00a0 Kaasas PROSSD hoidik Kuuskantkruvi M2-20 \u0413\u2014 2 1,5 mm kuuskantv\u00f5ti kuulpeaga \u0412\u00a0 Spetsifikatsioon \u0412\u00a0 Br\u00e4nd DJI Nimi DJI PROSSD hoidik \u00dchilduvus DJI [&#8230;]\n","protected":false},"featured_media":40618,"comment_status":"open","ping_status":"closed","template":"","meta":[],"product_brand":[89],"product_cat":[1014],"product_tag":[],"class_list":{"0":"post-40617","1":"product","2":"type-product","3":"status-publish","4":"has-post-thumbnail","6":"product_brand-dji","7":"product_cat-for-cameras-and-camcorders","9":"first","10":"outofstock","11":"taxable","12":"shipping-taxable","13":"purchasable","14":"product-type-simple"},"aioseo_notices":[],"_links":{"self":[{"href":"https:\/\/asura.lv\/et\/wp-json\/wp\/v2\/product\/40617","targetHints":{"allow":["GET"]}}],"collection":[{"href":"https:\/\/asura.lv\/et\/wp-json\/wp\/v2\/product"}],"about":[{"href":"https:\/\/asura.lv\/et\/wp-json\/wp\/v2\/types\/product"}],"replies":[{"embeddable":true,"href":"https:\/\/asura.lv\/et\/wp-json\/wp\/v2\/comments?post=40617"}],"wp:featuredmedia":[{"embeddable":true,"href":"https:\/\/asura.lv\/et\/wp-json\/wp\/v2\/media\/40618"}],"wp:attachment":[{"href":"https:\/\/asura.lv\/et\/wp-json\/wp\/v2\/media?parent=40617"}],"wp:term":[{"taxonomy":"product_brand","embeddable":true,"href":"https:\/\/asura.lv\/et\/wp-json\/wp\/v2\/product_brand?post=40617"},{"taxonomy":"product_cat","embeddable":true,"href":"https:\/\/asura.lv\/et\/wp-json\/wp\/v2\/product_cat?post=40617"},{"taxonomy":"product_tag","embeddable":true,"href":"https:\/\/asura.lv\/et\/wp-json\/wp\/v2\/product_tag?post=40617"}],"curies":[{"name":"wp","href":"https:\/\/api.w.org\/{rel}","templated":true}]}}