{"id":40707,"date":"2025-11-28T20:47:15","date_gmt":"2025-11-28T20:47:15","guid":{"rendered":"https:\/\/asura.lv\/product\/baseus-foldable-bracket-for-phone-white\/"},"modified":"2025-12-12T14:48:06","modified_gmt":"2025-12-12T12:48:06","slug":"baseus-foldable-bracket-for-phone-white","status":"publish","type":"product","link":"https:\/\/asura.lv\/et\/toode\/baseus-foldable-bracket-for-phone-white\/","title":{"rendered":"Baseuse kokkupandav telefonihoidik (valge)"},"content":{"rendered":"<h3>Baseuse kokkupandav telefonihoidik<\/h3>\n<p>Vaata mugavalt oma telefonis videoid v\u00f5i otse\u00fclekannet. Baseuse isekleepuv hoidik v\u00f5imaldab sul nutitelefoni stabiilselt lauale asetada nii horisontaalselt kui ka vertikaalselt. Selle hoidik p\u00f6\u00f6rleb 360\u00b0, saad reguleerida kallet kuni 90\u00b0 ja k\u00f5rgust. Alus ei sega juhtmevaba laadimist ja seda on uskumatult lihtne paigaldada \u2013 puhasta lihtsalt telefoni tagak\u00fclg ja seej\u00e4rel kinnita see.<\/p>\n<p><img decoding=\"async\" src=\"https:\/\/b2b.innpro.pl\/data\/include\/cms\/-Baseus\/LUXZ000002\/5.jpg?v=1642760784772\"><\/p>\n<h3>Kohanda see vastavalt oma vajadustele<\/h3>\n<p>Positsioneeri oma nutitelefon nii, nagu soovid, ja saavuta optimaalne vaatenurk. Saad k\u00e4epideme hoidikut kuni 90\u00b0 avada ja 360\u00b0 p\u00f6\u00f6rata. Samuti saate selle k\u00f5rgust reguleerida. Nii saate selle h\u00f5lpsalt paigutada, et mugavalt vaadata saateid, salvestada otse\u00fclekandeid v\u00f5i teha m\u00e4rkmeid veebiloengu ajal. Lisaks on alus loodud teie nutitelefoni stabiilsuse tagamiseks.<\/p>\n<p><img decoding=\"async\" src=\"https:\/\/b2b.innpro.pl\/data\/include\/cms\/-Baseus\/LUXZ000002\/1.jpg?v=1642760784772\"><\/p>\n<h3>L\u00e4bim\u00f5eldud disain<\/h3>\n<p>Hoidik on valmistatud vastupidavast PC- ja ABS-plastist, mis on mitte ainult vastupidavad, vaid ei m\u00f5juta ka juhtmevaba laadimise funktsiooni. See on ka \u00e4\u00e4rmiselt \u00f5huke, paksusega vaid 4 mm. See ei v\u00f5ta liiga palju ruumi ega sega nutitelefoni kasutamist. Kvaliteetse liimi kasutamine tagab, et alus p\u00fcsib stabiilselt paigal ega kuku maha.<\/p>\n<p><img decoding=\"async\" src=\"https:\/\/b2b.innpro.pl\/data\/include\/cms\/-Baseus\/LUXZ000002\/3.jpg?v=1642760784772\"><\/p>\n<h3>Karbis<\/h3>\n<ul>\n<li>Kokkupandav telefonihoidik<\/li>\n<li>Paigaldust\u00f6\u00f6riistad<\/li>\n<\/ul>\n<div class=\"table-wrapper\">\n<table>\n<tbody>\n<tr>\n<th>Kaubam\u00e4rk<\/th>\n<td>Baseus<\/td>\n<\/tr>\n<tr>\n<th>Nimi<\/th>\n<td>Kokkupandav Klamber<\/td>\n<\/tr>\n<tr>\n<th>Mudel<\/th>\n<td>LUXZ000002<\/td>\n<\/tr>\n<tr>\n<th>V\u00e4rv<\/th>\n<td>Valge<\/td>\n<\/tr>\n<tr>\n<th>Materjal<\/th>\n<td>ABS + PC<\/td>\n<\/tr>\n<tr>\n<th>Kaal<\/th>\n<td>6,5 g<\/td>\n<\/tr>\n<tr>\n<th>M\u00f5\u00f5tmed<\/th>\n<td>26,3 x 62 x 4 mm<\/td>\n<\/tr>\n<tr>\n<th>\u00dchilduvus<\/th>\n<td>5,4 tolli ja uuemad nutitelefonid<\/td>\n<\/tr>\n<\/tbody>\n<\/table>\n<\/div>\n","protected":false},"excerpt":{"rendered":"<p>Baseuse kokkupandav telefonihoidik Vaata mugavalt oma telefonis videoid v\u00f5i otse\u00fclekannet. Baseuse isekleepuv hoidik v\u00f5imaldab sul nutitelefoni stabiilselt lauale asetada nii horisontaalselt kui ka vertikaalselt. Selle hoidik p\u00f6\u00f6rleb 360\u00b0, saad reguleerida kallet kuni 90\u00b0 ja k\u00f5rgust. Alus ei sega juhtmevaba laadimist ja seda on uskumatult lihtne paigaldada \u2013 puhasta lihtsalt telefoni tagak\u00fclg ja seej\u00e4rel kinnita see. [&#8230;]\n","protected":false},"featured_media":40708,"comment_status":"open","ping_status":"closed","template":"","meta":[],"product_brand":[95],"product_cat":[1620],"product_tag":[],"class_list":{"0":"post-40707","1":"product","2":"type-product","3":"status-publish","4":"has-post-thumbnail","6":"product_brand-baseus","7":"product_cat-ring-holders-gsm-accessories","9":"first","10":"outofstock","11":"taxable","12":"shipping-taxable","13":"purchasable","14":"product-type-simple"},"aioseo_notices":[],"_links":{"self":[{"href":"https:\/\/asura.lv\/et\/wp-json\/wp\/v2\/product\/40707","targetHints":{"allow":["GET"]}}],"collection":[{"href":"https:\/\/asura.lv\/et\/wp-json\/wp\/v2\/product"}],"about":[{"href":"https:\/\/asura.lv\/et\/wp-json\/wp\/v2\/types\/product"}],"replies":[{"embeddable":true,"href":"https:\/\/asura.lv\/et\/wp-json\/wp\/v2\/comments?post=40707"}],"wp:featuredmedia":[{"embeddable":true,"href":"https:\/\/asura.lv\/et\/wp-json\/wp\/v2\/media\/40708"}],"wp:attachment":[{"href":"https:\/\/asura.lv\/et\/wp-json\/wp\/v2\/media?parent=40707"}],"wp:term":[{"taxonomy":"product_brand","embeddable":true,"href":"https:\/\/asura.lv\/et\/wp-json\/wp\/v2\/product_brand?post=40707"},{"taxonomy":"product_cat","embeddable":true,"href":"https:\/\/asura.lv\/et\/wp-json\/wp\/v2\/product_cat?post=40707"},{"taxonomy":"product_tag","embeddable":true,"href":"https:\/\/asura.lv\/et\/wp-json\/wp\/v2\/product_tag?post=40707"}],"curies":[{"name":"wp","href":"https:\/\/api.w.org\/{rel}","templated":true}]}}