{"id":40845,"date":"2025-11-28T20:47:02","date_gmt":"2025-11-28T20:47:02","guid":{"rendered":"https:\/\/asura.lv\/product\/habotest-ht126a-digital-universal-multimeter\/"},"modified":"2025-12-12T14:47:59","modified_gmt":"2025-12-12T12:47:59","slug":"habotest-ht126a-digital-universal-multimeter","status":"publish","type":"product","link":"https:\/\/asura.lv\/et\/toode\/habotest-ht126a-digital-universal-multimeter\/","title":{"rendered":"Habotest HT126A digitaalne universaalne multimeeter"},"content":{"rendered":"<h3>Habotest HT126A digitaalne universaalne multimeeter<\/h3>\n<p>HT126A on nutikas ja vastupidav multimeeter firmalt Habotest. Seda eristab t\u00e4pne m\u00f5\u00f5tmine ja seda saab kasutada ka \u00f5ues. Varustatud suure ekraani ja silikoonnuppudega \u2013 seda on lihtne ja mugav kasutada. Kompaktne ja kerge \u2013 sellel on ka LED-taskulamp, mis v\u00f5imaldab t\u00f6\u00f6tada ka pimedates kohtades. Toiteallikaks on vaja 4 AAA 1,5 V patareid. Need ei kuulu aga komplekti ja tuleb eraldi osta. Saate seda kasutada pinge, takistuse, mahtuvuse jne m\u00f5\u00f5tmiseks.<\/p>\n<p><img decoding=\"async\" src=\"https:\/\/b2b.innpro.pl\/data\/include\/cms\/04Habotest\/HT126A\/1.jpg\"><\/p>\n<h3>Kasutusmugavus<\/h3>\n<p>Multimeeter on loodud pakkuma teile maksimaalset kasutusmugavust. V\u00e4ike ja k\u00e4ep\u00e4rane \u2013 selle paksus on 25,7 mm. Suur ekraan pakub mugavat juurdep\u00e4\u00e4su kogu olulisele teabele. Lisaks h\u00f5lbustavad seadme kasutamist silikoonnupud.<\/p>\n<p><img decoding=\"async\" src=\"https:\/\/b2b.innpro.pl\/data\/include\/cms\/04Habotest\/HT126A\/5.jpg\"><\/p>\n<h3>Suurep\u00e4rased omadused<\/h3>\n<p>Habotest kaubam\u00e4rgi multimeeter paistab silma oma uskumatu t\u00e4psuse poolest. See m\u00f5\u00f5dab t\u00e4pselt vahelduv- ja alalisvoolu pinget ja voolu, takistust ja mahtuvust ning palju muud. Samuti saate kontrollida kaablite aktiivsust. Selle abil saate testida dioode, kontrollida pidevust ja tegelikku RMS-v\u00e4\u00e4rtust. See v\u00f5imaldab ka kontaktivaba pinge tuvastamist (NCV). Seadme re\u017eiimi muutmiseks kasutage nooli, seej\u00e4rel s\u00fcttib pistiku sisendpordi \u00fcmber olev LED-indikaator roheliselt.<\/p>\n<p><img decoding=\"async\" src=\"https:\/\/b2b.innpro.pl\/data\/include\/cms\/04Habotest\/HT126A\/4.jpg\"><\/p>\n<h3>Kasutajas\u00f5bralik<\/h3>\n<p>See ei ole multimeetri eeliste l\u00f5pp. Sisseehitatud LED-taskulamp annab teile valgustust pimedates ruumides t\u00f6\u00f6tamisel. Pehme kaitse\u00fcmbris mitte ainult ei kaitse seadet kahjustuste eest, vaid muudab ka selle transportimise ja hoiustamise lihtsaks. HT126A patarei vahetamine on kiire ja lihtne, seega ei teki teil probleeme.<\/p>\n<p><img decoding=\"async\" src=\"https:\/\/b2b.innpro.pl\/data\/include\/cms\/04Habotest\/HT126A\/3.jpg\"><\/p>\n<div class=\"table-wrapper\">\n<table>\n<tbody>\n<tr>\n<th>Kaubam\u00e4rk<\/th>\n<td>Habotest<\/td>\n<\/tr>\n<tr>\n<th>Mudel<\/th>\n<td>HT126A<\/td>\n<\/tr>\n<tr>\n<th>Alalisvoolu pinge m\u00f5\u00f5teulatus<\/th>\n<td>600mV \/ 6V \/ 60V \/ 600V<\/td>\n<\/tr>\n<tr>\n<th>Vahelduvvoolu pinge m\u00f5\u00f5teulatus<\/th>\n<td>6V \/ 60V \/ 600V<\/td>\n<\/tr>\n<tr>\n<th>Alalisvoolu m\u00f5\u00f5tmine vahemik<\/th>\n<td>600mA \/ 10A \/ 6A<\/td>\n<\/tr>\n<tr>\n<th>Vahelduvvoolu m\u00f5\u00f5tmise vahemik<\/th>\n<td><span> 600mA \/ 10A \/ 6A <\/span><\/td>\n<\/tr>\n<tr>\n<th>Takistuse m\u00f5\u00f5tmise vahemik<\/th>\n<td>600 <span> k \/ 6 k \/ 60 k \/ 600 k \/ 6 Mk \/ 60 Mk <\/span><\/td>\n<\/tr>\n<tr>\n<th>Mahtuvuse m\u00f5\u00f5tmise vahemik<\/th>\n<td>6 nF \/ 60 nF \/ 600 nF \/ 6 \u00b5F \/ 60 <span> \u00b5F \/ 600 \u00b5F \/ 6 mF \/ 60 mF <\/span><\/td>\n<\/tr>\n<tr>\n<th>Sagedusm\u00f5\u00f5tevahemik<\/th>\n<td>6Hz \/ 60Hz \/ 600Hz \/ 6kHz \/ 60kHz \/ 600kHz \/ 6MHz \/ 10MHz<\/td>\n<\/tr>\n<tr>\n<th>T\u00e4iteteguri m\u00f5\u00f5tevahemik<\/th>\n<td>1,0 ~ 99,0%<\/td>\n<\/tr>\n<tr>\n<th>Temperatuur <span> (<\/span><strong>\u00b0C\/\u00b0F) <\/strong><\/th>\n<td>-40 <strong>\u00b0 <\/strong> C ~ 100 <strong>\u00b0 <\/strong> <span> C \/ -40 <strong>\u00b0 <\/strong> F ~ 1832 <strong>\u00b0 <\/strong> F <\/span><\/td>\n<\/tr>\n<tr>\n<th>Dioodide testimine<\/th>\n<td>Jah, 0 ~ 3V<\/td>\n<\/tr>\n<tr>\n<th>NCV<\/th>\n<td>Jah<\/td>\n<\/tr>\n<tr>\n<th>Reaalajas test<\/th>\n<td>Jah<\/td>\n<\/tr>\n<tr>\n<th>J\u00e4tkuvus<\/th>\n<td>&amp; lt; 50 <span> k\u0490 <\/span><\/td>\n<\/tr>\n<tr>\n<th>Dioodide testimine<\/th>\n<td>Jah<\/td>\n<\/tr>\n<tr>\n<th>J\u00e4rjepidevus<\/th>\n<td>Jah<\/td>\n<\/tr>\n<tr>\n<th>Loenduste arv<\/th>\n<td>6000<\/td>\n<\/tr>\n<tr>\n<th>Ekraan<\/th>\n<td>TN<\/td>\n<\/tr>\n<tr>\n<th>Andmesalvestus<\/th>\n<td>Jah<\/td>\n<\/tr>\n<tr>\n<th>T\u00f5eline RMS<\/th>\n<td>Jah<\/td>\n<\/tr>\n<tr>\n<th>P\u00f5lenud kaitsme indikaator<\/th>\n<td>Jah<\/td>\n<\/tr>\n<tr>\n<th>Aku t\u00fchjenemise indikaator<\/th>\n<td>Jah<\/td>\n<\/tr>\n<tr>\n<th>Automaatne toide v\u00e4ljas<\/th>\n<td>Jah<\/td>\n<\/tr>\n<tr>\n<th>\n<p>Pistikupesa LED-tuli<\/p>\n<\/th>\n<td>Jah<\/td>\n<\/tr>\n<tr>\n<th>Taustvalgustus<\/th>\n<td>Jah<\/td>\n<\/tr>\n<tr>\n<th>Taskulamp<\/th>\n<td>Jah<\/td>\n<\/tr>\n<tr>\n<th>Toide<\/th>\n<td><span> 4 x 1,5 V AAA patareid (ei kuulu komplekti) <\/span><\/td>\n<\/tr>\n<tr>\n<th>Turvalisus<\/th>\n<td><span> EN61010-1; <br \/> EN61326-1 CAT III 600V <\/span><\/td>\n<\/tr>\n<tr>\n<th>Kaal<\/th>\n<td><span> ok. 182 g <\/span><\/td>\n<\/tr>\n<tr>\n<th>M\u00f5\u00f5tmed<\/th>\n<td><span> 146 x 73 x 26 mm <\/span><\/td>\n<\/tr>\n<\/tbody>\n<\/table>\n<\/div>\n","protected":false},"excerpt":{"rendered":"<p>Habotest HT126A digitaalne universaalne multimeeter HT126A on nutikas ja vastupidav multimeeter firmalt Habotest. Seda eristab t\u00e4pne m\u00f5\u00f5tmine ja seda saab kasutada ka \u00f5ues. Varustatud suure ekraani ja silikoonnuppudega \u2013 seda on lihtne ja mugav kasutada. Kompaktne ja kerge \u2013 sellel on ka LED-taskulamp, mis v\u00f5imaldab t\u00f6\u00f6tada ka pimedates kohtades. Toiteallikaks on vaja 4 AAA 1,5 [&#8230;]\n","protected":false},"featured_media":40846,"comment_status":"open","ping_status":"closed","template":"","meta":[],"product_brand":[282],"product_cat":[876],"product_tag":[],"class_list":{"0":"post-40845","1":"product","2":"type-product","3":"status-publish","4":"has-post-thumbnail","6":"product_brand-habotest","7":"product_cat-measuring-tools-tools-home-and-garden","9":"first","10":"outofstock","11":"taxable","12":"shipping-taxable","13":"purchasable","14":"product-type-simple"},"aioseo_notices":[],"_links":{"self":[{"href":"https:\/\/asura.lv\/et\/wp-json\/wp\/v2\/product\/40845","targetHints":{"allow":["GET"]}}],"collection":[{"href":"https:\/\/asura.lv\/et\/wp-json\/wp\/v2\/product"}],"about":[{"href":"https:\/\/asura.lv\/et\/wp-json\/wp\/v2\/types\/product"}],"replies":[{"embeddable":true,"href":"https:\/\/asura.lv\/et\/wp-json\/wp\/v2\/comments?post=40845"}],"wp:featuredmedia":[{"embeddable":true,"href":"https:\/\/asura.lv\/et\/wp-json\/wp\/v2\/media\/40846"}],"wp:attachment":[{"href":"https:\/\/asura.lv\/et\/wp-json\/wp\/v2\/media?parent=40845"}],"wp:term":[{"taxonomy":"product_brand","embeddable":true,"href":"https:\/\/asura.lv\/et\/wp-json\/wp\/v2\/product_brand?post=40845"},{"taxonomy":"product_cat","embeddable":true,"href":"https:\/\/asura.lv\/et\/wp-json\/wp\/v2\/product_cat?post=40845"},{"taxonomy":"product_tag","embeddable":true,"href":"https:\/\/asura.lv\/et\/wp-json\/wp\/v2\/product_tag?post=40845"}],"curies":[{"name":"wp","href":"https:\/\/api.w.org\/{rel}","templated":true}]}}