{"id":40911,"date":"2025-11-28T20:46:56","date_gmt":"2025-11-28T20:46:56","guid":{"rendered":"https:\/\/asura.lv\/product\/darkflash-water-square-5-computer-case-black\/"},"modified":"2025-12-12T14:47:56","modified_gmt":"2025-12-12T12:47:56","slug":"darkflash-water-square-5-computer-case-black","status":"publish","type":"product","link":"https:\/\/asura.lv\/et\/toode\/darkflash-water-square-5-computer-case-black\/","title":{"rendered":"Darkflash Water Square 5 arvutikorpus (must)"},"content":{"rendered":"<h3>Darkflash Water Square 5 arvutikorpus<\/h3>\n<p>Loo oma unistuste arvuti. Darkflash Water Square korpusel on l\u00e4bim\u00f5eldud ja moodne disain ning see v\u00f5imaldab saavutada stiilse m\u00e4nguefekti. See on \u00e4\u00e4rmiselt vastupidav ja kahjustustele kindel. Sinna saab paigaldada kuni 8 ventilaatorit. Muuhulgas on see varustatud USB-portide ja toitenupuga.<\/p>\n<p>\n<img decoding=\"async\" alt=\"\" border=\"0\" src=\"https:\/\/assets.innpro.pl\/5485\/16673\/1.jpg\"\/>\n<\/p>\n<h3>Vapustav disain<\/h3>\n<p>Korpus n\u00e4eb v\u00e4lja t\u00f5eliselt suurep\u00e4rane. Selle esipaneel t\u00f5mbab t\u00e4helepanu huvitava k\u00e4rgstruktuurilise mustriga. See on l\u00e4bipaistev, mis v\u00f5imaldab saavutada fantastilisi efekte RGB-lisatarvikutega. Esipaneel on valmistatud karastatud klaasist, k\u00fclgpaneelide puhul aga vastupidavast 4 mm paksusest akr\u00fc\u00fclklaasist.<\/p>\n<p>\n<img decoding=\"async\" alt=\"\" border=\"0\" src=\"https:\/\/assets.innpro.pl\/5485\/16673\/5.jpg\"\/>\n<\/p>\n<h3>Tippkvaliteediga t\u00f6\u00f6tlus<\/h3>\n<p>Korpuse teised osad on valmistatud kvaliteetsest SPCC lehtmetallist, mis on lisaks v\u00e4rvitud. See muudab toote veelgi paremaks. Lisaks eristub \u00fclemine paneel oma magnetilise disaini poolest. See on loodud selleks, et v\u00e4hendada tolmu sattumise ohtu korpusesse ja h\u00f5lbustada selle puhastamist.<\/p>\n<p>\n<img decoding=\"async\" alt=\"\" border=\"0\" src=\"https:\/\/assets.innpro.pl\/5485\/16673\/7.jpg\"\/>\n<\/p>\n<h3>Looge parim jahutuss\u00fcsteem<\/h3>\n<p>\u00c4rge kartke, et teie arvuti \u00fcle kuumeneb. Toode mahutab kuni 8 ventilaatorit (saadaval eraldi m\u00fc\u00fcgil) ja on varustatud sisemise jahutuskanaliga. Korpuse peale on v\u00f5imalik paigaldada 240 mm l\u00e4bim\u00f5\u00f5duga vesijahutus v\u00f5i kaks 120 mm ventilaatorit. Esik\u00fcljele saab paigutada 360 mm vesijahutuse v\u00f5i kolm 120 mm ventilaatorit. Korpuse tagak\u00fcljel on koht \u00fchele 120 mm ventilaatorile. Toiteallika jaoks m\u00f5eldud korpuse kohal on ruumi kahele ventilaatorile, nii et saate t\u00f5husama jahutuse ja huvitava RGB-efekti.<\/p>\n<p>\n<img decoding=\"async\" alt=\"\" border=\"0\" src=\"https:\/\/assets.innpro.pl\/5485\/16673\/8.jpg\"\/>\n<\/p>\n<h3>Kasutajas\u00f5bralik<\/h3>\n<p>Korpus on loodud selleks, et saaksite oma arvutit suhteliselt lihtsalt luua ja laiendada. Muuhulgas mahutab Water Square 5 kaks SATA 2.5 k\u00f5vaketast (k\u00f5vaketas v\u00f5i SSD), 340 mm VGA ja 165 mm protsessori jahuti. Korpuse allosas on koht toiteallika jaoks.<\/p>\n<p>\n<img decoding=\"async\" alt=\"\" border=\"0\" src=\"https:\/\/assets.innpro.pl\/5485\/16673\/6.jpg\"\/>\n<\/p>\n<h3>Sisseehitatud pordid ja nupud<\/h3>\n<p>Nautige oma arvuti lihtsat ja mugavat kasutamist. Korpus on varustatud kahe USB 2.0 pordi ja \u00fche USB 3.0 pordiga, mis v\u00f5imaldavad teil faile kiiresti edastada. Tootel on ka sisseehitatud toitenupp ja pistikupesad mikrofoni ja k\u00f5rvaklappide \u00fchendamiseks. Lisaks toetab \u00fcks portidest RGB valgustusefektide juhtimisre\u017eiimi.<\/p>\n<p>\n<img decoding=\"async\" alt=\"\" border=\"0\" src=\"https:\/\/assets.innpro.pl\/5485\/16673\/3.jpg\"\/>\n<\/p>\n<div class=\"table-wrapper\">\n<p>\u0412\u00a0<\/p>\n<h3><\/h3>\n<table>\n<tbody>\n<tr>\n<th>Tootja<\/th>\n<td>Darkflash<\/td>\n<\/tr>\n<tr>\n<th>Mudel<\/th>\n<td>Water Square 5<\/td>\n<\/tr>\n<tr>\n<th>Korpuse t\u00fc\u00fcp<\/th>\n<td>Midi Tower<\/td>\n<\/tr>\n<tr>\n<th>K\u00fclgpaneel<\/th>\n<td>Karastatud klaas<\/td>\n<\/tr>\n<tr>\n<th>Emaplaadi standard<\/th>\n<td>ATX, M-ATX, ITX<\/td>\n<\/tr>\n<tr>\n<th>Toiteallikas standardne<\/th>\n<td>ATX allosas<\/td>\n<\/tr>\n<tr>\n<th>Sisemiste draivide pesad<\/th>\n<td>2,5&#8243; SSD x 2, 3,5&#8243; HDD x 2<\/td>\n<\/tr>\n<tr>\n<th>Laienduskaardi pesad<\/th>\n<td>7<\/td>\n<\/tr>\n<tr>\n<th>Toiteploki maksimaalne pikkus<\/th>\n<td>180 mm<\/td>\n<\/tr>\n<tr>\n<th>Graafikakaardi maksimaalne pikkus<\/th>\n<td>340 mm<\/td>\n<\/tr>\n<tr>\n<th>Protsessori jahuti maksimaalne k\u00f5rgus<\/th>\n<td>165 mm<\/td>\n<\/tr>\n<tr>\n<th>Ventilaatorite maksimaalne arv<\/th>\n<td>8<\/td>\n<\/tr>\n<tr>\n<th>Ventilaatori kinnitusv\u00f5imalused<\/th>\n<td>Ees: 120 mm x 3; Taga: 120 mm x 1; \u00dcleval: 120 mm x 2; Alumine osa: 120 mm x 2.<\/td>\n<\/tr>\n<tr>\n<th>Vesijahutuse kinnitusv\u00f5imalused<\/th>\n<td>Ees: 360 mm; Taga: 120 mm; \u00dclemine: 240 mm<\/td>\n<\/tr>\n<tr>\n<th>Paigaldatud ventilaatorite arv<\/th>\n<td>VENTILAATORE POLE PAIGALDATUD<\/td>\n<\/tr>\n<tr>\n<th>Ventilaatori t\u00fc\u00fcp<\/th>\n<td>Puudub<\/td>\n<\/tr>\n<tr>\n<th>Nupud ja juhtnupud<\/th>\n<td>Toide, RGB-re\u017eiim<\/td>\n<\/tr>\n<tr>\n<th>Pistikud<\/th>\n<td>USB3.0 x1; USB2.0 x2; HD-heli<\/td>\n<\/tr>\n<tr>\n<th>Materjal<\/th>\n<td>0,5 mm SPCC, karastatud klaas, akr\u00fc\u00fcl<\/td>\n<\/tr>\n<tr>\n<th>V\u00e4rv<\/th>\n<td>Must<\/td>\n<\/tr>\n<tr>\n<th>K\u00f5rgus<\/th>\n<td>444 mm<\/td>\n<\/tr>\n<tr>\n<th>Laius<\/th>\n<td>181 mm<\/td>\n<\/tr>\n<tr>\n<th>S\u00fcgavus<\/th>\n<td>398 mm<\/td>\n<\/tr>\n<tr>\n<th>Kaal<\/th>\n<td>4,2 kg<\/td>\n<\/tr>\n<\/tbody>\n<\/table>\n<\/div>\n","protected":false},"excerpt":{"rendered":"<p>Darkflash Water Square 5 arvutikorpus Loo oma unistuste arvuti. Darkflash Water Square korpusel on l\u00e4bim\u00f5eldud ja moodne disain ning see v\u00f5imaldab saavutada stiilse m\u00e4nguefekti. See on \u00e4\u00e4rmiselt vastupidav ja kahjustustele kindel. Sinna saab paigaldada kuni 8 ventilaatorit. Muuhulgas on see varustatud USB-portide ja toitenupuga. Vapustav disain Korpus n\u00e4eb v\u00e4lja t\u00f5eliselt suurep\u00e4rane. Selle esipaneel t\u00f5mbab t\u00e4helepanu [&#8230;]\n","protected":false},"featured_media":40912,"comment_status":"open","ping_status":"closed","template":"","meta":[],"product_brand":[316],"product_cat":[1308],"product_tag":[],"class_list":{"0":"post-40911","1":"product","2":"type-product","3":"status-publish","4":"has-post-thumbnail","6":"product_brand-darkflash","7":"product_cat-without-fan","9":"first","10":"outofstock","11":"taxable","12":"shipping-taxable","13":"purchasable","14":"product-type-simple"},"aioseo_notices":[],"_links":{"self":[{"href":"https:\/\/asura.lv\/et\/wp-json\/wp\/v2\/product\/40911","targetHints":{"allow":["GET"]}}],"collection":[{"href":"https:\/\/asura.lv\/et\/wp-json\/wp\/v2\/product"}],"about":[{"href":"https:\/\/asura.lv\/et\/wp-json\/wp\/v2\/types\/product"}],"replies":[{"embeddable":true,"href":"https:\/\/asura.lv\/et\/wp-json\/wp\/v2\/comments?post=40911"}],"wp:featuredmedia":[{"embeddable":true,"href":"https:\/\/asura.lv\/et\/wp-json\/wp\/v2\/media\/40912"}],"wp:attachment":[{"href":"https:\/\/asura.lv\/et\/wp-json\/wp\/v2\/media?parent=40911"}],"wp:term":[{"taxonomy":"product_brand","embeddable":true,"href":"https:\/\/asura.lv\/et\/wp-json\/wp\/v2\/product_brand?post=40911"},{"taxonomy":"product_cat","embeddable":true,"href":"https:\/\/asura.lv\/et\/wp-json\/wp\/v2\/product_cat?post=40911"},{"taxonomy":"product_tag","embeddable":true,"href":"https:\/\/asura.lv\/et\/wp-json\/wp\/v2\/product_tag?post=40911"}],"curies":[{"name":"wp","href":"https:\/\/api.w.org\/{rel}","templated":true}]}}