{"id":40941,"date":"2025-11-28T20:46:54","date_gmt":"2025-11-28T20:46:54","guid":{"rendered":"https:\/\/asura.lv\/product\/filter-pgytech-vnd-2-5-stop-for-dji-mavic-3-mavic-3-cine-p-26a-016\/"},"modified":"2025-12-12T14:47:55","modified_gmt":"2025-12-12T12:47:55","slug":"filter-pgytech-vnd-2-5-stop-for-dji-mavic-3-mavic-3-cine-p-26a-016","status":"publish","type":"product","link":"https:\/\/asura.lv\/et\/toode\/filter-pgytech-vnd-2-5-stop-for-dji-mavic-3-mavic-3-cine-p-26a-016\/","title":{"rendered":"PGYTECH VND filter 2-5 stoppi DJI Mavic 3 \/ Mavic 3 CINE jaoks (P-26A-016)"},"content":{"rendered":"<h3 style=\"text-align: center;\">PGYTECH VND 2-5\u0412\u00a0stop filter DJI Mavic 3 \/ Mavic 3 CINE jaoks (P-26A-016)<\/h3>\n<p>Filtrid on oluline asi, mis parandab teie drooni kasutusv\u00f5imalusi ja annab teie piltidele m\u00e4rkimisv\u00e4\u00e4rse v\u00e4limuse. Kui te pole ikka veel veendunud, peaksite teadma, et filter suurendab v\u00e4rvik\u00fcllastust ja pildi selgust, takistab UV-valguse sisenemist ning on saadaval 2-5 v\u00f5i 6-9 astme versioonides. Lisaks on filter vastupidav, aga samal ajal ka kerge, kuna filtri alusmaterjaliks on professionaalne klaas ning selle vastupidavus tuleneb mitmekihilisest kattest, mis v\u00e4hendab peegeldusi.<\/p>\n<p><img loading=\"lazy\" decoding=\"async\" src=\"https:\/\/b2b.innpro.eu\/data\/include\/cms\/06PGY\/P-26A-033-034-035\/2.jpg\" border=\"0\" alt=\"\" width=\"1100\" height=\"700\" \/><\/p>\n<h3 style=\"text-align: center;\">Filtrid on saadaval kahes versioonis<\/h3>\n<p>Saadaval 2-5 v\u00f5i 6-9 kraadi versioonina, mis v\u00f5imaldab t\u00e4psemat valguse juhtimist. See on sama efektiivne kui neli ND filtrit \u00fches. 2-5 kraadi VND on valikus ND4, ND8, ND16 ja ND32 ekvivalendid. Ja VND 6-9 kraadi on valikus ND64, ND128, ND256 ja ND512 ekvivalentide hulgast. Saate s\u00e4\u00e4sta aega, mis kuluks filtrite vahetamisele valguse muutudes, ja j\u00e4tta \u00fche reguleerimiseks seda keerates.<\/p>\n<p><img loading=\"lazy\" decoding=\"async\" src=\"https:\/\/b2b.innpro.pl\/data\/include\/cms\/06PGY\/P-26A-033-034-035\/7.jpg\" border=\"0\" alt=\"\" width=\"1100\" height=\"700\" \/><\/p>\n<h3 style=\"text-align: center;\">2 &#8211; 5 kraadi (video)<\/h3>\n<p>See on valik professionaalsetele droonikasutajatele. Seda kasutatakse s\u00e4riaja t\u00e4pseks juhtimiseks. See aitab luua sujuvaid videoid. See piirab ka objektiivi sisenevat valgust, et saavutada \u00f5ige s\u00e4ritus.<\/p>\n<p><img loading=\"lazy\" decoding=\"async\" src=\"https:\/\/b2b.innpro.pl\/data\/include\/cms\/06PGY\/P-26A-033-034-035\/5.jpg\" border=\"0\" alt=\"\" width=\"1100\" height=\"700\" \/><\/p>\n<h3 style=\"text-align: center;\">6-9 kraadi (pikk s\u00e4ritus)<\/h3>\n<p>Kui valite selle meetodi, mida soovitatakse pikkade s\u00e4riaegade ja suurenenud liikumise h\u00e4gususe korral, piirate ka objektiivi sisenevat valgust. See annab teile \u00f5ige s\u00e4rituse. See valik toimib h\u00e4sti \u00e4\u00e4rmiselt eredates tingimustes. See saab hakkama peegelduste v\u00e4hendamise ja valgustuse tasakaalustamisega.<\/p>\n<p><img loading=\"lazy\" decoding=\"async\" src=\"https:\/\/b2b.innpro.pl\/data\/include\/cms\/06PGY\/P-26A-033-034-035\/4.jpg\" border=\"0\" alt=\"\" width=\"1100\" height=\"700\" \/><\/p>\n<h3 style=\"text-align: center;\">Kerge ja vastupidav<\/h3>\n<p>Filter on vastupidav, aga samal ajal ka kerge. Selle kergus tuleneb CNC-alumiiniumist raamist. Oluline on see, et see on korrosioonikindel ja hoolikalt disainitud. See t\u00e4hendab, et see ei m\u00f5juta teie drooni tasakaalu.<\/p>\n<p><img loading=\"lazy\" decoding=\"async\" src=\"https:\/\/b2b.innpro.pl\/data\/include\/cms\/06PGY\/P-26A-033-034-035\/8.jpg\" border=\"0\" alt=\"\" width=\"1100\" height=\"700\" \/><\/p>\n<h3 style=\"text-align: center;\">Optiline klaas hoolitseb k\u00f5rge eraldusv\u00f5imega piltide eest<\/h3>\n<p>Filtri alusmaterjaliks on professionaalne klaas. Seda on korduvalt lihvitud ja poleeritud, et saavutada madal murdumisn\u00e4itaja. Tulemuseks on t\u00e4pne v\u00e4rvide taasesitus.<\/p>\n<p><img loading=\"lazy\" decoding=\"async\" src=\"https:\/\/b2b.innpro.pl\/data\/include\/cms\/06PGY\/P-26A-033-034-035\/6.jpg\" border=\"0\" alt=\"\" width=\"1100\" height=\"701\" \/><\/p>\n<h3 style=\"text-align: center;\">Vastupidavus<\/h3>\n<p>Filtri vastupidavus tuleneb mitmekihilisest vee- ja \u00f5likindlast pinnakattest. See muudab selle puhastamise \u00e4\u00e4rmiselt lihtsaks. Filtri kate on samuti k\u00f5va ja see tagab kriimustuskindluse.<\/p>\n<p><img loading=\"lazy\" decoding=\"async\" src=\"https:\/\/b2b.innpro.pl\/data\/include\/cms\/06PGY\/P-26A-033-034-035\/1.jpg\" border=\"0\" alt=\"\" width=\"1100\" height=\"701\" \/><\/p>\n<h3 style=\"text-align: center;\">Peegelduste v\u00e4hendamine<\/h3>\n<p>Filtris sisalduv pimestamist v\u00e4hendav kate ei muuda v\u00e4rvide t\u00e4psust ega tasakaalu. Seega v\u00f5ite olla kindel, et see, mida n\u00e4ete, kuvatakse pildil t\u00e4pselt.<\/p>\n<p><img loading=\"lazy\" decoding=\"async\" src=\"https:\/\/b2b.innpro.pl\/data\/include\/cms\/06PGY\/P-26A-033-034-035\/9.jpg\" border=\"0\" alt=\"\" width=\"1100\" height=\"701\" \/><\/p>\n<p>B\u00a0<\/p>\n<div class=\"table-wrapper\">\n<table style=\"height: 236px;\" laius=\"445\">\n<tbody>\n<tr>\n<th>Br\u00e4nd<\/th>\n<td>PGYTECH<\/td>\n<\/tr>\n<tr>\n<th>Mudel<\/th>\n<td>P-26A-016<\/td>\n<\/tr>\n<tr>\n<th>Materjal<\/th>\n<td>alumiinium, optiline klaas<\/td>\n<\/tr>\n<tr>\n<th>Kaal<\/th>\n<td>3,3 g<\/td>\n<\/tr>\n<tr>\n<th>Suurus<\/th>\n<td>34,5 mm * 34,1 mm * 3,6 mm, \u00a0<\/td>\n<\/tr>\n<tr>\n<th>\u00dchilduvus<\/th>\n<td>\n<p>DJI Mavic 3-ga<\/p>\n<p>DJI Mavic 3-ga KINO<\/p>\n<\/td>\n<\/tr>\n<\/tbody>\n<\/table>\n<\/div>\n<style type=\"text \/ css\"><!--\n<! -\n.table-wrapper {width: 100%; overflow-x: auto} .table-wrapper> tabel {border-spacing: 0} .table-wrapper> tabel> tbody> tr> td, .table-wrapper> tabel> tbody > tr> th {padding: 10px 35px; text-align: left} .table-wrapper> tabel> tbody> tr> th {vertical-align: top} .table-wrapper> tabel> tbody> tr: nth-child (even) {background-color: # f7f7f7}\n->\n--><\/style>\n","protected":false},"excerpt":{"rendered":"<p>PGYTECH VND 2-5\u0412\u00a0stop filter DJI Mavic 3 \/ Mavic 3 CINE jaoks (P-26A-016) Filtrid on oluline asi, mis parandab teie drooni kasutusv\u00f5imalusi ja annab teie piltidele m\u00e4rkimisv\u00e4\u00e4rse v\u00e4limuse. Kui te pole ikka veel veendunud, peaksite teadma, et filter suurendab v\u00e4rvik\u00fcllastust ja pildi selgust, takistab UV-valguse sisenemist ning on saadaval 2-5 v\u00f5i 6-9 astme versioonides. Lisaks [&#8230;]\n","protected":false},"featured_media":40942,"comment_status":"open","ping_status":"closed","template":"","meta":[],"product_brand":[98],"product_cat":[942],"product_tag":[],"class_list":{"0":"post-40941","1":"product","2":"type-product","3":"status-publish","4":"has-post-thumbnail","6":"product_brand-pgytech","7":"product_cat-filters-for-drones","9":"first","10":"outofstock","11":"taxable","12":"shipping-taxable","13":"purchasable","14":"product-type-simple"},"aioseo_notices":[],"_links":{"self":[{"href":"https:\/\/asura.lv\/et\/wp-json\/wp\/v2\/product\/40941","targetHints":{"allow":["GET"]}}],"collection":[{"href":"https:\/\/asura.lv\/et\/wp-json\/wp\/v2\/product"}],"about":[{"href":"https:\/\/asura.lv\/et\/wp-json\/wp\/v2\/types\/product"}],"replies":[{"embeddable":true,"href":"https:\/\/asura.lv\/et\/wp-json\/wp\/v2\/comments?post=40941"}],"wp:featuredmedia":[{"embeddable":true,"href":"https:\/\/asura.lv\/et\/wp-json\/wp\/v2\/media\/40942"}],"wp:attachment":[{"href":"https:\/\/asura.lv\/et\/wp-json\/wp\/v2\/media?parent=40941"}],"wp:term":[{"taxonomy":"product_brand","embeddable":true,"href":"https:\/\/asura.lv\/et\/wp-json\/wp\/v2\/product_brand?post=40941"},{"taxonomy":"product_cat","embeddable":true,"href":"https:\/\/asura.lv\/et\/wp-json\/wp\/v2\/product_cat?post=40941"},{"taxonomy":"product_tag","embeddable":true,"href":"https:\/\/asura.lv\/et\/wp-json\/wp\/v2\/product_tag?post=40941"}],"curies":[{"name":"wp","href":"https:\/\/api.w.org\/{rel}","templated":true}]}}