{"id":40977,"date":"2025-11-28T20:46:51","date_gmt":"2025-11-28T20:46:51","guid":{"rendered":"https:\/\/asura.lv\/product\/baseus-crystal-shine-cable-usb-to-lightning-2-4a-2m-black\/"},"modified":"2025-12-12T14:47:54","modified_gmt":"2025-12-12T12:47:54","slug":"baseus-crystal-shine-cable-usb-to-lightning-2-4a-2m-black","status":"publish","type":"product","link":"https:\/\/asura.lv\/et\/toode\/baseus-crystal-shine-cable-usb-to-lightning-2-4a-2m-black\/","title":{"rendered":"Baseus Crystal Shine kaabel USB-Lightning, 2.4A, 2m (must)"},"content":{"rendered":"<h3>USB-kaabel Lightning Baseus Crystalile, 2.4A, 2m (must)<\/h3>\n<p> Selle mudeli kaabel on \u00e4\u00e4rmiselt funktsionaalne ja stiilne. Lisaks on seda v\u00e4ga mugav kasutada. Toode on ka v\u00e4ga vastupidav ja ohutu. Neil asjadel on mitu aspekti. \u00dcks neist on kiire ja ohutu laadimine. See saavutati uue s\u00fcdamikumudeli, tsingitud tugevduste, nelja juhtme ja 2,4 A v\u00f5imsusega. Kaablil on ka temperatuuri reguleerimine. See v\u00f5imaldab samaaegset laadimist ja andmeedastust. See on vastupidav t\u00e4nu sisseehitatud kangale ja tugevdatud \u00fchenduskohale ning talub pistikute sisestamist ja eemaldamist kuni 3000 ja 10 000 korda. Lisaks on kaabel oma materjali ja l\u00e4ikiva viimistlusega stiilne.<\/p>\n<p><img decoding=\"async\" src=\"https:\/\/b2b.innpro.pl\/data\/include\/cms\/-Baseus\/CAJY000101\/8.jpg\"><\/p>\n<h3>Kiire ja turvaline laadimine<\/h3>\n<p>Uuem s\u00fcdamiku mudel pakub madalamat elektritakistust ja kiiret laadimist. Laadimise edasiseks parandamiseks on kaabel valmistatud tsingitud tugevdusest ja neljajuhtmelisest vaskkaablist. Kaabli laadimisv\u00f5imsus on 2,4 A. See v\u00f5imaldab l\u00fchendada telefoni laadimise ooteaega. Kaabel hoiab \u00e4ra \u00fclekuumenemise. See on tingitud intelligentsest temperatuuri reguleerimisest. V\u00f5ite olla kindel, et laadimine on ohutu.<\/p>\n<p><img decoding=\"async\" src=\"https:\/\/b2b.innpro.pl\/data\/include\/cms\/-Baseus\/CAJY000101\/2.jpg\"><\/p>\n<h3> Andmete samaaegne edastamine ja laadimine<\/h3>\n<p>Seade v\u00f5imaldab samaaegset laadimist ja andmeedastust kiirusega 480 Mbps. Selleks peate lihtsalt kaabli oma s\u00fclearvuti v\u00f5i arvutiga \u00fchendama. See s\u00e4\u00e4stab aega ja muudab kaabli kasutamise veelgi mugavamaks.<\/p>\n<p><img decoding=\"async\" src=\"https:\/\/b2b.innpro.pl\/data\/include\/cms\/-Baseus\/CAJY000101\/5.jpg\"><\/p>\n<h3> Stiil<\/h3>\n<p>See praktiline seade pole mitte ainult funktsionaalne, vaid ka stiilne. Sellel on meeldiv puudutus alumiiniummaterjalist materjal ja l\u00e4ikiv kaabli viimistlus. See on saadaval ka mitmes v\u00e4rvitoonis. Saate valida endale sobivaima ja luua stiilse vidina.<\/p>\n<p><img decoding=\"async\" src=\"https:\/\/b2b.innpro.pl\/data\/include\/cms\/-Baseus\/CAJY000101\/7.jpg\"><\/p>\n<h3> Vastupidavus<\/h3>\n<p>Kaabli valmistamiseks kasutatud kangas hoiab \u00e4ra sassiminemise. Lisaks on see kangas venituskindel. Kaabel on \u00f5mmeldud tugevdatud pistikusse t\u00e4nu t\u00e4iustatud SR-kaitsele. Seet\u00f5ttu talub see \u00fcle 10 000 p\u00f6\u00f6rde. Olete ilmselt palju kordi kokku puutunud, kuid laadimiskaabel puruneb telefoni sisestamisel m\u00f5ne aja p\u00e4rast. See toode minimeerib selle riski. Pistiku sisestamine ja eemaldamine kulutab ka laadimiskaableid. See mudel lahendas selle probleemi. Telefonipistikut saab kasutada 3000 sisestamiseks ja pikendamiseks. Kaabli teine \u200b\u200bosa mahutab kuni 10 000 l\u00fclitusoperatsiooni.<\/p>\n<p><img decoding=\"async\" src=\"https:\/\/b2b.innpro.pl\/data\/include\/cms\/-Baseus\/CAJY000101\/4.jpg\"><\/p>\n<div class=\"table-wrapper\">\n<table>\n<tbody>\n<tr>\n<th>Kaubam\u00e4rk<\/th>\n<td>Baseus<\/td>\n<\/tr>\n<tr>\n<th>Mudel<\/th>\n<td>CAJY000101<\/td>\n<\/tr>\n<tr>\n<th>T\u00fc\u00fcp<\/th>\n<td>USB-Lightning<\/td>\n<\/tr>\n<tr>\n<th>Materjal<\/th>\n<td>Alumiiniumisulam + punutud kangas<\/td>\n<\/tr>\n<tr>\n<th>Voolutugevus<\/th>\n<td>2,4A<\/td>\n<\/tr>\n<tr>\n<th>Edastus kiirus<\/th>\n<td>480 Mbps<\/td>\n<\/tr>\n<tr>\n<th>Pikkus<\/th>\n<td>2 m<\/td>\n<\/tr>\n<tr>\n<th>V\u00e4rviline<\/th>\n<td>Must<\/td>\n<\/tr>\n<\/tbody>\n<\/table>\n<\/div>\n","protected":false},"excerpt":{"rendered":"<p>USB-kaabel Lightning Baseus Crystalile, 2.4A, 2m (must) Selle mudeli kaabel on \u00e4\u00e4rmiselt funktsionaalne ja stiilne. Lisaks on seda v\u00e4ga mugav kasutada. Toode on ka v\u00e4ga vastupidav ja ohutu. Neil asjadel on mitu aspekti. \u00dcks neist on kiire ja ohutu laadimine. See saavutati uue s\u00fcdamikumudeli, tsingitud tugevduste, nelja juhtme ja 2,4 A v\u00f5imsusega. Kaablil on ka [&#8230;]\n","protected":false},"featured_media":40978,"comment_status":"open","ping_status":"closed","template":"","meta":[],"product_brand":[95],"product_cat":[1146],"product_tag":[],"class_list":{"0":"post-40977","1":"product","2":"type-product","3":"status-publish","4":"has-post-thumbnail","6":"product_brand-baseus","7":"product_cat-usb-to-lightning","9":"first","10":"outofstock","11":"taxable","12":"shipping-taxable","13":"purchasable","14":"product-type-simple"},"aioseo_notices":[],"_links":{"self":[{"href":"https:\/\/asura.lv\/et\/wp-json\/wp\/v2\/product\/40977","targetHints":{"allow":["GET"]}}],"collection":[{"href":"https:\/\/asura.lv\/et\/wp-json\/wp\/v2\/product"}],"about":[{"href":"https:\/\/asura.lv\/et\/wp-json\/wp\/v2\/types\/product"}],"replies":[{"embeddable":true,"href":"https:\/\/asura.lv\/et\/wp-json\/wp\/v2\/comments?post=40977"}],"wp:featuredmedia":[{"embeddable":true,"href":"https:\/\/asura.lv\/et\/wp-json\/wp\/v2\/media\/40978"}],"wp:attachment":[{"href":"https:\/\/asura.lv\/et\/wp-json\/wp\/v2\/media?parent=40977"}],"wp:term":[{"taxonomy":"product_brand","embeddable":true,"href":"https:\/\/asura.lv\/et\/wp-json\/wp\/v2\/product_brand?post=40977"},{"taxonomy":"product_cat","embeddable":true,"href":"https:\/\/asura.lv\/et\/wp-json\/wp\/v2\/product_cat?post=40977"},{"taxonomy":"product_tag","embeddable":true,"href":"https:\/\/asura.lv\/et\/wp-json\/wp\/v2\/product_tag?post=40977"}],"curies":[{"name":"wp","href":"https:\/\/api.w.org\/{rel}","templated":true}]}}