{"id":41079,"date":"2025-11-28T20:46:37","date_gmt":"2025-11-28T20:46:37","guid":{"rendered":"https:\/\/asura.lv\/product\/led-rgb-lamp-puluz-for-the-camera-pu560b\/"},"modified":"2025-12-12T14:47:48","modified_gmt":"2025-12-12T12:47:48","slug":"led-rgb-lamp-puluz-for-the-camera-pu560b","status":"publish","type":"product","link":"https:\/\/asura.lv\/et\/toode\/led-rgb-lamp-puluz-for-the-camera-pu560b\/","title":{"rendered":"LED RGB lamp Puluz kaamerale PU560B"},"content":{"rendered":"<h3>RGB LED-kaameralamp<\/h3>\n<p>Puluz on br\u00e4nd, mis sobib ideaalselt n\u00f5udlikule silmale. Kuni 10 tundi t\u00f6\u00f6tav madala v\u00e4ljundv\u00f5imsusega lamp t\u00f5estab end pikkade pildistamisaegade jooksul ja magnetiline disain h\u00f5lbustab t\u00f6\u00f6d. Kuni 13 t\u00fc\u00fcpi valgusimulatsiooni ja v\u00e4rvitemperatuur vahemikus 2500K kuni 9000K rikastavad iga fotot ja loovad soovitud atmosf\u00e4\u00e4ri.<\/p>\n<p><img decoding=\"async\" src=\"https:\/\/b2b.innpro.pl\/data\/include\/cms\/02Puluz\/PU560B\/1.jpg?v=1636379552645\"><\/p>\n<h3>Kohandumine maastikuga<\/h3>\n<p>Puluz Led RGB lambil on 20RGB, 20 valget ja 20 kollast valgusp\u00e4rli ning \u00fcle 98 CRI &#8211; see tagab iga pildi t\u00f5etruu renderdamise.<\/p>\n<p><img decoding=\"async\" src=\"https:\/\/b2b.innpro.pl\/data\/include\/cms\/02Puluz\/PU560B\/3.jpg?v=1636379552645\"><\/p>\n<h3>T\u00f6\u00f6tamine kaugelt<\/h3>\n<p>Valgusvahemik Kuni 5 m kauguselt pildistamine on lahendus, mis meeldib kaugete kaadrite entusiastidele. Lambiga t\u00f6\u00f6tamine lihtsustab detailide n\u00e4itamist kaugelt.<\/p>\n<p><img decoding=\"async\" src=\"https:\/\/b2b.innpro.pl\/data\/include\/cms\/02Puluz\/PU560B\/2.jpg?v=1636379552645\"><\/p>\n<div class=\"table-wrapper\">\n<table>\n<tbody>\n<tr>\n<th>Kaubam\u00e4rk<\/th>\n<td>Puluz<\/td>\n<\/tr>\n<tr>\n<th>Mudel<\/th>\n<td>PU560B<\/td>\n<\/tr>\n<tr>\n<th>Materjal<\/th>\n<td>Magnet<\/td>\n<\/tr>\n<tr>\n<th>M\u00f5\u00f5tmed<\/th>\n<td>6,6 x 3 x 8 cm<\/td>\n<\/tr>\n<tr>\n<th>V\u00f5imsus<\/th>\n<td>6W<\/td>\n<\/tr>\n<tr>\n<th>Pinge<\/th>\n<td>3,7V<\/td>\n<\/tr>\n<tr>\n<th>Liides<\/th>\n<td>C-t\u00fc\u00fcp<\/td>\n<\/tr>\n<\/tbody>\n<\/table>\n<\/div>\n","protected":false},"excerpt":{"rendered":"<p>RGB LED-kaameralamp Puluz on br\u00e4nd, mis sobib ideaalselt n\u00f5udlikule silmale. Kuni 10 tundi t\u00f6\u00f6tav madala v\u00e4ljundv\u00f5imsusega lamp t\u00f5estab end pikkade pildistamisaegade jooksul ja magnetiline disain h\u00f5lbustab t\u00f6\u00f6d. Kuni 13 t\u00fc\u00fcpi valgusimulatsiooni ja v\u00e4rvitemperatuur vahemikus 2500K kuni 9000K rikastavad iga fotot ja loovad soovitud atmosf\u00e4\u00e4ri. Kohandumine maastikuga Puluz Led RGB lambil on 20RGB, 20 valget ja [&#8230;]\n","protected":false},"featured_media":41080,"comment_status":"open","ping_status":"closed","template":"","meta":[],"product_brand":[149],"product_cat":[1107],"product_tag":[],"class_list":{"0":"post-41079","1":"product","2":"type-product","3":"status-publish","4":"has-post-thumbnail","6":"product_brand-puluz","7":"product_cat-lamps","9":"first","10":"outofstock","11":"taxable","12":"shipping-taxable","13":"purchasable","14":"product-type-simple"},"aioseo_notices":[],"_links":{"self":[{"href":"https:\/\/asura.lv\/et\/wp-json\/wp\/v2\/product\/41079","targetHints":{"allow":["GET"]}}],"collection":[{"href":"https:\/\/asura.lv\/et\/wp-json\/wp\/v2\/product"}],"about":[{"href":"https:\/\/asura.lv\/et\/wp-json\/wp\/v2\/types\/product"}],"replies":[{"embeddable":true,"href":"https:\/\/asura.lv\/et\/wp-json\/wp\/v2\/comments?post=41079"}],"wp:featuredmedia":[{"embeddable":true,"href":"https:\/\/asura.lv\/et\/wp-json\/wp\/v2\/media\/41080"}],"wp:attachment":[{"href":"https:\/\/asura.lv\/et\/wp-json\/wp\/v2\/media?parent=41079"}],"wp:term":[{"taxonomy":"product_brand","embeddable":true,"href":"https:\/\/asura.lv\/et\/wp-json\/wp\/v2\/product_brand?post=41079"},{"taxonomy":"product_cat","embeddable":true,"href":"https:\/\/asura.lv\/et\/wp-json\/wp\/v2\/product_cat?post=41079"},{"taxonomy":"product_tag","embeddable":true,"href":"https:\/\/asura.lv\/et\/wp-json\/wp\/v2\/product_tag?post=41079"}],"curies":[{"name":"wp","href":"https:\/\/api.w.org\/{rel}","templated":true}]}}