{"id":41121,"date":"2025-11-28T20:46:34","date_gmt":"2025-11-28T20:46:34","guid":{"rendered":"https:\/\/asura.lv\/product\/uv-flashlight-superfire-a5-365nm\/"},"modified":"2025-12-12T14:47:47","modified_gmt":"2025-12-12T12:47:47","slug":"uv-flashlight-superfire-a5-365nm","status":"publish","type":"product","link":"https:\/\/asura.lv\/et\/toode\/uv-flashlight-superfire-a5-365nm\/","title":{"rendered":"UV-taskulamp Superfire A5, 365NM"},"content":{"rendered":"<h3>UV-taskulamp Superfire A5<\/h3>\n<p>A5 v\u00f5imaldab teil n\u00e4ha asju, mis palja silmaga pole n\u00e4htavad. Selle praktilise UV-taskulambiga saate tuvastada loomade uriini j\u00e4lgi oma kodus, n\u00e4htamatuid toiduplekke riietel, vaipadel v\u00f5i muudel kangastel, samuti mustusej\u00e4lgi vannitoas ja mitmesuguseid fluorestseeruvaid aineid. Mahukas aku kestab \u00fche laadimisega umbes 90\u2013120 minutit. Komplekti kuulub micro-USB-kaabel, millega saate lisaseadme toidet uuendada. <\/p>\n<p><img decoding=\"async\" src=\"https:\/\/b2b.innpro.pl\/data\/include\/cms\/01Superfire\/A5-365NM\/9.jpg\"><\/p>\n<h3>Praktiline<\/h3>\n<p>Superfire&#8217;i taskulamp on lisatarvik, mis on teile iga p\u00e4ev kasulik. Seade kasutab 365NM laineid, t\u00e4nu millele n\u00e4ete silmale n\u00e4htamatuid plekke, n\u00e4iteks vannitoa plekke, lemmikloomade uriini, fluorestseeruvaid aineid, lestasid jne. Saate seda kasutada ka rahat\u00e4htede v\u00f5i dokumentide, n\u00e4iteks juhiloa v\u00f5i ID-kaardi autentsuse kontrollimiseks. Lisaks kiirendab taskulambi UV-valgus k\u00fc\u00fcnelaki ja vaigu kuivamist.<\/p>\n<p><img decoding=\"async\" src=\"https:\/\/b2b.innpro.pl\/data\/include\/cms\/01Superfire\/A5-365NM\/2.jpg\"><\/p>\n<h3>Mugav laadimine<\/h3>\n<p>Taskulampi toidab laetav aku, mida saab mitu korda laadida. See v\u00f5imaldab teil A5-t \u00fche laadimisega kasutada kuni 120 minutit. Lisatarviku energiat saab uuendada komplekti kuuluva micro-USB-pordiga kaabli abil. <\/p>\n<p><img decoding=\"async\" src=\"https:\/\/b2b.innpro.pl\/data\/include\/cms\/01Superfire\/A5-365NM\/7.jpg\"><\/p>\n<h3>Vastupidav ja kompaktne<\/h3>\n<p>A5 on valmistatud kvaliteetsetest materjalidest, mis muudavad selle vastupidavaks v\u00e4iksematele mehaanilistele kahjustustele ja pritsmetele. Libisemisvastane viimistlus tagab stabiilsuse, nii et v\u00f5ite olla kindel, et taskulamp ei libise teie k\u00e4est. See kaalub vaid 82 g ja selle suurus on v\u00f5rreldav nutitelefoniga &#8211; taskulambi m\u00f5\u00f5tmed on 128 x 28 x 26 mm. Saate seda edukalt taskus, k\u00e4ekotis v\u00f5i seljakotis hoida.\u0412\u00a0<\/p>\n<p><img decoding=\"async\" src=\"https:\/\/b2b.innpro.pl\/data\/include\/cms\/01Superfire\/A5-365NM\/6.jpg\"><\/p>\n<h3>Kaasas<\/h3>\n<ul>\n<li>taskulamp<\/li>\n<li>micro-USB laadimiskaabel<\/li>\n<li>aku \/ laetav aku (18650)<\/li>\n<li>kasutusjuhend<\/li>\n<\/ul>\n<div class=\"table-wrapper\">\n<table>\n<tbody>\n<tr>\n<th>Br\u00e4nd<\/th>\n<td>Superfire<\/td>\n<\/tr>\n<tr>\n<th>Mudel<\/th>\n<td>A5 365NM<\/td>\n<\/tr>\n<tr>\n<th>Wave<\/th>\n<td>365NM<\/td>\n<\/tr>\n<tr>\n<th>Aku \/ Aku<\/th>\n<td>18650<\/td>\n<\/tr>\n<tr>\n<th>Valgusulatus<\/th>\n<td>1 m<\/td>\n<\/tr>\n<tr>\n<th>T\u00f6\u00f6aeg<\/th>\n<td>90\u2013120 min<\/td>\n<\/tr>\n<tr>\n<th>Kaal<\/th>\n<td>82 g<\/td>\n<\/tr>\n<tr>\n<th>M\u00f5\u00f5tmed<\/th>\n<td>128 x 28 x 26 mm<\/td>\n<\/tr>\n<tr>\n<th>Veekindlus<\/th>\n<td>jah, v\u00e4ikesed pritsmed<\/td>\n<\/tr>\n<tr>\n<th>V\u00e4rv<\/th>\n<td>must<\/td>\n<\/tr>\n<\/tbody>\n<\/table>\n<\/div>\n","protected":false},"excerpt":{"rendered":"<p>UV-taskulamp Superfire A5 A5 v\u00f5imaldab teil n\u00e4ha asju, mis palja silmaga pole n\u00e4htavad. Selle praktilise UV-taskulambiga saate tuvastada loomade uriini j\u00e4lgi oma kodus, n\u00e4htamatuid toiduplekke riietel, vaipadel v\u00f5i muudel kangastel, samuti mustusej\u00e4lgi vannitoas ja mitmesuguseid fluorestseeruvaid aineid. Mahukas aku kestab \u00fche laadimisega umbes 90\u2013120 minutit. Komplekti kuulub micro-USB-kaabel, millega saate lisaseadme toidet uuendada. Praktiline Superfire&#8217;i [&#8230;]\n","protected":false},"featured_media":41122,"comment_status":"open","ping_status":"closed","template":"","meta":[],"product_brand":[195],"product_cat":[1602],"product_tag":[],"class_list":{"0":"post-41121","1":"product","2":"type-product","3":"status-publish","4":"has-post-thumbnail","6":"product_brand-superfire","7":"product_cat-uv-flashlights-flashlights","9":"first","10":"outofstock","11":"taxable","12":"shipping-taxable","13":"purchasable","14":"product-type-simple"},"aioseo_notices":[],"_links":{"self":[{"href":"https:\/\/asura.lv\/et\/wp-json\/wp\/v2\/product\/41121","targetHints":{"allow":["GET"]}}],"collection":[{"href":"https:\/\/asura.lv\/et\/wp-json\/wp\/v2\/product"}],"about":[{"href":"https:\/\/asura.lv\/et\/wp-json\/wp\/v2\/types\/product"}],"replies":[{"embeddable":true,"href":"https:\/\/asura.lv\/et\/wp-json\/wp\/v2\/comments?post=41121"}],"wp:featuredmedia":[{"embeddable":true,"href":"https:\/\/asura.lv\/et\/wp-json\/wp\/v2\/media\/41122"}],"wp:attachment":[{"href":"https:\/\/asura.lv\/et\/wp-json\/wp\/v2\/media?parent=41121"}],"wp:term":[{"taxonomy":"product_brand","embeddable":true,"href":"https:\/\/asura.lv\/et\/wp-json\/wp\/v2\/product_brand?post=41121"},{"taxonomy":"product_cat","embeddable":true,"href":"https:\/\/asura.lv\/et\/wp-json\/wp\/v2\/product_cat?post=41121"},{"taxonomy":"product_tag","embeddable":true,"href":"https:\/\/asura.lv\/et\/wp-json\/wp\/v2\/product_tag?post=41121"}],"curies":[{"name":"wp","href":"https:\/\/api.w.org\/{rel}","templated":true}]}}