{"id":10947,"date":"2013-08-11T19:22:53","date_gmt":"2013-08-11T19:22:53","guid":{"rendered":"https:\/\/asura.lv\/kontaktai\/"},"modified":"2025-12-07T13:22:19","modified_gmt":"2025-12-07T13:22:19","slug":"kontaktai","status":"publish","type":"page","link":"https:\/\/asura.lv\/lt\/kontaktai\/","title":{"rendered":"Kontaktai"},"content":{"rendered":"\n\t<div id=\"text-4157176701\" class=\"text\">\n\t\t\n\n<p><strong><span style=\"font-size: 20.16px;\"><span style=\"font-size: 20.16px; color: #333333;\">Reikia pagalbos?<\/span><\/span><\/strong><\/p>\n<p>Jei turite klausim\u0173, pasi\u016blym\u0173 ar reikia pagalbos d\u0117l pirkimo, tiesiog para\u0161ykite mums el. pa\u0161tu \u2013 netrukus su jumis susisieksime.<\/p>\n<p><strong><span style=\"font-size: 20.16px; color: #333333;\">\u012emon\u0117s informacija<\/span><\/strong><\/p>\n<div class=\"icon-with-text gap-x-3 items-start\">\n<div class=\"flex flex-col gap-y-1\">\n<div class=\"rte m-0 text-subtext\">\n<p>\u012emon\u0117: SIA TORANS<br>Reg. numeris: 40003613318<br>PVM numeris: LV40003613318<br>Adresas: Br\u012bv\u012bbas gatve 232-2, Riga, LV-1039, Latvija<\/p>\n<\/div>\n<\/div>\n<\/div>\n<div class=\"icon-with-text gap-x-3 items-start\">\n<div class=\"icon-with-text__media inline-flex items-center\">\n<div class=\"no-empty h5\" aria-hidden=\"true\"><strong><span style=\"font-size: 20.16px;\">Susisiekite su mumis<\/span><\/strong><\/div>\n<\/div>\n<div class=\"flex flex-col gap-y-1\">\n<div class=\"rte m-0 text-subtext\">\n<p>Telefonas: +371 28309471<br>El. pa\u0161tas: info@asura.lv<\/p>\n<\/div>\n<\/div>\n<\/div>\n<div class=\"icon-with-text gap-x-3 items-start\">\n<div class=\"icon-with-text__media inline-flex items-center\">\n<div class=\"no-empty h5\" aria-hidden=\"true\"><strong><span style=\"font-size: 20.16px;\">Klient\u0173 aptarnavimas<\/span><\/strong><\/div>\n<\/div>\n<div class=\"flex flex-col gap-y-1\">\n<div class=\"rte m-0 text-subtext\">\n<p>Pr.\u2013Pn; 10:00 &#8211; 17:00\u2028<br>\u0160., Sk.: Nedirbame<\/p>\n<p> <\/p>\n<\/div>\n<\/div>\n<\/div>\n\t\t\n<style>\n#text-4157176701 {\n  text-align: left;\n}\n<\/style>\n\t<\/div>\n\t\n\n","protected":false},"excerpt":{"rendered":"","protected":false},"author":1,"featured_media":10940,"parent":0,"menu_order":0,"comment_status":"closed","ping_status":"closed","template":"page-blank-title-center.php","meta":{"footnotes":""},"class_list":["post-10947","page","type-page","status-publish","has-post-thumbnail","hentry"],"aioseo_notices":[],"_hostinger_reach_plugin_has_subscription_block":false,"_hostinger_reach_plugin_is_elementor":false,"_links":{"self":[{"href":"https:\/\/asura.lv\/lt\/wp-json\/wp\/v2\/pages\/10947","targetHints":{"allow":["GET"]}}],"collection":[{"href":"https:\/\/asura.lv\/lt\/wp-json\/wp\/v2\/pages"}],"about":[{"href":"https:\/\/asura.lv\/lt\/wp-json\/wp\/v2\/types\/page"}],"author":[{"embeddable":true,"href":"https:\/\/asura.lv\/lt\/wp-json\/wp\/v2\/users\/1"}],"replies":[{"embeddable":true,"href":"https:\/\/asura.lv\/lt\/wp-json\/wp\/v2\/comments?post=10947"}],"version-history":[{"count":0,"href":"https:\/\/asura.lv\/lt\/wp-json\/wp\/v2\/pages\/10947\/revisions"}],"wp:featuredmedia":[{"embeddable":true,"href":"https:\/\/asura.lv\/lt\/wp-json\/wp\/v2\/media\/10940"}],"wp:attachment":[{"href":"https:\/\/asura.lv\/lt\/wp-json\/wp\/v2\/media?parent=10947"}],"curies":[{"name":"wp","href":"https:\/\/api.w.org\/{rel}","templated":true}]}}