{"id":11041,"date":"2025-11-29T18:31:22","date_gmt":"2025-11-29T18:31:22","guid":{"rendered":"https:\/\/asura.lv\/product\/tester-smd-uni-t-ut116c\/"},"modified":"2025-12-12T15:58:28","modified_gmt":"2025-12-12T13:58:28","slug":"tester-smd-uni-t-ut116c","status":"publish","type":"product","link":"https:\/\/asura.lv\/lt\/produktas\/tester-smd-uni-t-ut116c\/","title":{"rendered":"SMD testeris UNI-T UT116C"},"content":{"rendered":"<h3>UNI-T UT116C SMD testeris.<\/h3>\n<p>UNI-T UT116C SMD testeris yra universalus ir kompakti\u0161kas matavimo prietaisas, idealiai tinkantis elektronikos aptarnavimo ir gamybos \u012fstaigoms. Prietaisas leid\u017eia automati\u0161kai atpa\u017einti ir i\u0161matuoti toki\u0173 komponent\u0173 kaip rezistoriai, kondensatoriai (iki 100 mF), diodai parametrus, taip pat patikrinti Zenerio diod\u0173 poli\u0161kum\u0105. UT116C papildomai leid\u017eia matuoti nuolatin\u0119 \u012ftamp\u0105 iki 36 V ir patikrinti akumuliatoriaus b\u016bsen\u0105 esant 10 mA apkrovai. D\u0117l savo t\u0119stinumo matavimo funkcijos ir integruoto LED indikatoriaus prietaisas pateikia greitus ir ai\u0161kius rezultatus, nepriklausomai nuo darbo intensyvumo. Be to, produktas yra sertifikuotas CE ir UKCA, patvirtindami auk\u0161tus kokyb\u0117s ir saugos standartus.<\/p>\n<p>\n<img decoding=\"async\" alt=\"\" border=\"0\" src=\"https:\/\/assets.innpro.pl\/15587\/19585\/1.jpg\"\/>\n<\/p>\n<h3>Platus funkcij\u0173 spektras profesionalams<\/h3>\n<p>UT116C testeris sujungia kelias funkcijas viename kompakti\u0161kame \u012frenginyje. Automatinis komponent\u0173 identifikavimas supaprastina kasdien\u012f darb\u0105, o galimyb\u0117 rankiniu b\u016bdu patikrinti \u0161viesos diod\u0173 ir zenerio diod\u0173 poli\u0161kum\u0105 leid\u017eia tiksliai analizuoti elektronines grandines. Be to, UT116C leid\u017eia patogiai matuoti nuolatin\u0119 \u012ftamp\u0105 ir akumuliatoriaus b\u016bsen\u0105, tod\u0117l tai itin universalus \u012frankis elektronikos techniko dirbtuv\u0117se.<\/p>\n<p>\n<img decoding=\"async\" alt=\"\" border=\"0\" src=\"https:\/\/assets.innpro.pl\/15587\/19585\/2.jpg\"\/>\n<\/p>\n<h3>Apgalvotas dizainas dar didesniam patogumui<\/h3>\n<p>UT116C dizainas sukurtas siekiant maksimalios ergonomikos \u2013 testerio judantis antgalis, kuris sukasi 180\u00b0, leid\u017eia lengvai nuskaityti rezultatus net sunkiai pasiekiamose vietose. Integruotas LED indikatorius ir kompakti\u0161kas dydis daro tester\u012f ne tik funkcional\u0173, bet ir itin patog\u0173 naudoti kasdien. UNI-T UT116C yra nepakei\u010diamas bet kurio profesionalaus elektronikos paslaug\u0173 teik\u0117jas, u\u017etikrinantis saugum\u0105 ir tikslum\u0105 atliekant bet kokius darbus.<\/p>\n<p>\n<img decoding=\"async\" alt=\"\" border=\"0\" src=\"https:\/\/assets.innpro.pl\/15587\/19585\/6.jpg\"\/>\n<\/p>\n<h3>Pridedama<\/h3>\n<ul class=\"list-disc pl-5\">\n<li>SMD testeris<\/li>\n<li>baterija<\/li>\n<li>naudojimo instrukcija<\/li>\n<\/ul>\n<div class=\"table-wrapper\">\n<p>\u0412\u00a0<\/p>\n<h3><\/h3>\n<table>\n<tbody>\n<tr>\n<th>Gamintojas<\/th>\n<td>UNI-T<\/td>\n<\/tr>\n<tr>\n<th>Modelis<\/th>\n<td>UT116C<\/td>\n<\/tr>\n<tr>\n<th>Rodom\u0173 skai\u010dius skaitmen\u0173<\/th>\n<td>6000<\/td>\n<\/tr>\n<tr>\n<th>Var\u017ea<\/th>\n<td>60 M\u041e\u00a9<\/td>\n<\/tr>\n<tr>\n<th>Talpa<\/th>\n<td>100 mF<\/td>\n<\/tr>\n<tr>\n<th>Diod\u0173 bandymas<\/th>\n<td>3,2 V<\/td>\n<\/tr>\n<tr>\n<th>LED\/stabilizacijos \u012ftampos bandymas<\/th>\n<td>Ma\u017edaug 21 V \/ 1 mA<\/td>\n<\/tr>\n<tr>\n<th>Grandin\u0117s t\u0119stinumo bandymas<\/th>\n<td>< 50 O\u00a9<\/td>\n<\/tr>\n<tr>\n<th>Nuolatin\u0117s \u012ftampos (DCV) matavimas<\/th>\n<td>36 V<\/td>\n<\/tr>\n<tr>\n<th>Akumuliatoriaus\/akumuliatoriaus bandymas<\/th>\n<td>Apkrovos srov\u0117 = 10 mA<\/td>\n<\/tr>\n<tr>\n<th>Automatinis diapazono pasirinkimas<\/th>\n<td>Taip<\/td>\n<\/tr>\n<tr>\n<th>Automatinis komponentas identifikavimas<\/th>\n<td>Taip<\/td>\n<\/tr>\n<tr>\n<th>Automatinis i\u0161sijungimas<\/th>\n<td>Taip<\/td>\n<\/tr>\n<tr>\n<th>Maitinimo \u0161altinis<\/th>\n<td>2 \u00d7 1,5 V baterijos (R03)<\/td>\n<\/tr>\n<tr>\n<th>Ekrano matmenys<\/th>\n<td>39 mm \u00d7 20 mm<\/td>\n<\/tr>\n<tr>\n<th>Spalva<\/th>\n<td>Raudona ir pilka<\/td>\n<\/tr>\n<tr>\n<th>Svoris<\/th>\n<td>Ma\u017edaug 80 g<\/td>\n<\/tr>\n<tr>\n<th>Matmenys<\/th>\n<td>204 mm \u00d7 33 mm \u00d7 25 mm<\/td>\n<\/tr>\n<\/tbody>\n<\/table>\n<\/div>\n","protected":false},"excerpt":{"rendered":"<p>UNI-T UT116C SMD testeris. UNI-T UT116C SMD testeris yra universalus ir kompakti\u0161kas matavimo prietaisas, idealiai tinkantis elektronikos aptarnavimo ir gamybos \u012fstaigoms. Prietaisas leid\u017eia automati\u0161kai atpa\u017einti ir i\u0161matuoti toki\u0173 komponent\u0173 kaip rezistoriai, kondensatoriai (iki 100 mF), diodai parametrus, taip pat patikrinti Zenerio diod\u0173 poli\u0161kum\u0105. UT116C papildomai leid\u017eia matuoti nuolatin\u0119 \u012ftamp\u0105 iki 36 V ir patikrinti akumuliatoriaus [&#8230;]\n","protected":false},"featured_media":11042,"comment_status":"open","ping_status":"closed","template":"","meta":[],"product_brand":[773],"product_cat":[878],"product_tag":[],"class_list":{"0":"post-11041","1":"product","2":"type-product","3":"status-publish","4":"has-post-thumbnail","6":"product_brand-uni-t","7":"product_cat-measuring-tools-tools-home-and-garden","9":"first","10":"outofstock","11":"taxable","12":"shipping-taxable","13":"purchasable","14":"product-type-simple"},"aioseo_notices":[],"_links":{"self":[{"href":"https:\/\/asura.lv\/lt\/wp-json\/wp\/v2\/product\/11041","targetHints":{"allow":["GET"]}}],"collection":[{"href":"https:\/\/asura.lv\/lt\/wp-json\/wp\/v2\/product"}],"about":[{"href":"https:\/\/asura.lv\/lt\/wp-json\/wp\/v2\/types\/product"}],"replies":[{"embeddable":true,"href":"https:\/\/asura.lv\/lt\/wp-json\/wp\/v2\/comments?post=11041"}],"wp:featuredmedia":[{"embeddable":true,"href":"https:\/\/asura.lv\/lt\/wp-json\/wp\/v2\/media\/11042"}],"wp:attachment":[{"href":"https:\/\/asura.lv\/lt\/wp-json\/wp\/v2\/media?parent=11041"}],"wp:term":[{"taxonomy":"product_brand","embeddable":true,"href":"https:\/\/asura.lv\/lt\/wp-json\/wp\/v2\/product_brand?post=11041"},{"taxonomy":"product_cat","embeddable":true,"href":"https:\/\/asura.lv\/lt\/wp-json\/wp\/v2\/product_cat?post=11041"},{"taxonomy":"product_tag","embeddable":true,"href":"https:\/\/asura.lv\/lt\/wp-json\/wp\/v2\/product_tag?post=11041"}],"curies":[{"name":"wp","href":"https:\/\/api.w.org\/{rel}","templated":true}]}}