{"id":11197,"date":"2025-11-29T18:31:07","date_gmt":"2025-11-29T18:31:07","guid":{"rendered":"https:\/\/asura.lv\/product\/uni-t-ut107-handheld-car-multimeter\/"},"modified":"2025-12-12T15:58:18","modified_gmt":"2025-12-12T13:58:18","slug":"uni-t-ut107-handheld-car-multimeter","status":"publish","type":"product","link":"https:\/\/asura.lv\/lt\/produktas\/uni-t-ut107-handheld-car-multimeter\/","title":{"rendered":"UNI-T UT107 ne\u0161iojamas automobilio multimetras"},"content":{"rendered":"<h3>UNI-T UT107 ne\u0161iojamas automobilinis multimetras<\/h3>\n<p>UNI-T UT107 yra ne\u0161iojamas skaitmeninis multimetras, specialiai sukurtas naudoti automobili\u0173 dirbtuv\u0117se ir mechanikams, atliekantiems transporto priemoni\u0173 elektros diagnostik\u0105. Jis si\u016blo plat\u0173 matavimo funkcij\u0173 spektr\u0105, skirt\u0105 u\u017edegimo sistem\u0173, maitinimo \u0161altini\u0173, akumuliatori\u0173 ir daugelio kit\u0173 sistemos komponent\u0173 b\u016bklei patikrinti. Tai patikimas \u012frankis lauko ir gara\u017eo darbams \u2013 patvarus, tikslus ir paprastas naudoti.<\/p>\n<p>\n<img decoding=\"async\" alt=\"\" border=\"0\" src=\"https:\/\/assets.innpro.pl\/15793\/19881\/1.jpg\"\/>\n<\/p>\n<h3>Platus matavim\u0173 diapazonas<\/h3>\n<p>UT107 u\u017etikrina tikslius nuolatin\u0117s srov\u0117s (DC) \u012ftampos matavimus nuo 200 mV iki 1000 V ir kintamosios \u012ftampos (AC) iki 750 V matavimus. Be to, matuoklis palaiko iki 10 A nuolatin\u0117s srov\u0117s matavim\u0105, o tai leid\u017eia valdyti \u012fvairi\u0173 automobilio komponent\u0173 srov\u0117s suvartojim\u0105. Var\u017eos matavimas galimas nuo 200 \u039e\u00a9 iki 20 M\u039e\u00a9, o tai puikiai tinka diagnozuojant jutiklius, laidus ir jungtis.<\/p>\n<p>\n<img decoding=\"async\" alt=\"\" border=\"0\" src=\"https:\/\/assets.innpro.pl\/15793\/19881\/2.jpg\"\/>\n<\/p>\n<h3>Automobili\u0173 diagnostikai skirtos funkcijos<\/h3>\n<p>UT107 multimetras si\u016blo ne tik klasikinius matavimus \u2013 prietaisas turi daugyb\u0119 funkcij\u0173, sukurt\u0173 atsi\u017evelgiant \u012f transporto priemones. Jis leid\u017eia, be kita ko, i\u0161bandyti 12 volt\u0173 akumuliatori\u0173, taip pat matuoti darbo cikl\u0105 nuo 1 % iki 90 %, o tai naudinga vertinant valdymo sistem\u0173 veikim\u0105. Jis taip pat palaiko \u201eDwell\/Tach\u201c funkcij\u0105 4, 6 ir 8 cilindr\u0173 varikliams, tod\u0117l galite tiksliai valdyti u\u017edegimo sistemos veikim\u0105.<\/p>\n<p>\n<img decoding=\"async\" alt=\"\" border=\"0\" src=\"https:\/\/assets.innpro.pl\/15793\/19881\/4.jpg\"\/>\n<\/p>\n<h3>Temperat\u016bros ir da\u017enio matavimas<\/h3>\n<p>UT107 taip pat gali matuoti temperat\u016br\u0105 pla\u010diame diapazone nuo -40 \u00b0C iki 1000 \u00b0C, nes yra prijungtas temperat\u016bros zondas. Tai leid\u017eia greitai diagnozuoti perkaitusius komponentus arba patikrinti jutikli\u0173 ir au\u0161inimo sistem\u0173 darbin\u0119 temperat\u016br\u0105. Testeris taip pat palaiko da\u017enio matavim\u0105 iki 2 kHz, kuris puikiai tinka analizuojant signalus elektronin\u0117se ir u\u017edegimo sistemose.<\/p>\n<p>\n<img decoding=\"async\" alt=\"\" border=\"0\" src=\"https:\/\/assets.innpro.pl\/15793\/19881\/3.jpg\"\/>\n<\/p>\n<h3>Pridedama<\/h3>\n<ul class=\"list-disc pl-5\">\n<li>multimetras<\/li>\n<li>bandymo laidai<\/li>\n<li>d\u0117klas<\/li>\n<li>temperat\u016bros zondas su ta\u0161kiniu kontaktu<\/li>\n<\/ul>\n<div class=\"table-wrapper\">\n<p>\u0412\u00a0<\/p>\n<h3><\/h3>\n<table>\n<tbody>\n<tr>\n<th>Gamintojas<\/th>\n<td>UNI-T<\/td>\n<\/tr>\n<tr>\n<th>Modelis<\/th>\n<td>UT107<\/td>\n<\/tr>\n<tr>\n<th>Nuolatin\u0117s \u012ftampos matavimas diapazonas<\/th>\n<td>200 mV \/ 2 V \/ 20 V \/ 1000 V \u00b1 (0,5 % + 2 %)<\/td>\n<\/tr>\n<tr>\n<th>Kintamosios \u012ftampos matavimo diapazonas<\/th>\n<td>200 V \/ 750 V \u00b1 (0,8 % + 5 %); 200 mA \/ 10 A \u00b1 (0,8 % + 5)<\/td>\n<\/tr>\n<tr>\n<th>Var\u017ea<\/th>\n<td>200 \u00b0C \/ 2 k\u03a9 \/ 20 k\u03a9 \/ 200 k\u03a9 \/ 20 M\u03a9 \u00b1 (0,8 % + 5)<\/td>\n<\/tr>\n<tr>\n<th>Da\u017enis<\/th>\n<td>2 kHz \u00b1 (2 % + 5)<\/td>\n<\/tr>\n<tr>\n<th>Temperat\u016bra<\/th>\n<td>-40 \u00b0C ~ 1000 \u00b0C \u00b1 (2 % + 8)<\/td>\n<\/tr>\n<tr>\n<th>Akumuliatoriaus bandymas<\/th>\n<td>12 V \u00b1 (3 % + 5)<\/td>\n<\/tr>\n<tr>\n<th>Darbo ciklas<\/th>\n<td>1 ~ 90 % \u00b1(4 % + 5)<\/td>\n<\/tr>\n<tr>\n<th>\u012e\u0117jimo var\u017ea nuolatinei srovei<\/th>\n<td>apie 10 M\u041e\u00a9<\/td>\n<\/tr>\n<tr>\n<th>Statymosi laikas \/ tachometras<\/th>\n<td>4 cilindr\u0173 \/ 6 cilindr\u0173 \/ 8 cilindr\u0173 \u00b1(3 % + 5)<\/td>\n<\/tr>\n<tr>\n<th>Maitinimo \u0161altinis<\/th>\n<td>9 V baterija (6F22)<\/td>\n<\/tr>\n<tr>\n<th>Ekrano dydis<\/th>\n<td>60 x 54 mm<\/td>\n<\/tr>\n<tr>\n<th>Svoris (su d\u0117klu)<\/th>\n<td>351 g<\/td>\n<\/tr>\n<tr>\n<th>Matmenys<\/th>\n<td>179 x 88 x 39 mm<\/td>\n<\/tr>\n<\/tbody>\n<\/table>\n<\/div>\n","protected":false},"excerpt":{"rendered":"<p>UNI-T UT107 ne\u0161iojamas automobilinis multimetras UNI-T UT107 yra ne\u0161iojamas skaitmeninis multimetras, specialiai sukurtas naudoti automobili\u0173 dirbtuv\u0117se ir mechanikams, atliekantiems transporto priemoni\u0173 elektros diagnostik\u0105. Jis si\u016blo plat\u0173 matavimo funkcij\u0173 spektr\u0105, skirt\u0105 u\u017edegimo sistem\u0173, maitinimo \u0161altini\u0173, akumuliatori\u0173 ir daugelio kit\u0173 sistemos komponent\u0173 b\u016bklei patikrinti. Tai patikimas \u012frankis lauko ir gara\u017eo darbams \u2013 patvarus, tikslus ir paprastas naudoti. [&#8230;]\n","protected":false},"featured_media":11198,"comment_status":"open","ping_status":"closed","template":"","meta":[],"product_brand":[773],"product_cat":[878],"product_tag":[],"class_list":{"0":"post-11197","1":"product","2":"type-product","3":"status-publish","4":"has-post-thumbnail","6":"product_brand-uni-t","7":"product_cat-measuring-tools-tools-home-and-garden","9":"first","10":"outofstock","11":"taxable","12":"shipping-taxable","13":"purchasable","14":"product-type-simple"},"aioseo_notices":[],"_links":{"self":[{"href":"https:\/\/asura.lv\/lt\/wp-json\/wp\/v2\/product\/11197","targetHints":{"allow":["GET"]}}],"collection":[{"href":"https:\/\/asura.lv\/lt\/wp-json\/wp\/v2\/product"}],"about":[{"href":"https:\/\/asura.lv\/lt\/wp-json\/wp\/v2\/types\/product"}],"replies":[{"embeddable":true,"href":"https:\/\/asura.lv\/lt\/wp-json\/wp\/v2\/comments?post=11197"}],"wp:featuredmedia":[{"embeddable":true,"href":"https:\/\/asura.lv\/lt\/wp-json\/wp\/v2\/media\/11198"}],"wp:attachment":[{"href":"https:\/\/asura.lv\/lt\/wp-json\/wp\/v2\/media?parent=11197"}],"wp:term":[{"taxonomy":"product_brand","embeddable":true,"href":"https:\/\/asura.lv\/lt\/wp-json\/wp\/v2\/product_brand?post=11197"},{"taxonomy":"product_cat","embeddable":true,"href":"https:\/\/asura.lv\/lt\/wp-json\/wp\/v2\/product_cat?post=11197"},{"taxonomy":"product_tag","embeddable":true,"href":"https:\/\/asura.lv\/lt\/wp-json\/wp\/v2\/product_tag?post=11197"}],"curies":[{"name":"wp","href":"https:\/\/api.w.org\/{rel}","templated":true}]}}