{"id":11365,"date":"2025-11-29T00:17:56","date_gmt":"2025-11-29T00:17:56","guid":{"rendered":"https:\/\/asura.lv\/product\/obdeleven-2-diagnostic-scanner-100-credits\/"},"modified":"2025-12-12T16:02:20","modified_gmt":"2025-12-12T14:02:20","slug":"obdeleven-2-diagnostic-scanner-100-credits","status":"publish","type":"product","link":"https:\/\/asura.lv\/lt\/produktas\/obdeleven-2-diagnostic-scanner-100-credits\/","title":{"rendered":"OBDeleven 2 diagnostikos skaitytuvas (100 kredit\u0173)"},"content":{"rendered":"<h3>OBDeleven 2 diagnostikos skaitytuvas (100 kredit\u0173)<\/h3>\n<p>\u201eOBDeleven NextGen\u201c yra moderniausias diagnostikos \u012frankis, skirtas vairuotojams ir automobili\u0173 entuziastams, norintiems paprasto b\u016bdo pri\u017ei\u016br\u0117ti savo automobil\u012f. \u012erenginys prisijungia prie j\u016bs\u0173 telefono per \u201eBluetooth\u201c ir veikia su \u201eOBDeleven\u201c program\u0117le, kad suteikt\u0173 visi\u0161k\u0105 prieig\u0105 prie j\u016bs\u0173 transporto priemon\u0117s sistem\u0173 per debesijos programin\u0119 \u012frang\u0105. Jos pagalba galite akimirksniu diagnozuoti gedimus, steb\u0117ti veikimo parametrus ir suasmeninti automobilio funkcijas \u2013 visa tai vos keliais paspaudimais i\u0161maniojo telefono ekrane. Intuityvus valdymas ir kompakti\u0161kas, ki\u0161eninis dydis paver\u010dia \u201eOBDeleven NextGen\u201c puikiu pagalbininku bet kuriam vairuotojui, nepriklausomai nuo jo \u012fg\u016bd\u017ei\u0173 lygio.<\/p>\n<p>\n<img decoding=\"async\" alt=\"Juodas \u201eCarly\u201c nuotolinio valdymo pultas, prijungtas prie BMW automobilio OBD2 prievado, rodo pasveikinimo ekran\u0105\" border=\"0\" src=\"https:\/\/assets.innpro.pl\/18648\/24825\/1.jpg\"\/>\n<\/p>\n<h3>Diagnostika be sien\u0173<\/h3>\n<p>\u201eOBDeleven NextGen\u201c teikia visas diagnostikos galimybes VAG, BMW ir \u201eToyota\u201c automobiliams. Palaikomos ir kit\u0173 preki\u0173 \u017eenkl\u0173 pagrindin\u0117s diagnostikos ir gedim\u0173 \u0161alinimo galimyb\u0117s. Sistema veikia \u201eAndroid\u201c, \u201eiOS\u201c ir \u201eHuawei\u201c sistemose. Tai leid\u017eia vartotojams m\u0117gautis visi\u0161ku suderinamumu, nepriklausomai nuo turimo \u012frenginio tipo. \u0160iam \u012frankiui nereikia speciali\u0173 \u017eini\u0173 ar patirties \u2013 tiesiog prijunkite skaitytuv\u0105 prie OBD-II prievado ir paleiskite program\u0117l\u0119, kad prad\u0117tum\u0117te analizuoti transporto priemon\u0117s b\u016bkl\u0119. \u201eOBDeleven\u201c si\u016blo patogum\u0105, mobilum\u0105 ir patikimum\u0105, \u012fk\u016bnyt\u0105 eleganti\u0161kame, minimalistiniame dizaine.<\/p>\n<p>\n<img decoding=\"async\" alt=\"Rankoje laikomas Carly OBD2 adapteris BMW automobilyje, fone matomas vairas\" border=\"0\" src=\"https:\/\/assets.innpro.pl\/18648\/24825\/3.jpg\"\/>\n<\/p>\n<h3>I\u0161maniosios funkcijos ir taupymas<\/h3>\n<p>Su \u201eOBDeleven NextGen\u201c diagnostika tampa paprastesn\u0117 ir ekonomi\u0161kesn\u0117. \u012erenginys leid\u017eia steb\u0117ti pagrindinius duomenis realiuoju laiku, sekti gedimus ir i\u0161valyti gedim\u0173 kodus, nereikalaujant apsilankyti dirbtuv\u0117se. Tai leid\u017eia vartotojui greitai reaguoti \u012f galimas problemas, taupant laik\u0105 ir pinigus. Kita vertus, suasmeninimo funkcija leid\u017eia vartotojui pritaikyti transporto priemon\u0117s elgsen\u0105 pagal individualius pageidavimus \u2013 nuo \u200b\u200b\u017eibint\u0173 iki vairuotojo pagalbos sistem\u0173.<\/p>\n<p>\n<img decoding=\"async\" alt=\"Rank\u0105 su raudonu d\u017eemperiu laikanti \u201eCarly OBD2\u201c adapter\u012f, kai atidarytas \u201eAudi\u201c automobilio variklio dangtis\" border=\"0\" src=\"https:\/\/assets.innpro.pl\/18648\/24825\/7.jpg\"\/>\n<\/p>\n<h3>Suasmeninimas vienu spustel\u0117jimu<\/h3>\n<p>Naudodami \u201eOne-Click Apps\u201c programas, transporto priemoni\u0173 savininkai gali lengvai \u012fjungti arba i\u0161jungti pasirinktas automobilio funkcijas, pvz., dienos \u0161viesos \u017eibintus, laikrod\u017eio test\u0105, parkavimo jutiklius arba \u201evaizdo \u012fra\u0161ymas judesyje\u201c re\u017eim\u0105. Vos per kelias akimirkas suasmeninsite savo automobil\u012f naudodami paruo\u0161tus sprendimus, kuriuos suk\u016br\u0117 \u201eOBDeleven\u201c ekspertai. Plati program\u0173 duomen\u0173 baz\u0117 yra nuolat atnaujinama ir prieinama \u201eVolkswagen\u201c, BMW, MINI ir \u201eRolls-Royce\u201c grupi\u0173 marki\u0173 transporto priemon\u0117ms.<\/p>\n<p>\n<img decoding=\"async\" alt=\"I\u0161manusis telefonas su \u201eCarly\u201c program\u0117le \u0161alia OBD2 adapterio ant juodos dygsniuotos automobilio s\u0117dyn\u0117s\" border=\"0\" src=\"https:\/\/assets.innpro.pl\/18648\/24825\/8.jpg\"\/>\n<\/p>\n<h3>Pasirinkite jums tinkam\u0105 versij\u0105<\/h3>\n<p>\u201eOBDeleven NextGen\u201c \u012frenginys yra pagrindin\u0117, atskira diagnostikos skaitytuvo versija, skirta kasdieniams vairuotojams, norintiems greitai ir lengvai pasiekti savo transporto priemon\u0117s duomenis. \u012erenginys leid\u017eia vartotojui atlikti vis\u0105 OBD2 diagnostik\u0105 \u2013 nuskaityti ir i\u0161valyti klaidas, per\u017ei\u016br\u0117ti realaus laiko duomenis (\u201eLive Data\u201c) ir analizuoti automobilio veikimo parametrus. Vartotojai taip pat gali naudoti \u201eOne-Click Apps\u201c funkcij\u0105, prieinam\u0105 mobiliojoje program\u0117l\u0117je \u012fsigijus kredit\u0173, kad suasmenint\u0173 pasirinktus transporto priemon\u0117s nustatymus be joki\u0173 speciali\u0173 technini\u0173 \u017eini\u0173. Skirtingai nuo \u201ePRO Pack\u201c ir \u201eULTIMATE Pack\u201c versij\u0173, \u201eNextGen\u201c modelis neapima VAG prenumeratos plan\u0173, tod\u0117l nesi\u016blo VAG kodavimo ar SFD atrakinimo funkcij\u0173. Tai idealiai tinka vartotojams, norintiems m\u0117gautis pagrindin\u0117mis ir patobulintomis diagnostikos funkcijomis u\u017e prieinam\u0105 kain\u0105, neinvestuojant \u012f papildomus planus ar priedus. \u012esigij\u0119 gausite 100 kredit\u0173, kuriuos gal\u0117site panaudoti prad\u017eioje.<\/p>\n<p>\n<img decoding=\"async\" alt=\"Carly OBD2 diagnostikos adapteris, laikomas prie\u0161ais vair\u0105 su Audi logotipu skaitmenin\u0117je kabinoje\" border=\"0\" src=\"https:\/\/assets.innpro.pl\/18648\/24825\/10.jpg\"\/>\n<\/p>\n<div class=\"table-wrapper\">\n<p>B\u00a0<\/p>\n<h3><\/h3>\n<table>\n<tbody>\n<tr>\n<th>Gamintojas<\/th>\n<td>OBDeleven<\/td>\n<\/tr>\n<tr>\n<th>Modelis<\/th>\n<td>NextGen<\/td>\n<\/tr>\n<tr>\n<th>Ry\u0161ys<\/th>\n<td>\u201eBluetooth\u201c<\/td>\n<\/tr>\n<tr>\n<th>Sistemos suderinamumas<\/th>\n<td>\u201eAndroid\u201c, \u201eiOS\u201c, \u201eHuawei\u201c<\/td>\n<\/tr>\n<tr>\n<th>Palaikymas transporto priemon\u0117ms<\/th>\n<td>Visi preki\u0173 \u017eenklai su OBD-II lizdas<\/td>\n<\/tr>\n<tr>\n<th>Programin\u0117s \u012frangos tipas<\/th>\n<td>Debesijos pagrindu veikianti<\/td>\n<\/tr>\n<tr>\n<th>Pagrindin\u0117s funkcijos<\/th>\n<td>Pagrindin\u0117 OBD2 diagnostika, i\u0161pl\u0117stin\u0117 diagnostika (skirta VAG, BMW, \u201eToyota\u201c), program\u0117l\u0117s vienu spustel\u0117jimu (galima \u012fsigyti u\u017e kreditus), transporto priemon\u0117s duomen\u0173 nuskaitymas, tiesioginiai duomenys<\/td>\n<\/tr>\n<tr>\n<th>Maitinimo \u0161altinis<\/th>\n<td>OBD-II lizdas<\/td>\n<\/tr>\n<tr>\n<th>Licencijos ir sertifikatai<\/th>\n<td>Oficialiai licencijuota \u201eVolkswagen Group\u201c (VAG), BMW Group, \u201eToyota Group\u201c; sertifikatai CE, FCC, RoHS, UKCA, TISAX, ISO 9001, ISO\/IEC 27001<\/td>\n<\/tr>\n<tr><\/tr>\n<\/tbody>\n<\/table>\n<\/div>\n","protected":false},"excerpt":{"rendered":"<p>OBDeleven 2 diagnostikos skaitytuvas (100 kredit\u0173) \u201eOBDeleven NextGen\u201c yra moderniausias diagnostikos \u012frankis, skirtas vairuotojams ir automobili\u0173 entuziastams, norintiems paprasto b\u016bdo pri\u017ei\u016br\u0117ti savo automobil\u012f. \u012erenginys prisijungia prie j\u016bs\u0173 telefono per \u201eBluetooth\u201c ir veikia su \u201eOBDeleven\u201c program\u0117le, kad suteikt\u0173 visi\u0161k\u0105 prieig\u0105 prie j\u016bs\u0173 transporto priemon\u0117s sistem\u0173 per debesijos programin\u0119 \u012frang\u0105. Jos pagalba galite akimirksniu diagnozuoti gedimus, steb\u0117ti [&#8230;]\n","protected":false},"featured_media":11366,"comment_status":"open","ping_status":"closed","template":"","meta":[],"product_brand":[789],"product_cat":[881],"product_tag":[],"class_list":{"0":"post-11365","1":"product","2":"type-product","3":"status-publish","4":"has-post-thumbnail","6":"product_brand-obdeleven","7":"product_cat-diagnostic-tools","9":"first","10":"outofstock","11":"taxable","12":"shipping-taxable","13":"purchasable","14":"product-type-simple"},"aioseo_notices":[],"_links":{"self":[{"href":"https:\/\/asura.lv\/lt\/wp-json\/wp\/v2\/product\/11365","targetHints":{"allow":["GET"]}}],"collection":[{"href":"https:\/\/asura.lv\/lt\/wp-json\/wp\/v2\/product"}],"about":[{"href":"https:\/\/asura.lv\/lt\/wp-json\/wp\/v2\/types\/product"}],"replies":[{"embeddable":true,"href":"https:\/\/asura.lv\/lt\/wp-json\/wp\/v2\/comments?post=11365"}],"wp:featuredmedia":[{"embeddable":true,"href":"https:\/\/asura.lv\/lt\/wp-json\/wp\/v2\/media\/11366"}],"wp:attachment":[{"href":"https:\/\/asura.lv\/lt\/wp-json\/wp\/v2\/media?parent=11365"}],"wp:term":[{"taxonomy":"product_brand","embeddable":true,"href":"https:\/\/asura.lv\/lt\/wp-json\/wp\/v2\/product_brand?post=11365"},{"taxonomy":"product_cat","embeddable":true,"href":"https:\/\/asura.lv\/lt\/wp-json\/wp\/v2\/product_cat?post=11365"},{"taxonomy":"product_tag","embeddable":true,"href":"https:\/\/asura.lv\/lt\/wp-json\/wp\/v2\/product_tag?post=11365"}],"curies":[{"name":"wp","href":"https:\/\/api.w.org\/{rel}","templated":true}]}}