{"id":11605,"date":"2025-11-29T00:17:34","date_gmt":"2025-11-29T00:17:34","guid":{"rendered":"https:\/\/asura.lv\/product\/control-panel-10-1-shelly-wall-display-xl-wifi-blu-black\/"},"modified":"2025-12-12T16:02:00","modified_gmt":"2025-12-12T14:02:00","slug":"control-panel-10-1-shelly-wall-display-xl-wifi-blu-black","status":"publish","type":"product","link":"https:\/\/asura.lv\/lt\/produktas\/control-panel-10-1-shelly-wall-display-xl-wifi-blu-black\/","title":{"rendered":"Valdymo pultas 10.1&#8243; Shelly sieninis ekranas XL WiFi\/BLU (juodas)"},"content":{"rendered":"<h3>\u201eShelly Wall Display XL\u201c 10,1 colio \u201eWiFi\u201c \/ \u201eBLU\u201c valdymo pultas (juodas)<\/h3>\n<p>\u201eShelly Wall Display XL\u201c yra prie sienos montuojamas valdymo pultas su 10,1 colio jutikliniu ekranu ir \u012fmontuota rele, skirtas \u012frengini\u0173 valdymui ir integravimui \u012f \u0161iuolaikines gyvenam\u0105sias ir komercines instaliacijas. Jis u\u017etikrina \u017eaibi\u0161k\u0105 reakcij\u0105 d\u0117l keturi\u0173 branduoli\u0173 procesoriaus, turi keturis visi\u0161kai pritaikomus mygtukus, jungiasi per \u201eWi-Fi 6\u201c (2,4 \/ 5 GHz) ir \u201eBluetooth 5.4\u201c, palaiko medijos atk\u016brim\u0105 ir internetin\u012f radij\u0105. Papildomas privalumas yra montavimas standartin\u0117je sienin\u0117je d\u0117\u017eut\u0117je ir nuotolinis valdymas naudojant \u201eShelly Smart Control\u201c program\u0117l\u0119. Visa tai daro \u012frengin\u012f puikiai tinkant\u012f namams, butams, vie\u0161bu\u010diams ar biurams.<\/p>\n<p>\n<img decoding=\"async\" alt=\"Juodas jutiklinis skydelis, pritvirtintas prie pilkos sienos prie\u0161ais \u0161viesi\u0105 svetain\u0119 su vaizdu \u012f sod\u0105\" border=\"0\" src=\"https:\/\/assets.innpro.pl\/18351\/24396\/3.jpg\"\/>\n<\/p>\n<h3>Jutiklinis ekranas ir galingas procesorius<\/h3>\n<p>10,1 colio HD spalvotas ekranas su jautriu 5 ta\u0161k\u0173 jutikliniu skydeliu (G+FF) ir 1280\u0413\u2014752p rai\u0161ka u\u017etikrina ai\u0161k\u0173 vaizd\u0105 ir intuityv\u0173 valdym\u0105. Jis leid\u017eia naudoti dideles plyteles, valdiklius ir \u012frengini\u0173 grupes, j\u012f lengva naudoti net sve\u010diams ar vaikams. Be to, keturi\u0173 branduoli\u0173 procesorius (\u201eRockchip RK3566 Cortex-A55\u201c), 2 GB RAM ir 16 GB \u201eFlash\u201c atmintis, veikianti \u201eAndroid 11\u201c sistemoje, garantuoja greit\u0105 skydelio reakcij\u0105, greit\u0105 ekrano perjungim\u0105 ir scen\u0173 patikimum\u0105. Pamir\u0161kite apie mirg\u0117jim\u0105 ir&#8230; v\u0117luoja!<\/p>\n<p>\n<img decoding=\"async\" alt=\"Juodas sta\u010diakampis jutiklinis skydelis sm\u0117lio spalvos fone\" border=\"0\" src=\"https:\/\/assets.innpro.pl\/18351\/24396\/5.jpg\"\/>\n<\/p>\n<h3>Patogus \u012frengini\u0173 valdymas<\/h3>\n<p>Integruota rel\u0117 leid\u017eia tiesiogiai valdyti iki 1500 vat\u0173 galios \u012frenginius \u2013 puikiai tinka lempoms, ventiliatoriams ir kt. Taip pat tur\u0117site keturis visi\u0161kai pritaikomus mygtukus, kad gal\u0117tum\u0117te priskirti m\u0117gstamiausias funkcijas, pvz., i\u0161jungti visas \u0161viesas, atidaryti spyn\u0105 arba paleisti scen\u0105. Fizinis valdymas yra patogus b\u016bsto pirk\u0117jams ir sve\u010diams \u2013 nereikia joki\u0173 program\u0117li\u0173 ar prisijungim\u0173. Be to, skydelis palaiko \u201eHome Assistant\u201c, MQTT ir \u201eWebhooks\u201c, tod\u0117l galite j\u012f lengvai integruoti \u012f savo i\u0161mani\u0173j\u0173 nam\u0173 ekosistem\u0105 ir prisijungti prie esam\u0173 automatizacij\u0173. Tuo pa\u010diu metu visi\u0161kas suderinamumas su \u201eShelly Smart Control\u201c program\u0117le leid\u017eia nuotoliniu b\u016bdu valdyti \u012frenginius, kurti i\u0161mani\u0105sias scenas ir daug daugiau. Dabar vos keliais paspaudimais galite i\u0161jungti \u0161viesas arba reguliuoti oro kondicionieriaus nustatymus \u2013 net kai&#8230; esate i\u0161vyk\u0119 su draugais ar darbe.<\/p>\n<p>\n<img decoding=\"async\" alt=\"Jutiklinis skydelis su m\u0117lynu ekranu, pritvirtintas prie sienos svetain\u0117je su m\u0117lynomis k\u0117d\u0117mis\" border=\"0\" src=\"https:\/\/assets.innpro.pl\/18351\/24396\/1.jpg\"\/>\n<\/p>\n<h3>Per\u017ei\u016br\u0117kite kambario energijos suvartojim\u0105<\/h3>\n<p>Valdymo skydelis leid\u017eia steb\u0117ti kambario energijos suvartojim\u0105 (i\u0161 \u201eShelly Smart Control\u201c paskyros) ir pateikia rodmenis i\u0161 prijungt\u0173 \u201eShelly PM\u201c skaitikli\u0173 (parduodam\u0173 atskirai). Tai leid\u017eia lengvai nustatyti daugiausiai elektros energijos suvartojan\u010dius \u012frenginius, o tai pad\u0117s jums pakeisti savo \u012fpro\u010dius ir prad\u0117ti taupyti s\u0105skaitas!<\/p>\n<p>\n<img decoding=\"async\" alt=\"Prabangus miegamasis su valdymo skydeliu ant sienos ir vaizdu \u012f vandenyn\u0105 pro stiklines duris\" border=\"0\" src=\"https:\/\/assets.innpro.pl\/18351\/24396\/2.jpg\"\/>\n<\/p>\n<h3>Scenos, tvarkara\u0161\u010diai ir Automatizavimas<\/h3>\n<p>Kurkite ir aktyvuokite scenas vienu prisilietimu arba fiziniu mygtuku. Yra tvarkara\u0161\u010diai (iki 20) ir \u017einiatinklio kabliai (iki 20, 5 URL kiekvienam kabliui), tod\u0117l lengva kurti sud\u0117tingus scenarijus. Nustatykite, kad ventiliatorius \u012fsijungt\u0173, kai kambario temperat\u016bra vir\u0161ija tam tikr\u0105 rib\u0105, o \u0161viesos i\u0161sijungt\u0173, kai einate miegoti!<\/p>\n<p>\n<img decoding=\"async\" alt=\"Du juodi jutikliniai skydeliai su i\u0161jungtais ekranais sm\u0117lio spalvos fone\" border=\"0\" src=\"https:\/\/assets.innpro.pl\/18351\/24396\/6.jpg\"\/>\n<\/p>\n<h3>Multimedija ir interneto radijas vos ranka pasiekiami<\/h3>\n<p>Integruoti 2\u20132 W stereo garsiakalbiai ir integruotas medijos grotuvas bei interneto radijas leid\u017eia leisti muzik\u0105, prane\u0161imus ar \u017eadintuvus. Skydelis taip pat veikia su \u201eBluetooth\u201c ir \u201eSonos\u201c garsiakalbiais. Valdykite klausym\u0105si tiesiai i\u0161 ekrano arba mygtukais ir m\u0117gaukit\u0117s m\u0117gstamomis dainomis, kad ir kur b\u016btum\u0117te \u2013 virtuv\u0117je, miegamajame ar svetain\u0117je kambarys.<\/p>\n<p>\n<img decoding=\"async\" alt=\"Juodas jutiklinis skydelis ant sm\u0117lio spalvos sienos svetain\u0117je su ro\u017eine sofa ir baltu stalu\" border=\"0\" src=\"https:\/\/assets.innpro.pl\/18351\/24396\/4.jpg\"\/>\n<\/p>\n<div class=\"table-wrapper\">\n<p>B\u00a0<\/p>\n<h3><\/h3>\n<table>\n<tbody>\n<tr>\n<th>Gamintojas<\/th>\n<td>Shelly<\/td>\n<\/tr>\n<tr>\n<th>Modelis<\/th>\n<td>WallDisplayXLB<\/td>\n<\/tr>\n<tr>\n<th>Matmenys (A \u2014 P \u2014 G).<\/th>\n<td>155,8 \u00d7 272,5 \u00d7 38,3 mm<\/td>\n<\/tr>\n<tr>\n<th>Svoris<\/th>\n<td>920 g<\/td>\n<\/tr>\n<tr>\n<th>Lietiklinis ekranas<\/th>\n<td>5 ta\u0161k\u0173 talpinis, G+FF<\/td>\n<\/tr>\n<tr>\n<th>Ekrano skiriamoji geba<\/th>\n<td>1280 \u0413\u2014 752 px<\/td>\n<\/tr>\n<tr>\n<th>Maksimalus prispaudimo sukimo momentas<\/th>\n<td>0,4 Nm<\/td>\n<\/tr>\n<tr>\n<th>Laido skerspj\u016bvis<\/th>\n<td>0,2\u20132,5 mm\u00b2 \/ 24\u201314 AWG (vientisas, viela, \u012fvor\u0117s)<\/td>\n<\/tr>\n<tr>\n<th>Laido nu\u017eievinimo ilgis<\/th>\n<td>15 mm<\/td>\n<\/tr>\n<tr>\n<th>Tvirtinimas<\/th>\n<td>Sienin\u0117 d\u0117\u017eut\u0117 (ES standartas)<\/td>\n<\/tr>\n<tr>\n<th>Korpuso med\u017eiaga<\/th>\n<td>Metalas, PC danga, stiklas<\/td>\n<\/tr>\n<tr>\n<th>Korpusas spalva<\/th>\n<td>Juoda<\/td>\n<\/tr>\n<tr>\n<th>Garsiakalbis<\/th>\n<td>2 G \u2013 2 W<\/td>\n<\/tr>\n<tr>\n<th>Darbin\u0117 temperat\u016bra<\/th>\n<td>Nuo -20 \u00b0C iki 40 \u00b0C<\/td>\n<\/tr>\n<tr>\n<th>Darbin\u0117 dr\u0117gm\u0117<\/th>\n<td>30\u201370 % santykin\u0117 oro dr\u0117gm\u0117<\/td>\n<\/tr>\n<tr>\n<th>Maksimalus darbinis auk\u0161tis<\/th>\n<td>2000 m<\/td>\n<\/tr>\n<tr>\n<th>Maitinimo \u0161altinis<\/th>\n<td>100\u2013240 V ~ 50\/60 Hz<\/td>\n<\/tr>\n<tr>\n<th>Energijos suvartojimas<\/th>\n<td>< 15 W<\/td>\n<\/tr>\n<tr>\n<th>USB-C maitinimo \u0161altinis<\/th>\n<td>5 V \/ 3 A<\/td>\n<\/tr>\n<tr>\n<th>Maitinimo mygtukas<\/th>\n<td>1 mygtukas (ekranas \u012fjungimas\/i\u0161jungimas)<\/td>\n<\/tr>\n<tr>\n<th>Funkcij\u0173 mygtukai<\/th>\n<td>4 konfig\u016bruojami valdymo mygtukai<\/td>\n<\/tr>\n<tr>\n<th>Maksimali perjungimo \u012ftampa<\/th>\n<td>240 V ~<\/td>\n<\/tr>\n<tr>\n<th>Maksimali perjungimo srov\u0117<\/th>\n<td>5 A<\/td>\n<\/tr>\n<tr>\n<th>Kintamosios srov\u0117s i\u0161vestis<\/th>\n<td>100\u2013240 V ~ 50\/60 Hz<\/td>\n<\/tr>\n<tr>\n<th>USB-C i\u0161vestis<\/th>\n<td>5 V \/ 0,5 A<\/td>\n<\/tr>\n<tr>\n<th>Vidinis temperat\u016bros jutiklis<\/th>\n<td>Ne<\/td>\n<\/tr>\n<tr>\n<th>Aplinkos temperat\u016bros jutiklis<\/th>\n<td>Ne<\/td>\n<\/tr>\n<tr>\n<th>Dr\u0117gm\u0117s jutiklis<\/th>\n<td>Ne<\/td>\n<\/tr>\n<tr>\n<th>Ap\u0161vietimas jutiklis<\/th>\n<td>Taip<\/td>\n<\/tr>\n<tr>\n<th>Mikrofonas<\/th>\n<td>Taip (keturi\u0173 mikrofon\u0173 masyvas)<\/td>\n<\/tr>\n<tr>\n<th>G jutiklis<\/th>\n<td>Ne<\/td>\n<\/tr>\n<tr>\n<th>Artumo jutiklis<\/th>\n<td>Taip (\u2264 1 m)<\/td>\n<\/tr>\n<tr>\n<th>\u201eWi-Fi\u201c<\/th>\n<td>Dviej\u0173 da\u017eni\u0173 \u201eWi-Fi\u201c RF juosta<\/th>\n<td>2,4 GHz ir 5 GHz<\/td>\n<\/tr>\n<tr>\n<th>Maksimali RF \u201eWi-Fi\u201c galia<\/th>\n<td>< 20 dBm<\/td>\n<\/tr>\n<tr>\n<th>\u201eWi-Fi\u201c diapazonas<\/th>\n<td>Iki 30 m patalpose \/ iki 50 m lauke (priklausomai nuo s\u0105lygoms)<\/td>\n<\/tr>\n<tr>\n<th>\u201eBluetooth\u201c<\/th>\n<td>5.4<\/td>\n<\/tr>\n<tr>\n<th>\u201eBluetooth\u201c radijo da\u017eni\u0173 pralaidumas<\/th>\n<td>2402\u20132480 MHz<\/td>\n<\/tr>\n<tr>\n<th>Maksimali \u201eBluetooth\u201c radijo da\u017eni\u0173 galia<\/th>\n<td>< 4 dBm<\/td>\n<\/tr>\n<tr>\n<th>\u201eBluetooth\u201c diapazonas<\/th>\n<td>Iki 10 m patalpose \/ iki 30 m lauke (priklausomai nuo s\u0105lyg\u0173)<\/td>\n<\/tr>\n<tr>\n<th>Procesorius<\/th>\n<td>\u201eRockchip RK3566\u201c keturi\u0173 branduoli\u0173 \u201eCortex-A55\u201c<\/td>\n<\/tr>\n<tr>\n<th>RAM<\/th>\n<td>2 GB<\/td>\n<\/tr>\n<tr>\n<th>\u201eFlash\u201c atmintis<\/th>\n<td>16 GB<\/td>\n<\/tr>\n<tr>\n<th>Operacin\u0117 sistema<\/th>\n<td>\u201eAndroid\u201c 11<\/td>\n<\/tr>\n<tr>\n<th>Tvarkara\u0161\u010diai<\/th>\n<td>20<\/td>\n<\/tr>\n<tr>\n<th>\u017diniatinklio kabliai (URL bendrinimai)<\/th>\n<td>20 (iki 5 URL vienam \u017einiatinklio kabliui)<\/td>\n<\/tr>\n<tr>\n<th>Scenarijai<\/th>\n<td>Ne<\/td>\n<\/tr>\n<tr>\n<th>MQTT<\/th>\n<td>Taip<\/td>\n<\/tr>\n<\/tbody>\n<\/table>\n<\/div>\n","protected":false},"excerpt":{"rendered":"<p>\u201eShelly Wall Display XL\u201c 10,1 colio \u201eWiFi\u201c \/ \u201eBLU\u201c valdymo pultas (juodas) \u201eShelly Wall Display XL\u201c yra prie sienos montuojamas valdymo pultas su 10,1 colio jutikliniu ekranu ir \u012fmontuota rele, skirtas \u012frengini\u0173 valdymui ir integravimui \u012f \u0161iuolaikines gyvenam\u0105sias ir komercines instaliacijas. Jis u\u017etikrina \u017eaibi\u0161k\u0105 reakcij\u0105 d\u0117l keturi\u0173 branduoli\u0173 procesoriaus, turi keturis visi\u0161kai pritaikomus mygtukus, jungiasi [&#8230;]\n","protected":false},"featured_media":11606,"comment_status":"open","ping_status":"closed","template":"","meta":[],"product_brand":[551],"product_cat":[953],"product_tag":[],"class_list":{"0":"post-11605","1":"product","2":"type-product","3":"status-publish","4":"has-post-thumbnail","6":"product_brand-shelly","7":"product_cat-control-panels","9":"first","10":"outofstock","11":"taxable","12":"shipping-taxable","13":"purchasable","14":"product-type-simple"},"aioseo_notices":[],"_links":{"self":[{"href":"https:\/\/asura.lv\/lt\/wp-json\/wp\/v2\/product\/11605","targetHints":{"allow":["GET"]}}],"collection":[{"href":"https:\/\/asura.lv\/lt\/wp-json\/wp\/v2\/product"}],"about":[{"href":"https:\/\/asura.lv\/lt\/wp-json\/wp\/v2\/types\/product"}],"replies":[{"embeddable":true,"href":"https:\/\/asura.lv\/lt\/wp-json\/wp\/v2\/comments?post=11605"}],"wp:featuredmedia":[{"embeddable":true,"href":"https:\/\/asura.lv\/lt\/wp-json\/wp\/v2\/media\/11606"}],"wp:attachment":[{"href":"https:\/\/asura.lv\/lt\/wp-json\/wp\/v2\/media?parent=11605"}],"wp:term":[{"taxonomy":"product_brand","embeddable":true,"href":"https:\/\/asura.lv\/lt\/wp-json\/wp\/v2\/product_brand?post=11605"},{"taxonomy":"product_cat","embeddable":true,"href":"https:\/\/asura.lv\/lt\/wp-json\/wp\/v2\/product_cat?post=11605"},{"taxonomy":"product_tag","embeddable":true,"href":"https:\/\/asura.lv\/lt\/wp-json\/wp\/v2\/product_tag?post=11605"}],"curies":[{"name":"wp","href":"https:\/\/api.w.org\/{rel}","templated":true}]}}