{"id":11635,"date":"2025-11-29T00:17:31","date_gmt":"2025-11-29T00:17:31","guid":{"rendered":"https:\/\/asura.lv\/product\/qcy-crossky-clip-c30s-headphones-silver\/"},"modified":"2025-12-12T16:01:57","modified_gmt":"2025-12-12T14:01:57","slug":"qcy-crossky-clip-c30s-headphones-silver","status":"publish","type":"product","link":"https:\/\/asura.lv\/lt\/produktas\/qcy-crossky-clip-c30s-headphones-silver\/","title":{"rendered":"QCY Crossky Clip C30S ausin\u0117s (sidabrin\u0117s)"},"content":{"rendered":"<h3>QCY Crossky Clip C30S ausin\u0117s (sidabrin\u0117s)<\/h3>\n<p>\u201eQCY Crossky Clip C30S\u201c \u2013 tai atviros ausin\u0117s, sukurtos tiems, kurie nori vienu metu gird\u0117ti muzik\u0105 ir juos supant\u012f pasaul\u012f. Atviros ausin\u0117s su \u201eAnti-Z\u201c segtuku pa\u0161alina spaudim\u0105 ir diskomfort\u0105, u\u017etikrindamos komfort\u0105 net ir d\u0117vint valandas. D\u0117l 10,8 mm garsiakalbio ir bos\u0173 stiprinimo algoritmo garsas \u012fgauna i\u0161skirtin\u012f gyl\u012f ir ai\u0161kum\u0105, o LDAC kodek\u0173 palaikymas ir \u201eHi-Res Audio Wireless\u201c sertifikatas garantuoja detal\u0173, erdvin\u012f gars\u0105. Tur\u0117dami stabil\u0173 \u201eBluetooth 6.0\u201c ry\u0161\u012f ir iki 40 valand\u0173 veikimo laik\u0105, galite m\u0117gautis m\u0117gstama muzika be pertrauk\u0173 \u2013 namuose, treniruodamiesi ir keliaudami.<\/p>\n<p>\n<img decoding=\"async\" alt=\"QCY Crossky C30s ausin\u0117s su d\u0117\u017eute, \u012fkrovimo d\u0117klu, ausin\u0117mis, USB-C laidu ir instrukcijomis\" border=\"0\" src=\"https:\/\/assets.innpro.pl\/18657\/24836\/4.jpg\"\/>\n<\/p>\n<h3>Klausykit\u0117s ir jud\u0117kite laisvai<\/h3>\n<p>Lengvas, atviras dizainas leid\u017eia klausytis muzikos neprarandant ry\u0161io su aplinka \u2013 idealiai tinka b\u0117giojimui, va\u017eiavimui dvira\u010diu ar pasivaik\u0161\u010diojimams mieste. Naudojamas u\u017esegamas laikiklis garantuoja stabilum\u0105 net dinami\u0161k\u0173 judesi\u0173 metu, o asimetri\u0161kas 12\u00b0 kampas u\u017etikrina nat\u016brali\u0105 pad\u0117t\u012f be spaudimo. Lankstus dizainas su formos atmintimi (Ni-Ti atminties lydinys) ir mink\u0161ta silikonine apdaila prisitaiko prie ausies formos, u\u017etikrindamas komfort\u0105 vis\u0105 dien\u0105. Be to, ausini\u0173 atsparumas prakaitui ir vandens purslams (IPX5) puikiai tinka intensyvioms treniruot\u0117ms ir nepalankioms oro s\u0105lygoms.<\/p>\n<p>\n<img decoding=\"async\" alt=\"Vyras, b\u0117gantis prie vandens saul\u0117t\u0105 dien\u0105 su belaid\u0117mis ausin\u0117mis ausyje\" border=\"0\" src=\"https:\/\/assets.innpro.pl\/18657\/24836\/5.jpg\"\/>\n<\/p>\n<h3>Gausyb\u0117 detali\u0173<\/h3>\n<p>\u201eQCY Crossky Clip C30S\u201c ausin\u0117se yra 10,8 milimetro dvigubo magneto garsiakalbis, u\u017etikrinantis plat\u0173 da\u017eni\u0173 juostos plot\u012f ir \u012fsp\u016bding\u0105 dinamik\u0105. Kiekviena detal\u0117 yra ai\u0161ki \u2013 nuo \u200b\u200bauk\u0161t\u0173 da\u017eni\u0173 iki vidutini\u0173 da\u017eni\u0173 ir gili\u0173, kontroliuojam\u0173 \u017eem\u0173j\u0173 da\u017eni\u0173. LDAC kodek\u0173 palaikymas ir \u201eHi-Res Audio Wireless\u201c sertifikatas garantuoja iki trij\u0173 kart\u0173 daugiau detali\u0173 nei standartinis \u201eBluetooth\u201c ry\u0161ys, tod\u0117l galite m\u0117gautis studijos lygio garso kokybe. O pa\u017eangus \u201eBass Enhance\u201c algoritmas sustiprina \u017eemus da\u017enius be i\u0161kraipym\u0173, u\u017etikrindamas subalansuot\u0105 gars\u0105, nepriklausomai nuo garsumo lygio.<\/p>\n<p>\n<img decoding=\"async\" alt=\"Dviej\u0173 belaid\u017ei\u0173 ausini\u0173 su jutikliniu skydeliu, pa\u017eym\u0117tu pir\u0161to atspaudo piktograma, stambus planas\" border=\"0\" src=\"https:\/\/assets.innpro.pl\/18657\/24836\/2.jpg\"\/>\n<\/p>\n<h3>Su\u017einokite daugiau<\/h3>\n<p>\u201eQCY Crossky Clip C30S\u201c si\u016blo tikrovi\u0161k\u0105, erdvin\u012f gars\u0105 su 360\u00b0 erdvinio garso technologija, kuri sukuria plat\u0173, kinematografin\u012f garso vaizd\u0105. \u0160is sprendimas leid\u017eia m\u0117gautis muzika ir filmais daug labiau \u012ftraukiamu b\u016bdu \u2013 su juntamu gyliu ir tiksliu garso \u0161altini\u0173 i\u0161d\u0117stymu. Tuo pa\u010diu metu naudojama kryptinio garso perdavimo sistema suma\u017eina garso nutek\u0117jim\u0105, tod\u0117l galite m\u0117gautis visa patirtimi nesijaudindami d\u0117l aplinkos trikdymo.<\/p>\n<p>\n<img decoding=\"async\" alt=\"Dvi poros d\u0117kl\u0173 su atidarytu ir u\u017edarytu dangteliais, kiekviename yra po por\u0105 sidabrini\u0173 ir raudon\u0173 QCY ausini\u0173\" border=\"0\" src=\"https:\/\/assets.innpro.pl\/18657\/24836\/8.jpg\"\/>\n<\/p>\n<h3>Pokalbiai be i\u0161kraipym\u0173<\/h3>\n<p>\u012emontuotas mikrofonas, paremtas dirbtinio intelekto algoritmu, tiksliai fiksuoja j\u016bs\u0173 bals\u0105 ir efektyviai pa\u0161alina fonin\u012f triuk\u0161m\u0105, tod\u0117l j\u016bs\u0173 pa\u0161nekovai jus ai\u0161kiai gird\u0117s net triuk\u0161mingose \u200b\u200bvietose. Specialus v\u0117jo blokavimo dizainas suma\u017eina oro pu\u010diamo triuk\u0161mo lyg\u012f, u\u017etikrindamas nat\u016bral\u0173 ir ai\u0161k\u0173 bals\u0105, nepriklausomai nuo situacijos.<\/p>\n<p>\n<img decoding=\"async\" alt=\"Sidabrinis \u012fkrovimo d\u0117klas su atviru dangteliu, kuriame yra dvi ausin\u0117s\" border=\"0\" src=\"https:\/\/assets.innpro.pl\/18657\/24836\/7.jpg\"\/>\n<\/p>\n<h3>Greitesnis ir stabilesnis ry\u0161ys<\/h3>\n<p>\u201eBluetooth 6.0\u201c garantuoja dar greitesn\u012f ir stabilesn\u012f ry\u0161\u012f su j\u016bs\u0173 \u012frenginiais. Vos 60 ms delsa u\u017etikrina, kad garsas visada puikiai sinchronizuot\u0173si su vaizdu \u2013 nesvarbu, ar \u017ei\u016brite filmus, ar \u017eaid\u017eiate \u017eaidimus. Be to, dviej\u0173 \u012frengini\u0173 prijungimo funkcija leid\u017eia vienu metu prisijungti prie dviej\u0173 \u012frengini\u0173, tod\u0117l galite skland\u017eiai perjungti i\u0161man\u0173j\u012f telefon\u0105 ir ne\u0161iojam\u0105j\u012f kompiuter\u012f, nereik\u0117dami i\u0161 naujo j\u0173 susieti.<\/p>\n<p>\n<img decoding=\"async\" alt=\"Grafikas, vaizduojantis lust\u0105 su \u017eod\u017eiais\" bluetooth=\"\" border=\"0\" drukowanymi\"=\"\" niebieskimi=\"\" obwodami=\"\" otoczony=\"\" src=\"https:\/\/assets.innpro.pl\/18657\/24836\/6.jpg\" v6.0\"=\"\"\/>\n<\/p>\n<h3>Suasmeninkite gars\u0105 program\u0117l\u0117je<\/h3>\n<p>Naudodamiesi specialia QCY program\u0117le, galite visi\u0161kai pritaikyti ausini\u0173 gars\u0105 pagal savo pageidavimus. EQ nustatymai, jutiklin\u0117s funkcijos ir re\u017eimai yra j\u016bs\u0173 rankose \u2013 vos keliais bakstel\u0117jimais galite tiksliai sureguliuoti \u012frenginio gars\u0105, valdym\u0105 ir veikim\u0105. Program\u0117l\u0117 taip pat leid\u017eia atnaujinti programin\u0119 \u012frang\u0105 ir steb\u0117ti \u012fkrovos b\u016bsen\u0105.<\/p>\n<p>\n<img decoding=\"async\" alt=\"QCY ausin\u0117s \u0161alia i\u0161maniojo telefono su muzikos grotuvu ir ne\u0161iojamojo kompiuterio su klaviat\u016bra\" border=\"0\" src=\"https:\/\/assets.innpro.pl\/18657\/24836\/3.jpg\"\/>\n<\/p>\n<h3>Garsas, kuris nesibaigia<\/h3>\n<p>\u201eQCY Crossky Clip C30S\u201c su \u012fkrovimo d\u0117klu veikia iki 40 valand\u0173, tod\u0117l galite klausytis muzikos kelias dienas be da\u017eno \u012fkrovimo. Vieno pilno ausini\u0173 \u012fkrovimo pakanka ma\u017edaug 6 valandoms atk\u016brimo, o naudojant greito \u012fkrovimo funkcij\u0105, vos 10 minu\u010di\u0173 d\u0117kle pakanka, kad gautum\u0117te dar valand\u0105 su muzika. Tai idealiai tinka kelion\u0117ms, treniruot\u0117ms ar kasdien\u0117ms kelion\u0117ms \u012f darb\u0105 ir atgal.<\/p>\n<p>\n<img decoding=\"async\" alt=\"QCY d\u0117klas su vienomis ausin\u0117mis, kurios i\u0161imtos, o kitos viduje, abu sidabro spalvos su chromo apdaila\" border=\"0\" src=\"https:\/\/assets.innpro.pl\/18657\/24836\/1.jpg\"\/>\n<\/p>\n<h3>Intuityvus valdymas<\/h3>\n<p>Muzikos ir skambu\u010di\u0173 valdymas yra itin paprastas \u2013 intuityvus jutiklinis skydelis leid\u017eia pristabdyti ir t\u0119sti atk\u016brim\u0105, keisti dainas, atsiliepti \u012f skambu\u010dius ir juos baigti bei paleisti balso asistent\u0105 net nepasiekus telefono. Tai suteikia jums visi\u0161k\u0105 garso ir bendravimo kontrol\u0119, nesvarbu, ar esate b\u0117gime, treniruojat\u0117s, ar darbe.<\/p>\n<p>\n<img decoding=\"async\" alt=\"QCY d\u0117klas su atidarytu dangteliu ir vienu rageliu pl\u016bduriuojan\u010diu pavir\u0161iumi, \u0161alia fone \u2013 i\u0161teptas d\u0117klas\" border=\"0\" src=\"https:\/\/assets.innpro.pl\/18657\/24836\/9.jpg\"\/>\n<\/p>\n<h3>\u012etraukta:<\/h3>\n<ul class=\"list-disc pl-5\">\n<li>QCY Crossky Clip C30S ausin\u0117s<\/li>\n<li>\u012ekrovimo d\u0117klas<\/li>\n<li>USB-C \u012fkrovimo laidas<\/li>\n<li>Naudotojo vadovas<\/li>\n<\/ul>\n<div class=\"table-wrapper\">\n<p>\u0412\u00a0<\/p>\n<h3><\/h3>\n<table>\n<tbody>\n<tr>\n<th>Gamintojas<\/th>\n<td>QCY<\/td>\n<\/tr>\n<tr>\n<th>Pavadinimas<\/th>\n<td>Crossky Clip C30S<\/td>\n<\/tr>\n<tr>\n<th>Modelis<\/th>\n<td>T33S sidabrin\u0117<\/td>\n<\/tr>\n<tr>\n<th>Konstrukcijos tipas<\/th>\n<td>Atvira ausis (atvira konstrukcija)<\/td>\n<\/tr>\n<tr>\n<th>Keitiklis<\/th>\n<td>P\u202010,8 mm &#8211; dvigubas magnetinis keitiklis<\/td>\n<\/tr>\n<tr>\n<th>Garso kodekai<\/th>\n<td>LDAC \/ AAC \/ SBC<\/td>\n<\/tr>\n<tr>\n<th>Triuk\u0161mo ma\u017einimas skambu\u010di\u0173 metu<\/th>\n<td>ENC dvigubos mikrofono jungtys<\/td>\n<\/tr>\n<tr>\n<th>\u201eBluetooth\u201c versija<\/th>\n<td>\u201eBluetooth 6.0\u201c<\/td>\n<\/tr>\n<tr>\n<th>\u201eBluetooth\u201c diapazonas<\/th>\n<td>10 m<\/td>\n<\/tr>\n<tr>\n<th>Baterijos talpa<\/th>\n<td>32 mAh (telefonas), 460 mAh (\u012fkrovimas d\u0117klas)<\/td>\n<\/tr>\n<tr>\n<th>Veikimo laikas<\/th>\n<td>6 val. (telefonas), 40 val. (su \u012fkrovimo d\u0117klu)<\/td>\n<\/tr>\n<tr>\n<th>Laidinio \u012fkrovimo laikas<\/th>\n<td>2 val.<\/td>\n<\/tr>\n<tr>\n<th>\u012ekrovimo prievadas<\/th>\n<td>USB-C<\/td>\n<\/tr>\n<tr>\n<th>Svoris<\/th>\n<td>5 g (vienas telefonas), 66 g (\u012fkrovimo d\u0117klas)<\/td>\n<\/tr>\n<tr>\n<th>Matmenys<\/th>\n<td>29,0 \u00d7 26,0 \u00d7 15,7 mm (telefonas), 66,0 \u00d7 49,0 \u00d7 25,6 mm (\u012fkrovimo d\u0117klas)<\/td>\n<\/tr>\n<tr>\n<th>Spalva<\/th>\n<td>Sidabrin\u0117<\/td>\n<\/tr>\n<\/tbody>\n<\/table>\n<\/div>\n","protected":false},"excerpt":{"rendered":"<p>QCY Crossky Clip C30S ausin\u0117s (sidabrin\u0117s) \u201eQCY Crossky Clip C30S\u201c \u2013 tai atviros ausin\u0117s, sukurtos tiems, kurie nori vienu metu gird\u0117ti muzik\u0105 ir juos supant\u012f pasaul\u012f. Atviros ausin\u0117s su \u201eAnti-Z\u201c segtuku pa\u0161alina spaudim\u0105 ir diskomfort\u0105, u\u017etikrindamos komfort\u0105 net ir d\u0117vint valandas. D\u0117l 10,8 mm garsiakalbio ir bos\u0173 stiprinimo algoritmo garsas \u012fgauna i\u0161skirtin\u012f gyl\u012f ir ai\u0161kum\u0105, [&#8230;]\n","protected":false},"featured_media":11636,"comment_status":"open","ping_status":"closed","template":"","meta":[],"product_brand":[396],"product_cat":[956],"product_tag":[],"class_list":{"0":"post-11635","1":"product","2":"type-product","3":"status-publish","4":"has-post-thumbnail","6":"product_brand-qcy","7":"product_cat-tws","9":"first","10":"outofstock","11":"taxable","12":"shipping-taxable","13":"purchasable","14":"product-type-simple"},"aioseo_notices":[],"_links":{"self":[{"href":"https:\/\/asura.lv\/lt\/wp-json\/wp\/v2\/product\/11635","targetHints":{"allow":["GET"]}}],"collection":[{"href":"https:\/\/asura.lv\/lt\/wp-json\/wp\/v2\/product"}],"about":[{"href":"https:\/\/asura.lv\/lt\/wp-json\/wp\/v2\/types\/product"}],"replies":[{"embeddable":true,"href":"https:\/\/asura.lv\/lt\/wp-json\/wp\/v2\/comments?post=11635"}],"wp:featuredmedia":[{"embeddable":true,"href":"https:\/\/asura.lv\/lt\/wp-json\/wp\/v2\/media\/11636"}],"wp:attachment":[{"href":"https:\/\/asura.lv\/lt\/wp-json\/wp\/v2\/media?parent=11635"}],"wp:term":[{"taxonomy":"product_brand","embeddable":true,"href":"https:\/\/asura.lv\/lt\/wp-json\/wp\/v2\/product_brand?post=11635"},{"taxonomy":"product_cat","embeddable":true,"href":"https:\/\/asura.lv\/lt\/wp-json\/wp\/v2\/product_cat?post=11635"},{"taxonomy":"product_tag","embeddable":true,"href":"https:\/\/asura.lv\/lt\/wp-json\/wp\/v2\/product_tag?post=11635"}],"curies":[{"name":"wp","href":"https:\/\/api.w.org\/{rel}","templated":true}]}}